{"id":132949,"date":"2024-06-12T19:38:10","date_gmt":"2024-06-12T16:38:10","guid":{"rendered":"https:\/\/light24.ee\/?post_type=product&#038;p=132949"},"modified":"2025-03-14T21:59:14","modified_gmt":"2025-03-14T19:59:14","slug":"typhoon-m-led-with-dc-motor-ip44","status":"publish","type":"product","link":"https:\/\/light24.ee\/es\/toode\/siseruumide_valgustid\/ventilaatoriga-valgustid\/typhoon-m-led-with-dc-motor-ip44\/","title":{"rendered":"FARO TYPHOON M LED with DC motor IP44"},"content":{"rendered":"<p class=\"qtranxs-available-languages-message qtranxs-available-languages-message-es\">Disculpa, pero esta entrada est\u00e1 disponible s\u00f3lo en <a href=\"https:\/\/light24.ee\/et\/wp-json\/wp\/v2\/product\/132949\" class=\"qtranxs-available-language-link qtranxs-available-language-link-et\" title=\"Eesti\">Eesti<\/a>, <a href=\"https:\/\/light24.ee\/en\/wp-json\/wp\/v2\/product\/132949\" class=\"qtranxs-available-language-link qtranxs-available-language-link-en\" title=\"English\">English<\/a>, <a href=\"https:\/\/light24.ee\/fi\/wp-json\/wp\/v2\/product\/132949\" class=\"qtranxs-available-language-link qtranxs-available-language-link-fi\" title=\"Suomi\">Suomi<\/a> y <a href=\"https:\/\/light24.ee\/lv\/wp-json\/wp\/v2\/product\/132949\" class=\"qtranxs-available-language-link qtranxs-available-language-link-lv\" title=\"Latvie\u0161u\">Latvie\u0161u<\/a>.<\/p>","protected":false},"excerpt":{"rendered":"<p>Disculpa, pero esta entrada est\u00e1 disponible s\u00f3lo en Eesti, English, Suomi y Latvie\u0161u.<\/p>\n","protected":false},"featured_media":132953,"comment_status":"closed","ping_status":"closed","template":"","meta":{"_acf_changed":false},"product_cat":[7280,1646],"product_tag":[379],"class_list":{"0":"post-132949","1":"product","2":"type-product","3":"status-publish","4":"has-post-thumbnail","6":"product_cat-siseruumide_valgustid","7":"product_cat-ventilaatoriga-valgustid","8":"product_tag-faro","9":"product_shipping_class-standard","10":"pa_ip-kaitseklass-ip44","11":"pa_materjal-metall","12":"pa_materjal-abs","13":"pa_otstarve-ventilaator","14":"pa_ruumid-elutuba","15":"pa_ruumid-soogituba","16":"pa_ruumid-magamistuba","17":"pa_ruumid-esik_ja_trepihall","18":"pa_ruumid-hotellid-ja-restoranid","19":"pa_tarneaeg-10-paeva","20":"pa_tehnilised-andmed-kaugjuhtimispult","21":"pa_varv-valge","22":"pa_varv-pruun","24":"first","25":"instock","26":"sale","27":"taxable","28":"shipping-taxable","29":"purchasable","30":"product-type-variable"},"acf":[],"aioseo_notices":[],"aioseo_head":"\n\t\t<!-- All in One SEO Pro 4.9.6.2 - aioseo.com -->\n\t<meta name=\"description\" content=\"Disculpa, pero esta entrada est\u00e1 disponible s\u00f3lo en Eesti, English, Suomi y Latvie\u0161u.\" \/>\n\t<meta name=\"robots\" content=\"max-image-preview:large\" \/>\n\t<meta name=\"google-site-verification\" content=\"nxgDPK3Ouk6bwvuxlwlzeMOKszmf-8m57RDu5zAgN-Y\" \/>\n\t<link rel=\"canonical\" href=\"https:\/\/light24.ee\/es\/toode\/siseruumide_valgustid\/ventilaatoriga-valgustid\/typhoon-m-led-with-dc-motor-ip44\/\" \/>\n\t<meta name=\"generator\" content=\"All in One SEO Pro (AIOSEO) 4.9.6.2\" \/>\n\t\t<meta property=\"og:locale\" content=\"es_ES\" \/>\n\t\t<meta property=\"og:site_name\" content=\"Light24 \u2022 Lighting E-Shop | Soluciones de iluminaci\u00f3n profesionales\" \/>\n\t\t<meta property=\"og:type\" content=\"article\" \/>\n\t\t<meta property=\"og:title\" content=\"FARO TYPHOON M LED with DC motor IP44 \u2022 Light24\" \/>\n\t\t<meta property=\"og:description\" content=\"Disculpa, pero esta entrada est\u00e1 disponible s\u00f3lo en Eesti, English, Suomi y Latvie\u0161u.\" \/>\n\t\t<meta property=\"og:url\" content=\"https:\/\/light24.ee\/es\/toode\/siseruumide_valgustid\/ventilaatoriga-valgustid\/typhoon-m-led-with-dc-motor-ip44\/\" \/>\n\t\t<meta property=\"og:image\" content=\"https:\/\/light24.ee\/wp-content\/uploads\/2024\/06\/typhoon.jpg\" \/>\n\t\t<meta property=\"og:image:secure_url\" content=\"https:\/\/light24.ee\/wp-content\/uploads\/2024\/06\/typhoon.jpg\" \/>\n\t\t<meta property=\"og:image:width\" content=\"800\" \/>\n\t\t<meta property=\"og:image:height\" content=\"800\" \/>\n\t\t<meta property=\"article:published_time\" content=\"2024-06-12T16:38:10+00:00\" \/>\n\t\t<meta property=\"article:modified_time\" content=\"2025-03-14T19:59:14+00:00\" \/>\n\t\t<meta property=\"article:publisher\" content=\"https:\/\/www.facebook.com\/light24.ee\" \/>\n\t\t<meta name=\"twitter:card\" content=\"summary\" \/>\n\t\t<meta name=\"twitter:title\" content=\"FARO TYPHOON M LED with DC motor IP44 \u2022 Light24\" \/>\n\t\t<meta name=\"twitter:description\" content=\"Disculpa, pero esta entrada est\u00e1 disponible s\u00f3lo en Eesti, English, Suomi y Latvie\u0161u.\" \/>\n\t\t<meta name=\"twitter:image\" content=\"https:\/\/light24.ee\/wp-content\/uploads\/2024\/06\/typhoon.jpg\" \/>\n\t\t<script type=\"application\/ld+json\" class=\"aioseo-schema\">\n\t\t\t{\"@context\":\"https:\\\/\\\/schema.org\",\"@graph\":[{\"@type\":\"BreadcrumbList\",\"@id\":\"https:\\\/\\\/light24.ee\\\/es\\\/toode\\\/siseruumide_valgustid\\\/ventilaatoriga-valgustid\\\/typhoon-m-led-with-dc-motor-ip44\\\/#breadcrumblist\",\"itemListElement\":[{\"@type\":\"ListItem\",\"@id\":\"https:\\\/\\\/light24.ee\\\/es#listItem\",\"position\":1,\"name\":\"Home\",\"item\":\"https:\\\/\\\/light24.ee\\\/es\",\"nextItem\":{\"@type\":\"ListItem\",\"@id\":\"https:\\\/\\\/light24.ee\\\/es\\\/shop\\\/#listItem\",\"name\":\"Tienda en l\\u00ednea\"}},{\"@type\":\"ListItem\",\"@id\":\"https:\\\/\\\/light24.ee\\\/es\\\/shop\\\/#listItem\",\"position\":2,\"name\":\"Tienda en l\\u00ednea\",\"item\":\"https:\\\/\\\/light24.ee\\\/es\\\/shop\\\/\",\"nextItem\":{\"@type\":\"ListItem\",\"@id\":\"https:\\\/\\\/light24.ee\\\/es\\\/product-category\\\/siseruumide_valgustid\\\/#listItem\",\"name\":\"Luminarias de interior\"},\"previousItem\":{\"@type\":\"ListItem\",\"@id\":\"https:\\\/\\\/light24.ee\\\/es#listItem\",\"name\":\"Home\"}},{\"@type\":\"ListItem\",\"@id\":\"https:\\\/\\\/light24.ee\\\/es\\\/product-category\\\/siseruumide_valgustid\\\/#listItem\",\"position\":3,\"name\":\"Luminarias de interior\",\"item\":\"https:\\\/\\\/light24.ee\\\/es\\\/product-category\\\/siseruumide_valgustid\\\/\",\"nextItem\":{\"@type\":\"ListItem\",\"@id\":\"https:\\\/\\\/light24.ee\\\/es\\\/product-category\\\/siseruumide_valgustid\\\/ventilaatoriga-valgustid\\\/#listItem\",\"name\":\"L\\u00e1mparas con ventilador\"},\"previousItem\":{\"@type\":\"ListItem\",\"@id\":\"https:\\\/\\\/light24.ee\\\/es\\\/shop\\\/#listItem\",\"name\":\"Tienda en l\\u00ednea\"}},{\"@type\":\"ListItem\",\"@id\":\"https:\\\/\\\/light24.ee\\\/es\\\/product-category\\\/siseruumide_valgustid\\\/ventilaatoriga-valgustid\\\/#listItem\",\"position\":4,\"name\":\"L\\u00e1mparas con ventilador\",\"item\":\"https:\\\/\\\/light24.ee\\\/es\\\/product-category\\\/siseruumide_valgustid\\\/ventilaatoriga-valgustid\\\/\",\"nextItem\":{\"@type\":\"ListItem\",\"@id\":\"https:\\\/\\\/light24.ee\\\/es\\\/toode\\\/siseruumide_valgustid\\\/ventilaatoriga-valgustid\\\/typhoon-m-led-with-dc-motor-ip44\\\/#listItem\",\"name\":\"FARO TYPHOON M LED with DC motor IP44\"},\"previousItem\":{\"@type\":\"ListItem\",\"@id\":\"https:\\\/\\\/light24.ee\\\/es\\\/product-category\\\/siseruumide_valgustid\\\/#listItem\",\"name\":\"Luminarias de interior\"}},{\"@type\":\"ListItem\",\"@id\":\"https:\\\/\\\/light24.ee\\\/es\\\/toode\\\/siseruumide_valgustid\\\/ventilaatoriga-valgustid\\\/typhoon-m-led-with-dc-motor-ip44\\\/#listItem\",\"position\":5,\"name\":\"FARO TYPHOON M LED with DC motor IP44\",\"previousItem\":{\"@type\":\"ListItem\",\"@id\":\"https:\\\/\\\/light24.ee\\\/es\\\/product-category\\\/siseruumide_valgustid\\\/ventilaatoriga-valgustid\\\/#listItem\",\"name\":\"L\\u00e1mparas con ventilador\"}}]},{\"@type\":\"Organization\",\"@id\":\"https:\\\/\\\/light24.ee\\\/es\\\/#organization\",\"name\":\"Light24\",\"description\":\"Lighting E-Shop | Soluciones de iluminaci\\u00f3n profesionales\",\"url\":\"https:\\\/\\\/light24.ee\\\/es\\\/\",\"telephone\":\"+3725184133\",\"logo\":{\"@type\":\"ImageObject\",\"url\":\"https:\\\/\\\/www.light24.ee\\\/wp-content\\\/uploads\\\/2022\\\/03\\\/Shape-2-3.svg\",\"@id\":\"https:\\\/\\\/light24.ee\\\/es\\\/toode\\\/siseruumide_valgustid\\\/ventilaatoriga-valgustid\\\/typhoon-m-led-with-dc-motor-ip44\\\/#organizationLogo\"},\"image\":{\"@id\":\"https:\\\/\\\/light24.ee\\\/es\\\/toode\\\/siseruumide_valgustid\\\/ventilaatoriga-valgustid\\\/typhoon-m-led-with-dc-motor-ip44\\\/#organizationLogo\"},\"sameAs\":[\"https:\\\/\\\/www.facebook.com\\\/light24.ee\",\"https:\\\/\\\/www.instagram.com\\\/light24official\\\/\"]},{\"@type\":\"ProductGroup\",\"@id\":\"https:\\\/\\\/light24.ee\\\/es\\\/toode\\\/siseruumide_valgustid\\\/ventilaatoriga-valgustid\\\/typhoon-m-led-with-dc-motor-ip44\\\/#wooCommerceProduct\",\"name\":\"FARO TYPHOON M LED with DC motor IP44\",\"url\":\"https:\\\/\\\/light24.ee\\\/es\\\/toode\\\/siseruumide_valgustid\\\/ventilaatoriga-valgustid\\\/typhoon-m-led-with-dc-motor-ip44\\\/\",\"sku\":\"FAR24116\",\"image\":{\"@type\":\"ImageObject\",\"url\":\"https:\\\/\\\/light24.ee\\\/wp-content\\\/uploads\\\/2024\\\/06\\\/typhoon.jpg\",\"@id\":\"https:\\\/\\\/light24.ee\\\/es\\\/toode\\\/siseruumide_valgustid\\\/ventilaatoriga-valgustid\\\/typhoon-m-led-with-dc-motor-ip44\\\/#productImage\",\"width\":800,\"height\":800},\"productGroupID\":132949,\"hasVariant\":[{\"@type\":\"Product\",\"@id\":\"https:\\\/\\\/light24.ee\\\/es\\\/toode\\\/siseruumide_valgustid\\\/ventilaatoriga-valgustid\\\/typhoon-m-led-with-dc-motor-ip44\\\/#wooCommerceProduct\",\"name\":\"FARO TYPHOON M LED with DC motor IP44 - valge\",\"url\":\"https:\\\/\\\/light24.ee\\\/es\\\/toode\\\/siseruumide_valgustid\\\/ventilaatoriga-valgustid\\\/typhoon-m-led-with-dc-motor-ip44\\\/\",\"sku\":\"FAR24116\",\"image\":{\"@type\":\"ImageObject\",\"url\":\"https:\\\/\\\/light24.ee\\\/wp-content\\\/uploads\\\/2024\\\/06\\\/typhoon3.jpg\",\"@id\":\"https:\\\/\\\/light24.ee\\\/es\\\/toode\\\/siseruumide_valgustid\\\/ventilaatoriga-valgustid\\\/typhoon-m-led-with-dc-motor-ip44\\\/#productImage\",\"width\":800,\"height\":800},\"offers\":{\"@type\":\"Offer\",\"url\":\"https:\\\/\\\/light24.ee\\\/es\\\/toode\\\/siseruumide_valgustid\\\/ventilaatoriga-valgustid\\\/typhoon-m-led-with-dc-motor-ip44\\\/#wooCommerceOffer\",\"price\":680,\"priceCurrency\":\"EUR\",\"category\":\"Luminarias de interior\",\"availability\":\"https:\\\/\\\/schema.org\\\/InStock\",\"priceSpecification\":{\"@type\":\"PriceSpecification\",\"price\":680,\"priceCurrency\":\"EUR\",\"valueAddedTaxIncluded\":\"true\"}}},{\"@type\":\"Product\",\"@id\":\"https:\\\/\\\/light24.ee\\\/es\\\/toode\\\/siseruumide_valgustid\\\/ventilaatoriga-valgustid\\\/typhoon-m-led-with-dc-motor-ip44\\\/#wooCommerceProduct\",\"name\":\"FARO TYPHOON M LED with DC motor IP44 - pruun\",\"url\":\"https:\\\/\\\/light24.ee\\\/es\\\/toode\\\/siseruumide_valgustid\\\/ventilaatoriga-valgustid\\\/typhoon-m-led-with-dc-motor-ip44\\\/\",\"sku\":\"FAR24116\",\"image\":{\"@type\":\"ImageObject\",\"url\":\"https:\\\/\\\/light24.ee\\\/wp-content\\\/uploads\\\/2024\\\/06\\\/typhoon.jpg\",\"@id\":\"https:\\\/\\\/light24.ee\\\/es\\\/toode\\\/siseruumide_valgustid\\\/ventilaatoriga-valgustid\\\/typhoon-m-led-with-dc-motor-ip44\\\/#productImage\",\"width\":800,\"height\":800},\"offers\":{\"@type\":\"Offer\",\"url\":\"https:\\\/\\\/light24.ee\\\/es\\\/toode\\\/siseruumide_valgustid\\\/ventilaatoriga-valgustid\\\/typhoon-m-led-with-dc-motor-ip44\\\/#wooCommerceOffer\",\"price\":672,\"priceCurrency\":\"EUR\",\"category\":\"Luminarias de interior\",\"availability\":\"https:\\\/\\\/schema.org\\\/InStock\",\"priceSpecification\":{\"@type\":\"PriceSpecification\",\"price\":672,\"priceCurrency\":\"EUR\",\"valueAddedTaxIncluded\":\"true\"}}}]},{\"@type\":\"WebPage\",\"@id\":\"https:\\\/\\\/light24.ee\\\/es\\\/toode\\\/siseruumide_valgustid\\\/ventilaatoriga-valgustid\\\/typhoon-m-led-with-dc-motor-ip44\\\/#webpage\",\"url\":\"https:\\\/\\\/light24.ee\\\/es\\\/toode\\\/siseruumide_valgustid\\\/ventilaatoriga-valgustid\\\/typhoon-m-led-with-dc-motor-ip44\\\/\",\"name\":\"FARO TYPHOON M LED with DC motor IP44 \\u2022 Light24\",\"description\":\"Disculpa, pero esta entrada est\\u00e1 disponible s\\u00f3lo en Eesti, English, Suomi y Latvie\\u0161u.\",\"inLanguage\":\"es-ES\",\"isPartOf\":{\"@id\":\"https:\\\/\\\/light24.ee\\\/es\\\/#website\"},\"breadcrumb\":{\"@id\":\"https:\\\/\\\/light24.ee\\\/es\\\/toode\\\/siseruumide_valgustid\\\/ventilaatoriga-valgustid\\\/typhoon-m-led-with-dc-motor-ip44\\\/#breadcrumblist\"},\"image\":{\"@type\":\"ImageObject\",\"url\":\"https:\\\/\\\/light24.ee\\\/wp-content\\\/uploads\\\/2024\\\/06\\\/typhoon.jpg\",\"@id\":\"https:\\\/\\\/light24.ee\\\/es\\\/toode\\\/siseruumide_valgustid\\\/ventilaatoriga-valgustid\\\/typhoon-m-led-with-dc-motor-ip44\\\/#mainImage\",\"width\":800,\"height\":800},\"primaryImageOfPage\":{\"@id\":\"https:\\\/\\\/light24.ee\\\/es\\\/toode\\\/siseruumide_valgustid\\\/ventilaatoriga-valgustid\\\/typhoon-m-led-with-dc-motor-ip44\\\/#mainImage\"},\"datePublished\":\"2024-06-12T19:38:10+03:00\",\"dateModified\":\"2025-03-14T21:59:14+02:00\"},{\"@type\":\"WebSite\",\"@id\":\"https:\\\/\\\/light24.ee\\\/es\\\/#website\",\"url\":\"https:\\\/\\\/light24.ee\\\/es\\\/\",\"name\":\"Light24\",\"description\":\"Lighting E-Shop | Soluciones de iluminaci\\u00f3n profesionales\",\"inLanguage\":\"es-ES\",\"publisher\":{\"@id\":\"https:\\\/\\\/light24.ee\\\/es\\\/#organization\"}}]}\n\t\t<\/script>\n\t\t<!-- All in One SEO Pro -->\r\n\t\t<title>FARO TYPHOON M LED with DC motor IP44 \u2022 Light24<\/title>\n\n","aioseo_head_json":{"title":"FARO TYPHOON M LED with DC motor IP44 \u2022 Light24","description":"Disculpa, pero esta entrada est\u00e1 disponible s\u00f3lo en Eesti, English, Suomi y Latvie\u0161u.","canonical_url":"https:\/\/light24.ee\/es\/toode\/siseruumide_valgustid\/ventilaatoriga-valgustid\/typhoon-m-led-with-dc-motor-ip44\/","robots":"max-image-preview:large","keywords":"","webmasterTools":{"google-site-verification":"nxgDPK3Ouk6bwvuxlwlzeMOKszmf-8m57RDu5zAgN-Y","miscellaneous":""},"schema":{"@context":"https:\/\/schema.org","@graph":[{"@type":"BreadcrumbList","@id":"https:\/\/light24.ee\/es\/toode\/siseruumide_valgustid\/ventilaatoriga-valgustid\/typhoon-m-led-with-dc-motor-ip44\/#breadcrumblist","itemListElement":[{"@type":"ListItem","@id":"https:\/\/light24.ee\/es#listItem","position":1,"name":"Home","item":"https:\/\/light24.ee\/es","nextItem":{"@type":"ListItem","@id":"https:\/\/light24.ee\/es\/shop\/#listItem","name":"Tienda en l\u00ednea"}},{"@type":"ListItem","@id":"https:\/\/light24.ee\/es\/shop\/#listItem","position":2,"name":"Tienda en l\u00ednea","item":"https:\/\/light24.ee\/es\/shop\/","nextItem":{"@type":"ListItem","@id":"https:\/\/light24.ee\/es\/product-category\/siseruumide_valgustid\/#listItem","name":"Luminarias de interior"},"previousItem":{"@type":"ListItem","@id":"https:\/\/light24.ee\/es#listItem","name":"Home"}},{"@type":"ListItem","@id":"https:\/\/light24.ee\/es\/product-category\/siseruumide_valgustid\/#listItem","position":3,"name":"Luminarias de interior","item":"https:\/\/light24.ee\/es\/product-category\/siseruumide_valgustid\/","nextItem":{"@type":"ListItem","@id":"https:\/\/light24.ee\/es\/product-category\/siseruumide_valgustid\/ventilaatoriga-valgustid\/#listItem","name":"L\u00e1mparas con ventilador"},"previousItem":{"@type":"ListItem","@id":"https:\/\/light24.ee\/es\/shop\/#listItem","name":"Tienda en l\u00ednea"}},{"@type":"ListItem","@id":"https:\/\/light24.ee\/es\/product-category\/siseruumide_valgustid\/ventilaatoriga-valgustid\/#listItem","position":4,"name":"L\u00e1mparas con ventilador","item":"https:\/\/light24.ee\/es\/product-category\/siseruumide_valgustid\/ventilaatoriga-valgustid\/","nextItem":{"@type":"ListItem","@id":"https:\/\/light24.ee\/es\/toode\/siseruumide_valgustid\/ventilaatoriga-valgustid\/typhoon-m-led-with-dc-motor-ip44\/#listItem","name":"FARO TYPHOON M LED with DC motor IP44"},"previousItem":{"@type":"ListItem","@id":"https:\/\/light24.ee\/es\/product-category\/siseruumide_valgustid\/#listItem","name":"Luminarias de interior"}},{"@type":"ListItem","@id":"https:\/\/light24.ee\/es\/toode\/siseruumide_valgustid\/ventilaatoriga-valgustid\/typhoon-m-led-with-dc-motor-ip44\/#listItem","position":5,"name":"FARO TYPHOON M LED with DC motor IP44","previousItem":{"@type":"ListItem","@id":"https:\/\/light24.ee\/es\/product-category\/siseruumide_valgustid\/ventilaatoriga-valgustid\/#listItem","name":"L\u00e1mparas con ventilador"}}]},{"@type":"Organization","@id":"https:\/\/light24.ee\/es\/#organization","name":"Light24","description":"Lighting E-Shop | Soluciones de iluminaci\u00f3n profesionales","url":"https:\/\/light24.ee\/es\/","telephone":"+3725184133","logo":{"@type":"ImageObject","url":"https:\/\/www.light24.ee\/wp-content\/uploads\/2022\/03\/Shape-2-3.svg","@id":"https:\/\/light24.ee\/es\/toode\/siseruumide_valgustid\/ventilaatoriga-valgustid\/typhoon-m-led-with-dc-motor-ip44\/#organizationLogo"},"image":{"@id":"https:\/\/light24.ee\/es\/toode\/siseruumide_valgustid\/ventilaatoriga-valgustid\/typhoon-m-led-with-dc-motor-ip44\/#organizationLogo"},"sameAs":["https:\/\/www.facebook.com\/light24.ee","https:\/\/www.instagram.com\/light24official\/"]},{"@type":"ProductGroup","@id":"https:\/\/light24.ee\/es\/toode\/siseruumide_valgustid\/ventilaatoriga-valgustid\/typhoon-m-led-with-dc-motor-ip44\/#wooCommerceProduct","name":"FARO TYPHOON M LED with DC motor IP44","url":"https:\/\/light24.ee\/es\/toode\/siseruumide_valgustid\/ventilaatoriga-valgustid\/typhoon-m-led-with-dc-motor-ip44\/","sku":"FAR24116","image":{"@type":"ImageObject","url":"https:\/\/light24.ee\/wp-content\/uploads\/2024\/06\/typhoon.jpg","@id":"https:\/\/light24.ee\/es\/toode\/siseruumide_valgustid\/ventilaatoriga-valgustid\/typhoon-m-led-with-dc-motor-ip44\/#productImage","width":800,"height":800},"productGroupID":132949,"hasVariant":[{"@type":"Product","@id":"https:\/\/light24.ee\/es\/toode\/siseruumide_valgustid\/ventilaatoriga-valgustid\/typhoon-m-led-with-dc-motor-ip44\/#wooCommerceProduct","name":"FARO TYPHOON M LED with DC motor IP44 - valge","url":"https:\/\/light24.ee\/es\/toode\/siseruumide_valgustid\/ventilaatoriga-valgustid\/typhoon-m-led-with-dc-motor-ip44\/","sku":"FAR24116","image":{"@type":"ImageObject","url":"https:\/\/light24.ee\/wp-content\/uploads\/2024\/06\/typhoon3.jpg","@id":"https:\/\/light24.ee\/es\/toode\/siseruumide_valgustid\/ventilaatoriga-valgustid\/typhoon-m-led-with-dc-motor-ip44\/#productImage","width":800,"height":800},"offers":{"@type":"Offer","url":"https:\/\/light24.ee\/es\/toode\/siseruumide_valgustid\/ventilaatoriga-valgustid\/typhoon-m-led-with-dc-motor-ip44\/#wooCommerceOffer","price":680,"priceCurrency":"EUR","category":"Luminarias de interior","availability":"https:\/\/schema.org\/InStock","priceSpecification":{"@type":"PriceSpecification","price":680,"priceCurrency":"EUR","valueAddedTaxIncluded":"true"}}},{"@type":"Product","@id":"https:\/\/light24.ee\/es\/toode\/siseruumide_valgustid\/ventilaatoriga-valgustid\/typhoon-m-led-with-dc-motor-ip44\/#wooCommerceProduct","name":"FARO TYPHOON M LED with DC motor IP44 - pruun","url":"https:\/\/light24.ee\/es\/toode\/siseruumide_valgustid\/ventilaatoriga-valgustid\/typhoon-m-led-with-dc-motor-ip44\/","sku":"FAR24116","image":{"@type":"ImageObject","url":"https:\/\/light24.ee\/wp-content\/uploads\/2024\/06\/typhoon.jpg","@id":"https:\/\/light24.ee\/es\/toode\/siseruumide_valgustid\/ventilaatoriga-valgustid\/typhoon-m-led-with-dc-motor-ip44\/#productImage","width":800,"height":800},"offers":{"@type":"Offer","url":"https:\/\/light24.ee\/es\/toode\/siseruumide_valgustid\/ventilaatoriga-valgustid\/typhoon-m-led-with-dc-motor-ip44\/#wooCommerceOffer","price":672,"priceCurrency":"EUR","category":"Luminarias de interior","availability":"https:\/\/schema.org\/InStock","priceSpecification":{"@type":"PriceSpecification","price":672,"priceCurrency":"EUR","valueAddedTaxIncluded":"true"}}}]},{"@type":"WebPage","@id":"https:\/\/light24.ee\/es\/toode\/siseruumide_valgustid\/ventilaatoriga-valgustid\/typhoon-m-led-with-dc-motor-ip44\/#webpage","url":"https:\/\/light24.ee\/es\/toode\/siseruumide_valgustid\/ventilaatoriga-valgustid\/typhoon-m-led-with-dc-motor-ip44\/","name":"FARO TYPHOON M LED with DC motor IP44 \u2022 Light24","description":"Disculpa, pero esta entrada est\u00e1 disponible s\u00f3lo en Eesti, English, Suomi y Latvie\u0161u.","inLanguage":"es-ES","isPartOf":{"@id":"https:\/\/light24.ee\/es\/#website"},"breadcrumb":{"@id":"https:\/\/light24.ee\/es\/toode\/siseruumide_valgustid\/ventilaatoriga-valgustid\/typhoon-m-led-with-dc-motor-ip44\/#breadcrumblist"},"image":{"@type":"ImageObject","url":"https:\/\/light24.ee\/wp-content\/uploads\/2024\/06\/typhoon.jpg","@id":"https:\/\/light24.ee\/es\/toode\/siseruumide_valgustid\/ventilaatoriga-valgustid\/typhoon-m-led-with-dc-motor-ip44\/#mainImage","width":800,"height":800},"primaryImageOfPage":{"@id":"https:\/\/light24.ee\/es\/toode\/siseruumide_valgustid\/ventilaatoriga-valgustid\/typhoon-m-led-with-dc-motor-ip44\/#mainImage"},"datePublished":"2024-06-12T19:38:10+03:00","dateModified":"2025-03-14T21:59:14+02:00"},{"@type":"WebSite","@id":"https:\/\/light24.ee\/es\/#website","url":"https:\/\/light24.ee\/es\/","name":"Light24","description":"Lighting E-Shop | Soluciones de iluminaci\u00f3n profesionales","inLanguage":"es-ES","publisher":{"@id":"https:\/\/light24.ee\/es\/#organization"}}]},"og:locale":"es_ES","og:site_name":"Light24 \u2022 Lighting E-Shop | Soluciones de iluminaci\u00f3n profesionales","og:type":"article","og:title":"FARO TYPHOON M LED with DC motor IP44 \u2022 Light24","og:description":"Disculpa, pero esta entrada est\u00e1 disponible s\u00f3lo en Eesti, English, Suomi y Latvie\u0161u.","og:url":"https:\/\/light24.ee\/es\/toode\/siseruumide_valgustid\/ventilaatoriga-valgustid\/typhoon-m-led-with-dc-motor-ip44\/","og:image":"https:\/\/light24.ee\/wp-content\/uploads\/2024\/06\/typhoon.jpg","og:image:secure_url":"https:\/\/light24.ee\/wp-content\/uploads\/2024\/06\/typhoon.jpg","og:image:width":800,"og:image:height":800,"article:published_time":"2024-06-12T16:38:10+00:00","article:modified_time":"2025-03-14T19:59:14+00:00","article:publisher":"https:\/\/www.facebook.com\/light24.ee","twitter:card":"summary","twitter:title":"FARO TYPHOON M LED with DC motor IP44 \u2022 Light24","twitter:description":"Disculpa, pero esta entrada est\u00e1 disponible s\u00f3lo en Eesti, English, Suomi y Latvie\u0161u.","twitter:image":"https:\/\/light24.ee\/wp-content\/uploads\/2024\/06\/typhoon.jpg"},"aioseo_meta_data":{"post_id":"132949","title":null,"description":null,"keywords":null,"keyphrases":{"focus":{"keyphrase":"","score":0,"analysis":{"keyphraseInTitle":{"score":0,"maxScore":9,"error":1}}},"additional":[]},"primary_term":null,"canonical_url":null,"og_title":null,"og_description":null,"og_object_type":"default","og_image_type":"default","og_image_url":null,"og_image_width":null,"og_image_height":null,"og_image_custom_url":null,"og_image_custom_fields":null,"og_video":"","og_custom_url":null,"og_article_section":null,"og_article_tags":null,"twitter_use_og":false,"twitter_card":"default","twitter_image_type":"default","twitter_image_url":null,"twitter_image_custom_url":null,"twitter_image_custom_fields":null,"twitter_title":null,"twitter_description":null,"schema":{"blockGraphs":[],"customGraphs":[],"default":{"data":{"Article":[],"Course":[],"Dataset":[],"FAQPage":[],"Movie":[],"Person":[],"Product":[],"ProductReview":[],"Car":[],"Recipe":[],"Service":[],"SoftwareApplication":[],"WebPage":[]},"graphName":"ItemPage","isEnabled":true},"graphs":[]},"schema_type":"default","schema_type_options":null,"pillar_content":false,"robots_default":true,"robots_noindex":false,"robots_noarchive":false,"robots_nosnippet":false,"robots_nofollow":false,"robots_noimageindex":false,"robots_noodp":false,"robots_notranslate":false,"robots_max_snippet":"-1","robots_max_videopreview":"-1","robots_max_imagepreview":"large","priority":null,"frequency":"default","local_seo":null,"seo_analyzer_scan_date":"2025-10-27 12:47:44","breadcrumb_settings":null,"limit_modified_date":false,"reviewed_by":null,"open_ai":"{\"title\":{\"suggestions\":[],\"usage\":0},\"description\":{\"suggestions\":[],\"usage\":0}}","ai":null,"created":"2024-06-12 16:38:10","updated":"2025-10-27 12:47:44"},"aioseo_breadcrumb":"<div class=\"aioseo-breadcrumbs\"><span class=\"aioseo-breadcrumb\">\n\t<a href=\"https:\/\/light24.ee\/es\" title=\"Home\">Home<\/a>\n<\/span><span class=\"aioseo-breadcrumb-separator\">&raquo;<\/span><span class=\"aioseo-breadcrumb\">\n\t<a href=\"https:\/\/light24.ee\/es\/shop\/\" title=\"Tienda en l\u00ednea\">Tienda en l\u00ednea<\/a>\n<\/span><span class=\"aioseo-breadcrumb-separator\">&raquo;<\/span><span class=\"aioseo-breadcrumb\">\n\t<a href=\"https:\/\/light24.ee\/es\/product-category\/siseruumide_valgustid\/\" title=\"Luminarias de interior\">Luminarias de interior<\/a>\n<\/span><span class=\"aioseo-breadcrumb-separator\">&raquo;<\/span><span class=\"aioseo-breadcrumb\">\n\t<a href=\"https:\/\/light24.ee\/es\/product-category\/siseruumide_valgustid\/ventilaatoriga-valgustid\/\" title=\"L\u00e1mparas con ventilador\">L\u00e1mparas con ventilador<\/a>\n<\/span><span class=\"aioseo-breadcrumb-separator\">&raquo;<\/span><span class=\"aioseo-breadcrumb\">\n\tFARO TYPHOON M LED with DC motor IP44\n<\/span><\/div>","aioseo_breadcrumb_json":[{"label":"Home","link":"https:\/\/light24.ee\/es"},{"label":"Tienda en l\u00ednea","link":"https:\/\/light24.ee\/es\/shop\/"},{"label":"Luminarias de interior","link":"https:\/\/light24.ee\/es\/product-category\/siseruumide_valgustid\/"},{"label":"L\u00e1mparas con ventilador","link":"https:\/\/light24.ee\/es\/product-category\/siseruumide_valgustid\/ventilaatoriga-valgustid\/"},{"label":"FARO TYPHOON M LED with DC motor IP44","link":"https:\/\/light24.ee\/es\/toode\/siseruumide_valgustid\/ventilaatoriga-valgustid\/typhoon-m-led-with-dc-motor-ip44\/"}],"_links":{"self":[{"href":"https:\/\/light24.ee\/es\/wp-json\/wp\/v2\/product\/132949","targetHints":{"allow":["GET"]}}],"collection":[{"href":"https:\/\/light24.ee\/es\/wp-json\/wp\/v2\/product"}],"about":[{"href":"https:\/\/light24.ee\/es\/wp-json\/wp\/v2\/types\/product"}],"replies":[{"embeddable":true,"href":"https:\/\/light24.ee\/es\/wp-json\/wp\/v2\/comments?post=132949"}],"wp:featuredmedia":[{"embeddable":true,"href":"https:\/\/light24.ee\/es\/wp-json\/wp\/v2\/media\/132953"}],"wp:attachment":[{"href":"https:\/\/light24.ee\/es\/wp-json\/wp\/v2\/media?parent=132949"}],"wp:term":[{"taxonomy":"product_cat","embeddable":true,"href":"https:\/\/light24.ee\/es\/wp-json\/wp\/v2\/product_cat?post=132949"},{"taxonomy":"product_tag","embeddable":true,"href":"https:\/\/light24.ee\/es\/wp-json\/wp\/v2\/product_tag?post=132949"}],"curies":[{"name":"wp","href":"https:\/\/api.w.org\/{rel}","templated":true}]}}