{"id":20459,"date":"2024-03-24T20:43:03","date_gmt":"2024-03-24T18:43:03","guid":{"rendered":"http:\/\/shop.light24.ee\/product\/firenze-seeria\/"},"modified":"2024-03-25T21:50:32","modified_gmt":"2024-03-25T19:50:32","slug":"firenze-seeria","status":"publish","type":"product","link":"https:\/\/light24.ee\/es\/toode\/valisvalgustid\/valis-seinavalgustid\/firenze-seeria\/","title":{"rendered":"Norlys FIRENZE"},"content":{"rendered":"<p class=\"qtranxs-available-languages-message qtranxs-available-languages-message-es\">Disculpa, pero esta entrada est\u00e1 disponible s\u00f3lo en <a href=\"https:\/\/light24.ee\/et\/wp-json\/wp\/v2\/product\/20459\" class=\"qtranxs-available-language-link qtranxs-available-language-link-et\" title=\"Eesti\">Eesti<\/a>, <a href=\"https:\/\/light24.ee\/fi\/wp-json\/wp\/v2\/product\/20459\" class=\"qtranxs-available-language-link qtranxs-available-language-link-fi\" title=\"Suomi\">Suomi<\/a> y <a href=\"https:\/\/light24.ee\/lv\/wp-json\/wp\/v2\/product\/20459\" class=\"qtranxs-available-language-link qtranxs-available-language-link-lv\" title=\"Latvie\u0161u\">Latvie\u0161u<\/a>.<\/p>","protected":false},"excerpt":{"rendered":"<p>Disculpa, pero esta entrada est\u00e1 disponible s\u00f3lo en Eesti, Suomi y Latvie\u0161u.<\/p>\n","protected":false},"featured_media":86385,"comment_status":"closed","ping_status":"closed","template":"","meta":{"_acf_changed":false},"product_cat":[2903,2919],"product_tag":[1557],"class_list":{"0":"post-20459","1":"product","2":"type-product","3":"status-publish","4":"has-post-thumbnail","6":"product_cat-valisvalgustid","7":"product_cat-valis-seinavalgustid","8":"product_tag-norlys","9":"product_shipping_class-small","10":"pa_ip-kaitseklass-1613","11":"pa_materjal-alumiinium","12":"pa_materjal-polukarbonaat","13":"pa_otstarve-valis-seinavalgustid","14":"pa_ruumid-oueala","15":"pa_ruumid-terrass","16":"pa_ruumid-fassaad","17":"pa_ruumid-hoone","18":"pa_tarneaeg-10-paeva","19":"pa_tehnilised-andmed-max-15w-led-e27","20":"pa_varv-must","21":"pa_varv-valge","23":"first","24":"instock","25":"taxable","26":"shipping-taxable","27":"purchasable","28":"product-type-variable"},"acf":[],"aioseo_notices":[],"aioseo_head":"\n\t\t<!-- All in One SEO Pro 4.9.5.2 - aioseo.com -->\n\t<meta name=\"description\" content=\"Disculpa, pero esta entrada est\u00e1 disponible s\u00f3lo en Eesti, Suomi y Latvie\u0161u.\" \/>\n\t<meta name=\"robots\" content=\"max-image-preview:large\" \/>\n\t<meta name=\"google-site-verification\" content=\"nxgDPK3Ouk6bwvuxlwlzeMOKszmf-8m57RDu5zAgN-Y\" \/>\n\t<link rel=\"canonical\" href=\"https:\/\/light24.ee\/es\/toode\/valisvalgustid\/valis-seinavalgustid\/firenze-seeria\/\" \/>\n\t<meta name=\"generator\" content=\"All in One SEO Pro (AIOSEO) 4.9.5.2\" \/>\n\t\t<meta property=\"og:locale\" content=\"es_ES\" \/>\n\t\t<meta property=\"og:site_name\" content=\"Light24 \u2022 Lighting E-Shop | Soluciones de iluminaci\u00f3n profesionales\" \/>\n\t\t<meta property=\"og:type\" content=\"article\" \/>\n\t\t<meta property=\"og:title\" content=\"Norlys FIRENZE \u2022 Light24\" \/>\n\t\t<meta property=\"og:description\" content=\"Disculpa, pero esta entrada est\u00e1 disponible s\u00f3lo en Eesti, Suomi y Latvie\u0161u.\" \/>\n\t\t<meta property=\"og:url\" content=\"https:\/\/light24.ee\/es\/toode\/valisvalgustid\/valis-seinavalgustid\/firenze-seeria\/\" \/>\n\t\t<meta property=\"og:image\" content=\"https:\/\/light24.ee\/wp-content\/uploads\/2014\/12\/firenze1.jpg\" \/>\n\t\t<meta property=\"og:image:secure_url\" content=\"https:\/\/light24.ee\/wp-content\/uploads\/2014\/12\/firenze1.jpg\" \/>\n\t\t<meta property=\"og:image:width\" content=\"750\" \/>\n\t\t<meta property=\"og:image:height\" content=\"750\" \/>\n\t\t<meta property=\"article:published_time\" content=\"2024-03-24T18:43:03+00:00\" \/>\n\t\t<meta property=\"article:modified_time\" content=\"2024-03-25T19:50:32+00:00\" \/>\n\t\t<meta property=\"article:publisher\" content=\"https:\/\/www.facebook.com\/light24.ee\" \/>\n\t\t<meta name=\"twitter:card\" content=\"summary\" \/>\n\t\t<meta name=\"twitter:title\" content=\"Norlys FIRENZE \u2022 Light24\" \/>\n\t\t<meta name=\"twitter:description\" content=\"Disculpa, pero esta entrada est\u00e1 disponible s\u00f3lo en Eesti, Suomi y Latvie\u0161u.\" \/>\n\t\t<meta name=\"twitter:image\" content=\"https:\/\/light24.ee\/wp-content\/uploads\/2014\/12\/firenze1.jpg\" \/>\n\t\t<script type=\"application\/ld+json\" class=\"aioseo-schema\">\n\t\t\t{\"@context\":\"https:\\\/\\\/schema.org\",\"@graph\":[{\"@type\":\"BreadcrumbList\",\"@id\":\"https:\\\/\\\/light24.ee\\\/es\\\/toode\\\/valisvalgustid\\\/valis-seinavalgustid\\\/firenze-seeria\\\/#breadcrumblist\",\"itemListElement\":[{\"@type\":\"ListItem\",\"@id\":\"https:\\\/\\\/light24.ee\\\/es#listItem\",\"position\":1,\"name\":\"Home\",\"item\":\"https:\\\/\\\/light24.ee\\\/es\",\"nextItem\":{\"@type\":\"ListItem\",\"@id\":\"https:\\\/\\\/light24.ee\\\/es\\\/shop\\\/#listItem\",\"name\":\"Tienda en l\\u00ednea\"}},{\"@type\":\"ListItem\",\"@id\":\"https:\\\/\\\/light24.ee\\\/es\\\/shop\\\/#listItem\",\"position\":2,\"name\":\"Tienda en l\\u00ednea\",\"item\":\"https:\\\/\\\/light24.ee\\\/es\\\/shop\\\/\",\"nextItem\":{\"@type\":\"ListItem\",\"@id\":\"https:\\\/\\\/light24.ee\\\/es\\\/product-category\\\/valisvalgustid\\\/#listItem\",\"name\":\"L\\u00e1mparas de exterior\"},\"previousItem\":{\"@type\":\"ListItem\",\"@id\":\"https:\\\/\\\/light24.ee\\\/es#listItem\",\"name\":\"Home\"}},{\"@type\":\"ListItem\",\"@id\":\"https:\\\/\\\/light24.ee\\\/es\\\/product-category\\\/valisvalgustid\\\/#listItem\",\"position\":3,\"name\":\"L\\u00e1mparas de exterior\",\"item\":\"https:\\\/\\\/light24.ee\\\/es\\\/product-category\\\/valisvalgustid\\\/\",\"nextItem\":{\"@type\":\"ListItem\",\"@id\":\"https:\\\/\\\/light24.ee\\\/es\\\/product-category\\\/valisvalgustid\\\/valis-seinavalgustid\\\/#listItem\",\"name\":\"Apliques de exterior\"},\"previousItem\":{\"@type\":\"ListItem\",\"@id\":\"https:\\\/\\\/light24.ee\\\/es\\\/shop\\\/#listItem\",\"name\":\"Tienda en l\\u00ednea\"}},{\"@type\":\"ListItem\",\"@id\":\"https:\\\/\\\/light24.ee\\\/es\\\/product-category\\\/valisvalgustid\\\/valis-seinavalgustid\\\/#listItem\",\"position\":4,\"name\":\"Apliques de exterior\",\"item\":\"https:\\\/\\\/light24.ee\\\/es\\\/product-category\\\/valisvalgustid\\\/valis-seinavalgustid\\\/\",\"nextItem\":{\"@type\":\"ListItem\",\"@id\":\"https:\\\/\\\/light24.ee\\\/es\\\/toode\\\/valisvalgustid\\\/valis-seinavalgustid\\\/firenze-seeria\\\/#listItem\",\"name\":\"Norlys FIRENZE\"},\"previousItem\":{\"@type\":\"ListItem\",\"@id\":\"https:\\\/\\\/light24.ee\\\/es\\\/product-category\\\/valisvalgustid\\\/#listItem\",\"name\":\"L\\u00e1mparas de exterior\"}},{\"@type\":\"ListItem\",\"@id\":\"https:\\\/\\\/light24.ee\\\/es\\\/toode\\\/valisvalgustid\\\/valis-seinavalgustid\\\/firenze-seeria\\\/#listItem\",\"position\":5,\"name\":\"Norlys FIRENZE\",\"previousItem\":{\"@type\":\"ListItem\",\"@id\":\"https:\\\/\\\/light24.ee\\\/es\\\/product-category\\\/valisvalgustid\\\/valis-seinavalgustid\\\/#listItem\",\"name\":\"Apliques de exterior\"}}]},{\"@type\":\"Organization\",\"@id\":\"https:\\\/\\\/light24.ee\\\/es\\\/#organization\",\"name\":\"Light24\",\"description\":\"Lighting E-Shop | Soluciones de iluminaci\\u00f3n profesionales\",\"url\":\"https:\\\/\\\/light24.ee\\\/es\\\/\",\"telephone\":\"+3725184133\",\"logo\":{\"@type\":\"ImageObject\",\"url\":\"https:\\\/\\\/www.light24.ee\\\/wp-content\\\/uploads\\\/2022\\\/03\\\/Shape-2-3.svg\",\"@id\":\"https:\\\/\\\/light24.ee\\\/es\\\/toode\\\/valisvalgustid\\\/valis-seinavalgustid\\\/firenze-seeria\\\/#organizationLogo\"},\"image\":{\"@id\":\"https:\\\/\\\/light24.ee\\\/es\\\/toode\\\/valisvalgustid\\\/valis-seinavalgustid\\\/firenze-seeria\\\/#organizationLogo\"},\"sameAs\":[\"https:\\\/\\\/www.facebook.com\\\/light24.ee\",\"https:\\\/\\\/www.instagram.com\\\/light24official\\\/\"]},{\"@type\":\"ProductGroup\",\"@id\":\"https:\\\/\\\/light24.ee\\\/es\\\/toode\\\/valisvalgustid\\\/valis-seinavalgustid\\\/firenze-seeria\\\/#wooCommerceProduct\",\"name\":\"Norlys FIRENZE\",\"url\":\"https:\\\/\\\/light24.ee\\\/es\\\/toode\\\/valisvalgustid\\\/valis-seinavalgustid\\\/firenze-seeria\\\/\",\"sku\":\"NOR61025\",\"image\":{\"@type\":\"ImageObject\",\"url\":\"https:\\\/\\\/light24.ee\\\/wp-content\\\/uploads\\\/2014\\\/12\\\/firenze1.jpg\",\"@id\":\"https:\\\/\\\/light24.ee\\\/es\\\/toode\\\/valisvalgustid\\\/valis-seinavalgustid\\\/firenze-seeria\\\/#productImage\",\"width\":750,\"height\":750},\"productGroupID\":20459,\"hasVariant\":[{\"@type\":\"Product\",\"@id\":\"https:\\\/\\\/light24.ee\\\/es\\\/toode\\\/valisvalgustid\\\/valis-seinavalgustid\\\/firenze-seeria\\\/#wooCommerceProduct\",\"name\":\"Norlys FIRENZE - must\",\"url\":\"https:\\\/\\\/light24.ee\\\/es\\\/toode\\\/valisvalgustid\\\/valis-seinavalgustid\\\/firenze-seeria\\\/\",\"sku\":\"NOR61025\",\"image\":{\"@type\":\"ImageObject\",\"url\":\"https:\\\/\\\/light24.ee\\\/wp-content\\\/uploads\\\/2014\\\/12\\\/firenze1.jpg\",\"@id\":\"https:\\\/\\\/light24.ee\\\/es\\\/toode\\\/valisvalgustid\\\/valis-seinavalgustid\\\/firenze-seeria\\\/#productImage\",\"width\":750,\"height\":750},\"offers\":{\"@type\":\"Offer\",\"url\":\"https:\\\/\\\/light24.ee\\\/es\\\/toode\\\/valisvalgustid\\\/valis-seinavalgustid\\\/firenze-seeria\\\/#wooCommerceOffer\",\"price\":\"112\",\"priceCurrency\":\"EUR\",\"category\":\"L\\u00e1mparas de exterior\",\"availability\":\"https:\\\/\\\/schema.org\\\/InStock\",\"priceSpecification\":{\"@type\":\"PriceSpecification\",\"price\":112,\"priceCurrency\":\"EUR\",\"valueAddedTaxIncluded\":\"true\"}}},{\"@type\":\"Product\",\"@id\":\"https:\\\/\\\/light24.ee\\\/es\\\/toode\\\/valisvalgustid\\\/valis-seinavalgustid\\\/firenze-seeria\\\/#wooCommerceProduct\",\"name\":\"Norlys FIRENZE - valge\",\"url\":\"https:\\\/\\\/light24.ee\\\/es\\\/toode\\\/valisvalgustid\\\/valis-seinavalgustid\\\/firenze-seeria\\\/\",\"sku\":\"NOR61025\",\"image\":{\"@type\":\"ImageObject\",\"url\":\"https:\\\/\\\/light24.ee\\\/wp-content\\\/uploads\\\/2014\\\/12\\\/firenze2.jpg\",\"@id\":\"https:\\\/\\\/light24.ee\\\/es\\\/toode\\\/valisvalgustid\\\/valis-seinavalgustid\\\/firenze-seeria\\\/#productImage\",\"width\":750,\"height\":750},\"offers\":{\"@type\":\"Offer\",\"url\":\"https:\\\/\\\/light24.ee\\\/es\\\/toode\\\/valisvalgustid\\\/valis-seinavalgustid\\\/firenze-seeria\\\/#wooCommerceOffer\",\"price\":\"112\",\"priceCurrency\":\"EUR\",\"category\":\"L\\u00e1mparas de exterior\",\"availability\":\"https:\\\/\\\/schema.org\\\/InStock\",\"priceSpecification\":{\"@type\":\"PriceSpecification\",\"price\":112,\"priceCurrency\":\"EUR\",\"valueAddedTaxIncluded\":\"true\"}}}]},{\"@type\":\"WebPage\",\"@id\":\"https:\\\/\\\/light24.ee\\\/es\\\/toode\\\/valisvalgustid\\\/valis-seinavalgustid\\\/firenze-seeria\\\/#webpage\",\"url\":\"https:\\\/\\\/light24.ee\\\/es\\\/toode\\\/valisvalgustid\\\/valis-seinavalgustid\\\/firenze-seeria\\\/\",\"name\":\"Norlys FIRENZE \\u2022 Light24\",\"description\":\"Disculpa, pero esta entrada est\\u00e1 disponible s\\u00f3lo en Eesti, Suomi y Latvie\\u0161u.\",\"inLanguage\":\"es-ES\",\"isPartOf\":{\"@id\":\"https:\\\/\\\/light24.ee\\\/es\\\/#website\"},\"breadcrumb\":{\"@id\":\"https:\\\/\\\/light24.ee\\\/es\\\/toode\\\/valisvalgustid\\\/valis-seinavalgustid\\\/firenze-seeria\\\/#breadcrumblist\"},\"image\":{\"@type\":\"ImageObject\",\"url\":\"https:\\\/\\\/light24.ee\\\/wp-content\\\/uploads\\\/2014\\\/12\\\/firenze1.jpg\",\"@id\":\"https:\\\/\\\/light24.ee\\\/es\\\/toode\\\/valisvalgustid\\\/valis-seinavalgustid\\\/firenze-seeria\\\/#mainImage\",\"width\":750,\"height\":750},\"primaryImageOfPage\":{\"@id\":\"https:\\\/\\\/light24.ee\\\/es\\\/toode\\\/valisvalgustid\\\/valis-seinavalgustid\\\/firenze-seeria\\\/#mainImage\"},\"datePublished\":\"2024-03-24T20:43:03+02:00\",\"dateModified\":\"2024-03-25T21:50:32+02:00\"},{\"@type\":\"WebSite\",\"@id\":\"https:\\\/\\\/light24.ee\\\/es\\\/#website\",\"url\":\"https:\\\/\\\/light24.ee\\\/es\\\/\",\"name\":\"Light24\",\"description\":\"Lighting E-Shop | Soluciones de iluminaci\\u00f3n profesionales\",\"inLanguage\":\"es-ES\",\"publisher\":{\"@id\":\"https:\\\/\\\/light24.ee\\\/es\\\/#organization\"}}]}\n\t\t<\/script>\n\t\t<!-- All in One SEO Pro -->\r\n\t\t<title>Norlys FIRENZE \u2022 Light24<\/title>\n\n","aioseo_head_json":{"title":"Norlys FIRENZE \u2022 Light24","description":"Disculpa, pero esta entrada est\u00e1 disponible s\u00f3lo en Eesti, Suomi y Latvie\u0161u.","canonical_url":"https:\/\/light24.ee\/es\/toode\/valisvalgustid\/valis-seinavalgustid\/firenze-seeria\/","robots":"max-image-preview:large","keywords":"","webmasterTools":{"google-site-verification":"nxgDPK3Ouk6bwvuxlwlzeMOKszmf-8m57RDu5zAgN-Y","miscellaneous":""},"schema":{"@context":"https:\/\/schema.org","@graph":[{"@type":"BreadcrumbList","@id":"https:\/\/light24.ee\/es\/toode\/valisvalgustid\/valis-seinavalgustid\/firenze-seeria\/#breadcrumblist","itemListElement":[{"@type":"ListItem","@id":"https:\/\/light24.ee\/es#listItem","position":1,"name":"Home","item":"https:\/\/light24.ee\/es","nextItem":{"@type":"ListItem","@id":"https:\/\/light24.ee\/es\/shop\/#listItem","name":"Tienda en l\u00ednea"}},{"@type":"ListItem","@id":"https:\/\/light24.ee\/es\/shop\/#listItem","position":2,"name":"Tienda en l\u00ednea","item":"https:\/\/light24.ee\/es\/shop\/","nextItem":{"@type":"ListItem","@id":"https:\/\/light24.ee\/es\/product-category\/valisvalgustid\/#listItem","name":"L\u00e1mparas de exterior"},"previousItem":{"@type":"ListItem","@id":"https:\/\/light24.ee\/es#listItem","name":"Home"}},{"@type":"ListItem","@id":"https:\/\/light24.ee\/es\/product-category\/valisvalgustid\/#listItem","position":3,"name":"L\u00e1mparas de exterior","item":"https:\/\/light24.ee\/es\/product-category\/valisvalgustid\/","nextItem":{"@type":"ListItem","@id":"https:\/\/light24.ee\/es\/product-category\/valisvalgustid\/valis-seinavalgustid\/#listItem","name":"Apliques de exterior"},"previousItem":{"@type":"ListItem","@id":"https:\/\/light24.ee\/es\/shop\/#listItem","name":"Tienda en l\u00ednea"}},{"@type":"ListItem","@id":"https:\/\/light24.ee\/es\/product-category\/valisvalgustid\/valis-seinavalgustid\/#listItem","position":4,"name":"Apliques de exterior","item":"https:\/\/light24.ee\/es\/product-category\/valisvalgustid\/valis-seinavalgustid\/","nextItem":{"@type":"ListItem","@id":"https:\/\/light24.ee\/es\/toode\/valisvalgustid\/valis-seinavalgustid\/firenze-seeria\/#listItem","name":"Norlys FIRENZE"},"previousItem":{"@type":"ListItem","@id":"https:\/\/light24.ee\/es\/product-category\/valisvalgustid\/#listItem","name":"L\u00e1mparas de exterior"}},{"@type":"ListItem","@id":"https:\/\/light24.ee\/es\/toode\/valisvalgustid\/valis-seinavalgustid\/firenze-seeria\/#listItem","position":5,"name":"Norlys FIRENZE","previousItem":{"@type":"ListItem","@id":"https:\/\/light24.ee\/es\/product-category\/valisvalgustid\/valis-seinavalgustid\/#listItem","name":"Apliques de exterior"}}]},{"@type":"Organization","@id":"https:\/\/light24.ee\/es\/#organization","name":"Light24","description":"Lighting E-Shop | Soluciones de iluminaci\u00f3n profesionales","url":"https:\/\/light24.ee\/es\/","telephone":"+3725184133","logo":{"@type":"ImageObject","url":"https:\/\/www.light24.ee\/wp-content\/uploads\/2022\/03\/Shape-2-3.svg","@id":"https:\/\/light24.ee\/es\/toode\/valisvalgustid\/valis-seinavalgustid\/firenze-seeria\/#organizationLogo"},"image":{"@id":"https:\/\/light24.ee\/es\/toode\/valisvalgustid\/valis-seinavalgustid\/firenze-seeria\/#organizationLogo"},"sameAs":["https:\/\/www.facebook.com\/light24.ee","https:\/\/www.instagram.com\/light24official\/"]},{"@type":"ProductGroup","@id":"https:\/\/light24.ee\/es\/toode\/valisvalgustid\/valis-seinavalgustid\/firenze-seeria\/#wooCommerceProduct","name":"Norlys FIRENZE","url":"https:\/\/light24.ee\/es\/toode\/valisvalgustid\/valis-seinavalgustid\/firenze-seeria\/","sku":"NOR61025","image":{"@type":"ImageObject","url":"https:\/\/light24.ee\/wp-content\/uploads\/2014\/12\/firenze1.jpg","@id":"https:\/\/light24.ee\/es\/toode\/valisvalgustid\/valis-seinavalgustid\/firenze-seeria\/#productImage","width":750,"height":750},"productGroupID":20459,"hasVariant":[{"@type":"Product","@id":"https:\/\/light24.ee\/es\/toode\/valisvalgustid\/valis-seinavalgustid\/firenze-seeria\/#wooCommerceProduct","name":"Norlys FIRENZE - must","url":"https:\/\/light24.ee\/es\/toode\/valisvalgustid\/valis-seinavalgustid\/firenze-seeria\/","sku":"NOR61025","image":{"@type":"ImageObject","url":"https:\/\/light24.ee\/wp-content\/uploads\/2014\/12\/firenze1.jpg","@id":"https:\/\/light24.ee\/es\/toode\/valisvalgustid\/valis-seinavalgustid\/firenze-seeria\/#productImage","width":750,"height":750},"offers":{"@type":"Offer","url":"https:\/\/light24.ee\/es\/toode\/valisvalgustid\/valis-seinavalgustid\/firenze-seeria\/#wooCommerceOffer","price":"112","priceCurrency":"EUR","category":"L\u00e1mparas de exterior","availability":"https:\/\/schema.org\/InStock","priceSpecification":{"@type":"PriceSpecification","price":112,"priceCurrency":"EUR","valueAddedTaxIncluded":"true"}}},{"@type":"Product","@id":"https:\/\/light24.ee\/es\/toode\/valisvalgustid\/valis-seinavalgustid\/firenze-seeria\/#wooCommerceProduct","name":"Norlys FIRENZE - valge","url":"https:\/\/light24.ee\/es\/toode\/valisvalgustid\/valis-seinavalgustid\/firenze-seeria\/","sku":"NOR61025","image":{"@type":"ImageObject","url":"https:\/\/light24.ee\/wp-content\/uploads\/2014\/12\/firenze2.jpg","@id":"https:\/\/light24.ee\/es\/toode\/valisvalgustid\/valis-seinavalgustid\/firenze-seeria\/#productImage","width":750,"height":750},"offers":{"@type":"Offer","url":"https:\/\/light24.ee\/es\/toode\/valisvalgustid\/valis-seinavalgustid\/firenze-seeria\/#wooCommerceOffer","price":"112","priceCurrency":"EUR","category":"L\u00e1mparas de exterior","availability":"https:\/\/schema.org\/InStock","priceSpecification":{"@type":"PriceSpecification","price":112,"priceCurrency":"EUR","valueAddedTaxIncluded":"true"}}}]},{"@type":"WebPage","@id":"https:\/\/light24.ee\/es\/toode\/valisvalgustid\/valis-seinavalgustid\/firenze-seeria\/#webpage","url":"https:\/\/light24.ee\/es\/toode\/valisvalgustid\/valis-seinavalgustid\/firenze-seeria\/","name":"Norlys FIRENZE \u2022 Light24","description":"Disculpa, pero esta entrada est\u00e1 disponible s\u00f3lo en Eesti, Suomi y Latvie\u0161u.","inLanguage":"es-ES","isPartOf":{"@id":"https:\/\/light24.ee\/es\/#website"},"breadcrumb":{"@id":"https:\/\/light24.ee\/es\/toode\/valisvalgustid\/valis-seinavalgustid\/firenze-seeria\/#breadcrumblist"},"image":{"@type":"ImageObject","url":"https:\/\/light24.ee\/wp-content\/uploads\/2014\/12\/firenze1.jpg","@id":"https:\/\/light24.ee\/es\/toode\/valisvalgustid\/valis-seinavalgustid\/firenze-seeria\/#mainImage","width":750,"height":750},"primaryImageOfPage":{"@id":"https:\/\/light24.ee\/es\/toode\/valisvalgustid\/valis-seinavalgustid\/firenze-seeria\/#mainImage"},"datePublished":"2024-03-24T20:43:03+02:00","dateModified":"2024-03-25T21:50:32+02:00"},{"@type":"WebSite","@id":"https:\/\/light24.ee\/es\/#website","url":"https:\/\/light24.ee\/es\/","name":"Light24","description":"Lighting E-Shop | Soluciones de iluminaci\u00f3n profesionales","inLanguage":"es-ES","publisher":{"@id":"https:\/\/light24.ee\/es\/#organization"}}]},"og:locale":"es_ES","og:site_name":"Light24 \u2022 Lighting E-Shop | Soluciones de iluminaci\u00f3n profesionales","og:type":"article","og:title":"Norlys FIRENZE \u2022 Light24","og:description":"Disculpa, pero esta entrada est\u00e1 disponible s\u00f3lo en Eesti, Suomi y Latvie\u0161u.","og:url":"https:\/\/light24.ee\/es\/toode\/valisvalgustid\/valis-seinavalgustid\/firenze-seeria\/","og:image":"https:\/\/light24.ee\/wp-content\/uploads\/2014\/12\/firenze1.jpg","og:image:secure_url":"https:\/\/light24.ee\/wp-content\/uploads\/2014\/12\/firenze1.jpg","og:image:width":750,"og:image:height":750,"article:published_time":"2024-03-24T18:43:03+00:00","article:modified_time":"2024-03-25T19:50:32+00:00","article:publisher":"https:\/\/www.facebook.com\/light24.ee","twitter:card":"summary","twitter:title":"Norlys FIRENZE \u2022 Light24","twitter:description":"Disculpa, pero esta entrada est\u00e1 disponible s\u00f3lo en Eesti, Suomi y Latvie\u0161u.","twitter:image":"https:\/\/light24.ee\/wp-content\/uploads\/2014\/12\/firenze1.jpg"},"aioseo_meta_data":{"post_id":"20459","title":null,"description":null,"keywords":[],"keyphrases":{"focus":{"keyphrase":"","score":0,"analysis":{"keyphraseInTitle":{"score":0,"maxScore":9,"error":1}}},"additional":[]},"primary_term":null,"canonical_url":null,"og_title":null,"og_description":null,"og_object_type":"default","og_image_type":"default","og_image_url":null,"og_image_width":null,"og_image_height":null,"og_image_custom_url":null,"og_image_custom_fields":null,"og_video":"","og_custom_url":null,"og_article_section":null,"og_article_tags":[],"twitter_use_og":false,"twitter_card":"default","twitter_image_type":"default","twitter_image_url":null,"twitter_image_custom_url":null,"twitter_image_custom_fields":null,"twitter_title":null,"twitter_description":null,"schema":{"blockGraphs":[],"customGraphs":[],"default":{"data":{"Article":[],"Course":[],"Dataset":[],"FAQPage":[],"Movie":[],"Person":[],"Product":[],"ProductReview":[],"Car":[],"Recipe":[],"Service":[],"SoftwareApplication":[],"WebPage":[]},"graphName":"ItemPage","isEnabled":true},"graphs":[]},"schema_type":"default","schema_type_options":null,"pillar_content":false,"robots_default":true,"robots_noindex":false,"robots_noarchive":false,"robots_nosnippet":false,"robots_nofollow":false,"robots_noimageindex":false,"robots_noodp":false,"robots_notranslate":false,"robots_max_snippet":"-1","robots_max_videopreview":"-1","robots_max_imagepreview":"large","priority":null,"frequency":"default","local_seo":null,"seo_analyzer_scan_date":"2025-10-27 12:23:39","breadcrumb_settings":null,"limit_modified_date":false,"reviewed_by":null,"open_ai":"{\"title\":{\"suggestions\":[],\"usage\":0},\"description\":{\"suggestions\":[],\"usage\":0}}","ai":null,"created":"2022-02-17 16:25:51","updated":"2025-10-27 12:23:39"},"aioseo_breadcrumb":"<div class=\"aioseo-breadcrumbs\"><span class=\"aioseo-breadcrumb\">\n\t<a href=\"https:\/\/light24.ee\/es\" title=\"Home\">Home<\/a>\n<\/span><span class=\"aioseo-breadcrumb-separator\">&raquo;<\/span><span class=\"aioseo-breadcrumb\">\n\t<a href=\"https:\/\/light24.ee\/es\/shop\/\" title=\"Tienda en l\u00ednea\">Tienda en l\u00ednea<\/a>\n<\/span><span class=\"aioseo-breadcrumb-separator\">&raquo;<\/span><span class=\"aioseo-breadcrumb\">\n\t<a href=\"https:\/\/light24.ee\/es\/product-category\/valisvalgustid\/\" title=\"L\u00e1mparas de exterior\">L\u00e1mparas de exterior<\/a>\n<\/span><span class=\"aioseo-breadcrumb-separator\">&raquo;<\/span><span class=\"aioseo-breadcrumb\">\n\t<a href=\"https:\/\/light24.ee\/es\/product-category\/valisvalgustid\/valis-seinavalgustid\/\" title=\"Apliques de exterior\">Apliques de exterior<\/a>\n<\/span><span class=\"aioseo-breadcrumb-separator\">&raquo;<\/span><span class=\"aioseo-breadcrumb\">\n\tNorlys FIRENZE\n<\/span><\/div>","aioseo_breadcrumb_json":[{"label":"Home","link":"https:\/\/light24.ee\/es"},{"label":"Tienda en l\u00ednea","link":"https:\/\/light24.ee\/es\/shop\/"},{"label":"L\u00e1mparas de exterior","link":"https:\/\/light24.ee\/es\/product-category\/valisvalgustid\/"},{"label":"Apliques de exterior","link":"https:\/\/light24.ee\/es\/product-category\/valisvalgustid\/valis-seinavalgustid\/"},{"label":"Norlys FIRENZE","link":"https:\/\/light24.ee\/es\/toode\/valisvalgustid\/valis-seinavalgustid\/firenze-seeria\/"}],"_links":{"self":[{"href":"https:\/\/light24.ee\/es\/wp-json\/wp\/v2\/product\/20459","targetHints":{"allow":["GET"]}}],"collection":[{"href":"https:\/\/light24.ee\/es\/wp-json\/wp\/v2\/product"}],"about":[{"href":"https:\/\/light24.ee\/es\/wp-json\/wp\/v2\/types\/product"}],"replies":[{"embeddable":true,"href":"https:\/\/light24.ee\/es\/wp-json\/wp\/v2\/comments?post=20459"}],"wp:featuredmedia":[{"embeddable":true,"href":"https:\/\/light24.ee\/es\/wp-json\/wp\/v2\/media\/86385"}],"wp:attachment":[{"href":"https:\/\/light24.ee\/es\/wp-json\/wp\/v2\/media?parent=20459"}],"wp:term":[{"taxonomy":"product_cat","embeddable":true,"href":"https:\/\/light24.ee\/es\/wp-json\/wp\/v2\/product_cat?post=20459"},{"taxonomy":"product_tag","embeddable":true,"href":"https:\/\/light24.ee\/es\/wp-json\/wp\/v2\/product_tag?post=20459"}],"curies":[{"name":"wp","href":"https:\/\/api.w.org\/{rel}","templated":true}]}}