{"id":109650,"date":"2022-11-08T21:38:31","date_gmt":"2022-11-08T19:38:31","guid":{"rendered":"https:\/\/www.light24.ee\/?post_type=product&#038;p=109650"},"modified":"2024-01-06T20:46:30","modified_gmt":"2024-01-06T18:46:30","slug":"fonovia","status":"publish","type":"product","link":"https:\/\/light24.ee\/fi\/toode\/arhitektuursed-valgustid\/akustilised-valgustid\/fonovia\/","title":{"rendered":"FONOVIA"},"content":{"rendered":"<p>FONOVIA on teknisen valikoiman riippuvalaisin, joka on suunniteltu tuomaan l\u00e4mp\u00f6\u00e4 ty\u00f6tiloihin. Se on hybridimallinen ja modulaarinen tuote, joka ei pelk\u00e4st\u00e4\u00e4n valaise, vaan toimii my\u00f6s \u00e4\u00e4nt\u00e4 vaimentavana paneelina tekstiilipaneeliensa ansiosta. Se saavuttaa absorptioluokan A ja sill\u00e4 on \u00e4\u00e4nen absorptiokerroin (\u03b1) 0,90. T\u00e4ydellinen lis\u00e4ys toimistoille ja avoimille yhteistiloille koristamiseen ja valaisemiseen.<\/p>\n<p>Tutustu <strong><a href=\"https:\/\/faro.es\/en\/collection\/fonovia\/\" target=\"_blank\" rel=\"noopener\">FONOVIA-sarjan<\/a><\/strong> tuotteisiin ja kysy lis\u00e4tietoja sek\u00e4 tarjousta.<\/p>","protected":false},"excerpt":{"rendered":"<p>FONOVIA on teknisen valikoiman riippuvalaisin, joka on suunniteltu tuomaan l\u00e4mp\u00f6\u00e4 ty\u00f6tiloihin. Se on hybridimallinen ja modulaarinen tuote, joka ei pelk\u00e4st\u00e4\u00e4n valaise, vaan toimii my\u00f6s \u00e4\u00e4nt\u00e4 vaimentavana paneelina tekstiilipaneeliensa ansiosta. Se saavuttaa absorptioluokan A ja sill\u00e4 on \u00e4\u00e4nen absorptiokerroin (\u03b1) 0,90. T\u00e4ydellinen lis\u00e4ys toimistoille ja avoimille yhteistiloille koristamiseen ja valaisemiseen. Tutustu FONOVIA-sarjan tuotteisiin ja kysy lis\u00e4tietoja [&hellip;]<\/p>\n","protected":false},"featured_media":109654,"comment_status":"closed","ping_status":"closed","template":"","meta":{"_acf_changed":false},"product_cat":[2904,8288],"product_tag":[7741],"class_list":{"0":"post-109650","1":"product","2":"type-product","3":"status-publish","4":"has-post-thumbnail","6":"product_cat-arhitektuursed-valgustid","7":"product_cat-akustilised-valgustid","8":"product_tag-faro-architectural","10":"first","11":"instock","12":"taxable","13":"shipping-taxable","14":"product-type-simple"},"acf":[],"aioseo_notices":[],"aioseo_head":"\n\t\t<!-- All in One SEO Pro 4.9.5.2 - aioseo.com -->\n\t<meta name=\"description\" content=\"FONOVIA on teknisen valikoiman riippuvalaisin, joka on suunniteltu tuomaan l\u00e4mp\u00f6\u00e4 ty\u00f6tiloihin. Se on hybridimallinen ja modulaarinen tuote, joka ei pelk\u00e4st\u00e4\u00e4n valaise, vaan toimii my\u00f6s \u00e4\u00e4nt\u00e4 vaimentavana paneelina tekstiilipaneeliensa ansiosta. Se saavuttaa absorptioluokan A ja sill\u00e4 on \u00e4\u00e4nen absorptiokerroin (\u03b1) 0,90. T\u00e4ydellinen lis\u00e4ys toimistoille ja avoimille yhteistiloille koristamiseen ja valaisemiseen. Tutustu FONOVIA-sarjan tuotteisiin ja kysy lis\u00e4tietoja\" \/>\n\t<meta name=\"robots\" content=\"max-image-preview:large\" \/>\n\t<meta name=\"google-site-verification\" content=\"nxgDPK3Ouk6bwvuxlwlzeMOKszmf-8m57RDu5zAgN-Y\" \/>\n\t<link rel=\"canonical\" href=\"https:\/\/light24.ee\/fi\/toode\/arhitektuursed-valgustid\/akustilised-valgustid\/fonovia\/\" \/>\n\t<meta name=\"generator\" content=\"All in One SEO Pro (AIOSEO) 4.9.5.2\" \/>\n\t\t<meta property=\"og:locale\" content=\"fi_FI\" \/>\n\t\t<meta property=\"og:site_name\" content=\"Light24 \u2022 Valon tavaratalo | Ammatillinen valaistusratkaisut\" \/>\n\t\t<meta property=\"og:type\" content=\"article\" \/>\n\t\t<meta property=\"og:title\" content=\"FONOVIA \u2022 Light24\" \/>\n\t\t<meta property=\"og:description\" content=\"FONOVIA on teknisen valikoiman riippuvalaisin, joka on suunniteltu tuomaan l\u00e4mp\u00f6\u00e4 ty\u00f6tiloihin. Se on hybridimallinen ja modulaarinen tuote, joka ei pelk\u00e4st\u00e4\u00e4n valaise, vaan toimii my\u00f6s \u00e4\u00e4nt\u00e4 vaimentavana paneelina tekstiilipaneeliensa ansiosta. Se saavuttaa absorptioluokan A ja sill\u00e4 on \u00e4\u00e4nen absorptiokerroin (\u03b1) 0,90. T\u00e4ydellinen lis\u00e4ys toimistoille ja avoimille yhteistiloille koristamiseen ja valaisemiseen. Tutustu FONOVIA-sarjan tuotteisiin ja kysy lis\u00e4tietoja\" \/>\n\t\t<meta property=\"og:url\" content=\"https:\/\/light24.ee\/fi\/toode\/arhitektuursed-valgustid\/akustilised-valgustid\/fonovia\/\" \/>\n\t\t<meta property=\"og:image\" content=\"https:\/\/light24.ee\/wp-content\/uploads\/2022\/11\/fonovia2.jpg\" \/>\n\t\t<meta property=\"og:image:secure_url\" content=\"https:\/\/light24.ee\/wp-content\/uploads\/2022\/11\/fonovia2.jpg\" \/>\n\t\t<meta property=\"og:image:width\" content=\"1000\" \/>\n\t\t<meta property=\"og:image:height\" content=\"1000\" \/>\n\t\t<meta property=\"article:published_time\" content=\"2022-11-08T19:38:31+00:00\" \/>\n\t\t<meta property=\"article:modified_time\" content=\"2024-01-06T18:46:30+00:00\" \/>\n\t\t<meta property=\"article:publisher\" content=\"https:\/\/www.facebook.com\/light24.ee\" \/>\n\t\t<meta name=\"twitter:card\" content=\"summary\" \/>\n\t\t<meta name=\"twitter:title\" content=\"FONOVIA \u2022 Light24\" \/>\n\t\t<meta name=\"twitter:description\" content=\"FONOVIA on teknisen valikoiman riippuvalaisin, joka on suunniteltu tuomaan l\u00e4mp\u00f6\u00e4 ty\u00f6tiloihin. Se on hybridimallinen ja modulaarinen tuote, joka ei pelk\u00e4st\u00e4\u00e4n valaise, vaan toimii my\u00f6s \u00e4\u00e4nt\u00e4 vaimentavana paneelina tekstiilipaneeliensa ansiosta. Se saavuttaa absorptioluokan A ja sill\u00e4 on \u00e4\u00e4nen absorptiokerroin (\u03b1) 0,90. T\u00e4ydellinen lis\u00e4ys toimistoille ja avoimille yhteistiloille koristamiseen ja valaisemiseen. Tutustu FONOVIA-sarjan tuotteisiin ja kysy lis\u00e4tietoja\" \/>\n\t\t<meta name=\"twitter:image\" content=\"https:\/\/light24.ee\/wp-content\/uploads\/2022\/11\/fonovia2.jpg\" \/>\n\t\t<script type=\"application\/ld+json\" class=\"aioseo-schema\">\n\t\t\t{\"@context\":\"https:\\\/\\\/schema.org\",\"@graph\":[{\"@type\":\"BreadcrumbList\",\"@id\":\"https:\\\/\\\/light24.ee\\\/fi\\\/toode\\\/arhitektuursed-valgustid\\\/akustilised-valgustid\\\/fonovia\\\/#breadcrumblist\",\"itemListElement\":[{\"@type\":\"ListItem\",\"@id\":\"https:\\\/\\\/light24.ee\\\/fi#listItem\",\"position\":1,\"name\":\"Home\",\"item\":\"https:\\\/\\\/light24.ee\\\/fi\",\"nextItem\":{\"@type\":\"ListItem\",\"@id\":\"https:\\\/\\\/light24.ee\\\/fi\\\/shop\\\/#listItem\",\"name\":\"Verkkokauppa\"}},{\"@type\":\"ListItem\",\"@id\":\"https:\\\/\\\/light24.ee\\\/fi\\\/shop\\\/#listItem\",\"position\":2,\"name\":\"Verkkokauppa\",\"item\":\"https:\\\/\\\/light24.ee\\\/fi\\\/shop\\\/\",\"nextItem\":{\"@type\":\"ListItem\",\"@id\":\"https:\\\/\\\/light24.ee\\\/fi\\\/product-category\\\/arhitektuursed-valgustid\\\/#listItem\",\"name\":\"Arhitektuursed valgustid\"},\"previousItem\":{\"@type\":\"ListItem\",\"@id\":\"https:\\\/\\\/light24.ee\\\/fi#listItem\",\"name\":\"Home\"}},{\"@type\":\"ListItem\",\"@id\":\"https:\\\/\\\/light24.ee\\\/fi\\\/product-category\\\/arhitektuursed-valgustid\\\/#listItem\",\"position\":3,\"name\":\"Arhitektuursed valgustid\",\"item\":\"https:\\\/\\\/light24.ee\\\/fi\\\/product-category\\\/arhitektuursed-valgustid\\\/\",\"nextItem\":{\"@type\":\"ListItem\",\"@id\":\"https:\\\/\\\/light24.ee\\\/fi\\\/product-category\\\/arhitektuursed-valgustid\\\/akustilised-valgustid\\\/#listItem\",\"name\":\"Akustiset valaisimet\"},\"previousItem\":{\"@type\":\"ListItem\",\"@id\":\"https:\\\/\\\/light24.ee\\\/fi\\\/shop\\\/#listItem\",\"name\":\"Verkkokauppa\"}},{\"@type\":\"ListItem\",\"@id\":\"https:\\\/\\\/light24.ee\\\/fi\\\/product-category\\\/arhitektuursed-valgustid\\\/akustilised-valgustid\\\/#listItem\",\"position\":4,\"name\":\"Akustiset valaisimet\",\"item\":\"https:\\\/\\\/light24.ee\\\/fi\\\/product-category\\\/arhitektuursed-valgustid\\\/akustilised-valgustid\\\/\",\"nextItem\":{\"@type\":\"ListItem\",\"@id\":\"https:\\\/\\\/light24.ee\\\/fi\\\/toode\\\/arhitektuursed-valgustid\\\/akustilised-valgustid\\\/fonovia\\\/#listItem\",\"name\":\"FONOVIA\"},\"previousItem\":{\"@type\":\"ListItem\",\"@id\":\"https:\\\/\\\/light24.ee\\\/fi\\\/product-category\\\/arhitektuursed-valgustid\\\/#listItem\",\"name\":\"Arhitektuursed valgustid\"}},{\"@type\":\"ListItem\",\"@id\":\"https:\\\/\\\/light24.ee\\\/fi\\\/toode\\\/arhitektuursed-valgustid\\\/akustilised-valgustid\\\/fonovia\\\/#listItem\",\"position\":5,\"name\":\"FONOVIA\",\"previousItem\":{\"@type\":\"ListItem\",\"@id\":\"https:\\\/\\\/light24.ee\\\/fi\\\/product-category\\\/arhitektuursed-valgustid\\\/akustilised-valgustid\\\/#listItem\",\"name\":\"Akustiset valaisimet\"}}]},{\"@type\":\"Organization\",\"@id\":\"https:\\\/\\\/light24.ee\\\/fi\\\/#organization\",\"name\":\"Light24\",\"description\":\"Valon tavaratalo | Ammatillinen valaistusratkaisut\",\"url\":\"https:\\\/\\\/light24.ee\\\/fi\\\/\",\"telephone\":\"+3725184133\",\"logo\":{\"@type\":\"ImageObject\",\"url\":\"https:\\\/\\\/www.light24.ee\\\/wp-content\\\/uploads\\\/2022\\\/03\\\/Shape-2-3.svg\",\"@id\":\"https:\\\/\\\/light24.ee\\\/fi\\\/toode\\\/arhitektuursed-valgustid\\\/akustilised-valgustid\\\/fonovia\\\/#organizationLogo\"},\"image\":{\"@id\":\"https:\\\/\\\/light24.ee\\\/fi\\\/toode\\\/arhitektuursed-valgustid\\\/akustilised-valgustid\\\/fonovia\\\/#organizationLogo\"},\"sameAs\":[\"https:\\\/\\\/www.facebook.com\\\/light24.ee\",\"https:\\\/\\\/www.instagram.com\\\/light24official\\\/\"]},{\"@type\":\"Product\",\"@id\":\"https:\\\/\\\/light24.ee\\\/fi\\\/toode\\\/arhitektuursed-valgustid\\\/akustilised-valgustid\\\/fonovia\\\/#wooCommerceProduct\",\"name\":\"FONOVIA\",\"url\":\"https:\\\/\\\/light24.ee\\\/fi\\\/toode\\\/arhitektuursed-valgustid\\\/akustilised-valgustid\\\/fonovia\\\/\",\"sku\":\"FARPRO1019\",\"image\":{\"@type\":\"ImageObject\",\"url\":\"https:\\\/\\\/light24.ee\\\/wp-content\\\/uploads\\\/2022\\\/11\\\/fonovia2.jpg\",\"@id\":\"https:\\\/\\\/light24.ee\\\/fi\\\/toode\\\/arhitektuursed-valgustid\\\/akustilised-valgustid\\\/fonovia\\\/#productImage\",\"width\":1000,\"height\":1000},\"offers\":{\"@type\":\"Offer\",\"url\":\"https:\\\/\\\/light24.ee\\\/fi\\\/toode\\\/arhitektuursed-valgustid\\\/akustilised-valgustid\\\/fonovia\\\/#wooCommerceOffer\",\"price\":0,\"priceCurrency\":\"EUR\",\"category\":\"Arhitektuursed valgustid\",\"availability\":\"https:\\\/\\\/schema.org\\\/InStock\",\"priceSpecification\":{\"@type\":\"PriceSpecification\",\"price\":0,\"priceCurrency\":\"EUR\",\"valueAddedTaxIncluded\":\"true\"},\"seller\":{\"@type\":\"Organization\",\"@id\":\"https:\\\/\\\/light24.ee\\\/fi\\\/#organization\"}}},{\"@type\":\"WebPage\",\"@id\":\"https:\\\/\\\/light24.ee\\\/fi\\\/toode\\\/arhitektuursed-valgustid\\\/akustilised-valgustid\\\/fonovia\\\/#webpage\",\"url\":\"https:\\\/\\\/light24.ee\\\/fi\\\/toode\\\/arhitektuursed-valgustid\\\/akustilised-valgustid\\\/fonovia\\\/\",\"name\":\"FONOVIA \\u2022 Light24\",\"description\":\"FONOVIA on teknisen valikoiman riippuvalaisin, joka on suunniteltu tuomaan l\\u00e4mp\\u00f6\\u00e4 ty\\u00f6tiloihin. Se on hybridimallinen ja modulaarinen tuote, joka ei pelk\\u00e4st\\u00e4\\u00e4n valaise, vaan toimii my\\u00f6s \\u00e4\\u00e4nt\\u00e4 vaimentavana paneelina tekstiilipaneeliensa ansiosta. Se saavuttaa absorptioluokan A ja sill\\u00e4 on \\u00e4\\u00e4nen absorptiokerroin (\\u03b1) 0,90. T\\u00e4ydellinen lis\\u00e4ys toimistoille ja avoimille yhteistiloille koristamiseen ja valaisemiseen. Tutustu FONOVIA-sarjan tuotteisiin ja kysy lis\\u00e4tietoja\",\"inLanguage\":\"fi\",\"isPartOf\":{\"@id\":\"https:\\\/\\\/light24.ee\\\/fi\\\/#website\"},\"breadcrumb\":{\"@id\":\"https:\\\/\\\/light24.ee\\\/fi\\\/toode\\\/arhitektuursed-valgustid\\\/akustilised-valgustid\\\/fonovia\\\/#breadcrumblist\"},\"image\":{\"@type\":\"ImageObject\",\"url\":\"https:\\\/\\\/light24.ee\\\/wp-content\\\/uploads\\\/2022\\\/11\\\/fonovia2.jpg\",\"@id\":\"https:\\\/\\\/light24.ee\\\/fi\\\/toode\\\/arhitektuursed-valgustid\\\/akustilised-valgustid\\\/fonovia\\\/#mainImage\",\"width\":1000,\"height\":1000},\"primaryImageOfPage\":{\"@id\":\"https:\\\/\\\/light24.ee\\\/fi\\\/toode\\\/arhitektuursed-valgustid\\\/akustilised-valgustid\\\/fonovia\\\/#mainImage\"},\"datePublished\":\"2022-11-08T21:38:31+02:00\",\"dateModified\":\"2024-01-06T20:46:30+02:00\"},{\"@type\":\"WebSite\",\"@id\":\"https:\\\/\\\/light24.ee\\\/fi\\\/#website\",\"url\":\"https:\\\/\\\/light24.ee\\\/fi\\\/\",\"name\":\"Light24\",\"description\":\"Valon tavaratalo | Ammatillinen valaistusratkaisut\",\"inLanguage\":\"fi\",\"publisher\":{\"@id\":\"https:\\\/\\\/light24.ee\\\/fi\\\/#organization\"}}]}\n\t\t<\/script>\n\t\t<!-- All in One SEO Pro -->\r\n\t\t<title>FONOVIA \u2022 Light24<\/title>\n\n","aioseo_head_json":{"title":"FONOVIA \u2022 Light24","description":"FONOVIA on teknisen valikoiman riippuvalaisin, joka on suunniteltu tuomaan l\u00e4mp\u00f6\u00e4 ty\u00f6tiloihin. Se on hybridimallinen ja modulaarinen tuote, joka ei pelk\u00e4st\u00e4\u00e4n valaise, vaan toimii my\u00f6s \u00e4\u00e4nt\u00e4 vaimentavana paneelina tekstiilipaneeliensa ansiosta. Se saavuttaa absorptioluokan A ja sill\u00e4 on \u00e4\u00e4nen absorptiokerroin (\u03b1) 0,90. T\u00e4ydellinen lis\u00e4ys toimistoille ja avoimille yhteistiloille koristamiseen ja valaisemiseen. Tutustu FONOVIA-sarjan tuotteisiin ja kysy lis\u00e4tietoja","canonical_url":"https:\/\/light24.ee\/fi\/toode\/arhitektuursed-valgustid\/akustilised-valgustid\/fonovia\/","robots":"max-image-preview:large","keywords":"","webmasterTools":{"google-site-verification":"nxgDPK3Ouk6bwvuxlwlzeMOKszmf-8m57RDu5zAgN-Y","miscellaneous":""},"schema":{"@context":"https:\/\/schema.org","@graph":[{"@type":"BreadcrumbList","@id":"https:\/\/light24.ee\/fi\/toode\/arhitektuursed-valgustid\/akustilised-valgustid\/fonovia\/#breadcrumblist","itemListElement":[{"@type":"ListItem","@id":"https:\/\/light24.ee\/fi#listItem","position":1,"name":"Home","item":"https:\/\/light24.ee\/fi","nextItem":{"@type":"ListItem","@id":"https:\/\/light24.ee\/fi\/shop\/#listItem","name":"Verkkokauppa"}},{"@type":"ListItem","@id":"https:\/\/light24.ee\/fi\/shop\/#listItem","position":2,"name":"Verkkokauppa","item":"https:\/\/light24.ee\/fi\/shop\/","nextItem":{"@type":"ListItem","@id":"https:\/\/light24.ee\/fi\/product-category\/arhitektuursed-valgustid\/#listItem","name":"Arhitektuursed valgustid"},"previousItem":{"@type":"ListItem","@id":"https:\/\/light24.ee\/fi#listItem","name":"Home"}},{"@type":"ListItem","@id":"https:\/\/light24.ee\/fi\/product-category\/arhitektuursed-valgustid\/#listItem","position":3,"name":"Arhitektuursed valgustid","item":"https:\/\/light24.ee\/fi\/product-category\/arhitektuursed-valgustid\/","nextItem":{"@type":"ListItem","@id":"https:\/\/light24.ee\/fi\/product-category\/arhitektuursed-valgustid\/akustilised-valgustid\/#listItem","name":"Akustiset valaisimet"},"previousItem":{"@type":"ListItem","@id":"https:\/\/light24.ee\/fi\/shop\/#listItem","name":"Verkkokauppa"}},{"@type":"ListItem","@id":"https:\/\/light24.ee\/fi\/product-category\/arhitektuursed-valgustid\/akustilised-valgustid\/#listItem","position":4,"name":"Akustiset valaisimet","item":"https:\/\/light24.ee\/fi\/product-category\/arhitektuursed-valgustid\/akustilised-valgustid\/","nextItem":{"@type":"ListItem","@id":"https:\/\/light24.ee\/fi\/toode\/arhitektuursed-valgustid\/akustilised-valgustid\/fonovia\/#listItem","name":"FONOVIA"},"previousItem":{"@type":"ListItem","@id":"https:\/\/light24.ee\/fi\/product-category\/arhitektuursed-valgustid\/#listItem","name":"Arhitektuursed valgustid"}},{"@type":"ListItem","@id":"https:\/\/light24.ee\/fi\/toode\/arhitektuursed-valgustid\/akustilised-valgustid\/fonovia\/#listItem","position":5,"name":"FONOVIA","previousItem":{"@type":"ListItem","@id":"https:\/\/light24.ee\/fi\/product-category\/arhitektuursed-valgustid\/akustilised-valgustid\/#listItem","name":"Akustiset valaisimet"}}]},{"@type":"Organization","@id":"https:\/\/light24.ee\/fi\/#organization","name":"Light24","description":"Valon tavaratalo | Ammatillinen valaistusratkaisut","url":"https:\/\/light24.ee\/fi\/","telephone":"+3725184133","logo":{"@type":"ImageObject","url":"https:\/\/www.light24.ee\/wp-content\/uploads\/2022\/03\/Shape-2-3.svg","@id":"https:\/\/light24.ee\/fi\/toode\/arhitektuursed-valgustid\/akustilised-valgustid\/fonovia\/#organizationLogo"},"image":{"@id":"https:\/\/light24.ee\/fi\/toode\/arhitektuursed-valgustid\/akustilised-valgustid\/fonovia\/#organizationLogo"},"sameAs":["https:\/\/www.facebook.com\/light24.ee","https:\/\/www.instagram.com\/light24official\/"]},{"@type":"Product","@id":"https:\/\/light24.ee\/fi\/toode\/arhitektuursed-valgustid\/akustilised-valgustid\/fonovia\/#wooCommerceProduct","name":"FONOVIA","url":"https:\/\/light24.ee\/fi\/toode\/arhitektuursed-valgustid\/akustilised-valgustid\/fonovia\/","sku":"FARPRO1019","image":{"@type":"ImageObject","url":"https:\/\/light24.ee\/wp-content\/uploads\/2022\/11\/fonovia2.jpg","@id":"https:\/\/light24.ee\/fi\/toode\/arhitektuursed-valgustid\/akustilised-valgustid\/fonovia\/#productImage","width":1000,"height":1000},"offers":{"@type":"Offer","url":"https:\/\/light24.ee\/fi\/toode\/arhitektuursed-valgustid\/akustilised-valgustid\/fonovia\/#wooCommerceOffer","price":0,"priceCurrency":"EUR","category":"Arhitektuursed valgustid","availability":"https:\/\/schema.org\/InStock","priceSpecification":{"@type":"PriceSpecification","price":0,"priceCurrency":"EUR","valueAddedTaxIncluded":"true"},"seller":{"@type":"Organization","@id":"https:\/\/light24.ee\/fi\/#organization"}}},{"@type":"WebPage","@id":"https:\/\/light24.ee\/fi\/toode\/arhitektuursed-valgustid\/akustilised-valgustid\/fonovia\/#webpage","url":"https:\/\/light24.ee\/fi\/toode\/arhitektuursed-valgustid\/akustilised-valgustid\/fonovia\/","name":"FONOVIA \u2022 Light24","description":"FONOVIA on teknisen valikoiman riippuvalaisin, joka on suunniteltu tuomaan l\u00e4mp\u00f6\u00e4 ty\u00f6tiloihin. Se on hybridimallinen ja modulaarinen tuote, joka ei pelk\u00e4st\u00e4\u00e4n valaise, vaan toimii my\u00f6s \u00e4\u00e4nt\u00e4 vaimentavana paneelina tekstiilipaneeliensa ansiosta. Se saavuttaa absorptioluokan A ja sill\u00e4 on \u00e4\u00e4nen absorptiokerroin (\u03b1) 0,90. T\u00e4ydellinen lis\u00e4ys toimistoille ja avoimille yhteistiloille koristamiseen ja valaisemiseen. Tutustu FONOVIA-sarjan tuotteisiin ja kysy lis\u00e4tietoja","inLanguage":"fi","isPartOf":{"@id":"https:\/\/light24.ee\/fi\/#website"},"breadcrumb":{"@id":"https:\/\/light24.ee\/fi\/toode\/arhitektuursed-valgustid\/akustilised-valgustid\/fonovia\/#breadcrumblist"},"image":{"@type":"ImageObject","url":"https:\/\/light24.ee\/wp-content\/uploads\/2022\/11\/fonovia2.jpg","@id":"https:\/\/light24.ee\/fi\/toode\/arhitektuursed-valgustid\/akustilised-valgustid\/fonovia\/#mainImage","width":1000,"height":1000},"primaryImageOfPage":{"@id":"https:\/\/light24.ee\/fi\/toode\/arhitektuursed-valgustid\/akustilised-valgustid\/fonovia\/#mainImage"},"datePublished":"2022-11-08T21:38:31+02:00","dateModified":"2024-01-06T20:46:30+02:00"},{"@type":"WebSite","@id":"https:\/\/light24.ee\/fi\/#website","url":"https:\/\/light24.ee\/fi\/","name":"Light24","description":"Valon tavaratalo | Ammatillinen valaistusratkaisut","inLanguage":"fi","publisher":{"@id":"https:\/\/light24.ee\/fi\/#organization"}}]},"og:locale":"fi_FI","og:site_name":"Light24 \u2022 Valon tavaratalo | Ammatillinen valaistusratkaisut","og:type":"article","og:title":"FONOVIA \u2022 Light24","og:description":"FONOVIA on teknisen valikoiman riippuvalaisin, joka on suunniteltu tuomaan l\u00e4mp\u00f6\u00e4 ty\u00f6tiloihin. Se on hybridimallinen ja modulaarinen tuote, joka ei pelk\u00e4st\u00e4\u00e4n valaise, vaan toimii my\u00f6s \u00e4\u00e4nt\u00e4 vaimentavana paneelina tekstiilipaneeliensa ansiosta. Se saavuttaa absorptioluokan A ja sill\u00e4 on \u00e4\u00e4nen absorptiokerroin (\u03b1) 0,90. T\u00e4ydellinen lis\u00e4ys toimistoille ja avoimille yhteistiloille koristamiseen ja valaisemiseen. Tutustu FONOVIA-sarjan tuotteisiin ja kysy lis\u00e4tietoja","og:url":"https:\/\/light24.ee\/fi\/toode\/arhitektuursed-valgustid\/akustilised-valgustid\/fonovia\/","og:image":"https:\/\/light24.ee\/wp-content\/uploads\/2022\/11\/fonovia2.jpg","og:image:secure_url":"https:\/\/light24.ee\/wp-content\/uploads\/2022\/11\/fonovia2.jpg","og:image:width":1000,"og:image:height":1000,"article:published_time":"2022-11-08T19:38:31+00:00","article:modified_time":"2024-01-06T18:46:30+00:00","article:publisher":"https:\/\/www.facebook.com\/light24.ee","twitter:card":"summary","twitter:title":"FONOVIA \u2022 Light24","twitter:description":"FONOVIA on teknisen valikoiman riippuvalaisin, joka on suunniteltu tuomaan l\u00e4mp\u00f6\u00e4 ty\u00f6tiloihin. Se on hybridimallinen ja modulaarinen tuote, joka ei pelk\u00e4st\u00e4\u00e4n valaise, vaan toimii my\u00f6s \u00e4\u00e4nt\u00e4 vaimentavana paneelina tekstiilipaneeliensa ansiosta. Se saavuttaa absorptioluokan A ja sill\u00e4 on \u00e4\u00e4nen absorptiokerroin (\u03b1) 0,90. T\u00e4ydellinen lis\u00e4ys toimistoille ja avoimille yhteistiloille koristamiseen ja valaisemiseen. Tutustu FONOVIA-sarjan tuotteisiin ja kysy lis\u00e4tietoja","twitter:image":"https:\/\/light24.ee\/wp-content\/uploads\/2022\/11\/fonovia2.jpg"},"aioseo_meta_data":{"post_id":"109650","title":null,"description":null,"keywords":[],"keyphrases":{"focus":{"keyphrase":"","score":0,"analysis":{"keyphraseInTitle":{"score":0,"maxScore":9,"error":1}}},"additional":[]},"primary_term":null,"canonical_url":null,"og_title":null,"og_description":null,"og_object_type":"default","og_image_type":"default","og_image_url":null,"og_image_width":null,"og_image_height":null,"og_image_custom_url":null,"og_image_custom_fields":null,"og_video":"","og_custom_url":null,"og_article_section":null,"og_article_tags":[],"twitter_use_og":false,"twitter_card":"default","twitter_image_type":"default","twitter_image_url":null,"twitter_image_custom_url":null,"twitter_image_custom_fields":null,"twitter_title":null,"twitter_description":null,"schema":{"blockGraphs":[],"customGraphs":[],"default":{"data":{"Article":[],"Course":[],"Dataset":[],"FAQPage":[],"Movie":[],"Person":[],"Product":[],"ProductReview":[],"Car":[],"Recipe":[],"Service":[],"SoftwareApplication":[],"WebPage":[]},"graphName":"ItemPage","isEnabled":true},"graphs":[]},"schema_type":"default","schema_type_options":null,"pillar_content":false,"robots_default":true,"robots_noindex":false,"robots_noarchive":false,"robots_nosnippet":false,"robots_nofollow":false,"robots_noimageindex":false,"robots_noodp":false,"robots_notranslate":false,"robots_max_snippet":"-1","robots_max_videopreview":"-1","robots_max_imagepreview":"large","priority":null,"frequency":"default","local_seo":null,"seo_analyzer_scan_date":"2025-10-27 04:51:50","breadcrumb_settings":null,"limit_modified_date":false,"reviewed_by":null,"open_ai":"{\"title\":{\"suggestions\":[],\"usage\":0},\"description\":{\"suggestions\":[],\"usage\":0}}","ai":null,"created":"2022-11-08 19:38:32","updated":"2025-10-27 04:51:50"},"aioseo_breadcrumb":"<div class=\"aioseo-breadcrumbs\"><span class=\"aioseo-breadcrumb\">\n\t<a href=\"https:\/\/light24.ee\/fi\" title=\"Home\">Home<\/a>\n<\/span><span class=\"aioseo-breadcrumb-separator\">&raquo;<\/span><span class=\"aioseo-breadcrumb\">\n\t<a href=\"https:\/\/light24.ee\/fi\/shop\/\" title=\"Verkkokauppa\">Verkkokauppa<\/a>\n<\/span><span class=\"aioseo-breadcrumb-separator\">&raquo;<\/span><span class=\"aioseo-breadcrumb\">\n\t<a href=\"https:\/\/light24.ee\/fi\/product-category\/arhitektuursed-valgustid\/\" title=\"Arhitektuursed valgustid\">Arhitektuursed valgustid<\/a>\n<\/span><span class=\"aioseo-breadcrumb-separator\">&raquo;<\/span><span class=\"aioseo-breadcrumb\">\n\t<a href=\"https:\/\/light24.ee\/fi\/product-category\/arhitektuursed-valgustid\/akustilised-valgustid\/\" title=\"Akustiset valaisimet\">Akustiset valaisimet<\/a>\n<\/span><span class=\"aioseo-breadcrumb-separator\">&raquo;<\/span><span class=\"aioseo-breadcrumb\">\n\tFONOVIA\n<\/span><\/div>","aioseo_breadcrumb_json":[{"label":"Home","link":"https:\/\/light24.ee\/fi"},{"label":"Verkkokauppa","link":"https:\/\/light24.ee\/fi\/shop\/"},{"label":"Arhitektuursed valgustid","link":"https:\/\/light24.ee\/fi\/product-category\/arhitektuursed-valgustid\/"},{"label":"Akustiset valaisimet","link":"https:\/\/light24.ee\/fi\/product-category\/arhitektuursed-valgustid\/akustilised-valgustid\/"},{"label":"FONOVIA","link":"https:\/\/light24.ee\/fi\/toode\/arhitektuursed-valgustid\/akustilised-valgustid\/fonovia\/"}],"_links":{"self":[{"href":"https:\/\/light24.ee\/fi\/wp-json\/wp\/v2\/product\/109650","targetHints":{"allow":["GET"]}}],"collection":[{"href":"https:\/\/light24.ee\/fi\/wp-json\/wp\/v2\/product"}],"about":[{"href":"https:\/\/light24.ee\/fi\/wp-json\/wp\/v2\/types\/product"}],"replies":[{"embeddable":true,"href":"https:\/\/light24.ee\/fi\/wp-json\/wp\/v2\/comments?post=109650"}],"wp:featuredmedia":[{"embeddable":true,"href":"https:\/\/light24.ee\/fi\/wp-json\/wp\/v2\/media\/109654"}],"wp:attachment":[{"href":"https:\/\/light24.ee\/fi\/wp-json\/wp\/v2\/media?parent=109650"}],"wp:term":[{"taxonomy":"product_cat","embeddable":true,"href":"https:\/\/light24.ee\/fi\/wp-json\/wp\/v2\/product_cat?post=109650"},{"taxonomy":"product_tag","embeddable":true,"href":"https:\/\/light24.ee\/fi\/wp-json\/wp\/v2\/product_tag?post=109650"}],"curies":[{"name":"wp","href":"https:\/\/api.w.org\/{rel}","templated":true}]}}