{"id":109725,"date":"2022-11-11T10:39:18","date_gmt":"2022-11-11T08:39:18","guid":{"rendered":"https:\/\/www.light24.ee\/?post_type=product&#038;p=109725"},"modified":"2024-10-17T06:44:25","modified_gmt":"2024-10-17T03:44:25","slug":"driver-350ma-13-20w","status":"publish","type":"product","link":"https:\/\/light24.ee\/fi\/toode\/led-valgustid\/toiteplokid\/driver-350ma-13-20w\/","title":{"rendered":"Onelight Driver 350mA 13-20W"},"content":{"rendered":"<p><img decoding=\"async\" class=\"alignnone size-full wp-image-98770\" src=\"https:\/\/www.light24.ee\/wp-content\/uploads\/2022\/02\/1light_.jpg\" alt=\"\" width=\"182\" height=\"77\" \/><\/p>","protected":false},"excerpt":{"rendered":"","protected":false},"featured_media":109726,"comment_status":"closed","ping_status":"closed","template":"","meta":{"_acf_changed":false},"product_cat":[264,267],"product_tag":[7389],"class_list":{"0":"post-109725","1":"product","2":"type-product","3":"status-publish","4":"has-post-thumbnail","6":"product_cat-led-valgustid","7":"product_cat-toiteplokid","8":"product_tag-onelight","9":"product_shipping_class-small","10":"pa_ip-kaitseklass-1123","11":"pa_materjal-plastik","12":"pa_tarneaeg-10-paeva","14":"first","15":"instock","16":"taxable","17":"shipping-taxable","18":"purchasable","19":"product-type-simple"},"acf":[],"aioseo_notices":[],"aioseo_head":"\n\t\t<!-- All in One SEO Pro 4.9.5.2 - aioseo.com -->\n\t<meta name=\"description\" content=\"Anteeksi, mutta t\u00e4m\u00e4 kirjoitus on saatavana ainoastaan n\u00e4ill\u00e4 kielill\u00e4: Latvie\u0161u.\" \/>\n\t<meta name=\"robots\" content=\"max-image-preview:large\" \/>\n\t<meta name=\"google-site-verification\" content=\"nxgDPK3Ouk6bwvuxlwlzeMOKszmf-8m57RDu5zAgN-Y\" \/>\n\t<link rel=\"canonical\" href=\"https:\/\/light24.ee\/fi\/toode\/led-valgustid\/toiteplokid\/driver-350ma-13-20w\/\" \/>\n\t<meta name=\"generator\" content=\"All in One SEO Pro (AIOSEO) 4.9.5.2\" \/>\n\t\t<meta property=\"og:locale\" content=\"fi_FI\" \/>\n\t\t<meta property=\"og:site_name\" content=\"Light24 \u2022 Valon tavaratalo | Ammatillinen valaistusratkaisut\" \/>\n\t\t<meta property=\"og:type\" content=\"article\" \/>\n\t\t<meta property=\"og:title\" content=\"Onelight Driver 350mA 13-20W \u2022 Light24\" \/>\n\t\t<meta property=\"og:description\" content=\"Anteeksi, mutta t\u00e4m\u00e4 kirjoitus on saatavana ainoastaan n\u00e4ill\u00e4 kielill\u00e4: Latvie\u0161u.\" \/>\n\t\t<meta property=\"og:url\" content=\"https:\/\/light24.ee\/fi\/toode\/led-valgustid\/toiteplokid\/driver-350ma-13-20w\/\" \/>\n\t\t<meta property=\"og:image\" content=\"https:\/\/light24.ee\/wp-content\/uploads\/2022\/11\/89020.jpg\" \/>\n\t\t<meta property=\"og:image:secure_url\" content=\"https:\/\/light24.ee\/wp-content\/uploads\/2022\/11\/89020.jpg\" \/>\n\t\t<meta property=\"og:image:width\" content=\"1000\" \/>\n\t\t<meta property=\"og:image:height\" content=\"1000\" \/>\n\t\t<meta property=\"article:published_time\" content=\"2022-11-11T08:39:18+00:00\" \/>\n\t\t<meta property=\"article:modified_time\" content=\"2024-10-17T03:44:25+00:00\" \/>\n\t\t<meta property=\"article:publisher\" content=\"https:\/\/www.facebook.com\/light24.ee\" \/>\n\t\t<meta name=\"twitter:card\" content=\"summary\" \/>\n\t\t<meta name=\"twitter:title\" content=\"Onelight Driver 350mA 13-20W \u2022 Light24\" \/>\n\t\t<meta name=\"twitter:description\" content=\"Anteeksi, mutta t\u00e4m\u00e4 kirjoitus on saatavana ainoastaan n\u00e4ill\u00e4 kielill\u00e4: Latvie\u0161u.\" \/>\n\t\t<meta name=\"twitter:image\" content=\"https:\/\/light24.ee\/wp-content\/uploads\/2022\/11\/89020.jpg\" \/>\n\t\t<script type=\"application\/ld+json\" class=\"aioseo-schema\">\n\t\t\t{\"@context\":\"https:\\\/\\\/schema.org\",\"@graph\":[{\"@type\":\"BreadcrumbList\",\"@id\":\"https:\\\/\\\/light24.ee\\\/fi\\\/toode\\\/led-valgustid\\\/toiteplokid\\\/driver-350ma-13-20w\\\/#breadcrumblist\",\"itemListElement\":[{\"@type\":\"ListItem\",\"@id\":\"https:\\\/\\\/light24.ee\\\/fi#listItem\",\"position\":1,\"name\":\"Home\",\"item\":\"https:\\\/\\\/light24.ee\\\/fi\",\"nextItem\":{\"@type\":\"ListItem\",\"@id\":\"https:\\\/\\\/light24.ee\\\/fi\\\/shop\\\/#listItem\",\"name\":\"Verkkokauppa\"}},{\"@type\":\"ListItem\",\"@id\":\"https:\\\/\\\/light24.ee\\\/fi\\\/shop\\\/#listItem\",\"position\":2,\"name\":\"Verkkokauppa\",\"item\":\"https:\\\/\\\/light24.ee\\\/fi\\\/shop\\\/\",\"nextItem\":{\"@type\":\"ListItem\",\"@id\":\"https:\\\/\\\/light24.ee\\\/fi\\\/product-category\\\/led-valgustid\\\/#listItem\",\"name\":\"LED valaistus\"},\"previousItem\":{\"@type\":\"ListItem\",\"@id\":\"https:\\\/\\\/light24.ee\\\/fi#listItem\",\"name\":\"Home\"}},{\"@type\":\"ListItem\",\"@id\":\"https:\\\/\\\/light24.ee\\\/fi\\\/product-category\\\/led-valgustid\\\/#listItem\",\"position\":3,\"name\":\"LED valaistus\",\"item\":\"https:\\\/\\\/light24.ee\\\/fi\\\/product-category\\\/led-valgustid\\\/\",\"nextItem\":{\"@type\":\"ListItem\",\"@id\":\"https:\\\/\\\/light24.ee\\\/fi\\\/product-category\\\/led-valgustid\\\/toiteplokid\\\/#listItem\",\"name\":\"Toiteplokid\"},\"previousItem\":{\"@type\":\"ListItem\",\"@id\":\"https:\\\/\\\/light24.ee\\\/fi\\\/shop\\\/#listItem\",\"name\":\"Verkkokauppa\"}},{\"@type\":\"ListItem\",\"@id\":\"https:\\\/\\\/light24.ee\\\/fi\\\/product-category\\\/led-valgustid\\\/toiteplokid\\\/#listItem\",\"position\":4,\"name\":\"Toiteplokid\",\"item\":\"https:\\\/\\\/light24.ee\\\/fi\\\/product-category\\\/led-valgustid\\\/toiteplokid\\\/\",\"nextItem\":{\"@type\":\"ListItem\",\"@id\":\"https:\\\/\\\/light24.ee\\\/fi\\\/toode\\\/led-valgustid\\\/toiteplokid\\\/driver-350ma-13-20w\\\/#listItem\",\"name\":\"Onelight Driver 350mA 13-20W\"},\"previousItem\":{\"@type\":\"ListItem\",\"@id\":\"https:\\\/\\\/light24.ee\\\/fi\\\/product-category\\\/led-valgustid\\\/#listItem\",\"name\":\"LED valaistus\"}},{\"@type\":\"ListItem\",\"@id\":\"https:\\\/\\\/light24.ee\\\/fi\\\/toode\\\/led-valgustid\\\/toiteplokid\\\/driver-350ma-13-20w\\\/#listItem\",\"position\":5,\"name\":\"Onelight Driver 350mA 13-20W\",\"previousItem\":{\"@type\":\"ListItem\",\"@id\":\"https:\\\/\\\/light24.ee\\\/fi\\\/product-category\\\/led-valgustid\\\/toiteplokid\\\/#listItem\",\"name\":\"Toiteplokid\"}}]},{\"@type\":\"Organization\",\"@id\":\"https:\\\/\\\/light24.ee\\\/fi\\\/#organization\",\"name\":\"Light24\",\"description\":\"Valon tavaratalo | Ammatillinen valaistusratkaisut\",\"url\":\"https:\\\/\\\/light24.ee\\\/fi\\\/\",\"telephone\":\"+3725184133\",\"logo\":{\"@type\":\"ImageObject\",\"url\":\"https:\\\/\\\/www.light24.ee\\\/wp-content\\\/uploads\\\/2022\\\/03\\\/Shape-2-3.svg\",\"@id\":\"https:\\\/\\\/light24.ee\\\/fi\\\/toode\\\/led-valgustid\\\/toiteplokid\\\/driver-350ma-13-20w\\\/#organizationLogo\"},\"image\":{\"@id\":\"https:\\\/\\\/light24.ee\\\/fi\\\/toode\\\/led-valgustid\\\/toiteplokid\\\/driver-350ma-13-20w\\\/#organizationLogo\"},\"sameAs\":[\"https:\\\/\\\/www.facebook.com\\\/light24.ee\",\"https:\\\/\\\/www.instagram.com\\\/light24official\\\/\"]},{\"@type\":\"Product\",\"@id\":\"https:\\\/\\\/light24.ee\\\/fi\\\/toode\\\/led-valgustid\\\/toiteplokid\\\/driver-350ma-13-20w\\\/#wooCommerceProduct\",\"name\":\"Onelight Driver 350mA 13-20W\",\"url\":\"https:\\\/\\\/light24.ee\\\/fi\\\/toode\\\/led-valgustid\\\/toiteplokid\\\/driver-350ma-13-20w\\\/\",\"sku\":\"1L100300\",\"image\":{\"@type\":\"ImageObject\",\"url\":\"https:\\\/\\\/light24.ee\\\/wp-content\\\/uploads\\\/2022\\\/11\\\/89020.jpg\",\"@id\":\"https:\\\/\\\/light24.ee\\\/fi\\\/toode\\\/led-valgustid\\\/toiteplokid\\\/driver-350ma-13-20w\\\/#productImage\",\"width\":1000,\"height\":1000},\"offers\":{\"@type\":\"Offer\",\"url\":\"https:\\\/\\\/light24.ee\\\/fi\\\/toode\\\/led-valgustid\\\/toiteplokid\\\/driver-350ma-13-20w\\\/#wooCommerceOffer\",\"price\":12,\"priceCurrency\":\"EUR\",\"category\":\"LED valaistus\",\"availability\":\"https:\\\/\\\/schema.org\\\/InStock\",\"priceSpecification\":{\"@type\":\"PriceSpecification\",\"price\":12,\"priceCurrency\":\"EUR\",\"valueAddedTaxIncluded\":\"true\"},\"seller\":{\"@type\":\"Organization\",\"@id\":\"https:\\\/\\\/light24.ee\\\/fi\\\/#organization\"}}},{\"@type\":\"WebPage\",\"@id\":\"https:\\\/\\\/light24.ee\\\/fi\\\/toode\\\/led-valgustid\\\/toiteplokid\\\/driver-350ma-13-20w\\\/#webpage\",\"url\":\"https:\\\/\\\/light24.ee\\\/fi\\\/toode\\\/led-valgustid\\\/toiteplokid\\\/driver-350ma-13-20w\\\/\",\"name\":\"Onelight Driver 350mA 13-20W \\u2022 Light24\",\"description\":\"Anteeksi, mutta t\\u00e4m\\u00e4 kirjoitus on saatavana ainoastaan n\\u00e4ill\\u00e4 kielill\\u00e4: Latvie\\u0161u.\",\"inLanguage\":\"fi\",\"isPartOf\":{\"@id\":\"https:\\\/\\\/light24.ee\\\/fi\\\/#website\"},\"breadcrumb\":{\"@id\":\"https:\\\/\\\/light24.ee\\\/fi\\\/toode\\\/led-valgustid\\\/toiteplokid\\\/driver-350ma-13-20w\\\/#breadcrumblist\"},\"image\":{\"@type\":\"ImageObject\",\"url\":\"https:\\\/\\\/light24.ee\\\/wp-content\\\/uploads\\\/2022\\\/11\\\/89020.jpg\",\"@id\":\"https:\\\/\\\/light24.ee\\\/fi\\\/toode\\\/led-valgustid\\\/toiteplokid\\\/driver-350ma-13-20w\\\/#mainImage\",\"width\":1000,\"height\":1000},\"primaryImageOfPage\":{\"@id\":\"https:\\\/\\\/light24.ee\\\/fi\\\/toode\\\/led-valgustid\\\/toiteplokid\\\/driver-350ma-13-20w\\\/#mainImage\"},\"datePublished\":\"2022-11-11T10:39:18+02:00\",\"dateModified\":\"2024-10-17T06:44:25+03:00\"},{\"@type\":\"WebSite\",\"@id\":\"https:\\\/\\\/light24.ee\\\/fi\\\/#website\",\"url\":\"https:\\\/\\\/light24.ee\\\/fi\\\/\",\"name\":\"Light24\",\"description\":\"Valon tavaratalo | Ammatillinen valaistusratkaisut\",\"inLanguage\":\"fi\",\"publisher\":{\"@id\":\"https:\\\/\\\/light24.ee\\\/fi\\\/#organization\"}}]}\n\t\t<\/script>\n\t\t<!-- All in One SEO Pro -->\r\n\t\t<title>Onelight Driver 350mA 13-20W \u2022 Light24<\/title>\n\n","aioseo_head_json":{"title":"Onelight Driver 350mA 13-20W \u2022 Light24","description":"Anteeksi, mutta t\u00e4m\u00e4 kirjoitus on saatavana ainoastaan n\u00e4ill\u00e4 kielill\u00e4: Latvie\u0161u.","canonical_url":"https:\/\/light24.ee\/fi\/toode\/led-valgustid\/toiteplokid\/driver-350ma-13-20w\/","robots":"max-image-preview:large","keywords":"","webmasterTools":{"google-site-verification":"nxgDPK3Ouk6bwvuxlwlzeMOKszmf-8m57RDu5zAgN-Y","miscellaneous":""},"schema":{"@context":"https:\/\/schema.org","@graph":[{"@type":"BreadcrumbList","@id":"https:\/\/light24.ee\/fi\/toode\/led-valgustid\/toiteplokid\/driver-350ma-13-20w\/#breadcrumblist","itemListElement":[{"@type":"ListItem","@id":"https:\/\/light24.ee\/fi#listItem","position":1,"name":"Home","item":"https:\/\/light24.ee\/fi","nextItem":{"@type":"ListItem","@id":"https:\/\/light24.ee\/fi\/shop\/#listItem","name":"Verkkokauppa"}},{"@type":"ListItem","@id":"https:\/\/light24.ee\/fi\/shop\/#listItem","position":2,"name":"Verkkokauppa","item":"https:\/\/light24.ee\/fi\/shop\/","nextItem":{"@type":"ListItem","@id":"https:\/\/light24.ee\/fi\/product-category\/led-valgustid\/#listItem","name":"LED valaistus"},"previousItem":{"@type":"ListItem","@id":"https:\/\/light24.ee\/fi#listItem","name":"Home"}},{"@type":"ListItem","@id":"https:\/\/light24.ee\/fi\/product-category\/led-valgustid\/#listItem","position":3,"name":"LED valaistus","item":"https:\/\/light24.ee\/fi\/product-category\/led-valgustid\/","nextItem":{"@type":"ListItem","@id":"https:\/\/light24.ee\/fi\/product-category\/led-valgustid\/toiteplokid\/#listItem","name":"Toiteplokid"},"previousItem":{"@type":"ListItem","@id":"https:\/\/light24.ee\/fi\/shop\/#listItem","name":"Verkkokauppa"}},{"@type":"ListItem","@id":"https:\/\/light24.ee\/fi\/product-category\/led-valgustid\/toiteplokid\/#listItem","position":4,"name":"Toiteplokid","item":"https:\/\/light24.ee\/fi\/product-category\/led-valgustid\/toiteplokid\/","nextItem":{"@type":"ListItem","@id":"https:\/\/light24.ee\/fi\/toode\/led-valgustid\/toiteplokid\/driver-350ma-13-20w\/#listItem","name":"Onelight Driver 350mA 13-20W"},"previousItem":{"@type":"ListItem","@id":"https:\/\/light24.ee\/fi\/product-category\/led-valgustid\/#listItem","name":"LED valaistus"}},{"@type":"ListItem","@id":"https:\/\/light24.ee\/fi\/toode\/led-valgustid\/toiteplokid\/driver-350ma-13-20w\/#listItem","position":5,"name":"Onelight Driver 350mA 13-20W","previousItem":{"@type":"ListItem","@id":"https:\/\/light24.ee\/fi\/product-category\/led-valgustid\/toiteplokid\/#listItem","name":"Toiteplokid"}}]},{"@type":"Organization","@id":"https:\/\/light24.ee\/fi\/#organization","name":"Light24","description":"Valon tavaratalo | Ammatillinen valaistusratkaisut","url":"https:\/\/light24.ee\/fi\/","telephone":"+3725184133","logo":{"@type":"ImageObject","url":"https:\/\/www.light24.ee\/wp-content\/uploads\/2022\/03\/Shape-2-3.svg","@id":"https:\/\/light24.ee\/fi\/toode\/led-valgustid\/toiteplokid\/driver-350ma-13-20w\/#organizationLogo"},"image":{"@id":"https:\/\/light24.ee\/fi\/toode\/led-valgustid\/toiteplokid\/driver-350ma-13-20w\/#organizationLogo"},"sameAs":["https:\/\/www.facebook.com\/light24.ee","https:\/\/www.instagram.com\/light24official\/"]},{"@type":"Product","@id":"https:\/\/light24.ee\/fi\/toode\/led-valgustid\/toiteplokid\/driver-350ma-13-20w\/#wooCommerceProduct","name":"Onelight Driver 350mA 13-20W","url":"https:\/\/light24.ee\/fi\/toode\/led-valgustid\/toiteplokid\/driver-350ma-13-20w\/","sku":"1L100300","image":{"@type":"ImageObject","url":"https:\/\/light24.ee\/wp-content\/uploads\/2022\/11\/89020.jpg","@id":"https:\/\/light24.ee\/fi\/toode\/led-valgustid\/toiteplokid\/driver-350ma-13-20w\/#productImage","width":1000,"height":1000},"offers":{"@type":"Offer","url":"https:\/\/light24.ee\/fi\/toode\/led-valgustid\/toiteplokid\/driver-350ma-13-20w\/#wooCommerceOffer","price":12,"priceCurrency":"EUR","category":"LED valaistus","availability":"https:\/\/schema.org\/InStock","priceSpecification":{"@type":"PriceSpecification","price":12,"priceCurrency":"EUR","valueAddedTaxIncluded":"true"},"seller":{"@type":"Organization","@id":"https:\/\/light24.ee\/fi\/#organization"}}},{"@type":"WebPage","@id":"https:\/\/light24.ee\/fi\/toode\/led-valgustid\/toiteplokid\/driver-350ma-13-20w\/#webpage","url":"https:\/\/light24.ee\/fi\/toode\/led-valgustid\/toiteplokid\/driver-350ma-13-20w\/","name":"Onelight Driver 350mA 13-20W \u2022 Light24","description":"Anteeksi, mutta t\u00e4m\u00e4 kirjoitus on saatavana ainoastaan n\u00e4ill\u00e4 kielill\u00e4: Latvie\u0161u.","inLanguage":"fi","isPartOf":{"@id":"https:\/\/light24.ee\/fi\/#website"},"breadcrumb":{"@id":"https:\/\/light24.ee\/fi\/toode\/led-valgustid\/toiteplokid\/driver-350ma-13-20w\/#breadcrumblist"},"image":{"@type":"ImageObject","url":"https:\/\/light24.ee\/wp-content\/uploads\/2022\/11\/89020.jpg","@id":"https:\/\/light24.ee\/fi\/toode\/led-valgustid\/toiteplokid\/driver-350ma-13-20w\/#mainImage","width":1000,"height":1000},"primaryImageOfPage":{"@id":"https:\/\/light24.ee\/fi\/toode\/led-valgustid\/toiteplokid\/driver-350ma-13-20w\/#mainImage"},"datePublished":"2022-11-11T10:39:18+02:00","dateModified":"2024-10-17T06:44:25+03:00"},{"@type":"WebSite","@id":"https:\/\/light24.ee\/fi\/#website","url":"https:\/\/light24.ee\/fi\/","name":"Light24","description":"Valon tavaratalo | Ammatillinen valaistusratkaisut","inLanguage":"fi","publisher":{"@id":"https:\/\/light24.ee\/fi\/#organization"}}]},"og:locale":"fi_FI","og:site_name":"Light24 \u2022 Valon tavaratalo | Ammatillinen valaistusratkaisut","og:type":"article","og:title":"Onelight Driver 350mA 13-20W \u2022 Light24","og:description":"Anteeksi, mutta t\u00e4m\u00e4 kirjoitus on saatavana ainoastaan n\u00e4ill\u00e4 kielill\u00e4: Latvie\u0161u.","og:url":"https:\/\/light24.ee\/fi\/toode\/led-valgustid\/toiteplokid\/driver-350ma-13-20w\/","og:image":"https:\/\/light24.ee\/wp-content\/uploads\/2022\/11\/89020.jpg","og:image:secure_url":"https:\/\/light24.ee\/wp-content\/uploads\/2022\/11\/89020.jpg","og:image:width":1000,"og:image:height":1000,"article:published_time":"2022-11-11T08:39:18+00:00","article:modified_time":"2024-10-17T03:44:25+00:00","article:publisher":"https:\/\/www.facebook.com\/light24.ee","twitter:card":"summary","twitter:title":"Onelight Driver 350mA 13-20W \u2022 Light24","twitter:description":"Anteeksi, mutta t\u00e4m\u00e4 kirjoitus on saatavana ainoastaan n\u00e4ill\u00e4 kielill\u00e4: Latvie\u0161u.","twitter:image":"https:\/\/light24.ee\/wp-content\/uploads\/2022\/11\/89020.jpg"},"aioseo_meta_data":{"post_id":"109725","title":null,"description":null,"keywords":null,"keyphrases":{"focus":{"keyphrase":"","score":0,"analysis":{"keyphraseInTitle":{"score":0,"maxScore":9,"error":1}}},"additional":[]},"primary_term":null,"canonical_url":null,"og_title":null,"og_description":null,"og_object_type":"default","og_image_type":"default","og_image_url":null,"og_image_width":null,"og_image_height":null,"og_image_custom_url":null,"og_image_custom_fields":null,"og_video":"","og_custom_url":null,"og_article_section":null,"og_article_tags":null,"twitter_use_og":false,"twitter_card":"default","twitter_image_type":"default","twitter_image_url":null,"twitter_image_custom_url":null,"twitter_image_custom_fields":null,"twitter_title":null,"twitter_description":null,"schema":{"blockGraphs":[],"customGraphs":[],"default":{"data":{"Article":[],"Course":[],"Dataset":[],"FAQPage":[],"Movie":[],"Person":[],"Product":[],"ProductReview":[],"Car":[],"Recipe":[],"Service":[],"SoftwareApplication":[],"WebPage":[]},"graphName":"Product","isEnabled":true},"graphs":[]},"schema_type":"default","schema_type_options":"{\"article\":{\"articleType\":\"BlogPosting\"},\"course\":{\"name\":\"\",\"description\":\"\",\"provider\":\"\"},\"faq\":{\"pages\":[]},\"product\":{\"reviews\":[]},\"recipe\":{\"ingredients\":[],\"instructions\":[],\"keywords\":[]},\"software\":{\"reviews\":[],\"operatingSystems\":[]},\"webPage\":{\"webPageType\":\"WebPage\"},\"blockGraphs\":[]}","pillar_content":false,"robots_default":true,"robots_noindex":false,"robots_noarchive":false,"robots_nosnippet":false,"robots_nofollow":false,"robots_noimageindex":false,"robots_noodp":false,"robots_notranslate":false,"robots_max_snippet":"-1","robots_max_videopreview":"-1","robots_max_imagepreview":"large","priority":null,"frequency":"default","local_seo":null,"seo_analyzer_scan_date":"2025-10-27 04:56:13","breadcrumb_settings":null,"limit_modified_date":false,"reviewed_by":null,"open_ai":"{\"title\":{\"suggestions\":[],\"usage\":0},\"description\":{\"suggestions\":[],\"usage\":0}}","ai":null,"created":"2022-11-11 08:39:18","updated":"2025-10-27 04:56:13"},"aioseo_breadcrumb":"<div class=\"aioseo-breadcrumbs\"><span class=\"aioseo-breadcrumb\">\n\t<a href=\"https:\/\/light24.ee\/fi\" title=\"Home\">Home<\/a>\n<\/span><span class=\"aioseo-breadcrumb-separator\">&raquo;<\/span><span class=\"aioseo-breadcrumb\">\n\t<a href=\"https:\/\/light24.ee\/fi\/shop\/\" title=\"Verkkokauppa\">Verkkokauppa<\/a>\n<\/span><span class=\"aioseo-breadcrumb-separator\">&raquo;<\/span><span class=\"aioseo-breadcrumb\">\n\t<a href=\"https:\/\/light24.ee\/fi\/product-category\/led-valgustid\/\" title=\"LED valaistus\">LED valaistus<\/a>\n<\/span><span class=\"aioseo-breadcrumb-separator\">&raquo;<\/span><span class=\"aioseo-breadcrumb\">\n\t<a href=\"https:\/\/light24.ee\/fi\/product-category\/led-valgustid\/toiteplokid\/\" title=\"Toiteplokid\">Toiteplokid<\/a>\n<\/span><span class=\"aioseo-breadcrumb-separator\">&raquo;<\/span><span class=\"aioseo-breadcrumb\">\n\tOnelight Driver 350mA 13-20W\n<\/span><\/div>","aioseo_breadcrumb_json":[{"label":"Home","link":"https:\/\/light24.ee\/fi"},{"label":"Verkkokauppa","link":"https:\/\/light24.ee\/fi\/shop\/"},{"label":"LED valaistus","link":"https:\/\/light24.ee\/fi\/product-category\/led-valgustid\/"},{"label":"Toiteplokid","link":"https:\/\/light24.ee\/fi\/product-category\/led-valgustid\/toiteplokid\/"},{"label":"Onelight Driver 350mA 13-20W","link":"https:\/\/light24.ee\/fi\/toode\/led-valgustid\/toiteplokid\/driver-350ma-13-20w\/"}],"_links":{"self":[{"href":"https:\/\/light24.ee\/fi\/wp-json\/wp\/v2\/product\/109725","targetHints":{"allow":["GET"]}}],"collection":[{"href":"https:\/\/light24.ee\/fi\/wp-json\/wp\/v2\/product"}],"about":[{"href":"https:\/\/light24.ee\/fi\/wp-json\/wp\/v2\/types\/product"}],"replies":[{"embeddable":true,"href":"https:\/\/light24.ee\/fi\/wp-json\/wp\/v2\/comments?post=109725"}],"wp:featuredmedia":[{"embeddable":true,"href":"https:\/\/light24.ee\/fi\/wp-json\/wp\/v2\/media\/109726"}],"wp:attachment":[{"href":"https:\/\/light24.ee\/fi\/wp-json\/wp\/v2\/media?parent=109725"}],"wp:term":[{"taxonomy":"product_cat","embeddable":true,"href":"https:\/\/light24.ee\/fi\/wp-json\/wp\/v2\/product_cat?post=109725"},{"taxonomy":"product_tag","embeddable":true,"href":"https:\/\/light24.ee\/fi\/wp-json\/wp\/v2\/product_tag?post=109725"}],"curies":[{"name":"wp","href":"https:\/\/api.w.org\/{rel}","templated":true}]}}