{"id":122259,"date":"2023-11-11T15:28:18","date_gmt":"2023-11-11T13:28:18","guid":{"rendered":"https:\/\/light24.ee\/?post_type=product&#038;p=122259"},"modified":"2024-04-21T18:38:25","modified_gmt":"2024-04-21T15:38:25","slug":"pooratav-termostaat-100-240v-neve-up","status":"publish","type":"product","link":"https:\/\/light24.ee\/fi\/toode\/lulitid-ja-pistikupesad\/neve-up-seeria\/pooratav-termostaat-100-240v-neve-up\/","title":{"rendered":"S\u00e4\u00e4dett\u00e4v\u00e4 termostaatti 100-240V NEVE UP"},"content":{"rendered":"","protected":false},"excerpt":{"rendered":"","protected":false},"featured_media":123477,"comment_status":"closed","ping_status":"closed","template":"","meta":{"_acf_changed":false},"product_cat":[7993,8145],"product_tag":[7996],"class_list":{"0":"post-122259","1":"product","2":"type-product","3":"status-publish","4":"has-post-thumbnail","6":"product_cat-lulitid-ja-pistikupesad","7":"product_cat-neve-up-seeria","8":"product_tag-vimar","9":"product_shipping_class-small","10":"pa_ip-kaitseklass-217","11":"pa_materjal-plastik","12":"pa_tarneaeg-2-4-nadalat","13":"pa_varv-must","14":"pa_varv-valge","16":"first","17":"instock","18":"taxable","19":"shipping-taxable","20":"purchasable","21":"product-type-variable"},"acf":[],"aioseo_notices":[],"aioseo_head":"\n\t\t<!-- All in One SEO Pro 4.9.5.2 - aioseo.com -->\n\t<meta name=\"robots\" content=\"max-image-preview:large\" \/>\n\t<meta name=\"google-site-verification\" content=\"nxgDPK3Ouk6bwvuxlwlzeMOKszmf-8m57RDu5zAgN-Y\" \/>\n\t<link rel=\"canonical\" href=\"https:\/\/light24.ee\/fi\/toode\/lulitid-ja-pistikupesad\/neve-up-seeria\/pooratav-termostaat-100-240v-neve-up\/\" \/>\n\t<meta name=\"generator\" content=\"All in One SEO Pro (AIOSEO) 4.9.5.2\" \/>\n\t\t<meta property=\"og:locale\" content=\"fi_FI\" \/>\n\t\t<meta property=\"og:site_name\" content=\"Light24 \u2022 Valon tavaratalo | Ammatillinen valaistusratkaisut\" \/>\n\t\t<meta property=\"og:type\" content=\"article\" \/>\n\t\t<meta property=\"og:title\" content=\"S\u00e4\u00e4dett\u00e4v\u00e4 termostaatti 100-240V NEVE UP \u2022 Light24\" \/>\n\t\t<meta property=\"og:url\" content=\"https:\/\/light24.ee\/fi\/toode\/lulitid-ja-pistikupesad\/neve-up-seeria\/pooratav-termostaat-100-240v-neve-up\/\" \/>\n\t\t<meta property=\"og:image\" content=\"https:\/\/light24.ee\/wp-content\/uploads\/2023\/11\/termopilt2.jpg\" \/>\n\t\t<meta property=\"og:image:secure_url\" content=\"https:\/\/light24.ee\/wp-content\/uploads\/2023\/11\/termopilt2.jpg\" \/>\n\t\t<meta property=\"og:image:width\" content=\"570\" \/>\n\t\t<meta property=\"og:image:height\" content=\"570\" \/>\n\t\t<meta property=\"article:published_time\" content=\"2023-11-11T13:28:18+00:00\" \/>\n\t\t<meta property=\"article:modified_time\" content=\"2024-04-21T15:38:25+00:00\" \/>\n\t\t<meta property=\"article:publisher\" content=\"https:\/\/www.facebook.com\/light24.ee\" \/>\n\t\t<meta name=\"twitter:card\" content=\"summary\" \/>\n\t\t<meta name=\"twitter:title\" content=\"S\u00e4\u00e4dett\u00e4v\u00e4 termostaatti 100-240V NEVE UP \u2022 Light24\" \/>\n\t\t<meta name=\"twitter:image\" content=\"https:\/\/light24.ee\/wp-content\/uploads\/2023\/11\/termopilt2.jpg\" \/>\n\t\t<script type=\"application\/ld+json\" class=\"aioseo-schema\">\n\t\t\t{\"@context\":\"https:\\\/\\\/schema.org\",\"@graph\":[{\"@type\":\"BreadcrumbList\",\"@id\":\"https:\\\/\\\/light24.ee\\\/fi\\\/toode\\\/lulitid-ja-pistikupesad\\\/neve-up-seeria\\\/pooratav-termostaat-100-240v-neve-up\\\/#breadcrumblist\",\"itemListElement\":[{\"@type\":\"ListItem\",\"@id\":\"https:\\\/\\\/light24.ee\\\/fi#listItem\",\"position\":1,\"name\":\"Home\",\"item\":\"https:\\\/\\\/light24.ee\\\/fi\",\"nextItem\":{\"@type\":\"ListItem\",\"@id\":\"https:\\\/\\\/light24.ee\\\/fi\\\/shop\\\/#listItem\",\"name\":\"Verkkokauppa\"}},{\"@type\":\"ListItem\",\"@id\":\"https:\\\/\\\/light24.ee\\\/fi\\\/shop\\\/#listItem\",\"position\":2,\"name\":\"Verkkokauppa\",\"item\":\"https:\\\/\\\/light24.ee\\\/fi\\\/shop\\\/\",\"nextItem\":{\"@type\":\"ListItem\",\"@id\":\"https:\\\/\\\/light24.ee\\\/fi\\\/product-category\\\/lulitid-ja-pistikupesad\\\/#listItem\",\"name\":\"Katkaisijat ja pistorasiat\"},\"previousItem\":{\"@type\":\"ListItem\",\"@id\":\"https:\\\/\\\/light24.ee\\\/fi#listItem\",\"name\":\"Home\"}},{\"@type\":\"ListItem\",\"@id\":\"https:\\\/\\\/light24.ee\\\/fi\\\/product-category\\\/lulitid-ja-pistikupesad\\\/#listItem\",\"position\":3,\"name\":\"Katkaisijat ja pistorasiat\",\"item\":\"https:\\\/\\\/light24.ee\\\/fi\\\/product-category\\\/lulitid-ja-pistikupesad\\\/\",\"nextItem\":{\"@type\":\"ListItem\",\"@id\":\"https:\\\/\\\/light24.ee\\\/fi\\\/product-category\\\/lulitid-ja-pistikupesad\\\/neve-up-seeria\\\/#listItem\",\"name\":\"Neve Up -sarja\"},\"previousItem\":{\"@type\":\"ListItem\",\"@id\":\"https:\\\/\\\/light24.ee\\\/fi\\\/shop\\\/#listItem\",\"name\":\"Verkkokauppa\"}},{\"@type\":\"ListItem\",\"@id\":\"https:\\\/\\\/light24.ee\\\/fi\\\/product-category\\\/lulitid-ja-pistikupesad\\\/neve-up-seeria\\\/#listItem\",\"position\":4,\"name\":\"Neve Up -sarja\",\"item\":\"https:\\\/\\\/light24.ee\\\/fi\\\/product-category\\\/lulitid-ja-pistikupesad\\\/neve-up-seeria\\\/\",\"nextItem\":{\"@type\":\"ListItem\",\"@id\":\"https:\\\/\\\/light24.ee\\\/fi\\\/toode\\\/lulitid-ja-pistikupesad\\\/neve-up-seeria\\\/pooratav-termostaat-100-240v-neve-up\\\/#listItem\",\"name\":\"S\\u00e4\\u00e4dett\\u00e4v\\u00e4 termostaatti 100-240V NEVE UP\"},\"previousItem\":{\"@type\":\"ListItem\",\"@id\":\"https:\\\/\\\/light24.ee\\\/fi\\\/product-category\\\/lulitid-ja-pistikupesad\\\/#listItem\",\"name\":\"Katkaisijat ja pistorasiat\"}},{\"@type\":\"ListItem\",\"@id\":\"https:\\\/\\\/light24.ee\\\/fi\\\/toode\\\/lulitid-ja-pistikupesad\\\/neve-up-seeria\\\/pooratav-termostaat-100-240v-neve-up\\\/#listItem\",\"position\":5,\"name\":\"S\\u00e4\\u00e4dett\\u00e4v\\u00e4 termostaatti 100-240V NEVE UP\",\"previousItem\":{\"@type\":\"ListItem\",\"@id\":\"https:\\\/\\\/light24.ee\\\/fi\\\/product-category\\\/lulitid-ja-pistikupesad\\\/neve-up-seeria\\\/#listItem\",\"name\":\"Neve Up -sarja\"}}]},{\"@type\":\"Organization\",\"@id\":\"https:\\\/\\\/light24.ee\\\/fi\\\/#organization\",\"name\":\"Light24\",\"description\":\"Valon tavaratalo | Ammatillinen valaistusratkaisut\",\"url\":\"https:\\\/\\\/light24.ee\\\/fi\\\/\",\"telephone\":\"+3725184133\",\"logo\":{\"@type\":\"ImageObject\",\"url\":\"https:\\\/\\\/www.light24.ee\\\/wp-content\\\/uploads\\\/2022\\\/03\\\/Shape-2-3.svg\",\"@id\":\"https:\\\/\\\/light24.ee\\\/fi\\\/toode\\\/lulitid-ja-pistikupesad\\\/neve-up-seeria\\\/pooratav-termostaat-100-240v-neve-up\\\/#organizationLogo\"},\"image\":{\"@id\":\"https:\\\/\\\/light24.ee\\\/fi\\\/toode\\\/lulitid-ja-pistikupesad\\\/neve-up-seeria\\\/pooratav-termostaat-100-240v-neve-up\\\/#organizationLogo\"},\"sameAs\":[\"https:\\\/\\\/www.facebook.com\\\/light24.ee\",\"https:\\\/\\\/www.instagram.com\\\/light24official\\\/\"]},{\"@type\":\"ProductGroup\",\"@id\":\"https:\\\/\\\/light24.ee\\\/fi\\\/toode\\\/lulitid-ja-pistikupesad\\\/neve-up-seeria\\\/pooratav-termostaat-100-240v-neve-up\\\/#wooCommerceProduct\",\"name\":\"S\\u00e4\\u00e4dett\\u00e4v\\u00e4 termostaatti 100-240V NEVE UP\",\"url\":\"https:\\\/\\\/light24.ee\\\/fi\\\/toode\\\/lulitid-ja-pistikupesad\\\/neve-up-seeria\\\/pooratav-termostaat-100-240v-neve-up\\\/\",\"sku\":\"VMR11012\",\"image\":{\"@type\":\"ImageObject\",\"url\":\"https:\\\/\\\/light24.ee\\\/wp-content\\\/uploads\\\/2023\\\/11\\\/termopilt2.jpg\",\"@id\":\"https:\\\/\\\/light24.ee\\\/fi\\\/toode\\\/lulitid-ja-pistikupesad\\\/neve-up-seeria\\\/pooratav-termostaat-100-240v-neve-up\\\/#productImage\",\"width\":570,\"height\":570},\"productGroupID\":122259,\"hasVariant\":[{\"@type\":\"Product\",\"@id\":\"https:\\\/\\\/light24.ee\\\/fi\\\/toode\\\/lulitid-ja-pistikupesad\\\/neve-up-seeria\\\/pooratav-termostaat-100-240v-neve-up\\\/#wooCommerceProduct\",\"name\":\"S\\u00e4\\u00e4dett\\u00e4v\\u00e4 termostaatti 100-240V NEVE UP - valge\",\"url\":\"https:\\\/\\\/light24.ee\\\/fi\\\/toode\\\/lulitid-ja-pistikupesad\\\/neve-up-seeria\\\/pooratav-termostaat-100-240v-neve-up\\\/\",\"sku\":\"VMR11012\",\"image\":{\"@type\":\"ImageObject\",\"url\":\"https:\\\/\\\/light24.ee\\\/wp-content\\\/uploads\\\/2023\\\/11\\\/termostaatvalge.jpg\",\"@id\":\"https:\\\/\\\/light24.ee\\\/fi\\\/toode\\\/lulitid-ja-pistikupesad\\\/neve-up-seeria\\\/pooratav-termostaat-100-240v-neve-up\\\/#productImage\",\"width\":570,\"height\":570},\"offers\":{\"@type\":\"Offer\",\"url\":\"https:\\\/\\\/light24.ee\\\/fi\\\/toode\\\/lulitid-ja-pistikupesad\\\/neve-up-seeria\\\/pooratav-termostaat-100-240v-neve-up\\\/#wooCommerceOffer\",\"price\":\"76.50\",\"priceCurrency\":\"EUR\",\"category\":\"Katkaisijat ja pistorasiat\",\"availability\":\"https:\\\/\\\/schema.org\\\/InStock\",\"priceSpecification\":{\"@type\":\"PriceSpecification\",\"price\":76.5,\"priceCurrency\":\"EUR\",\"valueAddedTaxIncluded\":\"true\"}}},{\"@type\":\"Product\",\"@id\":\"https:\\\/\\\/light24.ee\\\/fi\\\/toode\\\/lulitid-ja-pistikupesad\\\/neve-up-seeria\\\/pooratav-termostaat-100-240v-neve-up\\\/#wooCommerceProduct\",\"name\":\"S\\u00e4\\u00e4dett\\u00e4v\\u00e4 termostaatti 100-240V NEVE UP - must\",\"url\":\"https:\\\/\\\/light24.ee\\\/fi\\\/toode\\\/lulitid-ja-pistikupesad\\\/neve-up-seeria\\\/pooratav-termostaat-100-240v-neve-up\\\/\",\"sku\":\"VMR11012\",\"image\":{\"@type\":\"ImageObject\",\"url\":\"https:\\\/\\\/light24.ee\\\/wp-content\\\/uploads\\\/2023\\\/11\\\/termostaatmust.jpg\",\"@id\":\"https:\\\/\\\/light24.ee\\\/fi\\\/toode\\\/lulitid-ja-pistikupesad\\\/neve-up-seeria\\\/pooratav-termostaat-100-240v-neve-up\\\/#productImage\",\"width\":570,\"height\":570},\"offers\":{\"@type\":\"Offer\",\"url\":\"https:\\\/\\\/light24.ee\\\/fi\\\/toode\\\/lulitid-ja-pistikupesad\\\/neve-up-seeria\\\/pooratav-termostaat-100-240v-neve-up\\\/#wooCommerceOffer\",\"price\":\"85.50\",\"priceCurrency\":\"EUR\",\"category\":\"Katkaisijat ja pistorasiat\",\"availability\":\"https:\\\/\\\/schema.org\\\/InStock\",\"priceSpecification\":{\"@type\":\"PriceSpecification\",\"price\":85.5,\"priceCurrency\":\"EUR\",\"valueAddedTaxIncluded\":\"true\"}}}]},{\"@type\":\"WebPage\",\"@id\":\"https:\\\/\\\/light24.ee\\\/fi\\\/toode\\\/lulitid-ja-pistikupesad\\\/neve-up-seeria\\\/pooratav-termostaat-100-240v-neve-up\\\/#webpage\",\"url\":\"https:\\\/\\\/light24.ee\\\/fi\\\/toode\\\/lulitid-ja-pistikupesad\\\/neve-up-seeria\\\/pooratav-termostaat-100-240v-neve-up\\\/\",\"name\":\"S\\u00e4\\u00e4dett\\u00e4v\\u00e4 termostaatti 100-240V NEVE UP \\u2022 Light24\",\"inLanguage\":\"fi\",\"isPartOf\":{\"@id\":\"https:\\\/\\\/light24.ee\\\/fi\\\/#website\"},\"breadcrumb\":{\"@id\":\"https:\\\/\\\/light24.ee\\\/fi\\\/toode\\\/lulitid-ja-pistikupesad\\\/neve-up-seeria\\\/pooratav-termostaat-100-240v-neve-up\\\/#breadcrumblist\"},\"image\":{\"@type\":\"ImageObject\",\"url\":\"https:\\\/\\\/light24.ee\\\/wp-content\\\/uploads\\\/2023\\\/11\\\/termopilt2.jpg\",\"@id\":\"https:\\\/\\\/light24.ee\\\/fi\\\/toode\\\/lulitid-ja-pistikupesad\\\/neve-up-seeria\\\/pooratav-termostaat-100-240v-neve-up\\\/#mainImage\",\"width\":570,\"height\":570},\"primaryImageOfPage\":{\"@id\":\"https:\\\/\\\/light24.ee\\\/fi\\\/toode\\\/lulitid-ja-pistikupesad\\\/neve-up-seeria\\\/pooratav-termostaat-100-240v-neve-up\\\/#mainImage\"},\"datePublished\":\"2023-11-11T15:28:18+02:00\",\"dateModified\":\"2024-04-21T18:38:25+03:00\"},{\"@type\":\"WebSite\",\"@id\":\"https:\\\/\\\/light24.ee\\\/fi\\\/#website\",\"url\":\"https:\\\/\\\/light24.ee\\\/fi\\\/\",\"name\":\"Light24\",\"description\":\"Valon tavaratalo | Ammatillinen valaistusratkaisut\",\"inLanguage\":\"fi\",\"publisher\":{\"@id\":\"https:\\\/\\\/light24.ee\\\/fi\\\/#organization\"}}]}\n\t\t<\/script>\n\t\t<!-- All in One SEO Pro -->\r\n\t\t<title>S\u00e4\u00e4dett\u00e4v\u00e4 termostaatti 100-240V NEVE UP \u2022 Light24<\/title>\n\n","aioseo_head_json":{"title":"S\u00e4\u00e4dett\u00e4v\u00e4 termostaatti 100-240V NEVE UP \u2022 Light24","description":"","canonical_url":"https:\/\/light24.ee\/fi\/toode\/lulitid-ja-pistikupesad\/neve-up-seeria\/pooratav-termostaat-100-240v-neve-up\/","robots":"max-image-preview:large","keywords":"","webmasterTools":{"google-site-verification":"nxgDPK3Ouk6bwvuxlwlzeMOKszmf-8m57RDu5zAgN-Y","miscellaneous":""},"schema":{"@context":"https:\/\/schema.org","@graph":[{"@type":"BreadcrumbList","@id":"https:\/\/light24.ee\/fi\/toode\/lulitid-ja-pistikupesad\/neve-up-seeria\/pooratav-termostaat-100-240v-neve-up\/#breadcrumblist","itemListElement":[{"@type":"ListItem","@id":"https:\/\/light24.ee\/fi#listItem","position":1,"name":"Home","item":"https:\/\/light24.ee\/fi","nextItem":{"@type":"ListItem","@id":"https:\/\/light24.ee\/fi\/shop\/#listItem","name":"Verkkokauppa"}},{"@type":"ListItem","@id":"https:\/\/light24.ee\/fi\/shop\/#listItem","position":2,"name":"Verkkokauppa","item":"https:\/\/light24.ee\/fi\/shop\/","nextItem":{"@type":"ListItem","@id":"https:\/\/light24.ee\/fi\/product-category\/lulitid-ja-pistikupesad\/#listItem","name":"Katkaisijat ja pistorasiat"},"previousItem":{"@type":"ListItem","@id":"https:\/\/light24.ee\/fi#listItem","name":"Home"}},{"@type":"ListItem","@id":"https:\/\/light24.ee\/fi\/product-category\/lulitid-ja-pistikupesad\/#listItem","position":3,"name":"Katkaisijat ja pistorasiat","item":"https:\/\/light24.ee\/fi\/product-category\/lulitid-ja-pistikupesad\/","nextItem":{"@type":"ListItem","@id":"https:\/\/light24.ee\/fi\/product-category\/lulitid-ja-pistikupesad\/neve-up-seeria\/#listItem","name":"Neve Up -sarja"},"previousItem":{"@type":"ListItem","@id":"https:\/\/light24.ee\/fi\/shop\/#listItem","name":"Verkkokauppa"}},{"@type":"ListItem","@id":"https:\/\/light24.ee\/fi\/product-category\/lulitid-ja-pistikupesad\/neve-up-seeria\/#listItem","position":4,"name":"Neve Up -sarja","item":"https:\/\/light24.ee\/fi\/product-category\/lulitid-ja-pistikupesad\/neve-up-seeria\/","nextItem":{"@type":"ListItem","@id":"https:\/\/light24.ee\/fi\/toode\/lulitid-ja-pistikupesad\/neve-up-seeria\/pooratav-termostaat-100-240v-neve-up\/#listItem","name":"S\u00e4\u00e4dett\u00e4v\u00e4 termostaatti 100-240V NEVE UP"},"previousItem":{"@type":"ListItem","@id":"https:\/\/light24.ee\/fi\/product-category\/lulitid-ja-pistikupesad\/#listItem","name":"Katkaisijat ja pistorasiat"}},{"@type":"ListItem","@id":"https:\/\/light24.ee\/fi\/toode\/lulitid-ja-pistikupesad\/neve-up-seeria\/pooratav-termostaat-100-240v-neve-up\/#listItem","position":5,"name":"S\u00e4\u00e4dett\u00e4v\u00e4 termostaatti 100-240V NEVE UP","previousItem":{"@type":"ListItem","@id":"https:\/\/light24.ee\/fi\/product-category\/lulitid-ja-pistikupesad\/neve-up-seeria\/#listItem","name":"Neve Up -sarja"}}]},{"@type":"Organization","@id":"https:\/\/light24.ee\/fi\/#organization","name":"Light24","description":"Valon tavaratalo | Ammatillinen valaistusratkaisut","url":"https:\/\/light24.ee\/fi\/","telephone":"+3725184133","logo":{"@type":"ImageObject","url":"https:\/\/www.light24.ee\/wp-content\/uploads\/2022\/03\/Shape-2-3.svg","@id":"https:\/\/light24.ee\/fi\/toode\/lulitid-ja-pistikupesad\/neve-up-seeria\/pooratav-termostaat-100-240v-neve-up\/#organizationLogo"},"image":{"@id":"https:\/\/light24.ee\/fi\/toode\/lulitid-ja-pistikupesad\/neve-up-seeria\/pooratav-termostaat-100-240v-neve-up\/#organizationLogo"},"sameAs":["https:\/\/www.facebook.com\/light24.ee","https:\/\/www.instagram.com\/light24official\/"]},{"@type":"ProductGroup","@id":"https:\/\/light24.ee\/fi\/toode\/lulitid-ja-pistikupesad\/neve-up-seeria\/pooratav-termostaat-100-240v-neve-up\/#wooCommerceProduct","name":"S\u00e4\u00e4dett\u00e4v\u00e4 termostaatti 100-240V NEVE UP","url":"https:\/\/light24.ee\/fi\/toode\/lulitid-ja-pistikupesad\/neve-up-seeria\/pooratav-termostaat-100-240v-neve-up\/","sku":"VMR11012","image":{"@type":"ImageObject","url":"https:\/\/light24.ee\/wp-content\/uploads\/2023\/11\/termopilt2.jpg","@id":"https:\/\/light24.ee\/fi\/toode\/lulitid-ja-pistikupesad\/neve-up-seeria\/pooratav-termostaat-100-240v-neve-up\/#productImage","width":570,"height":570},"productGroupID":122259,"hasVariant":[{"@type":"Product","@id":"https:\/\/light24.ee\/fi\/toode\/lulitid-ja-pistikupesad\/neve-up-seeria\/pooratav-termostaat-100-240v-neve-up\/#wooCommerceProduct","name":"S\u00e4\u00e4dett\u00e4v\u00e4 termostaatti 100-240V NEVE UP - valge","url":"https:\/\/light24.ee\/fi\/toode\/lulitid-ja-pistikupesad\/neve-up-seeria\/pooratav-termostaat-100-240v-neve-up\/","sku":"VMR11012","image":{"@type":"ImageObject","url":"https:\/\/light24.ee\/wp-content\/uploads\/2023\/11\/termostaatvalge.jpg","@id":"https:\/\/light24.ee\/fi\/toode\/lulitid-ja-pistikupesad\/neve-up-seeria\/pooratav-termostaat-100-240v-neve-up\/#productImage","width":570,"height":570},"offers":{"@type":"Offer","url":"https:\/\/light24.ee\/fi\/toode\/lulitid-ja-pistikupesad\/neve-up-seeria\/pooratav-termostaat-100-240v-neve-up\/#wooCommerceOffer","price":"76.50","priceCurrency":"EUR","category":"Katkaisijat ja pistorasiat","availability":"https:\/\/schema.org\/InStock","priceSpecification":{"@type":"PriceSpecification","price":76.5,"priceCurrency":"EUR","valueAddedTaxIncluded":"true"}}},{"@type":"Product","@id":"https:\/\/light24.ee\/fi\/toode\/lulitid-ja-pistikupesad\/neve-up-seeria\/pooratav-termostaat-100-240v-neve-up\/#wooCommerceProduct","name":"S\u00e4\u00e4dett\u00e4v\u00e4 termostaatti 100-240V NEVE UP - must","url":"https:\/\/light24.ee\/fi\/toode\/lulitid-ja-pistikupesad\/neve-up-seeria\/pooratav-termostaat-100-240v-neve-up\/","sku":"VMR11012","image":{"@type":"ImageObject","url":"https:\/\/light24.ee\/wp-content\/uploads\/2023\/11\/termostaatmust.jpg","@id":"https:\/\/light24.ee\/fi\/toode\/lulitid-ja-pistikupesad\/neve-up-seeria\/pooratav-termostaat-100-240v-neve-up\/#productImage","width":570,"height":570},"offers":{"@type":"Offer","url":"https:\/\/light24.ee\/fi\/toode\/lulitid-ja-pistikupesad\/neve-up-seeria\/pooratav-termostaat-100-240v-neve-up\/#wooCommerceOffer","price":"85.50","priceCurrency":"EUR","category":"Katkaisijat ja pistorasiat","availability":"https:\/\/schema.org\/InStock","priceSpecification":{"@type":"PriceSpecification","price":85.5,"priceCurrency":"EUR","valueAddedTaxIncluded":"true"}}}]},{"@type":"WebPage","@id":"https:\/\/light24.ee\/fi\/toode\/lulitid-ja-pistikupesad\/neve-up-seeria\/pooratav-termostaat-100-240v-neve-up\/#webpage","url":"https:\/\/light24.ee\/fi\/toode\/lulitid-ja-pistikupesad\/neve-up-seeria\/pooratav-termostaat-100-240v-neve-up\/","name":"S\u00e4\u00e4dett\u00e4v\u00e4 termostaatti 100-240V NEVE UP \u2022 Light24","inLanguage":"fi","isPartOf":{"@id":"https:\/\/light24.ee\/fi\/#website"},"breadcrumb":{"@id":"https:\/\/light24.ee\/fi\/toode\/lulitid-ja-pistikupesad\/neve-up-seeria\/pooratav-termostaat-100-240v-neve-up\/#breadcrumblist"},"image":{"@type":"ImageObject","url":"https:\/\/light24.ee\/wp-content\/uploads\/2023\/11\/termopilt2.jpg","@id":"https:\/\/light24.ee\/fi\/toode\/lulitid-ja-pistikupesad\/neve-up-seeria\/pooratav-termostaat-100-240v-neve-up\/#mainImage","width":570,"height":570},"primaryImageOfPage":{"@id":"https:\/\/light24.ee\/fi\/toode\/lulitid-ja-pistikupesad\/neve-up-seeria\/pooratav-termostaat-100-240v-neve-up\/#mainImage"},"datePublished":"2023-11-11T15:28:18+02:00","dateModified":"2024-04-21T18:38:25+03:00"},{"@type":"WebSite","@id":"https:\/\/light24.ee\/fi\/#website","url":"https:\/\/light24.ee\/fi\/","name":"Light24","description":"Valon tavaratalo | Ammatillinen valaistusratkaisut","inLanguage":"fi","publisher":{"@id":"https:\/\/light24.ee\/fi\/#organization"}}]},"og:locale":"fi_FI","og:site_name":"Light24 \u2022 Valon tavaratalo | Ammatillinen valaistusratkaisut","og:type":"article","og:title":"S\u00e4\u00e4dett\u00e4v\u00e4 termostaatti 100-240V NEVE UP \u2022 Light24","og:url":"https:\/\/light24.ee\/fi\/toode\/lulitid-ja-pistikupesad\/neve-up-seeria\/pooratav-termostaat-100-240v-neve-up\/","og:image":"https:\/\/light24.ee\/wp-content\/uploads\/2023\/11\/termopilt2.jpg","og:image:secure_url":"https:\/\/light24.ee\/wp-content\/uploads\/2023\/11\/termopilt2.jpg","og:image:width":570,"og:image:height":570,"article:published_time":"2023-11-11T13:28:18+00:00","article:modified_time":"2024-04-21T15:38:25+00:00","article:publisher":"https:\/\/www.facebook.com\/light24.ee","twitter:card":"summary","twitter:title":"S\u00e4\u00e4dett\u00e4v\u00e4 termostaatti 100-240V NEVE UP \u2022 Light24","twitter:image":"https:\/\/light24.ee\/wp-content\/uploads\/2023\/11\/termopilt2.jpg"},"aioseo_meta_data":{"post_id":"122259","title":null,"description":null,"keywords":[],"keyphrases":{"focus":{"keyphrase":"","score":0,"analysis":{"keyphraseInTitle":{"score":0,"maxScore":9,"error":1}}},"additional":[]},"primary_term":null,"canonical_url":null,"og_title":null,"og_description":null,"og_object_type":"default","og_image_type":"default","og_image_url":null,"og_image_width":null,"og_image_height":null,"og_image_custom_url":null,"og_image_custom_fields":null,"og_video":"","og_custom_url":null,"og_article_section":null,"og_article_tags":[],"twitter_use_og":false,"twitter_card":"default","twitter_image_type":"default","twitter_image_url":null,"twitter_image_custom_url":null,"twitter_image_custom_fields":null,"twitter_title":null,"twitter_description":null,"schema":{"blockGraphs":[],"customGraphs":[],"default":{"data":{"Article":[],"Course":[],"Dataset":[],"FAQPage":[],"Movie":[],"Person":[],"Product":[],"ProductReview":[],"Car":[],"Recipe":[],"Service":[],"SoftwareApplication":[],"WebPage":[]},"graphName":"ItemPage","isEnabled":true},"graphs":[]},"schema_type":"default","schema_type_options":null,"pillar_content":false,"robots_default":true,"robots_noindex":false,"robots_noarchive":false,"robots_nosnippet":false,"robots_nofollow":false,"robots_noimageindex":false,"robots_noodp":false,"robots_notranslate":false,"robots_max_snippet":"-1","robots_max_videopreview":"-1","robots_max_imagepreview":"large","priority":null,"frequency":"default","local_seo":null,"seo_analyzer_scan_date":"2025-10-27 10:03:39","breadcrumb_settings":null,"limit_modified_date":false,"reviewed_by":null,"open_ai":"{\"title\":{\"suggestions\":[],\"usage\":0},\"description\":{\"suggestions\":[],\"usage\":0}}","ai":null,"created":"2023-11-11 13:28:18","updated":"2025-10-27 10:03:39"},"aioseo_breadcrumb":"<div class=\"aioseo-breadcrumbs\"><span class=\"aioseo-breadcrumb\">\n\t<a href=\"https:\/\/light24.ee\/fi\" title=\"Home\">Home<\/a>\n<\/span><span class=\"aioseo-breadcrumb-separator\">&raquo;<\/span><span class=\"aioseo-breadcrumb\">\n\t<a href=\"https:\/\/light24.ee\/fi\/shop\/\" title=\"Verkkokauppa\">Verkkokauppa<\/a>\n<\/span><span class=\"aioseo-breadcrumb-separator\">&raquo;<\/span><span class=\"aioseo-breadcrumb\">\n\t<a href=\"https:\/\/light24.ee\/fi\/product-category\/lulitid-ja-pistikupesad\/\" title=\"Katkaisijat ja pistorasiat\">Katkaisijat ja pistorasiat<\/a>\n<\/span><span class=\"aioseo-breadcrumb-separator\">&raquo;<\/span><span class=\"aioseo-breadcrumb\">\n\t<a href=\"https:\/\/light24.ee\/fi\/product-category\/lulitid-ja-pistikupesad\/neve-up-seeria\/\" title=\"Neve Up -sarja\">Neve Up -sarja<\/a>\n<\/span><span class=\"aioseo-breadcrumb-separator\">&raquo;<\/span><span class=\"aioseo-breadcrumb\">\n\tS\u00e4\u00e4dett\u00e4v\u00e4 termostaatti 100-240V NEVE UP\n<\/span><\/div>","aioseo_breadcrumb_json":[{"label":"Home","link":"https:\/\/light24.ee\/fi"},{"label":"Verkkokauppa","link":"https:\/\/light24.ee\/fi\/shop\/"},{"label":"Katkaisijat ja pistorasiat","link":"https:\/\/light24.ee\/fi\/product-category\/lulitid-ja-pistikupesad\/"},{"label":"Neve Up -sarja","link":"https:\/\/light24.ee\/fi\/product-category\/lulitid-ja-pistikupesad\/neve-up-seeria\/"},{"label":"S\u00e4\u00e4dett\u00e4v\u00e4 termostaatti 100-240V NEVE UP","link":"https:\/\/light24.ee\/fi\/toode\/lulitid-ja-pistikupesad\/neve-up-seeria\/pooratav-termostaat-100-240v-neve-up\/"}],"_links":{"self":[{"href":"https:\/\/light24.ee\/fi\/wp-json\/wp\/v2\/product\/122259","targetHints":{"allow":["GET"]}}],"collection":[{"href":"https:\/\/light24.ee\/fi\/wp-json\/wp\/v2\/product"}],"about":[{"href":"https:\/\/light24.ee\/fi\/wp-json\/wp\/v2\/types\/product"}],"replies":[{"embeddable":true,"href":"https:\/\/light24.ee\/fi\/wp-json\/wp\/v2\/comments?post=122259"}],"wp:featuredmedia":[{"embeddable":true,"href":"https:\/\/light24.ee\/fi\/wp-json\/wp\/v2\/media\/123477"}],"wp:attachment":[{"href":"https:\/\/light24.ee\/fi\/wp-json\/wp\/v2\/media?parent=122259"}],"wp:term":[{"taxonomy":"product_cat","embeddable":true,"href":"https:\/\/light24.ee\/fi\/wp-json\/wp\/v2\/product_cat?post=122259"},{"taxonomy":"product_tag","embeddable":true,"href":"https:\/\/light24.ee\/fi\/wp-json\/wp\/v2\/product_tag?post=122259"}],"curies":[{"name":"wp","href":"https:\/\/api.w.org\/{rel}","templated":true}]}}