{"id":123619,"date":"2023-12-04T17:54:39","date_gmt":"2023-12-04T15:54:39","guid":{"rendered":"https:\/\/light24.ee\/?post_type=product&#038;p=123619"},"modified":"2025-02-24T13:50:48","modified_gmt":"2025-02-24T11:50:48","slug":"uhendus-1p-siinile","status":"publish","type":"product","link":"https:\/\/light24.ee\/fi\/toode\/siseruumide_valgustid\/1f-siinivalgustid\/uhendus-1p-siinile\/","title":{"rendered":"(Eesti) \u00dchendus 1-faasilisele siinile"},"content":{"rendered":"<p class=\"qtranxs-available-languages-message qtranxs-available-languages-message-fi\">Anteeksi, mutta t\u00e4m\u00e4 kirjoitus on saatavana ainoastaan n\u00e4ill\u00e4 kielill\u00e4: <a href=\"https:\/\/light24.ee\/et\/wp-json\/wp\/v2\/product\/123619\" class=\"qtranxs-available-language-link qtranxs-available-language-link-et\" title=\"Eesti\">Eesti<\/a>.<\/p>","protected":false},"excerpt":{"rendered":"<p>Anteeksi, mutta t\u00e4m\u00e4 kirjoitus on saatavana ainoastaan n\u00e4ill\u00e4 kielill\u00e4: Eesti.<\/p>\n","protected":false},"featured_media":123623,"comment_status":"closed","ping_status":"closed","template":"","meta":{"_acf_changed":false},"product_cat":[7280,8251],"product_tag":[7214],"class_list":{"0":"post-123619","1":"product","2":"type-product","3":"status-publish","4":"has-post-thumbnail","6":"product_cat-siseruumide_valgustid","7":"product_cat-1f-siinivalgustid","8":"product_tag-lightprestige","9":"product_shipping_class-standard","10":"pa_materjal-plastik","11":"pa_ruumid-elutuba","12":"pa_ruumid-soogituba","13":"pa_ruumid-magamistuba","14":"pa_ruumid-kook","15":"pa_ruumid-esik_ja_trepihall","16":"pa_ruumid-kodukontor","17":"pa_ruumid-lastetuba","18":"pa_tarneaeg-10-paeva","19":"pa_varv-must","20":"pa_varv-valge","22":"first","23":"instock","24":"taxable","25":"shipping-taxable","26":"purchasable","27":"product-type-variable"},"acf":[],"aioseo_notices":[],"aioseo_head":"\n\t\t<!-- All in One SEO Pro 4.9.5.2 - aioseo.com -->\n\t<meta name=\"description\" content=\"Anteeksi, mutta t\u00e4m\u00e4 kirjoitus on saatavana ainoastaan n\u00e4ill\u00e4 kielill\u00e4: Eesti.\" \/>\n\t<meta name=\"robots\" content=\"max-image-preview:large\" \/>\n\t<meta name=\"google-site-verification\" content=\"nxgDPK3Ouk6bwvuxlwlzeMOKszmf-8m57RDu5zAgN-Y\" \/>\n\t<link rel=\"canonical\" href=\"https:\/\/light24.ee\/fi\/toode\/siseruumide_valgustid\/1f-siinivalgustid\/uhendus-1p-siinile\/\" \/>\n\t<meta name=\"generator\" content=\"All in One SEO Pro (AIOSEO) 4.9.5.2\" \/>\n\t\t<meta property=\"og:locale\" content=\"fi_FI\" \/>\n\t\t<meta property=\"og:site_name\" content=\"Light24 \u2022 Valon tavaratalo | Ammatillinen valaistusratkaisut\" \/>\n\t\t<meta property=\"og:type\" content=\"article\" \/>\n\t\t<meta property=\"og:title\" content=\"(Eesti) \u00dchendus 1-faasilisele siinile \u2022 Light24\" \/>\n\t\t<meta property=\"og:description\" content=\"Anteeksi, mutta t\u00e4m\u00e4 kirjoitus on saatavana ainoastaan n\u00e4ill\u00e4 kielill\u00e4: Eesti.\" \/>\n\t\t<meta property=\"og:url\" content=\"https:\/\/light24.ee\/fi\/toode\/siseruumide_valgustid\/1f-siinivalgustid\/uhendus-1p-siinile\/\" \/>\n\t\t<meta property=\"og:image\" content=\"https:\/\/light24.ee\/wp-content\/uploads\/2023\/11\/connector1p1.jpg\" \/>\n\t\t<meta property=\"og:image:secure_url\" content=\"https:\/\/light24.ee\/wp-content\/uploads\/2023\/11\/connector1p1.jpg\" \/>\n\t\t<meta property=\"og:image:width\" content=\"800\" \/>\n\t\t<meta property=\"og:image:height\" content=\"800\" \/>\n\t\t<meta property=\"article:published_time\" content=\"2023-12-04T15:54:39+00:00\" \/>\n\t\t<meta property=\"article:modified_time\" content=\"2025-02-24T11:50:48+00:00\" \/>\n\t\t<meta property=\"article:publisher\" content=\"https:\/\/www.facebook.com\/light24.ee\" \/>\n\t\t<meta name=\"twitter:card\" content=\"summary\" \/>\n\t\t<meta name=\"twitter:title\" content=\"(Eesti) \u00dchendus 1-faasilisele siinile \u2022 Light24\" \/>\n\t\t<meta name=\"twitter:description\" content=\"Anteeksi, mutta t\u00e4m\u00e4 kirjoitus on saatavana ainoastaan n\u00e4ill\u00e4 kielill\u00e4: Eesti.\" \/>\n\t\t<meta name=\"twitter:image\" content=\"https:\/\/light24.ee\/wp-content\/uploads\/2023\/11\/connector1p1.jpg\" \/>\n\t\t<script type=\"application\/ld+json\" class=\"aioseo-schema\">\n\t\t\t{\"@context\":\"https:\\\/\\\/schema.org\",\"@graph\":[{\"@type\":\"BreadcrumbList\",\"@id\":\"https:\\\/\\\/light24.ee\\\/fi\\\/toode\\\/siseruumide_valgustid\\\/1f-siinivalgustid\\\/uhendus-1p-siinile\\\/#breadcrumblist\",\"itemListElement\":[{\"@type\":\"ListItem\",\"@id\":\"https:\\\/\\\/light24.ee\\\/fi#listItem\",\"position\":1,\"name\":\"Home\",\"item\":\"https:\\\/\\\/light24.ee\\\/fi\",\"nextItem\":{\"@type\":\"ListItem\",\"@id\":\"https:\\\/\\\/light24.ee\\\/fi\\\/shop\\\/#listItem\",\"name\":\"Verkkokauppa\"}},{\"@type\":\"ListItem\",\"@id\":\"https:\\\/\\\/light24.ee\\\/fi\\\/shop\\\/#listItem\",\"position\":2,\"name\":\"Verkkokauppa\",\"item\":\"https:\\\/\\\/light24.ee\\\/fi\\\/shop\\\/\",\"nextItem\":{\"@type\":\"ListItem\",\"@id\":\"https:\\\/\\\/light24.ee\\\/fi\\\/product-category\\\/siseruumide_valgustid\\\/#listItem\",\"name\":\"Sis\\u00e4valaisimet\"},\"previousItem\":{\"@type\":\"ListItem\",\"@id\":\"https:\\\/\\\/light24.ee\\\/fi#listItem\",\"name\":\"Home\"}},{\"@type\":\"ListItem\",\"@id\":\"https:\\\/\\\/light24.ee\\\/fi\\\/product-category\\\/siseruumide_valgustid\\\/#listItem\",\"position\":3,\"name\":\"Sis\\u00e4valaisimet\",\"item\":\"https:\\\/\\\/light24.ee\\\/fi\\\/product-category\\\/siseruumide_valgustid\\\/\",\"nextItem\":{\"@type\":\"ListItem\",\"@id\":\"https:\\\/\\\/light24.ee\\\/fi\\\/product-category\\\/siseruumide_valgustid\\\/1f-siinivalgustid\\\/#listItem\",\"name\":\"1F Kiskovalaisimet\"},\"previousItem\":{\"@type\":\"ListItem\",\"@id\":\"https:\\\/\\\/light24.ee\\\/fi\\\/shop\\\/#listItem\",\"name\":\"Verkkokauppa\"}},{\"@type\":\"ListItem\",\"@id\":\"https:\\\/\\\/light24.ee\\\/fi\\\/product-category\\\/siseruumide_valgustid\\\/1f-siinivalgustid\\\/#listItem\",\"position\":4,\"name\":\"1F Kiskovalaisimet\",\"item\":\"https:\\\/\\\/light24.ee\\\/fi\\\/product-category\\\/siseruumide_valgustid\\\/1f-siinivalgustid\\\/\",\"nextItem\":{\"@type\":\"ListItem\",\"@id\":\"https:\\\/\\\/light24.ee\\\/fi\\\/toode\\\/siseruumide_valgustid\\\/1f-siinivalgustid\\\/uhendus-1p-siinile\\\/#listItem\",\"name\":\"(Eesti) \\u00dchendus 1-faasilisele siinile\"},\"previousItem\":{\"@type\":\"ListItem\",\"@id\":\"https:\\\/\\\/light24.ee\\\/fi\\\/product-category\\\/siseruumide_valgustid\\\/#listItem\",\"name\":\"Sis\\u00e4valaisimet\"}},{\"@type\":\"ListItem\",\"@id\":\"https:\\\/\\\/light24.ee\\\/fi\\\/toode\\\/siseruumide_valgustid\\\/1f-siinivalgustid\\\/uhendus-1p-siinile\\\/#listItem\",\"position\":5,\"name\":\"(Eesti) \\u00dchendus 1-faasilisele siinile\",\"previousItem\":{\"@type\":\"ListItem\",\"@id\":\"https:\\\/\\\/light24.ee\\\/fi\\\/product-category\\\/siseruumide_valgustid\\\/1f-siinivalgustid\\\/#listItem\",\"name\":\"1F Kiskovalaisimet\"}}]},{\"@type\":\"Organization\",\"@id\":\"https:\\\/\\\/light24.ee\\\/fi\\\/#organization\",\"name\":\"Light24\",\"description\":\"Valon tavaratalo | Ammatillinen valaistusratkaisut\",\"url\":\"https:\\\/\\\/light24.ee\\\/fi\\\/\",\"telephone\":\"+3725184133\",\"logo\":{\"@type\":\"ImageObject\",\"url\":\"https:\\\/\\\/www.light24.ee\\\/wp-content\\\/uploads\\\/2022\\\/03\\\/Shape-2-3.svg\",\"@id\":\"https:\\\/\\\/light24.ee\\\/fi\\\/toode\\\/siseruumide_valgustid\\\/1f-siinivalgustid\\\/uhendus-1p-siinile\\\/#organizationLogo\"},\"image\":{\"@id\":\"https:\\\/\\\/light24.ee\\\/fi\\\/toode\\\/siseruumide_valgustid\\\/1f-siinivalgustid\\\/uhendus-1p-siinile\\\/#organizationLogo\"},\"sameAs\":[\"https:\\\/\\\/www.facebook.com\\\/light24.ee\",\"https:\\\/\\\/www.instagram.com\\\/light24official\\\/\"]},{\"@type\":\"ProductGroup\",\"@id\":\"https:\\\/\\\/light24.ee\\\/fi\\\/toode\\\/siseruumide_valgustid\\\/1f-siinivalgustid\\\/uhendus-1p-siinile\\\/#wooCommerceProduct\",\"name\":\"(Eesti) \\u00dchendus 1-faasilisele siinile\",\"url\":\"https:\\\/\\\/light24.ee\\\/fi\\\/toode\\\/siseruumide_valgustid\\\/1f-siinivalgustid\\\/uhendus-1p-siinile\\\/\",\"sku\":\"LPR1100223\",\"image\":{\"@type\":\"ImageObject\",\"url\":\"https:\\\/\\\/light24.ee\\\/wp-content\\\/uploads\\\/2023\\\/11\\\/connector1p1.jpg\",\"@id\":\"https:\\\/\\\/light24.ee\\\/fi\\\/toode\\\/siseruumide_valgustid\\\/1f-siinivalgustid\\\/uhendus-1p-siinile\\\/#productImage\",\"width\":800,\"height\":800},\"productGroupID\":123619,\"hasVariant\":[{\"@type\":\"Product\",\"@id\":\"https:\\\/\\\/light24.ee\\\/fi\\\/toode\\\/siseruumide_valgustid\\\/1f-siinivalgustid\\\/uhendus-1p-siinile\\\/#wooCommerceProduct\",\"name\":\"(Eesti) \\u00dchendus 1-faasilisele siinile - must\",\"url\":\"https:\\\/\\\/light24.ee\\\/fi\\\/toode\\\/siseruumide_valgustid\\\/1f-siinivalgustid\\\/uhendus-1p-siinile\\\/\",\"sku\":\"LPR1100223\",\"image\":{\"@type\":\"ImageObject\",\"url\":\"https:\\\/\\\/light24.ee\\\/wp-content\\\/uploads\\\/2023\\\/11\\\/connector1p.jpg\",\"@id\":\"https:\\\/\\\/light24.ee\\\/fi\\\/toode\\\/siseruumide_valgustid\\\/1f-siinivalgustid\\\/uhendus-1p-siinile\\\/#productImage\",\"width\":800,\"height\":800},\"offers\":{\"@type\":\"Offer\",\"url\":\"https:\\\/\\\/light24.ee\\\/fi\\\/toode\\\/siseruumide_valgustid\\\/1f-siinivalgustid\\\/uhendus-1p-siinile\\\/#wooCommerceOffer\",\"price\":\"8\",\"priceCurrency\":\"EUR\",\"category\":\"Sis\\u00e4valaisimet\",\"availability\":\"https:\\\/\\\/schema.org\\\/InStock\",\"priceSpecification\":{\"@type\":\"PriceSpecification\",\"price\":8,\"priceCurrency\":\"EUR\",\"valueAddedTaxIncluded\":\"true\"}}},{\"@type\":\"Product\",\"@id\":\"https:\\\/\\\/light24.ee\\\/fi\\\/toode\\\/siseruumide_valgustid\\\/1f-siinivalgustid\\\/uhendus-1p-siinile\\\/#wooCommerceProduct\",\"name\":\"(Eesti) \\u00dchendus 1-faasilisele siinile - valge\",\"url\":\"https:\\\/\\\/light24.ee\\\/fi\\\/toode\\\/siseruumide_valgustid\\\/1f-siinivalgustid\\\/uhendus-1p-siinile\\\/\",\"sku\":\"LPR1100223\",\"image\":{\"@type\":\"ImageObject\",\"url\":\"https:\\\/\\\/light24.ee\\\/wp-content\\\/uploads\\\/2023\\\/11\\\/connector1p1.jpg\",\"@id\":\"https:\\\/\\\/light24.ee\\\/fi\\\/toode\\\/siseruumide_valgustid\\\/1f-siinivalgustid\\\/uhendus-1p-siinile\\\/#productImage\",\"width\":800,\"height\":800},\"offers\":{\"@type\":\"Offer\",\"url\":\"https:\\\/\\\/light24.ee\\\/fi\\\/toode\\\/siseruumide_valgustid\\\/1f-siinivalgustid\\\/uhendus-1p-siinile\\\/#wooCommerceOffer\",\"price\":\"8\",\"priceCurrency\":\"EUR\",\"category\":\"Sis\\u00e4valaisimet\",\"availability\":\"https:\\\/\\\/schema.org\\\/InStock\",\"priceSpecification\":{\"@type\":\"PriceSpecification\",\"price\":8,\"priceCurrency\":\"EUR\",\"valueAddedTaxIncluded\":\"true\"}}}]},{\"@type\":\"WebPage\",\"@id\":\"https:\\\/\\\/light24.ee\\\/fi\\\/toode\\\/siseruumide_valgustid\\\/1f-siinivalgustid\\\/uhendus-1p-siinile\\\/#webpage\",\"url\":\"https:\\\/\\\/light24.ee\\\/fi\\\/toode\\\/siseruumide_valgustid\\\/1f-siinivalgustid\\\/uhendus-1p-siinile\\\/\",\"name\":\"(Eesti) \\u00dchendus 1-faasilisele siinile \\u2022 Light24\",\"description\":\"Anteeksi, mutta t\\u00e4m\\u00e4 kirjoitus on saatavana ainoastaan n\\u00e4ill\\u00e4 kielill\\u00e4: Eesti.\",\"inLanguage\":\"fi\",\"isPartOf\":{\"@id\":\"https:\\\/\\\/light24.ee\\\/fi\\\/#website\"},\"breadcrumb\":{\"@id\":\"https:\\\/\\\/light24.ee\\\/fi\\\/toode\\\/siseruumide_valgustid\\\/1f-siinivalgustid\\\/uhendus-1p-siinile\\\/#breadcrumblist\"},\"image\":{\"@type\":\"ImageObject\",\"url\":\"https:\\\/\\\/light24.ee\\\/wp-content\\\/uploads\\\/2023\\\/11\\\/connector1p1.jpg\",\"@id\":\"https:\\\/\\\/light24.ee\\\/fi\\\/toode\\\/siseruumide_valgustid\\\/1f-siinivalgustid\\\/uhendus-1p-siinile\\\/#mainImage\",\"width\":800,\"height\":800},\"primaryImageOfPage\":{\"@id\":\"https:\\\/\\\/light24.ee\\\/fi\\\/toode\\\/siseruumide_valgustid\\\/1f-siinivalgustid\\\/uhendus-1p-siinile\\\/#mainImage\"},\"datePublished\":\"2023-12-04T17:54:39+02:00\",\"dateModified\":\"2025-02-24T13:50:48+02:00\"},{\"@type\":\"WebSite\",\"@id\":\"https:\\\/\\\/light24.ee\\\/fi\\\/#website\",\"url\":\"https:\\\/\\\/light24.ee\\\/fi\\\/\",\"name\":\"Light24\",\"description\":\"Valon tavaratalo | Ammatillinen valaistusratkaisut\",\"inLanguage\":\"fi\",\"publisher\":{\"@id\":\"https:\\\/\\\/light24.ee\\\/fi\\\/#organization\"}}]}\n\t\t<\/script>\n\t\t<!-- All in One SEO Pro -->\r\n\t\t<title>(Eesti) \u00dchendus 1-faasilisele siinile \u2022 Light24<\/title>\n\n","aioseo_head_json":{"title":"(Eesti) \u00dchendus 1-faasilisele siinile \u2022 Light24","description":"Anteeksi, mutta t\u00e4m\u00e4 kirjoitus on saatavana ainoastaan n\u00e4ill\u00e4 kielill\u00e4: Eesti.","canonical_url":"https:\/\/light24.ee\/fi\/toode\/siseruumide_valgustid\/1f-siinivalgustid\/uhendus-1p-siinile\/","robots":"max-image-preview:large","keywords":"","webmasterTools":{"google-site-verification":"nxgDPK3Ouk6bwvuxlwlzeMOKszmf-8m57RDu5zAgN-Y","miscellaneous":""},"schema":{"@context":"https:\/\/schema.org","@graph":[{"@type":"BreadcrumbList","@id":"https:\/\/light24.ee\/fi\/toode\/siseruumide_valgustid\/1f-siinivalgustid\/uhendus-1p-siinile\/#breadcrumblist","itemListElement":[{"@type":"ListItem","@id":"https:\/\/light24.ee\/fi#listItem","position":1,"name":"Home","item":"https:\/\/light24.ee\/fi","nextItem":{"@type":"ListItem","@id":"https:\/\/light24.ee\/fi\/shop\/#listItem","name":"Verkkokauppa"}},{"@type":"ListItem","@id":"https:\/\/light24.ee\/fi\/shop\/#listItem","position":2,"name":"Verkkokauppa","item":"https:\/\/light24.ee\/fi\/shop\/","nextItem":{"@type":"ListItem","@id":"https:\/\/light24.ee\/fi\/product-category\/siseruumide_valgustid\/#listItem","name":"Sis\u00e4valaisimet"},"previousItem":{"@type":"ListItem","@id":"https:\/\/light24.ee\/fi#listItem","name":"Home"}},{"@type":"ListItem","@id":"https:\/\/light24.ee\/fi\/product-category\/siseruumide_valgustid\/#listItem","position":3,"name":"Sis\u00e4valaisimet","item":"https:\/\/light24.ee\/fi\/product-category\/siseruumide_valgustid\/","nextItem":{"@type":"ListItem","@id":"https:\/\/light24.ee\/fi\/product-category\/siseruumide_valgustid\/1f-siinivalgustid\/#listItem","name":"1F Kiskovalaisimet"},"previousItem":{"@type":"ListItem","@id":"https:\/\/light24.ee\/fi\/shop\/#listItem","name":"Verkkokauppa"}},{"@type":"ListItem","@id":"https:\/\/light24.ee\/fi\/product-category\/siseruumide_valgustid\/1f-siinivalgustid\/#listItem","position":4,"name":"1F Kiskovalaisimet","item":"https:\/\/light24.ee\/fi\/product-category\/siseruumide_valgustid\/1f-siinivalgustid\/","nextItem":{"@type":"ListItem","@id":"https:\/\/light24.ee\/fi\/toode\/siseruumide_valgustid\/1f-siinivalgustid\/uhendus-1p-siinile\/#listItem","name":"(Eesti) \u00dchendus 1-faasilisele siinile"},"previousItem":{"@type":"ListItem","@id":"https:\/\/light24.ee\/fi\/product-category\/siseruumide_valgustid\/#listItem","name":"Sis\u00e4valaisimet"}},{"@type":"ListItem","@id":"https:\/\/light24.ee\/fi\/toode\/siseruumide_valgustid\/1f-siinivalgustid\/uhendus-1p-siinile\/#listItem","position":5,"name":"(Eesti) \u00dchendus 1-faasilisele siinile","previousItem":{"@type":"ListItem","@id":"https:\/\/light24.ee\/fi\/product-category\/siseruumide_valgustid\/1f-siinivalgustid\/#listItem","name":"1F Kiskovalaisimet"}}]},{"@type":"Organization","@id":"https:\/\/light24.ee\/fi\/#organization","name":"Light24","description":"Valon tavaratalo | Ammatillinen valaistusratkaisut","url":"https:\/\/light24.ee\/fi\/","telephone":"+3725184133","logo":{"@type":"ImageObject","url":"https:\/\/www.light24.ee\/wp-content\/uploads\/2022\/03\/Shape-2-3.svg","@id":"https:\/\/light24.ee\/fi\/toode\/siseruumide_valgustid\/1f-siinivalgustid\/uhendus-1p-siinile\/#organizationLogo"},"image":{"@id":"https:\/\/light24.ee\/fi\/toode\/siseruumide_valgustid\/1f-siinivalgustid\/uhendus-1p-siinile\/#organizationLogo"},"sameAs":["https:\/\/www.facebook.com\/light24.ee","https:\/\/www.instagram.com\/light24official\/"]},{"@type":"ProductGroup","@id":"https:\/\/light24.ee\/fi\/toode\/siseruumide_valgustid\/1f-siinivalgustid\/uhendus-1p-siinile\/#wooCommerceProduct","name":"(Eesti) \u00dchendus 1-faasilisele siinile","url":"https:\/\/light24.ee\/fi\/toode\/siseruumide_valgustid\/1f-siinivalgustid\/uhendus-1p-siinile\/","sku":"LPR1100223","image":{"@type":"ImageObject","url":"https:\/\/light24.ee\/wp-content\/uploads\/2023\/11\/connector1p1.jpg","@id":"https:\/\/light24.ee\/fi\/toode\/siseruumide_valgustid\/1f-siinivalgustid\/uhendus-1p-siinile\/#productImage","width":800,"height":800},"productGroupID":123619,"hasVariant":[{"@type":"Product","@id":"https:\/\/light24.ee\/fi\/toode\/siseruumide_valgustid\/1f-siinivalgustid\/uhendus-1p-siinile\/#wooCommerceProduct","name":"(Eesti) \u00dchendus 1-faasilisele siinile - must","url":"https:\/\/light24.ee\/fi\/toode\/siseruumide_valgustid\/1f-siinivalgustid\/uhendus-1p-siinile\/","sku":"LPR1100223","image":{"@type":"ImageObject","url":"https:\/\/light24.ee\/wp-content\/uploads\/2023\/11\/connector1p.jpg","@id":"https:\/\/light24.ee\/fi\/toode\/siseruumide_valgustid\/1f-siinivalgustid\/uhendus-1p-siinile\/#productImage","width":800,"height":800},"offers":{"@type":"Offer","url":"https:\/\/light24.ee\/fi\/toode\/siseruumide_valgustid\/1f-siinivalgustid\/uhendus-1p-siinile\/#wooCommerceOffer","price":"8","priceCurrency":"EUR","category":"Sis\u00e4valaisimet","availability":"https:\/\/schema.org\/InStock","priceSpecification":{"@type":"PriceSpecification","price":8,"priceCurrency":"EUR","valueAddedTaxIncluded":"true"}}},{"@type":"Product","@id":"https:\/\/light24.ee\/fi\/toode\/siseruumide_valgustid\/1f-siinivalgustid\/uhendus-1p-siinile\/#wooCommerceProduct","name":"(Eesti) \u00dchendus 1-faasilisele siinile - valge","url":"https:\/\/light24.ee\/fi\/toode\/siseruumide_valgustid\/1f-siinivalgustid\/uhendus-1p-siinile\/","sku":"LPR1100223","image":{"@type":"ImageObject","url":"https:\/\/light24.ee\/wp-content\/uploads\/2023\/11\/connector1p1.jpg","@id":"https:\/\/light24.ee\/fi\/toode\/siseruumide_valgustid\/1f-siinivalgustid\/uhendus-1p-siinile\/#productImage","width":800,"height":800},"offers":{"@type":"Offer","url":"https:\/\/light24.ee\/fi\/toode\/siseruumide_valgustid\/1f-siinivalgustid\/uhendus-1p-siinile\/#wooCommerceOffer","price":"8","priceCurrency":"EUR","category":"Sis\u00e4valaisimet","availability":"https:\/\/schema.org\/InStock","priceSpecification":{"@type":"PriceSpecification","price":8,"priceCurrency":"EUR","valueAddedTaxIncluded":"true"}}}]},{"@type":"WebPage","@id":"https:\/\/light24.ee\/fi\/toode\/siseruumide_valgustid\/1f-siinivalgustid\/uhendus-1p-siinile\/#webpage","url":"https:\/\/light24.ee\/fi\/toode\/siseruumide_valgustid\/1f-siinivalgustid\/uhendus-1p-siinile\/","name":"(Eesti) \u00dchendus 1-faasilisele siinile \u2022 Light24","description":"Anteeksi, mutta t\u00e4m\u00e4 kirjoitus on saatavana ainoastaan n\u00e4ill\u00e4 kielill\u00e4: Eesti.","inLanguage":"fi","isPartOf":{"@id":"https:\/\/light24.ee\/fi\/#website"},"breadcrumb":{"@id":"https:\/\/light24.ee\/fi\/toode\/siseruumide_valgustid\/1f-siinivalgustid\/uhendus-1p-siinile\/#breadcrumblist"},"image":{"@type":"ImageObject","url":"https:\/\/light24.ee\/wp-content\/uploads\/2023\/11\/connector1p1.jpg","@id":"https:\/\/light24.ee\/fi\/toode\/siseruumide_valgustid\/1f-siinivalgustid\/uhendus-1p-siinile\/#mainImage","width":800,"height":800},"primaryImageOfPage":{"@id":"https:\/\/light24.ee\/fi\/toode\/siseruumide_valgustid\/1f-siinivalgustid\/uhendus-1p-siinile\/#mainImage"},"datePublished":"2023-12-04T17:54:39+02:00","dateModified":"2025-02-24T13:50:48+02:00"},{"@type":"WebSite","@id":"https:\/\/light24.ee\/fi\/#website","url":"https:\/\/light24.ee\/fi\/","name":"Light24","description":"Valon tavaratalo | Ammatillinen valaistusratkaisut","inLanguage":"fi","publisher":{"@id":"https:\/\/light24.ee\/fi\/#organization"}}]},"og:locale":"fi_FI","og:site_name":"Light24 \u2022 Valon tavaratalo | Ammatillinen valaistusratkaisut","og:type":"article","og:title":"(Eesti) \u00dchendus 1-faasilisele siinile \u2022 Light24","og:description":"Anteeksi, mutta t\u00e4m\u00e4 kirjoitus on saatavana ainoastaan n\u00e4ill\u00e4 kielill\u00e4: Eesti.","og:url":"https:\/\/light24.ee\/fi\/toode\/siseruumide_valgustid\/1f-siinivalgustid\/uhendus-1p-siinile\/","og:image":"https:\/\/light24.ee\/wp-content\/uploads\/2023\/11\/connector1p1.jpg","og:image:secure_url":"https:\/\/light24.ee\/wp-content\/uploads\/2023\/11\/connector1p1.jpg","og:image:width":800,"og:image:height":800,"article:published_time":"2023-12-04T15:54:39+00:00","article:modified_time":"2025-02-24T11:50:48+00:00","article:publisher":"https:\/\/www.facebook.com\/light24.ee","twitter:card":"summary","twitter:title":"(Eesti) \u00dchendus 1-faasilisele siinile \u2022 Light24","twitter:description":"Anteeksi, mutta t\u00e4m\u00e4 kirjoitus on saatavana ainoastaan n\u00e4ill\u00e4 kielill\u00e4: Eesti.","twitter:image":"https:\/\/light24.ee\/wp-content\/uploads\/2023\/11\/connector1p1.jpg"},"aioseo_meta_data":{"post_id":"123619","title":null,"description":null,"keywords":null,"keyphrases":{"focus":{"keyphrase":"","score":0,"analysis":{"keyphraseInTitle":{"score":0,"maxScore":9,"error":1}}},"additional":[]},"primary_term":null,"canonical_url":null,"og_title":null,"og_description":null,"og_object_type":"default","og_image_type":"default","og_image_url":null,"og_image_width":null,"og_image_height":null,"og_image_custom_url":null,"og_image_custom_fields":null,"og_video":"","og_custom_url":null,"og_article_section":null,"og_article_tags":null,"twitter_use_og":false,"twitter_card":"default","twitter_image_type":"default","twitter_image_url":null,"twitter_image_custom_url":null,"twitter_image_custom_fields":null,"twitter_title":null,"twitter_description":null,"schema":{"blockGraphs":[],"customGraphs":[],"default":{"data":{"Article":[],"Course":[],"Dataset":[],"FAQPage":[],"Movie":[],"Person":[],"Product":[],"ProductReview":[],"Car":[],"Recipe":[],"Service":[],"SoftwareApplication":[],"WebPage":[]},"graphName":"Product","isEnabled":true},"graphs":[]},"schema_type":"default","schema_type_options":"{\"article\":{\"articleType\":\"BlogPosting\"},\"course\":{\"name\":\"\",\"description\":\"\",\"provider\":\"\"},\"faq\":{\"pages\":[]},\"product\":{\"reviews\":[]},\"recipe\":{\"ingredients\":[],\"instructions\":[],\"keywords\":[]},\"software\":{\"reviews\":[],\"operatingSystems\":[]},\"webPage\":{\"webPageType\":\"WebPage\"},\"blockGraphs\":[]}","pillar_content":false,"robots_default":true,"robots_noindex":false,"robots_noarchive":false,"robots_nosnippet":false,"robots_nofollow":false,"robots_noimageindex":false,"robots_noodp":false,"robots_notranslate":false,"robots_max_snippet":"-1","robots_max_videopreview":"-1","robots_max_imagepreview":"large","priority":null,"frequency":"default","local_seo":null,"seo_analyzer_scan_date":"2025-10-27 10:34:42","breadcrumb_settings":null,"limit_modified_date":false,"reviewed_by":null,"open_ai":"{\"title\":{\"suggestions\":[],\"usage\":0},\"description\":{\"suggestions\":[],\"usage\":0}}","ai":null,"created":"2023-11-28 19:35:49","updated":"2025-10-27 10:34:42"},"aioseo_breadcrumb":"<div class=\"aioseo-breadcrumbs\"><span class=\"aioseo-breadcrumb\">\n\t<a href=\"https:\/\/light24.ee\/fi\" title=\"Home\">Home<\/a>\n<\/span><span class=\"aioseo-breadcrumb-separator\">&raquo;<\/span><span class=\"aioseo-breadcrumb\">\n\t<a href=\"https:\/\/light24.ee\/fi\/shop\/\" title=\"Verkkokauppa\">Verkkokauppa<\/a>\n<\/span><span class=\"aioseo-breadcrumb-separator\">&raquo;<\/span><span class=\"aioseo-breadcrumb\">\n\t<a href=\"https:\/\/light24.ee\/fi\/product-category\/siseruumide_valgustid\/\" title=\"Sis\u00e4valaisimet\">Sis\u00e4valaisimet<\/a>\n<\/span><span class=\"aioseo-breadcrumb-separator\">&raquo;<\/span><span class=\"aioseo-breadcrumb\">\n\t<a href=\"https:\/\/light24.ee\/fi\/product-category\/siseruumide_valgustid\/1f-siinivalgustid\/\" title=\"1F Kiskovalaisimet\">1F Kiskovalaisimet<\/a>\n<\/span><span class=\"aioseo-breadcrumb-separator\">&raquo;<\/span><span class=\"aioseo-breadcrumb\">\n\t(Eesti) \u00dchendus 1-faasilisele siinile\n<\/span><\/div>","aioseo_breadcrumb_json":[{"label":"Home","link":"https:\/\/light24.ee\/fi"},{"label":"Verkkokauppa","link":"https:\/\/light24.ee\/fi\/shop\/"},{"label":"Sis\u00e4valaisimet","link":"https:\/\/light24.ee\/fi\/product-category\/siseruumide_valgustid\/"},{"label":"1F Kiskovalaisimet","link":"https:\/\/light24.ee\/fi\/product-category\/siseruumide_valgustid\/1f-siinivalgustid\/"},{"label":"(Eesti) \u00dchendus 1-faasilisele siinile","link":"https:\/\/light24.ee\/fi\/toode\/siseruumide_valgustid\/1f-siinivalgustid\/uhendus-1p-siinile\/"}],"_links":{"self":[{"href":"https:\/\/light24.ee\/fi\/wp-json\/wp\/v2\/product\/123619","targetHints":{"allow":["GET"]}}],"collection":[{"href":"https:\/\/light24.ee\/fi\/wp-json\/wp\/v2\/product"}],"about":[{"href":"https:\/\/light24.ee\/fi\/wp-json\/wp\/v2\/types\/product"}],"replies":[{"embeddable":true,"href":"https:\/\/light24.ee\/fi\/wp-json\/wp\/v2\/comments?post=123619"}],"wp:featuredmedia":[{"embeddable":true,"href":"https:\/\/light24.ee\/fi\/wp-json\/wp\/v2\/media\/123623"}],"wp:attachment":[{"href":"https:\/\/light24.ee\/fi\/wp-json\/wp\/v2\/media?parent=123619"}],"wp:term":[{"taxonomy":"product_cat","embeddable":true,"href":"https:\/\/light24.ee\/fi\/wp-json\/wp\/v2\/product_cat?post=123619"},{"taxonomy":"product_tag","embeddable":true,"href":"https:\/\/light24.ee\/fi\/wp-json\/wp\/v2\/product_tag?post=123619"}],"curies":[{"name":"wp","href":"https:\/\/api.w.org\/{rel}","templated":true}]}}