{"id":130416,"date":"2024-01-29T19:46:59","date_gmt":"2024-01-29T17:46:59","guid":{"rendered":"https:\/\/light24.ee\/?post_type=product&#038;p=130416"},"modified":"2025-07-28T13:17:27","modified_gmt":"2025-07-28T10:17:27","slug":"mantra-solden","status":"publish","type":"product","link":"https:\/\/light24.ee\/fi\/toode\/valisvalgustid\/valis-seinavalgustid\/mantra-solden\/","title":{"rendered":"Mantra SOLDEN 9W 3000K IP60"},"content":{"rendered":"<p><a href=\"https:\/\/www.light24.ee\/en\/brands\/mantra\/\" target=\"_blank\" rel=\"noopener noreferrer\"><img decoding=\"async\" class=\"alignnone size-full wp-image-23868\" src=\"https:\/\/www.light24.ee\/wp-content\/uploads\/2015\/04\/Log-MANTRA.jpg\" alt=\"Log-MANTRA\" width=\"182\" height=\"118\" \/><\/a><\/p>","protected":false},"excerpt":{"rendered":"","protected":false},"featured_media":70844,"comment_status":"closed","ping_status":"closed","template":"","meta":{"_acf_changed":false},"product_cat":[2903,2919],"product_tag":[2099],"class_list":{"0":"post-130416","1":"product","2":"type-product","3":"status-publish","4":"has-post-thumbnail","6":"product_cat-valisvalgustid","7":"product_cat-valis-seinavalgustid","8":"product_tag-mantra","9":"product_shipping_class-small","10":"pa_ip-kaitseklass-1819","11":"pa_materjal-alumiinium","12":"pa_materjal-polukarbonaat","13":"pa_ruumid-oueala","14":"pa_ruumid-terrass","15":"pa_ruumid-fassaad","16":"pa_ruumid-hoone","17":"pa_tarneaeg-4-6-nadalat","18":"pa_varv-valge","19":"pa_varv-hall","21":"first","22":"instock","23":"taxable","24":"shipping-taxable","25":"purchasable","26":"product-type-variable"},"acf":[],"aioseo_notices":[],"aioseo_head":"\n\t\t<!-- All in One SEO Pro 4.9.5.2 - aioseo.com -->\n\t<meta name=\"description\" content=\"Anteeksi, mutta t\u00e4m\u00e4 kirjoitus on saatavana ainoastaan n\u00e4ill\u00e4 kielill\u00e4: Eesti ja English.\" \/>\n\t<meta name=\"robots\" content=\"max-image-preview:large\" \/>\n\t<meta name=\"google-site-verification\" content=\"nxgDPK3Ouk6bwvuxlwlzeMOKszmf-8m57RDu5zAgN-Y\" \/>\n\t<link rel=\"canonical\" href=\"https:\/\/light24.ee\/fi\/toode\/valisvalgustid\/valis-seinavalgustid\/mantra-solden\/\" \/>\n\t<meta name=\"generator\" content=\"All in One SEO Pro (AIOSEO) 4.9.5.2\" \/>\n\t\t<meta property=\"og:locale\" content=\"fi_FI\" \/>\n\t\t<meta property=\"og:site_name\" content=\"Light24 \u2022 Valon tavaratalo | Ammatillinen valaistusratkaisut\" \/>\n\t\t<meta property=\"og:type\" content=\"article\" \/>\n\t\t<meta property=\"og:title\" content=\"Mantra SOLDEN 9W 3000K IP60 \u2022 Light24\" \/>\n\t\t<meta property=\"og:description\" content=\"Anteeksi, mutta t\u00e4m\u00e4 kirjoitus on saatavana ainoastaan n\u00e4ill\u00e4 kielill\u00e4: Eesti ja English.\" \/>\n\t\t<meta property=\"og:url\" content=\"https:\/\/light24.ee\/fi\/toode\/valisvalgustid\/valis-seinavalgustid\/mantra-solden\/\" \/>\n\t\t<meta property=\"og:image\" content=\"https:\/\/light24.ee\/wp-content\/uploads\/2020\/09\/1-10.jpg\" \/>\n\t\t<meta property=\"og:image:secure_url\" content=\"https:\/\/light24.ee\/wp-content\/uploads\/2020\/09\/1-10.jpg\" \/>\n\t\t<meta property=\"og:image:width\" content=\"722\" \/>\n\t\t<meta property=\"og:image:height\" content=\"722\" \/>\n\t\t<meta property=\"article:published_time\" content=\"2024-01-29T17:46:59+00:00\" \/>\n\t\t<meta property=\"article:modified_time\" content=\"2025-07-28T10:17:27+00:00\" \/>\n\t\t<meta property=\"article:publisher\" content=\"https:\/\/www.facebook.com\/light24.ee\" \/>\n\t\t<meta name=\"twitter:card\" content=\"summary\" \/>\n\t\t<meta name=\"twitter:title\" content=\"Mantra SOLDEN 9W 3000K IP60 \u2022 Light24\" \/>\n\t\t<meta name=\"twitter:description\" content=\"Anteeksi, mutta t\u00e4m\u00e4 kirjoitus on saatavana ainoastaan n\u00e4ill\u00e4 kielill\u00e4: Eesti ja English.\" \/>\n\t\t<meta name=\"twitter:image\" content=\"https:\/\/light24.ee\/wp-content\/uploads\/2020\/09\/1-10.jpg\" \/>\n\t\t<script type=\"application\/ld+json\" class=\"aioseo-schema\">\n\t\t\t{\"@context\":\"https:\\\/\\\/schema.org\",\"@graph\":[{\"@type\":\"BreadcrumbList\",\"@id\":\"https:\\\/\\\/light24.ee\\\/fi\\\/toode\\\/valisvalgustid\\\/valis-seinavalgustid\\\/mantra-solden\\\/#breadcrumblist\",\"itemListElement\":[{\"@type\":\"ListItem\",\"@id\":\"https:\\\/\\\/light24.ee\\\/fi#listItem\",\"position\":1,\"name\":\"Home\",\"item\":\"https:\\\/\\\/light24.ee\\\/fi\",\"nextItem\":{\"@type\":\"ListItem\",\"@id\":\"https:\\\/\\\/light24.ee\\\/fi\\\/shop\\\/#listItem\",\"name\":\"Verkkokauppa\"}},{\"@type\":\"ListItem\",\"@id\":\"https:\\\/\\\/light24.ee\\\/fi\\\/shop\\\/#listItem\",\"position\":2,\"name\":\"Verkkokauppa\",\"item\":\"https:\\\/\\\/light24.ee\\\/fi\\\/shop\\\/\",\"nextItem\":{\"@type\":\"ListItem\",\"@id\":\"https:\\\/\\\/light24.ee\\\/fi\\\/product-category\\\/valisvalgustid\\\/#listItem\",\"name\":\"Ulkovalaisimet\"},\"previousItem\":{\"@type\":\"ListItem\",\"@id\":\"https:\\\/\\\/light24.ee\\\/fi#listItem\",\"name\":\"Home\"}},{\"@type\":\"ListItem\",\"@id\":\"https:\\\/\\\/light24.ee\\\/fi\\\/product-category\\\/valisvalgustid\\\/#listItem\",\"position\":3,\"name\":\"Ulkovalaisimet\",\"item\":\"https:\\\/\\\/light24.ee\\\/fi\\\/product-category\\\/valisvalgustid\\\/\",\"nextItem\":{\"@type\":\"ListItem\",\"@id\":\"https:\\\/\\\/light24.ee\\\/fi\\\/product-category\\\/valisvalgustid\\\/valis-seinavalgustid\\\/#listItem\",\"name\":\"Ulkosein\\u00e4valaisimet\"},\"previousItem\":{\"@type\":\"ListItem\",\"@id\":\"https:\\\/\\\/light24.ee\\\/fi\\\/shop\\\/#listItem\",\"name\":\"Verkkokauppa\"}},{\"@type\":\"ListItem\",\"@id\":\"https:\\\/\\\/light24.ee\\\/fi\\\/product-category\\\/valisvalgustid\\\/valis-seinavalgustid\\\/#listItem\",\"position\":4,\"name\":\"Ulkosein\\u00e4valaisimet\",\"item\":\"https:\\\/\\\/light24.ee\\\/fi\\\/product-category\\\/valisvalgustid\\\/valis-seinavalgustid\\\/\",\"nextItem\":{\"@type\":\"ListItem\",\"@id\":\"https:\\\/\\\/light24.ee\\\/fi\\\/toode\\\/valisvalgustid\\\/valis-seinavalgustid\\\/mantra-solden\\\/#listItem\",\"name\":\"Mantra SOLDEN 9W 3000K IP60\"},\"previousItem\":{\"@type\":\"ListItem\",\"@id\":\"https:\\\/\\\/light24.ee\\\/fi\\\/product-category\\\/valisvalgustid\\\/#listItem\",\"name\":\"Ulkovalaisimet\"}},{\"@type\":\"ListItem\",\"@id\":\"https:\\\/\\\/light24.ee\\\/fi\\\/toode\\\/valisvalgustid\\\/valis-seinavalgustid\\\/mantra-solden\\\/#listItem\",\"position\":5,\"name\":\"Mantra SOLDEN 9W 3000K IP60\",\"previousItem\":{\"@type\":\"ListItem\",\"@id\":\"https:\\\/\\\/light24.ee\\\/fi\\\/product-category\\\/valisvalgustid\\\/valis-seinavalgustid\\\/#listItem\",\"name\":\"Ulkosein\\u00e4valaisimet\"}}]},{\"@type\":\"Organization\",\"@id\":\"https:\\\/\\\/light24.ee\\\/fi\\\/#organization\",\"name\":\"Light24\",\"description\":\"Valon tavaratalo | Ammatillinen valaistusratkaisut\",\"url\":\"https:\\\/\\\/light24.ee\\\/fi\\\/\",\"telephone\":\"+3725184133\",\"logo\":{\"@type\":\"ImageObject\",\"url\":\"https:\\\/\\\/www.light24.ee\\\/wp-content\\\/uploads\\\/2022\\\/03\\\/Shape-2-3.svg\",\"@id\":\"https:\\\/\\\/light24.ee\\\/fi\\\/toode\\\/valisvalgustid\\\/valis-seinavalgustid\\\/mantra-solden\\\/#organizationLogo\"},\"image\":{\"@id\":\"https:\\\/\\\/light24.ee\\\/fi\\\/toode\\\/valisvalgustid\\\/valis-seinavalgustid\\\/mantra-solden\\\/#organizationLogo\"},\"sameAs\":[\"https:\\\/\\\/www.facebook.com\\\/light24.ee\",\"https:\\\/\\\/www.instagram.com\\\/light24official\\\/\"]},{\"@type\":\"ProductGroup\",\"@id\":\"https:\\\/\\\/light24.ee\\\/fi\\\/toode\\\/valisvalgustid\\\/valis-seinavalgustid\\\/mantra-solden\\\/#wooCommerceProduct\",\"name\":\"Mantra SOLDEN 9W 3000K IP60\",\"url\":\"https:\\\/\\\/light24.ee\\\/fi\\\/toode\\\/valisvalgustid\\\/valis-seinavalgustid\\\/mantra-solden\\\/\",\"sku\":\"MAN3101799563-1\",\"image\":{\"@type\":\"ImageObject\",\"url\":\"https:\\\/\\\/light24.ee\\\/wp-content\\\/uploads\\\/2020\\\/09\\\/1-10.jpg\",\"@id\":\"https:\\\/\\\/light24.ee\\\/fi\\\/toode\\\/valisvalgustid\\\/valis-seinavalgustid\\\/mantra-solden\\\/#productImage\",\"width\":722,\"height\":722},\"productGroupID\":130416,\"hasVariant\":[{\"@type\":\"Product\",\"@id\":\"https:\\\/\\\/light24.ee\\\/fi\\\/toode\\\/valisvalgustid\\\/valis-seinavalgustid\\\/mantra-solden\\\/#wooCommerceProduct\",\"name\":\"Mantra SOLDEN 9W 3000K IP60 - valge\",\"url\":\"https:\\\/\\\/light24.ee\\\/fi\\\/toode\\\/valisvalgustid\\\/valis-seinavalgustid\\\/mantra-solden\\\/\",\"sku\":\"MAN3101799563-1\",\"image\":{\"@type\":\"ImageObject\",\"url\":\"https:\\\/\\\/light24.ee\\\/wp-content\\\/uploads\\\/2020\\\/09\\\/1-10.jpg\",\"@id\":\"https:\\\/\\\/light24.ee\\\/fi\\\/toode\\\/valisvalgustid\\\/valis-seinavalgustid\\\/mantra-solden\\\/#productImage\",\"width\":722,\"height\":722},\"offers\":{\"@type\":\"Offer\",\"url\":\"https:\\\/\\\/light24.ee\\\/fi\\\/toode\\\/valisvalgustid\\\/valis-seinavalgustid\\\/mantra-solden\\\/#wooCommerceOffer\",\"price\":\"70\",\"priceCurrency\":\"EUR\",\"category\":\"Ulkovalaisimet\",\"availability\":\"https:\\\/\\\/schema.org\\\/InStock\",\"priceSpecification\":{\"@type\":\"PriceSpecification\",\"price\":70,\"priceCurrency\":\"EUR\",\"valueAddedTaxIncluded\":\"true\"}}},{\"@type\":\"Product\",\"@id\":\"https:\\\/\\\/light24.ee\\\/fi\\\/toode\\\/valisvalgustid\\\/valis-seinavalgustid\\\/mantra-solden\\\/#wooCommerceProduct\",\"name\":\"Mantra SOLDEN 9W 3000K IP60 - hall\",\"url\":\"https:\\\/\\\/light24.ee\\\/fi\\\/toode\\\/valisvalgustid\\\/valis-seinavalgustid\\\/mantra-solden\\\/\",\"sku\":\"MAN3101799563-1\",\"image\":{\"@type\":\"ImageObject\",\"url\":\"https:\\\/\\\/light24.ee\\\/wp-content\\\/uploads\\\/2020\\\/09\\\/1-10.jpg\",\"@id\":\"https:\\\/\\\/light24.ee\\\/fi\\\/toode\\\/valisvalgustid\\\/valis-seinavalgustid\\\/mantra-solden\\\/#productImage\",\"width\":722,\"height\":722},\"offers\":{\"@type\":\"Offer\",\"url\":\"https:\\\/\\\/light24.ee\\\/fi\\\/toode\\\/valisvalgustid\\\/valis-seinavalgustid\\\/mantra-solden\\\/#wooCommerceOffer\",\"price\":\"70\",\"priceCurrency\":\"EUR\",\"category\":\"Ulkovalaisimet\",\"availability\":\"https:\\\/\\\/schema.org\\\/InStock\",\"priceSpecification\":{\"@type\":\"PriceSpecification\",\"price\":70,\"priceCurrency\":\"EUR\",\"valueAddedTaxIncluded\":\"true\"}}}]},{\"@type\":\"WebPage\",\"@id\":\"https:\\\/\\\/light24.ee\\\/fi\\\/toode\\\/valisvalgustid\\\/valis-seinavalgustid\\\/mantra-solden\\\/#webpage\",\"url\":\"https:\\\/\\\/light24.ee\\\/fi\\\/toode\\\/valisvalgustid\\\/valis-seinavalgustid\\\/mantra-solden\\\/\",\"name\":\"Mantra SOLDEN 9W 3000K IP60 \\u2022 Light24\",\"description\":\"Anteeksi, mutta t\\u00e4m\\u00e4 kirjoitus on saatavana ainoastaan n\\u00e4ill\\u00e4 kielill\\u00e4: Eesti ja English.\",\"inLanguage\":\"fi\",\"isPartOf\":{\"@id\":\"https:\\\/\\\/light24.ee\\\/fi\\\/#website\"},\"breadcrumb\":{\"@id\":\"https:\\\/\\\/light24.ee\\\/fi\\\/toode\\\/valisvalgustid\\\/valis-seinavalgustid\\\/mantra-solden\\\/#breadcrumblist\"},\"image\":{\"@type\":\"ImageObject\",\"url\":\"https:\\\/\\\/light24.ee\\\/wp-content\\\/uploads\\\/2020\\\/09\\\/1-10.jpg\",\"@id\":\"https:\\\/\\\/light24.ee\\\/fi\\\/toode\\\/valisvalgustid\\\/valis-seinavalgustid\\\/mantra-solden\\\/#mainImage\",\"width\":722,\"height\":722},\"primaryImageOfPage\":{\"@id\":\"https:\\\/\\\/light24.ee\\\/fi\\\/toode\\\/valisvalgustid\\\/valis-seinavalgustid\\\/mantra-solden\\\/#mainImage\"},\"datePublished\":\"2024-01-29T19:46:59+02:00\",\"dateModified\":\"2025-07-28T13:17:27+03:00\"},{\"@type\":\"WebSite\",\"@id\":\"https:\\\/\\\/light24.ee\\\/fi\\\/#website\",\"url\":\"https:\\\/\\\/light24.ee\\\/fi\\\/\",\"name\":\"Light24\",\"description\":\"Valon tavaratalo | Ammatillinen valaistusratkaisut\",\"inLanguage\":\"fi\",\"publisher\":{\"@id\":\"https:\\\/\\\/light24.ee\\\/fi\\\/#organization\"}}]}\n\t\t<\/script>\n\t\t<!-- All in One SEO Pro -->\r\n\t\t<title>Mantra SOLDEN 9W 3000K IP60 \u2022 Light24<\/title>\n\n","aioseo_head_json":{"title":"Mantra SOLDEN 9W 3000K IP60 \u2022 Light24","description":"Anteeksi, mutta t\u00e4m\u00e4 kirjoitus on saatavana ainoastaan n\u00e4ill\u00e4 kielill\u00e4: Eesti ja English.","canonical_url":"https:\/\/light24.ee\/fi\/toode\/valisvalgustid\/valis-seinavalgustid\/mantra-solden\/","robots":"max-image-preview:large","keywords":"","webmasterTools":{"google-site-verification":"nxgDPK3Ouk6bwvuxlwlzeMOKszmf-8m57RDu5zAgN-Y","miscellaneous":""},"schema":{"@context":"https:\/\/schema.org","@graph":[{"@type":"BreadcrumbList","@id":"https:\/\/light24.ee\/fi\/toode\/valisvalgustid\/valis-seinavalgustid\/mantra-solden\/#breadcrumblist","itemListElement":[{"@type":"ListItem","@id":"https:\/\/light24.ee\/fi#listItem","position":1,"name":"Home","item":"https:\/\/light24.ee\/fi","nextItem":{"@type":"ListItem","@id":"https:\/\/light24.ee\/fi\/shop\/#listItem","name":"Verkkokauppa"}},{"@type":"ListItem","@id":"https:\/\/light24.ee\/fi\/shop\/#listItem","position":2,"name":"Verkkokauppa","item":"https:\/\/light24.ee\/fi\/shop\/","nextItem":{"@type":"ListItem","@id":"https:\/\/light24.ee\/fi\/product-category\/valisvalgustid\/#listItem","name":"Ulkovalaisimet"},"previousItem":{"@type":"ListItem","@id":"https:\/\/light24.ee\/fi#listItem","name":"Home"}},{"@type":"ListItem","@id":"https:\/\/light24.ee\/fi\/product-category\/valisvalgustid\/#listItem","position":3,"name":"Ulkovalaisimet","item":"https:\/\/light24.ee\/fi\/product-category\/valisvalgustid\/","nextItem":{"@type":"ListItem","@id":"https:\/\/light24.ee\/fi\/product-category\/valisvalgustid\/valis-seinavalgustid\/#listItem","name":"Ulkosein\u00e4valaisimet"},"previousItem":{"@type":"ListItem","@id":"https:\/\/light24.ee\/fi\/shop\/#listItem","name":"Verkkokauppa"}},{"@type":"ListItem","@id":"https:\/\/light24.ee\/fi\/product-category\/valisvalgustid\/valis-seinavalgustid\/#listItem","position":4,"name":"Ulkosein\u00e4valaisimet","item":"https:\/\/light24.ee\/fi\/product-category\/valisvalgustid\/valis-seinavalgustid\/","nextItem":{"@type":"ListItem","@id":"https:\/\/light24.ee\/fi\/toode\/valisvalgustid\/valis-seinavalgustid\/mantra-solden\/#listItem","name":"Mantra SOLDEN 9W 3000K IP60"},"previousItem":{"@type":"ListItem","@id":"https:\/\/light24.ee\/fi\/product-category\/valisvalgustid\/#listItem","name":"Ulkovalaisimet"}},{"@type":"ListItem","@id":"https:\/\/light24.ee\/fi\/toode\/valisvalgustid\/valis-seinavalgustid\/mantra-solden\/#listItem","position":5,"name":"Mantra SOLDEN 9W 3000K IP60","previousItem":{"@type":"ListItem","@id":"https:\/\/light24.ee\/fi\/product-category\/valisvalgustid\/valis-seinavalgustid\/#listItem","name":"Ulkosein\u00e4valaisimet"}}]},{"@type":"Organization","@id":"https:\/\/light24.ee\/fi\/#organization","name":"Light24","description":"Valon tavaratalo | Ammatillinen valaistusratkaisut","url":"https:\/\/light24.ee\/fi\/","telephone":"+3725184133","logo":{"@type":"ImageObject","url":"https:\/\/www.light24.ee\/wp-content\/uploads\/2022\/03\/Shape-2-3.svg","@id":"https:\/\/light24.ee\/fi\/toode\/valisvalgustid\/valis-seinavalgustid\/mantra-solden\/#organizationLogo"},"image":{"@id":"https:\/\/light24.ee\/fi\/toode\/valisvalgustid\/valis-seinavalgustid\/mantra-solden\/#organizationLogo"},"sameAs":["https:\/\/www.facebook.com\/light24.ee","https:\/\/www.instagram.com\/light24official\/"]},{"@type":"ProductGroup","@id":"https:\/\/light24.ee\/fi\/toode\/valisvalgustid\/valis-seinavalgustid\/mantra-solden\/#wooCommerceProduct","name":"Mantra SOLDEN 9W 3000K IP60","url":"https:\/\/light24.ee\/fi\/toode\/valisvalgustid\/valis-seinavalgustid\/mantra-solden\/","sku":"MAN3101799563-1","image":{"@type":"ImageObject","url":"https:\/\/light24.ee\/wp-content\/uploads\/2020\/09\/1-10.jpg","@id":"https:\/\/light24.ee\/fi\/toode\/valisvalgustid\/valis-seinavalgustid\/mantra-solden\/#productImage","width":722,"height":722},"productGroupID":130416,"hasVariant":[{"@type":"Product","@id":"https:\/\/light24.ee\/fi\/toode\/valisvalgustid\/valis-seinavalgustid\/mantra-solden\/#wooCommerceProduct","name":"Mantra SOLDEN 9W 3000K IP60 - valge","url":"https:\/\/light24.ee\/fi\/toode\/valisvalgustid\/valis-seinavalgustid\/mantra-solden\/","sku":"MAN3101799563-1","image":{"@type":"ImageObject","url":"https:\/\/light24.ee\/wp-content\/uploads\/2020\/09\/1-10.jpg","@id":"https:\/\/light24.ee\/fi\/toode\/valisvalgustid\/valis-seinavalgustid\/mantra-solden\/#productImage","width":722,"height":722},"offers":{"@type":"Offer","url":"https:\/\/light24.ee\/fi\/toode\/valisvalgustid\/valis-seinavalgustid\/mantra-solden\/#wooCommerceOffer","price":"70","priceCurrency":"EUR","category":"Ulkovalaisimet","availability":"https:\/\/schema.org\/InStock","priceSpecification":{"@type":"PriceSpecification","price":70,"priceCurrency":"EUR","valueAddedTaxIncluded":"true"}}},{"@type":"Product","@id":"https:\/\/light24.ee\/fi\/toode\/valisvalgustid\/valis-seinavalgustid\/mantra-solden\/#wooCommerceProduct","name":"Mantra SOLDEN 9W 3000K IP60 - hall","url":"https:\/\/light24.ee\/fi\/toode\/valisvalgustid\/valis-seinavalgustid\/mantra-solden\/","sku":"MAN3101799563-1","image":{"@type":"ImageObject","url":"https:\/\/light24.ee\/wp-content\/uploads\/2020\/09\/1-10.jpg","@id":"https:\/\/light24.ee\/fi\/toode\/valisvalgustid\/valis-seinavalgustid\/mantra-solden\/#productImage","width":722,"height":722},"offers":{"@type":"Offer","url":"https:\/\/light24.ee\/fi\/toode\/valisvalgustid\/valis-seinavalgustid\/mantra-solden\/#wooCommerceOffer","price":"70","priceCurrency":"EUR","category":"Ulkovalaisimet","availability":"https:\/\/schema.org\/InStock","priceSpecification":{"@type":"PriceSpecification","price":70,"priceCurrency":"EUR","valueAddedTaxIncluded":"true"}}}]},{"@type":"WebPage","@id":"https:\/\/light24.ee\/fi\/toode\/valisvalgustid\/valis-seinavalgustid\/mantra-solden\/#webpage","url":"https:\/\/light24.ee\/fi\/toode\/valisvalgustid\/valis-seinavalgustid\/mantra-solden\/","name":"Mantra SOLDEN 9W 3000K IP60 \u2022 Light24","description":"Anteeksi, mutta t\u00e4m\u00e4 kirjoitus on saatavana ainoastaan n\u00e4ill\u00e4 kielill\u00e4: Eesti ja English.","inLanguage":"fi","isPartOf":{"@id":"https:\/\/light24.ee\/fi\/#website"},"breadcrumb":{"@id":"https:\/\/light24.ee\/fi\/toode\/valisvalgustid\/valis-seinavalgustid\/mantra-solden\/#breadcrumblist"},"image":{"@type":"ImageObject","url":"https:\/\/light24.ee\/wp-content\/uploads\/2020\/09\/1-10.jpg","@id":"https:\/\/light24.ee\/fi\/toode\/valisvalgustid\/valis-seinavalgustid\/mantra-solden\/#mainImage","width":722,"height":722},"primaryImageOfPage":{"@id":"https:\/\/light24.ee\/fi\/toode\/valisvalgustid\/valis-seinavalgustid\/mantra-solden\/#mainImage"},"datePublished":"2024-01-29T19:46:59+02:00","dateModified":"2025-07-28T13:17:27+03:00"},{"@type":"WebSite","@id":"https:\/\/light24.ee\/fi\/#website","url":"https:\/\/light24.ee\/fi\/","name":"Light24","description":"Valon tavaratalo | Ammatillinen valaistusratkaisut","inLanguage":"fi","publisher":{"@id":"https:\/\/light24.ee\/fi\/#organization"}}]},"og:locale":"fi_FI","og:site_name":"Light24 \u2022 Valon tavaratalo | Ammatillinen valaistusratkaisut","og:type":"article","og:title":"Mantra SOLDEN 9W 3000K IP60 \u2022 Light24","og:description":"Anteeksi, mutta t\u00e4m\u00e4 kirjoitus on saatavana ainoastaan n\u00e4ill\u00e4 kielill\u00e4: Eesti ja English.","og:url":"https:\/\/light24.ee\/fi\/toode\/valisvalgustid\/valis-seinavalgustid\/mantra-solden\/","og:image":"https:\/\/light24.ee\/wp-content\/uploads\/2020\/09\/1-10.jpg","og:image:secure_url":"https:\/\/light24.ee\/wp-content\/uploads\/2020\/09\/1-10.jpg","og:image:width":722,"og:image:height":722,"article:published_time":"2024-01-29T17:46:59+00:00","article:modified_time":"2025-07-28T10:17:27+00:00","article:publisher":"https:\/\/www.facebook.com\/light24.ee","twitter:card":"summary","twitter:title":"Mantra SOLDEN 9W 3000K IP60 \u2022 Light24","twitter:description":"Anteeksi, mutta t\u00e4m\u00e4 kirjoitus on saatavana ainoastaan n\u00e4ill\u00e4 kielill\u00e4: Eesti ja English.","twitter:image":"https:\/\/light24.ee\/wp-content\/uploads\/2020\/09\/1-10.jpg"},"aioseo_meta_data":{"post_id":"130416","title":null,"description":null,"keywords":null,"keyphrases":{"focus":{"keyphrase":"","score":0,"analysis":{"keyphraseInTitle":{"score":0,"maxScore":9,"error":1}}},"additional":[]},"primary_term":null,"canonical_url":null,"og_title":null,"og_description":null,"og_object_type":"default","og_image_type":"default","og_image_url":null,"og_image_width":null,"og_image_height":null,"og_image_custom_url":null,"og_image_custom_fields":null,"og_video":"","og_custom_url":null,"og_article_section":null,"og_article_tags":null,"twitter_use_og":false,"twitter_card":"default","twitter_image_type":"default","twitter_image_url":null,"twitter_image_custom_url":null,"twitter_image_custom_fields":null,"twitter_title":null,"twitter_description":null,"schema":{"blockGraphs":[],"customGraphs":[],"default":{"data":{"Article":[],"Course":[],"Dataset":[],"FAQPage":[],"Movie":[],"Person":[],"Product":[],"ProductReview":[],"Car":[],"Recipe":[],"Service":[],"SoftwareApplication":[],"WebPage":[]},"graphName":"Product","isEnabled":true},"graphs":[],"defaultGraph":"WebPage","defaultPostTypeGraph":""},"schema_type":"default","schema_type_options":"{\"article\":{\"articleType\":\"BlogPosting\"},\"course\":{\"name\":\"\",\"description\":\"\",\"provider\":\"\"},\"faq\":{\"pages\":[]},\"product\":{\"reviews\":[]},\"recipe\":{\"ingredients\":[],\"instructions\":[],\"keywords\":[]},\"software\":{\"reviews\":[],\"operatingSystems\":[]},\"webPage\":{\"webPageType\":\"WebPage\"}}","pillar_content":false,"robots_default":true,"robots_noindex":false,"robots_noarchive":false,"robots_nosnippet":false,"robots_nofollow":false,"robots_noimageindex":false,"robots_noodp":false,"robots_notranslate":false,"robots_max_snippet":"-1","robots_max_videopreview":"-1","robots_max_imagepreview":"large","priority":null,"frequency":"default","local_seo":null,"seo_analyzer_scan_date":"2025-10-27 11:25:01","breadcrumb_settings":null,"limit_modified_date":false,"reviewed_by":null,"open_ai":"{\"title\":{\"suggestions\":[],\"usage\":0},\"description\":{\"suggestions\":[],\"usage\":0}}","ai":{"faqs":[],"keyPoints":[],"titles":[],"descriptions":[],"socialPosts":{"email":[],"linkedin":[],"twitter":[],"facebook":[],"instagram":[]}},"created":"2024-03-29 17:46:59","updated":"2025-10-27 11:25:01"},"aioseo_breadcrumb":"<div class=\"aioseo-breadcrumbs\"><span class=\"aioseo-breadcrumb\">\n\t<a href=\"https:\/\/light24.ee\/fi\" title=\"Home\">Home<\/a>\n<\/span><span class=\"aioseo-breadcrumb-separator\">&raquo;<\/span><span class=\"aioseo-breadcrumb\">\n\t<a href=\"https:\/\/light24.ee\/fi\/shop\/\" title=\"Verkkokauppa\">Verkkokauppa<\/a>\n<\/span><span class=\"aioseo-breadcrumb-separator\">&raquo;<\/span><span class=\"aioseo-breadcrumb\">\n\t<a href=\"https:\/\/light24.ee\/fi\/product-category\/valisvalgustid\/\" title=\"Ulkovalaisimet\">Ulkovalaisimet<\/a>\n<\/span><span class=\"aioseo-breadcrumb-separator\">&raquo;<\/span><span class=\"aioseo-breadcrumb\">\n\t<a href=\"https:\/\/light24.ee\/fi\/product-category\/valisvalgustid\/valis-seinavalgustid\/\" title=\"Ulkosein\u00e4valaisimet\">Ulkosein\u00e4valaisimet<\/a>\n<\/span><span class=\"aioseo-breadcrumb-separator\">&raquo;<\/span><span class=\"aioseo-breadcrumb\">\n\tMantra SOLDEN 9W 3000K IP60\n<\/span><\/div>","aioseo_breadcrumb_json":[{"label":"Home","link":"https:\/\/light24.ee\/fi"},{"label":"Verkkokauppa","link":"https:\/\/light24.ee\/fi\/shop\/"},{"label":"Ulkovalaisimet","link":"https:\/\/light24.ee\/fi\/product-category\/valisvalgustid\/"},{"label":"Ulkosein\u00e4valaisimet","link":"https:\/\/light24.ee\/fi\/product-category\/valisvalgustid\/valis-seinavalgustid\/"},{"label":"Mantra SOLDEN 9W 3000K IP60","link":"https:\/\/light24.ee\/fi\/toode\/valisvalgustid\/valis-seinavalgustid\/mantra-solden\/"}],"_links":{"self":[{"href":"https:\/\/light24.ee\/fi\/wp-json\/wp\/v2\/product\/130416","targetHints":{"allow":["GET"]}}],"collection":[{"href":"https:\/\/light24.ee\/fi\/wp-json\/wp\/v2\/product"}],"about":[{"href":"https:\/\/light24.ee\/fi\/wp-json\/wp\/v2\/types\/product"}],"replies":[{"embeddable":true,"href":"https:\/\/light24.ee\/fi\/wp-json\/wp\/v2\/comments?post=130416"}],"wp:featuredmedia":[{"embeddable":true,"href":"https:\/\/light24.ee\/fi\/wp-json\/wp\/v2\/media\/70844"}],"wp:attachment":[{"href":"https:\/\/light24.ee\/fi\/wp-json\/wp\/v2\/media?parent=130416"}],"wp:term":[{"taxonomy":"product_cat","embeddable":true,"href":"https:\/\/light24.ee\/fi\/wp-json\/wp\/v2\/product_cat?post=130416"},{"taxonomy":"product_tag","embeddable":true,"href":"https:\/\/light24.ee\/fi\/wp-json\/wp\/v2\/product_tag?post=130416"}],"curies":[{"name":"wp","href":"https:\/\/api.w.org\/{rel}","templated":true}]}}