{"id":141335,"date":"2025-01-07T09:29:39","date_gmt":"2025-01-07T07:29:39","guid":{"rendered":"https:\/\/light24.ee\/?post_type=product&#038;p=141335"},"modified":"2026-01-06T11:06:13","modified_gmt":"2026-01-06T09:06:13","slug":"incanti-vanesia-su-led-57w-cct-3000k-6000k","status":"publish","type":"product","link":"https:\/\/light24.ee\/fi\/toode\/siseruumide_valgustid\/kristallvalgustid\/incanti-vanesia-su-led-57w-cct-3000k-6000k\/","title":{"rendered":"Incanti VANESIA SU LED 57W CCT 3000K-6000K"},"content":{"rendered":"<p class=\"qtranxs-available-languages-message qtranxs-available-languages-message-fi\">Anteeksi, mutta t\u00e4m\u00e4 kirjoitus on saatavana ainoastaan n\u00e4ill\u00e4 kielill\u00e4: <a href=\"https:\/\/light24.ee\/et\/wp-json\/wp\/v2\/product\/141335\" class=\"qtranxs-available-language-link qtranxs-available-language-link-et\" title=\"Eesti\">Eesti<\/a>.<\/p>","protected":false},"excerpt":{"rendered":"<p>Anteeksi, mutta t\u00e4m\u00e4 kirjoitus on saatavana ainoastaan n\u00e4ill\u00e4 kielill\u00e4: Eesti.<\/p>\n","protected":false},"featured_media":141336,"comment_status":"closed","ping_status":"closed","template":"","meta":{"_acf_changed":false},"product_cat":[7280,7773],"product_tag":[8035],"class_list":{"0":"post-141335","1":"product","2":"type-product","3":"status-publish","4":"has-post-thumbnail","6":"product_cat-siseruumide_valgustid","7":"product_cat-kristallvalgustid","8":"product_tag-redo","9":"product_shipping_class-standard","10":"pa_ip-kaitseklass-1123","11":"pa_materjal-metall","12":"pa_materjal-alumiinium","13":"pa_materjal-kristall","14":"pa_ruumid-elutuba","15":"pa_ruumid-soogituba","16":"pa_ruumid-kook","17":"pa_ruumid-esik_ja_trepihall","18":"pa_ruumid-kodukontor","19":"pa_tarneaeg-2-3-nadalat","20":"pa_varv-kuldne","22":"first","23":"instock","24":"taxable","25":"shipping-taxable","26":"purchasable","27":"product-type-simple"},"acf":[],"aioseo_notices":[],"aioseo_head":"\n\t\t<!-- All in One SEO Pro 4.9.5.2 - aioseo.com -->\n\t<meta name=\"description\" content=\"Anteeksi, mutta t\u00e4m\u00e4 kirjoitus on saatavana ainoastaan n\u00e4ill\u00e4 kielill\u00e4: Eesti.\" \/>\n\t<meta name=\"robots\" content=\"max-image-preview:large\" \/>\n\t<meta name=\"google-site-verification\" content=\"nxgDPK3Ouk6bwvuxlwlzeMOKszmf-8m57RDu5zAgN-Y\" \/>\n\t<link rel=\"canonical\" href=\"https:\/\/light24.ee\/fi\/toode\/siseruumide_valgustid\/kristallvalgustid\/incanti-vanesia-su-led-57w-cct-3000k-6000k\/\" \/>\n\t<meta name=\"generator\" content=\"All in One SEO Pro (AIOSEO) 4.9.5.2\" \/>\n\t\t<meta property=\"og:locale\" content=\"fi_FI\" \/>\n\t\t<meta property=\"og:site_name\" content=\"Light24 \u2022 Valon tavaratalo | Ammatillinen valaistusratkaisut\" \/>\n\t\t<meta property=\"og:type\" content=\"article\" \/>\n\t\t<meta property=\"og:title\" content=\"Incanti VANESIA SU LED 57W CCT 3000K-6000K \u2022 Light24\" \/>\n\t\t<meta property=\"og:description\" content=\"Anteeksi, mutta t\u00e4m\u00e4 kirjoitus on saatavana ainoastaan n\u00e4ill\u00e4 kielill\u00e4: Eesti.\" \/>\n\t\t<meta property=\"og:url\" content=\"https:\/\/light24.ee\/fi\/toode\/siseruumide_valgustid\/kristallvalgustid\/incanti-vanesia-su-led-57w-cct-3000k-6000k\/\" \/>\n\t\t<meta property=\"og:image\" content=\"https:\/\/light24.ee\/wp-content\/uploads\/2025\/01\/iva_pr_xl_11.jpg\" \/>\n\t\t<meta property=\"og:image:secure_url\" content=\"https:\/\/light24.ee\/wp-content\/uploads\/2025\/01\/iva_pr_xl_11.jpg\" \/>\n\t\t<meta property=\"og:image:width\" content=\"1000\" \/>\n\t\t<meta property=\"og:image:height\" content=\"1000\" \/>\n\t\t<meta property=\"article:published_time\" content=\"2025-01-07T07:29:39+00:00\" \/>\n\t\t<meta property=\"article:modified_time\" content=\"2026-01-06T09:06:13+00:00\" \/>\n\t\t<meta property=\"article:publisher\" content=\"https:\/\/www.facebook.com\/light24.ee\" \/>\n\t\t<meta name=\"twitter:card\" content=\"summary\" \/>\n\t\t<meta name=\"twitter:title\" content=\"Incanti VANESIA SU LED 57W CCT 3000K-6000K \u2022 Light24\" \/>\n\t\t<meta name=\"twitter:description\" content=\"Anteeksi, mutta t\u00e4m\u00e4 kirjoitus on saatavana ainoastaan n\u00e4ill\u00e4 kielill\u00e4: Eesti.\" \/>\n\t\t<meta name=\"twitter:image\" content=\"https:\/\/light24.ee\/wp-content\/uploads\/2025\/01\/iva_pr_xl_11.jpg\" \/>\n\t\t<script type=\"application\/ld+json\" class=\"aioseo-schema\">\n\t\t\t{\"@context\":\"https:\\\/\\\/schema.org\",\"@graph\":[{\"@type\":\"BreadcrumbList\",\"@id\":\"https:\\\/\\\/light24.ee\\\/fi\\\/toode\\\/siseruumide_valgustid\\\/kristallvalgustid\\\/incanti-vanesia-su-led-57w-cct-3000k-6000k\\\/#breadcrumblist\",\"itemListElement\":[{\"@type\":\"ListItem\",\"@id\":\"https:\\\/\\\/light24.ee\\\/fi#listItem\",\"position\":1,\"name\":\"Home\",\"item\":\"https:\\\/\\\/light24.ee\\\/fi\",\"nextItem\":{\"@type\":\"ListItem\",\"@id\":\"https:\\\/\\\/light24.ee\\\/fi\\\/shop\\\/#listItem\",\"name\":\"Verkkokauppa\"}},{\"@type\":\"ListItem\",\"@id\":\"https:\\\/\\\/light24.ee\\\/fi\\\/shop\\\/#listItem\",\"position\":2,\"name\":\"Verkkokauppa\",\"item\":\"https:\\\/\\\/light24.ee\\\/fi\\\/shop\\\/\",\"nextItem\":{\"@type\":\"ListItem\",\"@id\":\"https:\\\/\\\/light24.ee\\\/fi\\\/product-category\\\/siseruumide_valgustid\\\/#listItem\",\"name\":\"Sis\\u00e4valaisimet\"},\"previousItem\":{\"@type\":\"ListItem\",\"@id\":\"https:\\\/\\\/light24.ee\\\/fi#listItem\",\"name\":\"Home\"}},{\"@type\":\"ListItem\",\"@id\":\"https:\\\/\\\/light24.ee\\\/fi\\\/product-category\\\/siseruumide_valgustid\\\/#listItem\",\"position\":3,\"name\":\"Sis\\u00e4valaisimet\",\"item\":\"https:\\\/\\\/light24.ee\\\/fi\\\/product-category\\\/siseruumide_valgustid\\\/\",\"nextItem\":{\"@type\":\"ListItem\",\"@id\":\"https:\\\/\\\/light24.ee\\\/fi\\\/product-category\\\/siseruumide_valgustid\\\/kristallvalgustid\\\/#listItem\",\"name\":\"Kristallikruunut\"},\"previousItem\":{\"@type\":\"ListItem\",\"@id\":\"https:\\\/\\\/light24.ee\\\/fi\\\/shop\\\/#listItem\",\"name\":\"Verkkokauppa\"}},{\"@type\":\"ListItem\",\"@id\":\"https:\\\/\\\/light24.ee\\\/fi\\\/product-category\\\/siseruumide_valgustid\\\/kristallvalgustid\\\/#listItem\",\"position\":4,\"name\":\"Kristallikruunut\",\"item\":\"https:\\\/\\\/light24.ee\\\/fi\\\/product-category\\\/siseruumide_valgustid\\\/kristallvalgustid\\\/\",\"nextItem\":{\"@type\":\"ListItem\",\"@id\":\"https:\\\/\\\/light24.ee\\\/fi\\\/toode\\\/siseruumide_valgustid\\\/kristallvalgustid\\\/incanti-vanesia-su-led-57w-cct-3000k-6000k\\\/#listItem\",\"name\":\"Incanti VANESIA SU LED 57W CCT 3000K-6000K\"},\"previousItem\":{\"@type\":\"ListItem\",\"@id\":\"https:\\\/\\\/light24.ee\\\/fi\\\/product-category\\\/siseruumide_valgustid\\\/#listItem\",\"name\":\"Sis\\u00e4valaisimet\"}},{\"@type\":\"ListItem\",\"@id\":\"https:\\\/\\\/light24.ee\\\/fi\\\/toode\\\/siseruumide_valgustid\\\/kristallvalgustid\\\/incanti-vanesia-su-led-57w-cct-3000k-6000k\\\/#listItem\",\"position\":5,\"name\":\"Incanti VANESIA SU LED 57W CCT 3000K-6000K\",\"previousItem\":{\"@type\":\"ListItem\",\"@id\":\"https:\\\/\\\/light24.ee\\\/fi\\\/product-category\\\/siseruumide_valgustid\\\/kristallvalgustid\\\/#listItem\",\"name\":\"Kristallikruunut\"}}]},{\"@type\":\"Organization\",\"@id\":\"https:\\\/\\\/light24.ee\\\/fi\\\/#organization\",\"name\":\"Light24\",\"description\":\"Valon tavaratalo | Ammatillinen valaistusratkaisut\",\"url\":\"https:\\\/\\\/light24.ee\\\/fi\\\/\",\"telephone\":\"+3725184133\",\"logo\":{\"@type\":\"ImageObject\",\"url\":\"https:\\\/\\\/www.light24.ee\\\/wp-content\\\/uploads\\\/2022\\\/03\\\/Shape-2-3.svg\",\"@id\":\"https:\\\/\\\/light24.ee\\\/fi\\\/toode\\\/siseruumide_valgustid\\\/kristallvalgustid\\\/incanti-vanesia-su-led-57w-cct-3000k-6000k\\\/#organizationLogo\"},\"image\":{\"@id\":\"https:\\\/\\\/light24.ee\\\/fi\\\/toode\\\/siseruumide_valgustid\\\/kristallvalgustid\\\/incanti-vanesia-su-led-57w-cct-3000k-6000k\\\/#organizationLogo\"},\"sameAs\":[\"https:\\\/\\\/www.facebook.com\\\/light24.ee\",\"https:\\\/\\\/www.instagram.com\\\/light24official\\\/\"]},{\"@type\":\"Product\",\"@id\":\"https:\\\/\\\/light24.ee\\\/fi\\\/toode\\\/siseruumide_valgustid\\\/kristallvalgustid\\\/incanti-vanesia-su-led-57w-cct-3000k-6000k\\\/#wooCommerceProduct\",\"name\":\"Incanti VANESIA SU LED 57W CCT 3000K-6000K\",\"url\":\"https:\\\/\\\/light24.ee\\\/fi\\\/toode\\\/siseruumide_valgustid\\\/kristallvalgustid\\\/incanti-vanesia-su-led-57w-cct-3000k-6000k\\\/\",\"sku\":\"RED100403-8\",\"image\":{\"@type\":\"ImageObject\",\"url\":\"https:\\\/\\\/light24.ee\\\/wp-content\\\/uploads\\\/2025\\\/01\\\/iva_pr_xl_11.jpg\",\"@id\":\"https:\\\/\\\/light24.ee\\\/fi\\\/toode\\\/siseruumide_valgustid\\\/kristallvalgustid\\\/incanti-vanesia-su-led-57w-cct-3000k-6000k\\\/#productImage\",\"width\":1000,\"height\":1000},\"offers\":{\"@type\":\"Offer\",\"url\":\"https:\\\/\\\/light24.ee\\\/fi\\\/toode\\\/siseruumide_valgustid\\\/kristallvalgustid\\\/incanti-vanesia-su-led-57w-cct-3000k-6000k\\\/#wooCommerceOffer\",\"price\":591,\"priceCurrency\":\"EUR\",\"category\":\"Sis\\u00e4valaisimet\",\"availability\":\"https:\\\/\\\/schema.org\\\/InStock\",\"priceSpecification\":{\"@type\":\"PriceSpecification\",\"price\":591,\"priceCurrency\":\"EUR\",\"valueAddedTaxIncluded\":\"true\"},\"seller\":{\"@type\":\"Organization\",\"@id\":\"https:\\\/\\\/light24.ee\\\/fi\\\/#organization\"}}},{\"@type\":\"WebPage\",\"@id\":\"https:\\\/\\\/light24.ee\\\/fi\\\/toode\\\/siseruumide_valgustid\\\/kristallvalgustid\\\/incanti-vanesia-su-led-57w-cct-3000k-6000k\\\/#webpage\",\"url\":\"https:\\\/\\\/light24.ee\\\/fi\\\/toode\\\/siseruumide_valgustid\\\/kristallvalgustid\\\/incanti-vanesia-su-led-57w-cct-3000k-6000k\\\/\",\"name\":\"Incanti VANESIA SU LED 57W CCT 3000K-6000K \\u2022 Light24\",\"description\":\"Anteeksi, mutta t\\u00e4m\\u00e4 kirjoitus on saatavana ainoastaan n\\u00e4ill\\u00e4 kielill\\u00e4: Eesti.\",\"inLanguage\":\"fi\",\"isPartOf\":{\"@id\":\"https:\\\/\\\/light24.ee\\\/fi\\\/#website\"},\"breadcrumb\":{\"@id\":\"https:\\\/\\\/light24.ee\\\/fi\\\/toode\\\/siseruumide_valgustid\\\/kristallvalgustid\\\/incanti-vanesia-su-led-57w-cct-3000k-6000k\\\/#breadcrumblist\"},\"image\":{\"@type\":\"ImageObject\",\"url\":\"https:\\\/\\\/light24.ee\\\/wp-content\\\/uploads\\\/2025\\\/01\\\/iva_pr_xl_11.jpg\",\"@id\":\"https:\\\/\\\/light24.ee\\\/fi\\\/toode\\\/siseruumide_valgustid\\\/kristallvalgustid\\\/incanti-vanesia-su-led-57w-cct-3000k-6000k\\\/#mainImage\",\"width\":1000,\"height\":1000},\"primaryImageOfPage\":{\"@id\":\"https:\\\/\\\/light24.ee\\\/fi\\\/toode\\\/siseruumide_valgustid\\\/kristallvalgustid\\\/incanti-vanesia-su-led-57w-cct-3000k-6000k\\\/#mainImage\"},\"datePublished\":\"2025-01-07T09:29:39+02:00\",\"dateModified\":\"2026-01-06T11:06:13+02:00\"},{\"@type\":\"WebSite\",\"@id\":\"https:\\\/\\\/light24.ee\\\/fi\\\/#website\",\"url\":\"https:\\\/\\\/light24.ee\\\/fi\\\/\",\"name\":\"Light24\",\"description\":\"Valon tavaratalo | Ammatillinen valaistusratkaisut\",\"inLanguage\":\"fi\",\"publisher\":{\"@id\":\"https:\\\/\\\/light24.ee\\\/fi\\\/#organization\"}}]}\n\t\t<\/script>\n\t\t<!-- All in One SEO Pro -->\r\n\t\t<title>Incanti VANESIA SU LED 57W CCT 3000K-6000K \u2022 Light24<\/title>\n\n","aioseo_head_json":{"title":"Incanti VANESIA SU LED 57W CCT 3000K-6000K \u2022 Light24","description":"Anteeksi, mutta t\u00e4m\u00e4 kirjoitus on saatavana ainoastaan n\u00e4ill\u00e4 kielill\u00e4: Eesti.","canonical_url":"https:\/\/light24.ee\/fi\/toode\/siseruumide_valgustid\/kristallvalgustid\/incanti-vanesia-su-led-57w-cct-3000k-6000k\/","robots":"max-image-preview:large","keywords":"","webmasterTools":{"google-site-verification":"nxgDPK3Ouk6bwvuxlwlzeMOKszmf-8m57RDu5zAgN-Y","miscellaneous":""},"schema":{"@context":"https:\/\/schema.org","@graph":[{"@type":"BreadcrumbList","@id":"https:\/\/light24.ee\/fi\/toode\/siseruumide_valgustid\/kristallvalgustid\/incanti-vanesia-su-led-57w-cct-3000k-6000k\/#breadcrumblist","itemListElement":[{"@type":"ListItem","@id":"https:\/\/light24.ee\/fi#listItem","position":1,"name":"Home","item":"https:\/\/light24.ee\/fi","nextItem":{"@type":"ListItem","@id":"https:\/\/light24.ee\/fi\/shop\/#listItem","name":"Verkkokauppa"}},{"@type":"ListItem","@id":"https:\/\/light24.ee\/fi\/shop\/#listItem","position":2,"name":"Verkkokauppa","item":"https:\/\/light24.ee\/fi\/shop\/","nextItem":{"@type":"ListItem","@id":"https:\/\/light24.ee\/fi\/product-category\/siseruumide_valgustid\/#listItem","name":"Sis\u00e4valaisimet"},"previousItem":{"@type":"ListItem","@id":"https:\/\/light24.ee\/fi#listItem","name":"Home"}},{"@type":"ListItem","@id":"https:\/\/light24.ee\/fi\/product-category\/siseruumide_valgustid\/#listItem","position":3,"name":"Sis\u00e4valaisimet","item":"https:\/\/light24.ee\/fi\/product-category\/siseruumide_valgustid\/","nextItem":{"@type":"ListItem","@id":"https:\/\/light24.ee\/fi\/product-category\/siseruumide_valgustid\/kristallvalgustid\/#listItem","name":"Kristallikruunut"},"previousItem":{"@type":"ListItem","@id":"https:\/\/light24.ee\/fi\/shop\/#listItem","name":"Verkkokauppa"}},{"@type":"ListItem","@id":"https:\/\/light24.ee\/fi\/product-category\/siseruumide_valgustid\/kristallvalgustid\/#listItem","position":4,"name":"Kristallikruunut","item":"https:\/\/light24.ee\/fi\/product-category\/siseruumide_valgustid\/kristallvalgustid\/","nextItem":{"@type":"ListItem","@id":"https:\/\/light24.ee\/fi\/toode\/siseruumide_valgustid\/kristallvalgustid\/incanti-vanesia-su-led-57w-cct-3000k-6000k\/#listItem","name":"Incanti VANESIA SU LED 57W CCT 3000K-6000K"},"previousItem":{"@type":"ListItem","@id":"https:\/\/light24.ee\/fi\/product-category\/siseruumide_valgustid\/#listItem","name":"Sis\u00e4valaisimet"}},{"@type":"ListItem","@id":"https:\/\/light24.ee\/fi\/toode\/siseruumide_valgustid\/kristallvalgustid\/incanti-vanesia-su-led-57w-cct-3000k-6000k\/#listItem","position":5,"name":"Incanti VANESIA SU LED 57W CCT 3000K-6000K","previousItem":{"@type":"ListItem","@id":"https:\/\/light24.ee\/fi\/product-category\/siseruumide_valgustid\/kristallvalgustid\/#listItem","name":"Kristallikruunut"}}]},{"@type":"Organization","@id":"https:\/\/light24.ee\/fi\/#organization","name":"Light24","description":"Valon tavaratalo | Ammatillinen valaistusratkaisut","url":"https:\/\/light24.ee\/fi\/","telephone":"+3725184133","logo":{"@type":"ImageObject","url":"https:\/\/www.light24.ee\/wp-content\/uploads\/2022\/03\/Shape-2-3.svg","@id":"https:\/\/light24.ee\/fi\/toode\/siseruumide_valgustid\/kristallvalgustid\/incanti-vanesia-su-led-57w-cct-3000k-6000k\/#organizationLogo"},"image":{"@id":"https:\/\/light24.ee\/fi\/toode\/siseruumide_valgustid\/kristallvalgustid\/incanti-vanesia-su-led-57w-cct-3000k-6000k\/#organizationLogo"},"sameAs":["https:\/\/www.facebook.com\/light24.ee","https:\/\/www.instagram.com\/light24official\/"]},{"@type":"Product","@id":"https:\/\/light24.ee\/fi\/toode\/siseruumide_valgustid\/kristallvalgustid\/incanti-vanesia-su-led-57w-cct-3000k-6000k\/#wooCommerceProduct","name":"Incanti VANESIA SU LED 57W CCT 3000K-6000K","url":"https:\/\/light24.ee\/fi\/toode\/siseruumide_valgustid\/kristallvalgustid\/incanti-vanesia-su-led-57w-cct-3000k-6000k\/","sku":"RED100403-8","image":{"@type":"ImageObject","url":"https:\/\/light24.ee\/wp-content\/uploads\/2025\/01\/iva_pr_xl_11.jpg","@id":"https:\/\/light24.ee\/fi\/toode\/siseruumide_valgustid\/kristallvalgustid\/incanti-vanesia-su-led-57w-cct-3000k-6000k\/#productImage","width":1000,"height":1000},"offers":{"@type":"Offer","url":"https:\/\/light24.ee\/fi\/toode\/siseruumide_valgustid\/kristallvalgustid\/incanti-vanesia-su-led-57w-cct-3000k-6000k\/#wooCommerceOffer","price":591,"priceCurrency":"EUR","category":"Sis\u00e4valaisimet","availability":"https:\/\/schema.org\/InStock","priceSpecification":{"@type":"PriceSpecification","price":591,"priceCurrency":"EUR","valueAddedTaxIncluded":"true"},"seller":{"@type":"Organization","@id":"https:\/\/light24.ee\/fi\/#organization"}}},{"@type":"WebPage","@id":"https:\/\/light24.ee\/fi\/toode\/siseruumide_valgustid\/kristallvalgustid\/incanti-vanesia-su-led-57w-cct-3000k-6000k\/#webpage","url":"https:\/\/light24.ee\/fi\/toode\/siseruumide_valgustid\/kristallvalgustid\/incanti-vanesia-su-led-57w-cct-3000k-6000k\/","name":"Incanti VANESIA SU LED 57W CCT 3000K-6000K \u2022 Light24","description":"Anteeksi, mutta t\u00e4m\u00e4 kirjoitus on saatavana ainoastaan n\u00e4ill\u00e4 kielill\u00e4: Eesti.","inLanguage":"fi","isPartOf":{"@id":"https:\/\/light24.ee\/fi\/#website"},"breadcrumb":{"@id":"https:\/\/light24.ee\/fi\/toode\/siseruumide_valgustid\/kristallvalgustid\/incanti-vanesia-su-led-57w-cct-3000k-6000k\/#breadcrumblist"},"image":{"@type":"ImageObject","url":"https:\/\/light24.ee\/wp-content\/uploads\/2025\/01\/iva_pr_xl_11.jpg","@id":"https:\/\/light24.ee\/fi\/toode\/siseruumide_valgustid\/kristallvalgustid\/incanti-vanesia-su-led-57w-cct-3000k-6000k\/#mainImage","width":1000,"height":1000},"primaryImageOfPage":{"@id":"https:\/\/light24.ee\/fi\/toode\/siseruumide_valgustid\/kristallvalgustid\/incanti-vanesia-su-led-57w-cct-3000k-6000k\/#mainImage"},"datePublished":"2025-01-07T09:29:39+02:00","dateModified":"2026-01-06T11:06:13+02:00"},{"@type":"WebSite","@id":"https:\/\/light24.ee\/fi\/#website","url":"https:\/\/light24.ee\/fi\/","name":"Light24","description":"Valon tavaratalo | Ammatillinen valaistusratkaisut","inLanguage":"fi","publisher":{"@id":"https:\/\/light24.ee\/fi\/#organization"}}]},"og:locale":"fi_FI","og:site_name":"Light24 \u2022 Valon tavaratalo | Ammatillinen valaistusratkaisut","og:type":"article","og:title":"Incanti VANESIA SU LED 57W CCT 3000K-6000K \u2022 Light24","og:description":"Anteeksi, mutta t\u00e4m\u00e4 kirjoitus on saatavana ainoastaan n\u00e4ill\u00e4 kielill\u00e4: Eesti.","og:url":"https:\/\/light24.ee\/fi\/toode\/siseruumide_valgustid\/kristallvalgustid\/incanti-vanesia-su-led-57w-cct-3000k-6000k\/","og:image":"https:\/\/light24.ee\/wp-content\/uploads\/2025\/01\/iva_pr_xl_11.jpg","og:image:secure_url":"https:\/\/light24.ee\/wp-content\/uploads\/2025\/01\/iva_pr_xl_11.jpg","og:image:width":1000,"og:image:height":1000,"article:published_time":"2025-01-07T07:29:39+00:00","article:modified_time":"2026-01-06T09:06:13+00:00","article:publisher":"https:\/\/www.facebook.com\/light24.ee","twitter:card":"summary","twitter:title":"Incanti VANESIA SU LED 57W CCT 3000K-6000K \u2022 Light24","twitter:description":"Anteeksi, mutta t\u00e4m\u00e4 kirjoitus on saatavana ainoastaan n\u00e4ill\u00e4 kielill\u00e4: Eesti.","twitter:image":"https:\/\/light24.ee\/wp-content\/uploads\/2025\/01\/iva_pr_xl_11.jpg"},"aioseo_meta_data":{"post_id":"141335","title":null,"description":null,"keywords":null,"keyphrases":{"focus":{"keyphrase":"","score":0,"analysis":{"keyphraseInTitle":{"score":0,"maxScore":9,"error":1}}},"additional":[]},"primary_term":null,"canonical_url":null,"og_title":null,"og_description":null,"og_object_type":"default","og_image_type":"default","og_image_url":null,"og_image_width":null,"og_image_height":null,"og_image_custom_url":null,"og_image_custom_fields":null,"og_video":"","og_custom_url":null,"og_article_section":null,"og_article_tags":null,"twitter_use_og":false,"twitter_card":"default","twitter_image_type":"default","twitter_image_url":null,"twitter_image_custom_url":null,"twitter_image_custom_fields":null,"twitter_title":null,"twitter_description":null,"schema":{"blockGraphs":[],"customGraphs":[],"default":{"data":{"Article":[],"Course":[],"Dataset":[],"FAQPage":[],"Movie":[],"Person":[],"Product":[],"ProductReview":[],"Car":[],"Recipe":[],"Service":[],"SoftwareApplication":[],"WebPage":[]},"graphName":"Product","isEnabled":true},"graphs":[]},"schema_type":"default","schema_type_options":null,"pillar_content":false,"robots_default":true,"robots_noindex":false,"robots_noarchive":false,"robots_nosnippet":false,"robots_nofollow":false,"robots_noimageindex":false,"robots_noodp":false,"robots_notranslate":false,"robots_max_snippet":"-1","robots_max_videopreview":"-1","robots_max_imagepreview":"large","priority":null,"frequency":"default","local_seo":null,"seo_analyzer_scan_date":"2026-01-06 09:06:49","breadcrumb_settings":null,"limit_modified_date":false,"reviewed_by":null,"open_ai":"{\"title\":{\"suggestions\":[],\"usage\":0},\"description\":{\"suggestions\":[],\"usage\":0}}","ai":{"faqs":[],"keyPoints":[],"titles":[],"descriptions":[],"socialPosts":{"email":[],"linkedin":[],"twitter":[],"facebook":[],"instagram":[]}},"created":"2025-01-07 07:29:39","updated":"2026-01-06 09:06:49"},"aioseo_breadcrumb":"<div class=\"aioseo-breadcrumbs\"><span class=\"aioseo-breadcrumb\">\n\t<a href=\"https:\/\/light24.ee\/fi\" title=\"Home\">Home<\/a>\n<\/span><span class=\"aioseo-breadcrumb-separator\">&raquo;<\/span><span class=\"aioseo-breadcrumb\">\n\t<a href=\"https:\/\/light24.ee\/fi\/shop\/\" title=\"Verkkokauppa\">Verkkokauppa<\/a>\n<\/span><span class=\"aioseo-breadcrumb-separator\">&raquo;<\/span><span class=\"aioseo-breadcrumb\">\n\t<a href=\"https:\/\/light24.ee\/fi\/product-category\/siseruumide_valgustid\/\" title=\"Sis\u00e4valaisimet\">Sis\u00e4valaisimet<\/a>\n<\/span><span class=\"aioseo-breadcrumb-separator\">&raquo;<\/span><span class=\"aioseo-breadcrumb\">\n\t<a href=\"https:\/\/light24.ee\/fi\/product-category\/siseruumide_valgustid\/kristallvalgustid\/\" title=\"Kristallikruunut\">Kristallikruunut<\/a>\n<\/span><span class=\"aioseo-breadcrumb-separator\">&raquo;<\/span><span class=\"aioseo-breadcrumb\">\n\tIncanti VANESIA SU LED 57W CCT 3000K-6000K\n<\/span><\/div>","aioseo_breadcrumb_json":[{"label":"Home","link":"https:\/\/light24.ee\/fi"},{"label":"Verkkokauppa","link":"https:\/\/light24.ee\/fi\/shop\/"},{"label":"Sis\u00e4valaisimet","link":"https:\/\/light24.ee\/fi\/product-category\/siseruumide_valgustid\/"},{"label":"Kristallikruunut","link":"https:\/\/light24.ee\/fi\/product-category\/siseruumide_valgustid\/kristallvalgustid\/"},{"label":"Incanti VANESIA SU LED 57W CCT 3000K-6000K","link":"https:\/\/light24.ee\/fi\/toode\/siseruumide_valgustid\/kristallvalgustid\/incanti-vanesia-su-led-57w-cct-3000k-6000k\/"}],"_links":{"self":[{"href":"https:\/\/light24.ee\/fi\/wp-json\/wp\/v2\/product\/141335","targetHints":{"allow":["GET"]}}],"collection":[{"href":"https:\/\/light24.ee\/fi\/wp-json\/wp\/v2\/product"}],"about":[{"href":"https:\/\/light24.ee\/fi\/wp-json\/wp\/v2\/types\/product"}],"replies":[{"embeddable":true,"href":"https:\/\/light24.ee\/fi\/wp-json\/wp\/v2\/comments?post=141335"}],"wp:featuredmedia":[{"embeddable":true,"href":"https:\/\/light24.ee\/fi\/wp-json\/wp\/v2\/media\/141336"}],"wp:attachment":[{"href":"https:\/\/light24.ee\/fi\/wp-json\/wp\/v2\/media?parent=141335"}],"wp:term":[{"taxonomy":"product_cat","embeddable":true,"href":"https:\/\/light24.ee\/fi\/wp-json\/wp\/v2\/product_cat?post=141335"},{"taxonomy":"product_tag","embeddable":true,"href":"https:\/\/light24.ee\/fi\/wp-json\/wp\/v2\/product_tag?post=141335"}],"curies":[{"name":"wp","href":"https:\/\/api.w.org\/{rel}","templated":true}]}}