{"id":150636,"date":"2025-09-04T09:51:25","date_gmt":"2025-09-04T06:51:25","guid":{"rendered":"https:\/\/light24.ee\/?post_type=product&#038;p=150636"},"modified":"2025-09-04T10:10:09","modified_gmt":"2025-09-04T07:10:09","slug":"redo-nivalis-138w-3000k-ip65","status":"publish","type":"product","link":"https:\/\/light24.ee\/fi\/toode\/valisvalgustid\/postvalgustid\/redo-nivalis-138w-3000k-ip65\/","title":{"rendered":"Redo Nivalis 13,8W 3000K IP65"},"content":{"rendered":"<p class=\"qtranxs-available-languages-message qtranxs-available-languages-message-fi\">Anteeksi, mutta t\u00e4m\u00e4 kirjoitus on saatavana ainoastaan n\u00e4ill\u00e4 kielill\u00e4: <a href=\"https:\/\/light24.ee\/et\/wp-json\/wp\/v2\/product\/150636\" class=\"qtranxs-available-language-link qtranxs-available-language-link-et\" title=\"Eesti\">Eesti<\/a>.<\/p>","protected":false},"excerpt":{"rendered":"<p>Anteeksi, mutta t\u00e4m\u00e4 kirjoitus on saatavana ainoastaan n\u00e4ill\u00e4 kielill\u00e4: Eesti.<\/p>\n","protected":false},"featured_media":150629,"comment_status":"closed","ping_status":"closed","template":"","meta":{"_acf_changed":false},"product_cat":[2903,2025],"product_tag":[8035],"class_list":{"0":"post-150636","1":"product","2":"type-product","3":"status-publish","4":"has-post-thumbnail","6":"product_cat-valisvalgustid","7":"product_cat-postvalgustid","8":"product_tag-redo","9":"product_shipping_class-standard","10":"pa_ip-kaitseklass-1819","11":"pa_materjal-alumiinium","12":"pa_materjal-klaas","13":"pa_ruumid-oueala","14":"pa_ruumid-aed","15":"pa_ruumid-aiatee","16":"pa_tarneaeg-2-3-nadalat","17":"pa_varv-tumehall","18":"pa_varv-rooste","19":"pa_varv-roheline-2","21":"first","22":"instock","23":"taxable","24":"shipping-taxable","25":"purchasable","26":"product-type-variable"},"acf":[],"aioseo_notices":[],"aioseo_head":"\n\t\t<!-- All in One SEO Pro 4.9.5.2 - aioseo.com -->\n\t<meta name=\"description\" content=\"Anteeksi, mutta t\u00e4m\u00e4 kirjoitus on saatavana ainoastaan n\u00e4ill\u00e4 kielill\u00e4: Eesti.\" \/>\n\t<meta name=\"robots\" content=\"max-image-preview:large\" \/>\n\t<meta name=\"google-site-verification\" content=\"nxgDPK3Ouk6bwvuxlwlzeMOKszmf-8m57RDu5zAgN-Y\" \/>\n\t<link rel=\"canonical\" href=\"https:\/\/light24.ee\/fi\/toode\/valisvalgustid\/postvalgustid\/redo-nivalis-138w-3000k-ip65\/\" \/>\n\t<meta name=\"generator\" content=\"All in One SEO Pro (AIOSEO) 4.9.5.2\" \/>\n\t\t<meta property=\"og:locale\" content=\"fi_FI\" \/>\n\t\t<meta property=\"og:site_name\" content=\"Light24 \u2022 Valon tavaratalo | Ammatillinen valaistusratkaisut\" \/>\n\t\t<meta property=\"og:type\" content=\"article\" \/>\n\t\t<meta property=\"og:title\" content=\"Redo Nivalis 13,8W 3000K IP65 \u2022 Light24\" \/>\n\t\t<meta property=\"og:description\" content=\"Anteeksi, mutta t\u00e4m\u00e4 kirjoitus on saatavana ainoastaan n\u00e4ill\u00e4 kielill\u00e4: Eesti.\" \/>\n\t\t<meta property=\"og:url\" content=\"https:\/\/light24.ee\/fi\/toode\/valisvalgustid\/postvalgustid\/redo-nivalis-138w-3000k-ip65\/\" \/>\n\t\t<meta property=\"og:image\" content=\"https:\/\/light24.ee\/wp-content\/uploads\/2025\/09\/corten-1.jpg\" \/>\n\t\t<meta property=\"og:image:secure_url\" content=\"https:\/\/light24.ee\/wp-content\/uploads\/2025\/09\/corten-1.jpg\" \/>\n\t\t<meta property=\"og:image:width\" content=\"1000\" \/>\n\t\t<meta property=\"og:image:height\" content=\"1000\" \/>\n\t\t<meta property=\"article:published_time\" content=\"2025-09-04T06:51:25+00:00\" \/>\n\t\t<meta property=\"article:modified_time\" content=\"2025-09-04T07:10:09+00:00\" \/>\n\t\t<meta property=\"article:publisher\" content=\"https:\/\/www.facebook.com\/light24.ee\" \/>\n\t\t<meta name=\"twitter:card\" content=\"summary\" \/>\n\t\t<meta name=\"twitter:title\" content=\"Redo Nivalis 13,8W 3000K IP65 \u2022 Light24\" \/>\n\t\t<meta name=\"twitter:description\" content=\"Anteeksi, mutta t\u00e4m\u00e4 kirjoitus on saatavana ainoastaan n\u00e4ill\u00e4 kielill\u00e4: Eesti.\" \/>\n\t\t<meta name=\"twitter:image\" content=\"https:\/\/light24.ee\/wp-content\/uploads\/2025\/09\/corten-1.jpg\" \/>\n\t\t<script type=\"application\/ld+json\" class=\"aioseo-schema\">\n\t\t\t{\"@context\":\"https:\\\/\\\/schema.org\",\"@graph\":[{\"@type\":\"BreadcrumbList\",\"@id\":\"https:\\\/\\\/light24.ee\\\/fi\\\/toode\\\/valisvalgustid\\\/postvalgustid\\\/redo-nivalis-138w-3000k-ip65\\\/#breadcrumblist\",\"itemListElement\":[{\"@type\":\"ListItem\",\"@id\":\"https:\\\/\\\/light24.ee\\\/fi#listItem\",\"position\":1,\"name\":\"Home\",\"item\":\"https:\\\/\\\/light24.ee\\\/fi\",\"nextItem\":{\"@type\":\"ListItem\",\"@id\":\"https:\\\/\\\/light24.ee\\\/fi\\\/shop\\\/#listItem\",\"name\":\"Verkkokauppa\"}},{\"@type\":\"ListItem\",\"@id\":\"https:\\\/\\\/light24.ee\\\/fi\\\/shop\\\/#listItem\",\"position\":2,\"name\":\"Verkkokauppa\",\"item\":\"https:\\\/\\\/light24.ee\\\/fi\\\/shop\\\/\",\"nextItem\":{\"@type\":\"ListItem\",\"@id\":\"https:\\\/\\\/light24.ee\\\/fi\\\/product-category\\\/valisvalgustid\\\/#listItem\",\"name\":\"Ulkovalaisimet\"},\"previousItem\":{\"@type\":\"ListItem\",\"@id\":\"https:\\\/\\\/light24.ee\\\/fi#listItem\",\"name\":\"Home\"}},{\"@type\":\"ListItem\",\"@id\":\"https:\\\/\\\/light24.ee\\\/fi\\\/product-category\\\/valisvalgustid\\\/#listItem\",\"position\":3,\"name\":\"Ulkovalaisimet\",\"item\":\"https:\\\/\\\/light24.ee\\\/fi\\\/product-category\\\/valisvalgustid\\\/\",\"nextItem\":{\"@type\":\"ListItem\",\"@id\":\"https:\\\/\\\/light24.ee\\\/fi\\\/product-category\\\/valisvalgustid\\\/postvalgustid\\\/#listItem\",\"name\":\"Pollarit\"},\"previousItem\":{\"@type\":\"ListItem\",\"@id\":\"https:\\\/\\\/light24.ee\\\/fi\\\/shop\\\/#listItem\",\"name\":\"Verkkokauppa\"}},{\"@type\":\"ListItem\",\"@id\":\"https:\\\/\\\/light24.ee\\\/fi\\\/product-category\\\/valisvalgustid\\\/postvalgustid\\\/#listItem\",\"position\":4,\"name\":\"Pollarit\",\"item\":\"https:\\\/\\\/light24.ee\\\/fi\\\/product-category\\\/valisvalgustid\\\/postvalgustid\\\/\",\"nextItem\":{\"@type\":\"ListItem\",\"@id\":\"https:\\\/\\\/light24.ee\\\/fi\\\/toode\\\/valisvalgustid\\\/postvalgustid\\\/redo-nivalis-138w-3000k-ip65\\\/#listItem\",\"name\":\"Redo Nivalis 13,8W 3000K IP65\"},\"previousItem\":{\"@type\":\"ListItem\",\"@id\":\"https:\\\/\\\/light24.ee\\\/fi\\\/product-category\\\/valisvalgustid\\\/#listItem\",\"name\":\"Ulkovalaisimet\"}},{\"@type\":\"ListItem\",\"@id\":\"https:\\\/\\\/light24.ee\\\/fi\\\/toode\\\/valisvalgustid\\\/postvalgustid\\\/redo-nivalis-138w-3000k-ip65\\\/#listItem\",\"position\":5,\"name\":\"Redo Nivalis 13,8W 3000K IP65\",\"previousItem\":{\"@type\":\"ListItem\",\"@id\":\"https:\\\/\\\/light24.ee\\\/fi\\\/product-category\\\/valisvalgustid\\\/postvalgustid\\\/#listItem\",\"name\":\"Pollarit\"}}]},{\"@type\":\"Organization\",\"@id\":\"https:\\\/\\\/light24.ee\\\/fi\\\/#organization\",\"name\":\"Light24\",\"description\":\"Valon tavaratalo | Ammatillinen valaistusratkaisut\",\"url\":\"https:\\\/\\\/light24.ee\\\/fi\\\/\",\"telephone\":\"+3725184133\",\"logo\":{\"@type\":\"ImageObject\",\"url\":\"https:\\\/\\\/www.light24.ee\\\/wp-content\\\/uploads\\\/2022\\\/03\\\/Shape-2-3.svg\",\"@id\":\"https:\\\/\\\/light24.ee\\\/fi\\\/toode\\\/valisvalgustid\\\/postvalgustid\\\/redo-nivalis-138w-3000k-ip65\\\/#organizationLogo\"},\"image\":{\"@id\":\"https:\\\/\\\/light24.ee\\\/fi\\\/toode\\\/valisvalgustid\\\/postvalgustid\\\/redo-nivalis-138w-3000k-ip65\\\/#organizationLogo\"},\"sameAs\":[\"https:\\\/\\\/www.facebook.com\\\/light24.ee\",\"https:\\\/\\\/www.instagram.com\\\/light24official\\\/\"]},{\"@type\":\"ProductGroup\",\"@id\":\"https:\\\/\\\/light24.ee\\\/fi\\\/toode\\\/valisvalgustid\\\/postvalgustid\\\/redo-nivalis-138w-3000k-ip65\\\/#wooCommerceProduct\",\"name\":\"Redo Nivalis 13,8W 3000K IP65\",\"url\":\"https:\\\/\\\/light24.ee\\\/fi\\\/toode\\\/valisvalgustid\\\/postvalgustid\\\/redo-nivalis-138w-3000k-ip65\\\/\",\"sku\":\"RED100426-1\",\"image\":{\"@type\":\"ImageObject\",\"url\":\"https:\\\/\\\/light24.ee\\\/wp-content\\\/uploads\\\/2025\\\/09\\\/corten-1.jpg\",\"@id\":\"https:\\\/\\\/light24.ee\\\/fi\\\/toode\\\/valisvalgustid\\\/postvalgustid\\\/redo-nivalis-138w-3000k-ip65\\\/#productImage\",\"width\":1000,\"height\":1000},\"productGroupID\":150636,\"hasVariant\":[{\"@type\":\"Product\",\"@id\":\"https:\\\/\\\/light24.ee\\\/fi\\\/toode\\\/valisvalgustid\\\/postvalgustid\\\/redo-nivalis-138w-3000k-ip65\\\/#wooCommerceProduct\",\"name\":\"Redo Nivalis 13,8W 3000K IP65 - tumehall\",\"url\":\"https:\\\/\\\/light24.ee\\\/fi\\\/toode\\\/valisvalgustid\\\/postvalgustid\\\/redo-nivalis-138w-3000k-ip65\\\/\",\"sku\":\"RED100426-1\",\"image\":{\"@type\":\"ImageObject\",\"url\":\"https:\\\/\\\/light24.ee\\\/wp-content\\\/uploads\\\/2025\\\/09\\\/dark-grey-4.jpg\",\"@id\":\"https:\\\/\\\/light24.ee\\\/fi\\\/toode\\\/valisvalgustid\\\/postvalgustid\\\/redo-nivalis-138w-3000k-ip65\\\/#productImage\",\"width\":1000,\"height\":1000},\"offers\":{\"@type\":\"Offer\",\"url\":\"https:\\\/\\\/light24.ee\\\/fi\\\/toode\\\/valisvalgustid\\\/postvalgustid\\\/redo-nivalis-138w-3000k-ip65\\\/#wooCommerceOffer\",\"price\":\"124\",\"priceCurrency\":\"EUR\",\"category\":\"Ulkovalaisimet\",\"availability\":\"https:\\\/\\\/schema.org\\\/InStock\",\"priceSpecification\":{\"@type\":\"PriceSpecification\",\"price\":124,\"priceCurrency\":\"EUR\",\"valueAddedTaxIncluded\":\"true\"}}},{\"@type\":\"Product\",\"@id\":\"https:\\\/\\\/light24.ee\\\/fi\\\/toode\\\/valisvalgustid\\\/postvalgustid\\\/redo-nivalis-138w-3000k-ip65\\\/#wooCommerceProduct\",\"name\":\"Redo Nivalis 13,8W 3000K IP65 - rooste\",\"url\":\"https:\\\/\\\/light24.ee\\\/fi\\\/toode\\\/valisvalgustid\\\/postvalgustid\\\/redo-nivalis-138w-3000k-ip65\\\/\",\"sku\":\"RED100426-1\",\"image\":{\"@type\":\"ImageObject\",\"url\":\"https:\\\/\\\/light24.ee\\\/wp-content\\\/uploads\\\/2025\\\/09\\\/corten-1.jpg\",\"@id\":\"https:\\\/\\\/light24.ee\\\/fi\\\/toode\\\/valisvalgustid\\\/postvalgustid\\\/redo-nivalis-138w-3000k-ip65\\\/#productImage\",\"width\":1000,\"height\":1000},\"offers\":{\"@type\":\"Offer\",\"url\":\"https:\\\/\\\/light24.ee\\\/fi\\\/toode\\\/valisvalgustid\\\/postvalgustid\\\/redo-nivalis-138w-3000k-ip65\\\/#wooCommerceOffer\",\"price\":\"124\",\"priceCurrency\":\"EUR\",\"category\":\"Ulkovalaisimet\",\"availability\":\"https:\\\/\\\/schema.org\\\/InStock\",\"priceSpecification\":{\"@type\":\"PriceSpecification\",\"price\":124,\"priceCurrency\":\"EUR\",\"valueAddedTaxIncluded\":\"true\"}}},{\"@type\":\"Product\",\"@id\":\"https:\\\/\\\/light24.ee\\\/fi\\\/toode\\\/valisvalgustid\\\/postvalgustid\\\/redo-nivalis-138w-3000k-ip65\\\/#wooCommerceProduct\",\"name\":\"Redo Nivalis 13,8W 3000K IP65 - roheline-2\",\"url\":\"https:\\\/\\\/light24.ee\\\/fi\\\/toode\\\/valisvalgustid\\\/postvalgustid\\\/redo-nivalis-138w-3000k-ip65\\\/\",\"sku\":\"RED100426-1\",\"image\":{\"@type\":\"ImageObject\",\"url\":\"https:\\\/\\\/light24.ee\\\/wp-content\\\/uploads\\\/2025\\\/09\\\/dark-green.jpg\",\"@id\":\"https:\\\/\\\/light24.ee\\\/fi\\\/toode\\\/valisvalgustid\\\/postvalgustid\\\/redo-nivalis-138w-3000k-ip65\\\/#productImage\",\"width\":1000,\"height\":1000},\"offers\":{\"@type\":\"Offer\",\"url\":\"https:\\\/\\\/light24.ee\\\/fi\\\/toode\\\/valisvalgustid\\\/postvalgustid\\\/redo-nivalis-138w-3000k-ip65\\\/#wooCommerceOffer\",\"price\":\"124\",\"priceCurrency\":\"EUR\",\"category\":\"Ulkovalaisimet\",\"availability\":\"https:\\\/\\\/schema.org\\\/InStock\",\"priceSpecification\":{\"@type\":\"PriceSpecification\",\"price\":124,\"priceCurrency\":\"EUR\",\"valueAddedTaxIncluded\":\"true\"}}}]},{\"@type\":\"WebPage\",\"@id\":\"https:\\\/\\\/light24.ee\\\/fi\\\/toode\\\/valisvalgustid\\\/postvalgustid\\\/redo-nivalis-138w-3000k-ip65\\\/#webpage\",\"url\":\"https:\\\/\\\/light24.ee\\\/fi\\\/toode\\\/valisvalgustid\\\/postvalgustid\\\/redo-nivalis-138w-3000k-ip65\\\/\",\"name\":\"Redo Nivalis 13,8W 3000K IP65 \\u2022 Light24\",\"description\":\"Anteeksi, mutta t\\u00e4m\\u00e4 kirjoitus on saatavana ainoastaan n\\u00e4ill\\u00e4 kielill\\u00e4: Eesti.\",\"inLanguage\":\"fi\",\"isPartOf\":{\"@id\":\"https:\\\/\\\/light24.ee\\\/fi\\\/#website\"},\"breadcrumb\":{\"@id\":\"https:\\\/\\\/light24.ee\\\/fi\\\/toode\\\/valisvalgustid\\\/postvalgustid\\\/redo-nivalis-138w-3000k-ip65\\\/#breadcrumblist\"},\"image\":{\"@type\":\"ImageObject\",\"url\":\"https:\\\/\\\/light24.ee\\\/wp-content\\\/uploads\\\/2025\\\/09\\\/corten-1.jpg\",\"@id\":\"https:\\\/\\\/light24.ee\\\/fi\\\/toode\\\/valisvalgustid\\\/postvalgustid\\\/redo-nivalis-138w-3000k-ip65\\\/#mainImage\",\"width\":1000,\"height\":1000},\"primaryImageOfPage\":{\"@id\":\"https:\\\/\\\/light24.ee\\\/fi\\\/toode\\\/valisvalgustid\\\/postvalgustid\\\/redo-nivalis-138w-3000k-ip65\\\/#mainImage\"},\"datePublished\":\"2025-09-04T09:51:25+03:00\",\"dateModified\":\"2025-09-04T10:10:09+03:00\"},{\"@type\":\"WebSite\",\"@id\":\"https:\\\/\\\/light24.ee\\\/fi\\\/#website\",\"url\":\"https:\\\/\\\/light24.ee\\\/fi\\\/\",\"name\":\"Light24\",\"description\":\"Valon tavaratalo | Ammatillinen valaistusratkaisut\",\"inLanguage\":\"fi\",\"publisher\":{\"@id\":\"https:\\\/\\\/light24.ee\\\/fi\\\/#organization\"}}]}\n\t\t<\/script>\n\t\t<!-- All in One SEO Pro -->\r\n\t\t<title>Redo Nivalis 13,8W 3000K IP65 \u2022 Light24<\/title>\n\n","aioseo_head_json":{"title":"Redo Nivalis 13,8W 3000K IP65 \u2022 Light24","description":"Anteeksi, mutta t\u00e4m\u00e4 kirjoitus on saatavana ainoastaan n\u00e4ill\u00e4 kielill\u00e4: Eesti.","canonical_url":"https:\/\/light24.ee\/fi\/toode\/valisvalgustid\/postvalgustid\/redo-nivalis-138w-3000k-ip65\/","robots":"max-image-preview:large","keywords":"","webmasterTools":{"google-site-verification":"nxgDPK3Ouk6bwvuxlwlzeMOKszmf-8m57RDu5zAgN-Y","miscellaneous":""},"schema":{"@context":"https:\/\/schema.org","@graph":[{"@type":"BreadcrumbList","@id":"https:\/\/light24.ee\/fi\/toode\/valisvalgustid\/postvalgustid\/redo-nivalis-138w-3000k-ip65\/#breadcrumblist","itemListElement":[{"@type":"ListItem","@id":"https:\/\/light24.ee\/fi#listItem","position":1,"name":"Home","item":"https:\/\/light24.ee\/fi","nextItem":{"@type":"ListItem","@id":"https:\/\/light24.ee\/fi\/shop\/#listItem","name":"Verkkokauppa"}},{"@type":"ListItem","@id":"https:\/\/light24.ee\/fi\/shop\/#listItem","position":2,"name":"Verkkokauppa","item":"https:\/\/light24.ee\/fi\/shop\/","nextItem":{"@type":"ListItem","@id":"https:\/\/light24.ee\/fi\/product-category\/valisvalgustid\/#listItem","name":"Ulkovalaisimet"},"previousItem":{"@type":"ListItem","@id":"https:\/\/light24.ee\/fi#listItem","name":"Home"}},{"@type":"ListItem","@id":"https:\/\/light24.ee\/fi\/product-category\/valisvalgustid\/#listItem","position":3,"name":"Ulkovalaisimet","item":"https:\/\/light24.ee\/fi\/product-category\/valisvalgustid\/","nextItem":{"@type":"ListItem","@id":"https:\/\/light24.ee\/fi\/product-category\/valisvalgustid\/postvalgustid\/#listItem","name":"Pollarit"},"previousItem":{"@type":"ListItem","@id":"https:\/\/light24.ee\/fi\/shop\/#listItem","name":"Verkkokauppa"}},{"@type":"ListItem","@id":"https:\/\/light24.ee\/fi\/product-category\/valisvalgustid\/postvalgustid\/#listItem","position":4,"name":"Pollarit","item":"https:\/\/light24.ee\/fi\/product-category\/valisvalgustid\/postvalgustid\/","nextItem":{"@type":"ListItem","@id":"https:\/\/light24.ee\/fi\/toode\/valisvalgustid\/postvalgustid\/redo-nivalis-138w-3000k-ip65\/#listItem","name":"Redo Nivalis 13,8W 3000K IP65"},"previousItem":{"@type":"ListItem","@id":"https:\/\/light24.ee\/fi\/product-category\/valisvalgustid\/#listItem","name":"Ulkovalaisimet"}},{"@type":"ListItem","@id":"https:\/\/light24.ee\/fi\/toode\/valisvalgustid\/postvalgustid\/redo-nivalis-138w-3000k-ip65\/#listItem","position":5,"name":"Redo Nivalis 13,8W 3000K IP65","previousItem":{"@type":"ListItem","@id":"https:\/\/light24.ee\/fi\/product-category\/valisvalgustid\/postvalgustid\/#listItem","name":"Pollarit"}}]},{"@type":"Organization","@id":"https:\/\/light24.ee\/fi\/#organization","name":"Light24","description":"Valon tavaratalo | Ammatillinen valaistusratkaisut","url":"https:\/\/light24.ee\/fi\/","telephone":"+3725184133","logo":{"@type":"ImageObject","url":"https:\/\/www.light24.ee\/wp-content\/uploads\/2022\/03\/Shape-2-3.svg","@id":"https:\/\/light24.ee\/fi\/toode\/valisvalgustid\/postvalgustid\/redo-nivalis-138w-3000k-ip65\/#organizationLogo"},"image":{"@id":"https:\/\/light24.ee\/fi\/toode\/valisvalgustid\/postvalgustid\/redo-nivalis-138w-3000k-ip65\/#organizationLogo"},"sameAs":["https:\/\/www.facebook.com\/light24.ee","https:\/\/www.instagram.com\/light24official\/"]},{"@type":"ProductGroup","@id":"https:\/\/light24.ee\/fi\/toode\/valisvalgustid\/postvalgustid\/redo-nivalis-138w-3000k-ip65\/#wooCommerceProduct","name":"Redo Nivalis 13,8W 3000K IP65","url":"https:\/\/light24.ee\/fi\/toode\/valisvalgustid\/postvalgustid\/redo-nivalis-138w-3000k-ip65\/","sku":"RED100426-1","image":{"@type":"ImageObject","url":"https:\/\/light24.ee\/wp-content\/uploads\/2025\/09\/corten-1.jpg","@id":"https:\/\/light24.ee\/fi\/toode\/valisvalgustid\/postvalgustid\/redo-nivalis-138w-3000k-ip65\/#productImage","width":1000,"height":1000},"productGroupID":150636,"hasVariant":[{"@type":"Product","@id":"https:\/\/light24.ee\/fi\/toode\/valisvalgustid\/postvalgustid\/redo-nivalis-138w-3000k-ip65\/#wooCommerceProduct","name":"Redo Nivalis 13,8W 3000K IP65 - tumehall","url":"https:\/\/light24.ee\/fi\/toode\/valisvalgustid\/postvalgustid\/redo-nivalis-138w-3000k-ip65\/","sku":"RED100426-1","image":{"@type":"ImageObject","url":"https:\/\/light24.ee\/wp-content\/uploads\/2025\/09\/dark-grey-4.jpg","@id":"https:\/\/light24.ee\/fi\/toode\/valisvalgustid\/postvalgustid\/redo-nivalis-138w-3000k-ip65\/#productImage","width":1000,"height":1000},"offers":{"@type":"Offer","url":"https:\/\/light24.ee\/fi\/toode\/valisvalgustid\/postvalgustid\/redo-nivalis-138w-3000k-ip65\/#wooCommerceOffer","price":"124","priceCurrency":"EUR","category":"Ulkovalaisimet","availability":"https:\/\/schema.org\/InStock","priceSpecification":{"@type":"PriceSpecification","price":124,"priceCurrency":"EUR","valueAddedTaxIncluded":"true"}}},{"@type":"Product","@id":"https:\/\/light24.ee\/fi\/toode\/valisvalgustid\/postvalgustid\/redo-nivalis-138w-3000k-ip65\/#wooCommerceProduct","name":"Redo Nivalis 13,8W 3000K IP65 - rooste","url":"https:\/\/light24.ee\/fi\/toode\/valisvalgustid\/postvalgustid\/redo-nivalis-138w-3000k-ip65\/","sku":"RED100426-1","image":{"@type":"ImageObject","url":"https:\/\/light24.ee\/wp-content\/uploads\/2025\/09\/corten-1.jpg","@id":"https:\/\/light24.ee\/fi\/toode\/valisvalgustid\/postvalgustid\/redo-nivalis-138w-3000k-ip65\/#productImage","width":1000,"height":1000},"offers":{"@type":"Offer","url":"https:\/\/light24.ee\/fi\/toode\/valisvalgustid\/postvalgustid\/redo-nivalis-138w-3000k-ip65\/#wooCommerceOffer","price":"124","priceCurrency":"EUR","category":"Ulkovalaisimet","availability":"https:\/\/schema.org\/InStock","priceSpecification":{"@type":"PriceSpecification","price":124,"priceCurrency":"EUR","valueAddedTaxIncluded":"true"}}},{"@type":"Product","@id":"https:\/\/light24.ee\/fi\/toode\/valisvalgustid\/postvalgustid\/redo-nivalis-138w-3000k-ip65\/#wooCommerceProduct","name":"Redo Nivalis 13,8W 3000K IP65 - roheline-2","url":"https:\/\/light24.ee\/fi\/toode\/valisvalgustid\/postvalgustid\/redo-nivalis-138w-3000k-ip65\/","sku":"RED100426-1","image":{"@type":"ImageObject","url":"https:\/\/light24.ee\/wp-content\/uploads\/2025\/09\/dark-green.jpg","@id":"https:\/\/light24.ee\/fi\/toode\/valisvalgustid\/postvalgustid\/redo-nivalis-138w-3000k-ip65\/#productImage","width":1000,"height":1000},"offers":{"@type":"Offer","url":"https:\/\/light24.ee\/fi\/toode\/valisvalgustid\/postvalgustid\/redo-nivalis-138w-3000k-ip65\/#wooCommerceOffer","price":"124","priceCurrency":"EUR","category":"Ulkovalaisimet","availability":"https:\/\/schema.org\/InStock","priceSpecification":{"@type":"PriceSpecification","price":124,"priceCurrency":"EUR","valueAddedTaxIncluded":"true"}}}]},{"@type":"WebPage","@id":"https:\/\/light24.ee\/fi\/toode\/valisvalgustid\/postvalgustid\/redo-nivalis-138w-3000k-ip65\/#webpage","url":"https:\/\/light24.ee\/fi\/toode\/valisvalgustid\/postvalgustid\/redo-nivalis-138w-3000k-ip65\/","name":"Redo Nivalis 13,8W 3000K IP65 \u2022 Light24","description":"Anteeksi, mutta t\u00e4m\u00e4 kirjoitus on saatavana ainoastaan n\u00e4ill\u00e4 kielill\u00e4: Eesti.","inLanguage":"fi","isPartOf":{"@id":"https:\/\/light24.ee\/fi\/#website"},"breadcrumb":{"@id":"https:\/\/light24.ee\/fi\/toode\/valisvalgustid\/postvalgustid\/redo-nivalis-138w-3000k-ip65\/#breadcrumblist"},"image":{"@type":"ImageObject","url":"https:\/\/light24.ee\/wp-content\/uploads\/2025\/09\/corten-1.jpg","@id":"https:\/\/light24.ee\/fi\/toode\/valisvalgustid\/postvalgustid\/redo-nivalis-138w-3000k-ip65\/#mainImage","width":1000,"height":1000},"primaryImageOfPage":{"@id":"https:\/\/light24.ee\/fi\/toode\/valisvalgustid\/postvalgustid\/redo-nivalis-138w-3000k-ip65\/#mainImage"},"datePublished":"2025-09-04T09:51:25+03:00","dateModified":"2025-09-04T10:10:09+03:00"},{"@type":"WebSite","@id":"https:\/\/light24.ee\/fi\/#website","url":"https:\/\/light24.ee\/fi\/","name":"Light24","description":"Valon tavaratalo | Ammatillinen valaistusratkaisut","inLanguage":"fi","publisher":{"@id":"https:\/\/light24.ee\/fi\/#organization"}}]},"og:locale":"fi_FI","og:site_name":"Light24 \u2022 Valon tavaratalo | Ammatillinen valaistusratkaisut","og:type":"article","og:title":"Redo Nivalis 13,8W 3000K IP65 \u2022 Light24","og:description":"Anteeksi, mutta t\u00e4m\u00e4 kirjoitus on saatavana ainoastaan n\u00e4ill\u00e4 kielill\u00e4: Eesti.","og:url":"https:\/\/light24.ee\/fi\/toode\/valisvalgustid\/postvalgustid\/redo-nivalis-138w-3000k-ip65\/","og:image":"https:\/\/light24.ee\/wp-content\/uploads\/2025\/09\/corten-1.jpg","og:image:secure_url":"https:\/\/light24.ee\/wp-content\/uploads\/2025\/09\/corten-1.jpg","og:image:width":1000,"og:image:height":1000,"article:published_time":"2025-09-04T06:51:25+00:00","article:modified_time":"2025-09-04T07:10:09+00:00","article:publisher":"https:\/\/www.facebook.com\/light24.ee","twitter:card":"summary","twitter:title":"Redo Nivalis 13,8W 3000K IP65 \u2022 Light24","twitter:description":"Anteeksi, mutta t\u00e4m\u00e4 kirjoitus on saatavana ainoastaan n\u00e4ill\u00e4 kielill\u00e4: Eesti.","twitter:image":"https:\/\/light24.ee\/wp-content\/uploads\/2025\/09\/corten-1.jpg"},"aioseo_meta_data":{"post_id":"150636","title":null,"description":null,"keywords":null,"keyphrases":{"focus":{"keyphrase":"","score":0,"analysis":{"keyphraseInTitle":{"score":0,"maxScore":9,"error":1}}},"additional":[]},"primary_term":null,"canonical_url":null,"og_title":null,"og_description":null,"og_object_type":"default","og_image_type":"default","og_image_url":null,"og_image_width":null,"og_image_height":null,"og_image_custom_url":null,"og_image_custom_fields":null,"og_video":"","og_custom_url":null,"og_article_section":null,"og_article_tags":null,"twitter_use_og":false,"twitter_card":"default","twitter_image_type":"default","twitter_image_url":null,"twitter_image_custom_url":null,"twitter_image_custom_fields":null,"twitter_title":null,"twitter_description":null,"schema":{"blockGraphs":[],"customGraphs":[],"default":{"data":{"Article":[],"Course":[],"Dataset":[],"FAQPage":[],"Movie":[],"Person":[],"Product":[],"ProductReview":[],"Car":[],"Recipe":[],"Service":[],"SoftwareApplication":[],"WebPage":[]},"graphName":"Product","isEnabled":true},"graphs":[]},"schema_type":"default","schema_type_options":null,"pillar_content":false,"robots_default":true,"robots_noindex":false,"robots_noarchive":false,"robots_nosnippet":false,"robots_nofollow":false,"robots_noimageindex":false,"robots_noodp":false,"robots_notranslate":false,"robots_max_snippet":"-1","robots_max_videopreview":"-1","robots_max_imagepreview":"large","priority":null,"frequency":"default","local_seo":null,"seo_analyzer_scan_date":"2025-10-27 16:58:48","breadcrumb_settings":null,"limit_modified_date":false,"reviewed_by":null,"open_ai":"{\"title\":{\"suggestions\":[],\"usage\":0},\"description\":{\"suggestions\":[],\"usage\":0}}","ai":{"faqs":[],"keyPoints":[],"titles":[],"descriptions":[],"socialPosts":{"email":[],"linkedin":[],"twitter":[],"facebook":[],"instagram":[]}},"created":"2025-09-04 06:51:25","updated":"2025-10-27 16:58:48"},"aioseo_breadcrumb":"<div class=\"aioseo-breadcrumbs\"><span class=\"aioseo-breadcrumb\">\n\t<a href=\"https:\/\/light24.ee\/fi\" title=\"Home\">Home<\/a>\n<\/span><span class=\"aioseo-breadcrumb-separator\">&raquo;<\/span><span class=\"aioseo-breadcrumb\">\n\t<a href=\"https:\/\/light24.ee\/fi\/shop\/\" title=\"Verkkokauppa\">Verkkokauppa<\/a>\n<\/span><span class=\"aioseo-breadcrumb-separator\">&raquo;<\/span><span class=\"aioseo-breadcrumb\">\n\t<a href=\"https:\/\/light24.ee\/fi\/product-category\/valisvalgustid\/\" title=\"Ulkovalaisimet\">Ulkovalaisimet<\/a>\n<\/span><span class=\"aioseo-breadcrumb-separator\">&raquo;<\/span><span class=\"aioseo-breadcrumb\">\n\t<a href=\"https:\/\/light24.ee\/fi\/product-category\/valisvalgustid\/postvalgustid\/\" title=\"Pollarit\">Pollarit<\/a>\n<\/span><span class=\"aioseo-breadcrumb-separator\">&raquo;<\/span><span class=\"aioseo-breadcrumb\">\n\tRedo Nivalis 13,8W 3000K IP65\n<\/span><\/div>","aioseo_breadcrumb_json":[{"label":"Home","link":"https:\/\/light24.ee\/fi"},{"label":"Verkkokauppa","link":"https:\/\/light24.ee\/fi\/shop\/"},{"label":"Ulkovalaisimet","link":"https:\/\/light24.ee\/fi\/product-category\/valisvalgustid\/"},{"label":"Pollarit","link":"https:\/\/light24.ee\/fi\/product-category\/valisvalgustid\/postvalgustid\/"},{"label":"Redo Nivalis 13,8W 3000K IP65","link":"https:\/\/light24.ee\/fi\/toode\/valisvalgustid\/postvalgustid\/redo-nivalis-138w-3000k-ip65\/"}],"_links":{"self":[{"href":"https:\/\/light24.ee\/fi\/wp-json\/wp\/v2\/product\/150636","targetHints":{"allow":["GET"]}}],"collection":[{"href":"https:\/\/light24.ee\/fi\/wp-json\/wp\/v2\/product"}],"about":[{"href":"https:\/\/light24.ee\/fi\/wp-json\/wp\/v2\/types\/product"}],"replies":[{"embeddable":true,"href":"https:\/\/light24.ee\/fi\/wp-json\/wp\/v2\/comments?post=150636"}],"wp:featuredmedia":[{"embeddable":true,"href":"https:\/\/light24.ee\/fi\/wp-json\/wp\/v2\/media\/150629"}],"wp:attachment":[{"href":"https:\/\/light24.ee\/fi\/wp-json\/wp\/v2\/media?parent=150636"}],"wp:term":[{"taxonomy":"product_cat","embeddable":true,"href":"https:\/\/light24.ee\/fi\/wp-json\/wp\/v2\/product_cat?post=150636"},{"taxonomy":"product_tag","embeddable":true,"href":"https:\/\/light24.ee\/fi\/wp-json\/wp\/v2\/product_tag?post=150636"}],"curies":[{"name":"wp","href":"https:\/\/api.w.org\/{rel}","templated":true}]}}