{"id":73476,"date":"2022-11-16T18:53:22","date_gmt":"2022-11-16T16:53:22","guid":{"rendered":"https:\/\/www.light24.ee\/?post_type=product&#038;p=73476"},"modified":"2025-02-04T08:23:23","modified_gmt":"2025-02-04T06:23:23","slug":"niiskuskindel-suvisvalgusti-cyklop","status":"publish","type":"product","link":"https:\/\/light24.ee\/fi\/toode\/vannitoa_valgustid\/suvisvalgustid-niiskete-ruumide-valgustid\/niiskuskindel-suvisvalgusti-cyklop\/","title":{"rendered":"CYKLOP 12W LED 3000K IP65"},"content":{"rendered":"<p class=\"qtranxs-available-languages-message qtranxs-available-languages-message-fi\">Anteeksi, mutta t\u00e4m\u00e4 kirjoitus on saatavana ainoastaan n\u00e4ill\u00e4 kielill\u00e4: <a href=\"https:\/\/light24.ee\/et\/wp-json\/wp\/v2\/product\/73476\" class=\"qtranxs-available-language-link qtranxs-available-language-link-et\" title=\"Eesti\">Eesti<\/a>.<\/p>","protected":false},"excerpt":{"rendered":"<p>Anteeksi, mutta t\u00e4m\u00e4 kirjoitus on saatavana ainoastaan n\u00e4ill\u00e4 kielill\u00e4: Eesti.<\/p>\n","protected":false},"featured_media":73477,"comment_status":"closed","ping_status":"closed","template":"","meta":{"_acf_changed":false},"product_cat":[2902,2019],"product_tag":[1913],"class_list":{"0":"post-73476","1":"product","2":"type-product","3":"status-publish","4":"has-post-thumbnail","6":"product_cat-vannitoa_valgustid","7":"product_cat-suvisvalgustid-niiskete-ruumide-valgustid","8":"product_tag-maxlight","9":"product_shipping_class-small","10":"pa_ip-kaitseklass-1819","11":"pa_materjal-alumiinium","12":"pa_ruumid-vannituba","13":"pa_tarneaeg-7-paeva","14":"pa_tehnilised-andmed-12w-led-3000k","15":"pa_valgusallikas-komplektis-jah","16":"pa_varv-must","17":"pa_varv-valge","19":"first","20":"instock","21":"taxable","22":"shipping-taxable","23":"purchasable","24":"product-type-variable"},"acf":[],"aioseo_notices":[],"aioseo_head":"\n\t\t<!-- All in One SEO Pro 4.9.5.2 - aioseo.com -->\n\t<meta name=\"description\" content=\"Anteeksi, mutta t\u00e4m\u00e4 kirjoitus on saatavana ainoastaan n\u00e4ill\u00e4 kielill\u00e4: Eesti.\" \/>\n\t<meta name=\"robots\" content=\"max-image-preview:large\" \/>\n\t<meta name=\"google-site-verification\" content=\"nxgDPK3Ouk6bwvuxlwlzeMOKszmf-8m57RDu5zAgN-Y\" \/>\n\t<link rel=\"canonical\" href=\"https:\/\/light24.ee\/fi\/toode\/vannitoa_valgustid\/suvisvalgustid-niiskete-ruumide-valgustid\/niiskuskindel-suvisvalgusti-cyklop\/\" \/>\n\t<meta name=\"generator\" content=\"All in One SEO Pro (AIOSEO) 4.9.5.2\" \/>\n\t\t<meta property=\"og:locale\" content=\"fi_FI\" \/>\n\t\t<meta property=\"og:site_name\" content=\"Light24 \u2022 Valon tavaratalo | Ammatillinen valaistusratkaisut\" \/>\n\t\t<meta property=\"og:type\" content=\"article\" \/>\n\t\t<meta property=\"og:title\" content=\"CYKLOP 12W LED 3000K IP65 \u2022 Light24\" \/>\n\t\t<meta property=\"og:description\" content=\"Anteeksi, mutta t\u00e4m\u00e4 kirjoitus on saatavana ainoastaan n\u00e4ill\u00e4 kielill\u00e4: Eesti.\" \/>\n\t\t<meta property=\"og:url\" content=\"https:\/\/light24.ee\/fi\/toode\/vannitoa_valgustid\/suvisvalgustid-niiskete-ruumide-valgustid\/niiskuskindel-suvisvalgusti-cyklop\/\" \/>\n\t\t<meta property=\"og:image\" content=\"https:\/\/light24.ee\/wp-content\/uploads\/2020\/11\/1-31.jpg\" \/>\n\t\t<meta property=\"og:image:secure_url\" content=\"https:\/\/light24.ee\/wp-content\/uploads\/2020\/11\/1-31.jpg\" \/>\n\t\t<meta property=\"og:image:width\" content=\"654\" \/>\n\t\t<meta property=\"og:image:height\" content=\"654\" \/>\n\t\t<meta property=\"article:published_time\" content=\"2022-11-16T16:53:22+00:00\" \/>\n\t\t<meta property=\"article:modified_time\" content=\"2025-02-04T06:23:23+00:00\" \/>\n\t\t<meta property=\"article:publisher\" content=\"https:\/\/www.facebook.com\/light24.ee\" \/>\n\t\t<meta name=\"twitter:card\" content=\"summary\" \/>\n\t\t<meta name=\"twitter:title\" content=\"CYKLOP 12W LED 3000K IP65 \u2022 Light24\" \/>\n\t\t<meta name=\"twitter:description\" content=\"Anteeksi, mutta t\u00e4m\u00e4 kirjoitus on saatavana ainoastaan n\u00e4ill\u00e4 kielill\u00e4: Eesti.\" \/>\n\t\t<meta name=\"twitter:image\" content=\"https:\/\/light24.ee\/wp-content\/uploads\/2020\/11\/1-31.jpg\" \/>\n\t\t<script type=\"application\/ld+json\" class=\"aioseo-schema\">\n\t\t\t{\"@context\":\"https:\\\/\\\/schema.org\",\"@graph\":[{\"@type\":\"BreadcrumbList\",\"@id\":\"https:\\\/\\\/light24.ee\\\/fi\\\/toode\\\/vannitoa_valgustid\\\/suvisvalgustid-niiskete-ruumide-valgustid\\\/niiskuskindel-suvisvalgusti-cyklop\\\/#breadcrumblist\",\"itemListElement\":[{\"@type\":\"ListItem\",\"@id\":\"https:\\\/\\\/light24.ee\\\/fi#listItem\",\"position\":1,\"name\":\"Home\",\"item\":\"https:\\\/\\\/light24.ee\\\/fi\",\"nextItem\":{\"@type\":\"ListItem\",\"@id\":\"https:\\\/\\\/light24.ee\\\/fi\\\/shop\\\/#listItem\",\"name\":\"Verkkokauppa\"}},{\"@type\":\"ListItem\",\"@id\":\"https:\\\/\\\/light24.ee\\\/fi\\\/shop\\\/#listItem\",\"position\":2,\"name\":\"Verkkokauppa\",\"item\":\"https:\\\/\\\/light24.ee\\\/fi\\\/shop\\\/\",\"nextItem\":{\"@type\":\"ListItem\",\"@id\":\"https:\\\/\\\/light24.ee\\\/fi\\\/product-category\\\/vannitoa_valgustid\\\/#listItem\",\"name\":\"Kylpyhuoneen valaistus\"},\"previousItem\":{\"@type\":\"ListItem\",\"@id\":\"https:\\\/\\\/light24.ee\\\/fi#listItem\",\"name\":\"Home\"}},{\"@type\":\"ListItem\",\"@id\":\"https:\\\/\\\/light24.ee\\\/fi\\\/product-category\\\/vannitoa_valgustid\\\/#listItem\",\"position\":3,\"name\":\"Kylpyhuoneen valaistus\",\"item\":\"https:\\\/\\\/light24.ee\\\/fi\\\/product-category\\\/vannitoa_valgustid\\\/\",\"nextItem\":{\"@type\":\"ListItem\",\"@id\":\"https:\\\/\\\/light24.ee\\\/fi\\\/product-category\\\/vannitoa_valgustid\\\/suvisvalgustid-niiskete-ruumide-valgustid\\\/#listItem\",\"name\":\"Kylpyhuoneen upotetut valaisimet\"},\"previousItem\":{\"@type\":\"ListItem\",\"@id\":\"https:\\\/\\\/light24.ee\\\/fi\\\/shop\\\/#listItem\",\"name\":\"Verkkokauppa\"}},{\"@type\":\"ListItem\",\"@id\":\"https:\\\/\\\/light24.ee\\\/fi\\\/product-category\\\/vannitoa_valgustid\\\/suvisvalgustid-niiskete-ruumide-valgustid\\\/#listItem\",\"position\":4,\"name\":\"Kylpyhuoneen upotetut valaisimet\",\"item\":\"https:\\\/\\\/light24.ee\\\/fi\\\/product-category\\\/vannitoa_valgustid\\\/suvisvalgustid-niiskete-ruumide-valgustid\\\/\",\"nextItem\":{\"@type\":\"ListItem\",\"@id\":\"https:\\\/\\\/light24.ee\\\/fi\\\/toode\\\/vannitoa_valgustid\\\/suvisvalgustid-niiskete-ruumide-valgustid\\\/niiskuskindel-suvisvalgusti-cyklop\\\/#listItem\",\"name\":\"CYKLOP 12W LED 3000K IP65\"},\"previousItem\":{\"@type\":\"ListItem\",\"@id\":\"https:\\\/\\\/light24.ee\\\/fi\\\/product-category\\\/vannitoa_valgustid\\\/#listItem\",\"name\":\"Kylpyhuoneen valaistus\"}},{\"@type\":\"ListItem\",\"@id\":\"https:\\\/\\\/light24.ee\\\/fi\\\/toode\\\/vannitoa_valgustid\\\/suvisvalgustid-niiskete-ruumide-valgustid\\\/niiskuskindel-suvisvalgusti-cyklop\\\/#listItem\",\"position\":5,\"name\":\"CYKLOP 12W LED 3000K IP65\",\"previousItem\":{\"@type\":\"ListItem\",\"@id\":\"https:\\\/\\\/light24.ee\\\/fi\\\/product-category\\\/vannitoa_valgustid\\\/suvisvalgustid-niiskete-ruumide-valgustid\\\/#listItem\",\"name\":\"Kylpyhuoneen upotetut valaisimet\"}}]},{\"@type\":\"Organization\",\"@id\":\"https:\\\/\\\/light24.ee\\\/fi\\\/#organization\",\"name\":\"Light24\",\"description\":\"Valon tavaratalo | Ammatillinen valaistusratkaisut\",\"url\":\"https:\\\/\\\/light24.ee\\\/fi\\\/\",\"telephone\":\"+3725184133\",\"logo\":{\"@type\":\"ImageObject\",\"url\":\"https:\\\/\\\/www.light24.ee\\\/wp-content\\\/uploads\\\/2022\\\/03\\\/Shape-2-3.svg\",\"@id\":\"https:\\\/\\\/light24.ee\\\/fi\\\/toode\\\/vannitoa_valgustid\\\/suvisvalgustid-niiskete-ruumide-valgustid\\\/niiskuskindel-suvisvalgusti-cyklop\\\/#organizationLogo\"},\"image\":{\"@id\":\"https:\\\/\\\/light24.ee\\\/fi\\\/toode\\\/vannitoa_valgustid\\\/suvisvalgustid-niiskete-ruumide-valgustid\\\/niiskuskindel-suvisvalgusti-cyklop\\\/#organizationLogo\"},\"sameAs\":[\"https:\\\/\\\/www.facebook.com\\\/light24.ee\",\"https:\\\/\\\/www.instagram.com\\\/light24official\\\/\"]},{\"@type\":\"ProductGroup\",\"@id\":\"https:\\\/\\\/light24.ee\\\/fi\\\/toode\\\/vannitoa_valgustid\\\/suvisvalgustid-niiskete-ruumide-valgustid\\\/niiskuskindel-suvisvalgusti-cyklop\\\/#wooCommerceProduct\",\"name\":\"CYKLOP 12W LED 3000K IP65\",\"url\":\"https:\\\/\\\/light24.ee\\\/fi\\\/toode\\\/vannitoa_valgustid\\\/suvisvalgustid-niiskete-ruumide-valgustid\\\/niiskuskindel-suvisvalgusti-cyklop\\\/\",\"sku\":\"MXL112682\",\"image\":{\"@type\":\"ImageObject\",\"url\":\"https:\\\/\\\/light24.ee\\\/wp-content\\\/uploads\\\/2020\\\/11\\\/1-31.jpg\",\"@id\":\"https:\\\/\\\/light24.ee\\\/fi\\\/toode\\\/vannitoa_valgustid\\\/suvisvalgustid-niiskete-ruumide-valgustid\\\/niiskuskindel-suvisvalgusti-cyklop\\\/#productImage\",\"width\":654,\"height\":654},\"productGroupID\":73476,\"hasVariant\":[{\"@type\":\"Product\",\"@id\":\"https:\\\/\\\/light24.ee\\\/fi\\\/toode\\\/vannitoa_valgustid\\\/suvisvalgustid-niiskete-ruumide-valgustid\\\/niiskuskindel-suvisvalgusti-cyklop\\\/#wooCommerceProduct\",\"name\":\"CYKLOP 12W LED 3000K IP65 - valge\",\"url\":\"https:\\\/\\\/light24.ee\\\/fi\\\/toode\\\/vannitoa_valgustid\\\/suvisvalgustid-niiskete-ruumide-valgustid\\\/niiskuskindel-suvisvalgusti-cyklop\\\/\",\"sku\":\"MXL112682\",\"image\":{\"@type\":\"ImageObject\",\"url\":\"https:\\\/\\\/light24.ee\\\/wp-content\\\/uploads\\\/2020\\\/11\\\/4-19.jpg\",\"@id\":\"https:\\\/\\\/light24.ee\\\/fi\\\/toode\\\/vannitoa_valgustid\\\/suvisvalgustid-niiskete-ruumide-valgustid\\\/niiskuskindel-suvisvalgusti-cyklop\\\/#productImage\",\"width\":652,\"height\":652},\"offers\":{\"@type\":\"Offer\",\"url\":\"https:\\\/\\\/light24.ee\\\/fi\\\/toode\\\/vannitoa_valgustid\\\/suvisvalgustid-niiskete-ruumide-valgustid\\\/niiskuskindel-suvisvalgusti-cyklop\\\/#wooCommerceOffer\",\"price\":\"58\",\"priceCurrency\":\"EUR\",\"category\":\"Kylpyhuoneen valaistus\",\"availability\":\"https:\\\/\\\/schema.org\\\/InStock\",\"priceSpecification\":{\"@type\":\"PriceSpecification\",\"price\":58,\"priceCurrency\":\"EUR\",\"valueAddedTaxIncluded\":\"true\"}}},{\"@type\":\"Product\",\"@id\":\"https:\\\/\\\/light24.ee\\\/fi\\\/toode\\\/vannitoa_valgustid\\\/suvisvalgustid-niiskete-ruumide-valgustid\\\/niiskuskindel-suvisvalgusti-cyklop\\\/#wooCommerceProduct\",\"name\":\"CYKLOP 12W LED 3000K IP65 - must\",\"url\":\"https:\\\/\\\/light24.ee\\\/fi\\\/toode\\\/vannitoa_valgustid\\\/suvisvalgustid-niiskete-ruumide-valgustid\\\/niiskuskindel-suvisvalgusti-cyklop\\\/\",\"sku\":\"MXL112682\",\"image\":{\"@type\":\"ImageObject\",\"url\":\"https:\\\/\\\/light24.ee\\\/wp-content\\\/uploads\\\/2020\\\/11\\\/1-31.jpg\",\"@id\":\"https:\\\/\\\/light24.ee\\\/fi\\\/toode\\\/vannitoa_valgustid\\\/suvisvalgustid-niiskete-ruumide-valgustid\\\/niiskuskindel-suvisvalgusti-cyklop\\\/#productImage\",\"width\":654,\"height\":654},\"offers\":{\"@type\":\"Offer\",\"url\":\"https:\\\/\\\/light24.ee\\\/fi\\\/toode\\\/vannitoa_valgustid\\\/suvisvalgustid-niiskete-ruumide-valgustid\\\/niiskuskindel-suvisvalgusti-cyklop\\\/#wooCommerceOffer\",\"price\":\"58\",\"priceCurrency\":\"EUR\",\"category\":\"Kylpyhuoneen valaistus\",\"availability\":\"https:\\\/\\\/schema.org\\\/InStock\",\"priceSpecification\":{\"@type\":\"PriceSpecification\",\"price\":58,\"priceCurrency\":\"EUR\",\"valueAddedTaxIncluded\":\"true\"}}}]},{\"@type\":\"WebPage\",\"@id\":\"https:\\\/\\\/light24.ee\\\/fi\\\/toode\\\/vannitoa_valgustid\\\/suvisvalgustid-niiskete-ruumide-valgustid\\\/niiskuskindel-suvisvalgusti-cyklop\\\/#webpage\",\"url\":\"https:\\\/\\\/light24.ee\\\/fi\\\/toode\\\/vannitoa_valgustid\\\/suvisvalgustid-niiskete-ruumide-valgustid\\\/niiskuskindel-suvisvalgusti-cyklop\\\/\",\"name\":\"CYKLOP 12W LED 3000K IP65 \\u2022 Light24\",\"description\":\"Anteeksi, mutta t\\u00e4m\\u00e4 kirjoitus on saatavana ainoastaan n\\u00e4ill\\u00e4 kielill\\u00e4: Eesti.\",\"inLanguage\":\"fi\",\"isPartOf\":{\"@id\":\"https:\\\/\\\/light24.ee\\\/fi\\\/#website\"},\"breadcrumb\":{\"@id\":\"https:\\\/\\\/light24.ee\\\/fi\\\/toode\\\/vannitoa_valgustid\\\/suvisvalgustid-niiskete-ruumide-valgustid\\\/niiskuskindel-suvisvalgusti-cyklop\\\/#breadcrumblist\"},\"image\":{\"@type\":\"ImageObject\",\"url\":\"https:\\\/\\\/light24.ee\\\/wp-content\\\/uploads\\\/2020\\\/11\\\/1-31.jpg\",\"@id\":\"https:\\\/\\\/light24.ee\\\/fi\\\/toode\\\/vannitoa_valgustid\\\/suvisvalgustid-niiskete-ruumide-valgustid\\\/niiskuskindel-suvisvalgusti-cyklop\\\/#mainImage\",\"width\":654,\"height\":654},\"primaryImageOfPage\":{\"@id\":\"https:\\\/\\\/light24.ee\\\/fi\\\/toode\\\/vannitoa_valgustid\\\/suvisvalgustid-niiskete-ruumide-valgustid\\\/niiskuskindel-suvisvalgusti-cyklop\\\/#mainImage\"},\"datePublished\":\"2022-11-16T18:53:22+02:00\",\"dateModified\":\"2025-02-04T08:23:23+02:00\"},{\"@type\":\"WebSite\",\"@id\":\"https:\\\/\\\/light24.ee\\\/fi\\\/#website\",\"url\":\"https:\\\/\\\/light24.ee\\\/fi\\\/\",\"name\":\"Light24\",\"description\":\"Valon tavaratalo | Ammatillinen valaistusratkaisut\",\"inLanguage\":\"fi\",\"publisher\":{\"@id\":\"https:\\\/\\\/light24.ee\\\/fi\\\/#organization\"}}]}\n\t\t<\/script>\n\t\t<!-- All in One SEO Pro -->\r\n\t\t<title>CYKLOP 12W LED 3000K IP65 \u2022 Light24<\/title>\n\n","aioseo_head_json":{"title":"CYKLOP 12W LED 3000K IP65 \u2022 Light24","description":"Anteeksi, mutta t\u00e4m\u00e4 kirjoitus on saatavana ainoastaan n\u00e4ill\u00e4 kielill\u00e4: Eesti.","canonical_url":"https:\/\/light24.ee\/fi\/toode\/vannitoa_valgustid\/suvisvalgustid-niiskete-ruumide-valgustid\/niiskuskindel-suvisvalgusti-cyklop\/","robots":"max-image-preview:large","keywords":"","webmasterTools":{"google-site-verification":"nxgDPK3Ouk6bwvuxlwlzeMOKszmf-8m57RDu5zAgN-Y","miscellaneous":""},"schema":{"@context":"https:\/\/schema.org","@graph":[{"@type":"BreadcrumbList","@id":"https:\/\/light24.ee\/fi\/toode\/vannitoa_valgustid\/suvisvalgustid-niiskete-ruumide-valgustid\/niiskuskindel-suvisvalgusti-cyklop\/#breadcrumblist","itemListElement":[{"@type":"ListItem","@id":"https:\/\/light24.ee\/fi#listItem","position":1,"name":"Home","item":"https:\/\/light24.ee\/fi","nextItem":{"@type":"ListItem","@id":"https:\/\/light24.ee\/fi\/shop\/#listItem","name":"Verkkokauppa"}},{"@type":"ListItem","@id":"https:\/\/light24.ee\/fi\/shop\/#listItem","position":2,"name":"Verkkokauppa","item":"https:\/\/light24.ee\/fi\/shop\/","nextItem":{"@type":"ListItem","@id":"https:\/\/light24.ee\/fi\/product-category\/vannitoa_valgustid\/#listItem","name":"Kylpyhuoneen valaistus"},"previousItem":{"@type":"ListItem","@id":"https:\/\/light24.ee\/fi#listItem","name":"Home"}},{"@type":"ListItem","@id":"https:\/\/light24.ee\/fi\/product-category\/vannitoa_valgustid\/#listItem","position":3,"name":"Kylpyhuoneen valaistus","item":"https:\/\/light24.ee\/fi\/product-category\/vannitoa_valgustid\/","nextItem":{"@type":"ListItem","@id":"https:\/\/light24.ee\/fi\/product-category\/vannitoa_valgustid\/suvisvalgustid-niiskete-ruumide-valgustid\/#listItem","name":"Kylpyhuoneen upotetut valaisimet"},"previousItem":{"@type":"ListItem","@id":"https:\/\/light24.ee\/fi\/shop\/#listItem","name":"Verkkokauppa"}},{"@type":"ListItem","@id":"https:\/\/light24.ee\/fi\/product-category\/vannitoa_valgustid\/suvisvalgustid-niiskete-ruumide-valgustid\/#listItem","position":4,"name":"Kylpyhuoneen upotetut valaisimet","item":"https:\/\/light24.ee\/fi\/product-category\/vannitoa_valgustid\/suvisvalgustid-niiskete-ruumide-valgustid\/","nextItem":{"@type":"ListItem","@id":"https:\/\/light24.ee\/fi\/toode\/vannitoa_valgustid\/suvisvalgustid-niiskete-ruumide-valgustid\/niiskuskindel-suvisvalgusti-cyklop\/#listItem","name":"CYKLOP 12W LED 3000K IP65"},"previousItem":{"@type":"ListItem","@id":"https:\/\/light24.ee\/fi\/product-category\/vannitoa_valgustid\/#listItem","name":"Kylpyhuoneen valaistus"}},{"@type":"ListItem","@id":"https:\/\/light24.ee\/fi\/toode\/vannitoa_valgustid\/suvisvalgustid-niiskete-ruumide-valgustid\/niiskuskindel-suvisvalgusti-cyklop\/#listItem","position":5,"name":"CYKLOP 12W LED 3000K IP65","previousItem":{"@type":"ListItem","@id":"https:\/\/light24.ee\/fi\/product-category\/vannitoa_valgustid\/suvisvalgustid-niiskete-ruumide-valgustid\/#listItem","name":"Kylpyhuoneen upotetut valaisimet"}}]},{"@type":"Organization","@id":"https:\/\/light24.ee\/fi\/#organization","name":"Light24","description":"Valon tavaratalo | Ammatillinen valaistusratkaisut","url":"https:\/\/light24.ee\/fi\/","telephone":"+3725184133","logo":{"@type":"ImageObject","url":"https:\/\/www.light24.ee\/wp-content\/uploads\/2022\/03\/Shape-2-3.svg","@id":"https:\/\/light24.ee\/fi\/toode\/vannitoa_valgustid\/suvisvalgustid-niiskete-ruumide-valgustid\/niiskuskindel-suvisvalgusti-cyklop\/#organizationLogo"},"image":{"@id":"https:\/\/light24.ee\/fi\/toode\/vannitoa_valgustid\/suvisvalgustid-niiskete-ruumide-valgustid\/niiskuskindel-suvisvalgusti-cyklop\/#organizationLogo"},"sameAs":["https:\/\/www.facebook.com\/light24.ee","https:\/\/www.instagram.com\/light24official\/"]},{"@type":"ProductGroup","@id":"https:\/\/light24.ee\/fi\/toode\/vannitoa_valgustid\/suvisvalgustid-niiskete-ruumide-valgustid\/niiskuskindel-suvisvalgusti-cyklop\/#wooCommerceProduct","name":"CYKLOP 12W LED 3000K IP65","url":"https:\/\/light24.ee\/fi\/toode\/vannitoa_valgustid\/suvisvalgustid-niiskete-ruumide-valgustid\/niiskuskindel-suvisvalgusti-cyklop\/","sku":"MXL112682","image":{"@type":"ImageObject","url":"https:\/\/light24.ee\/wp-content\/uploads\/2020\/11\/1-31.jpg","@id":"https:\/\/light24.ee\/fi\/toode\/vannitoa_valgustid\/suvisvalgustid-niiskete-ruumide-valgustid\/niiskuskindel-suvisvalgusti-cyklop\/#productImage","width":654,"height":654},"productGroupID":73476,"hasVariant":[{"@type":"Product","@id":"https:\/\/light24.ee\/fi\/toode\/vannitoa_valgustid\/suvisvalgustid-niiskete-ruumide-valgustid\/niiskuskindel-suvisvalgusti-cyklop\/#wooCommerceProduct","name":"CYKLOP 12W LED 3000K IP65 - valge","url":"https:\/\/light24.ee\/fi\/toode\/vannitoa_valgustid\/suvisvalgustid-niiskete-ruumide-valgustid\/niiskuskindel-suvisvalgusti-cyklop\/","sku":"MXL112682","image":{"@type":"ImageObject","url":"https:\/\/light24.ee\/wp-content\/uploads\/2020\/11\/4-19.jpg","@id":"https:\/\/light24.ee\/fi\/toode\/vannitoa_valgustid\/suvisvalgustid-niiskete-ruumide-valgustid\/niiskuskindel-suvisvalgusti-cyklop\/#productImage","width":652,"height":652},"offers":{"@type":"Offer","url":"https:\/\/light24.ee\/fi\/toode\/vannitoa_valgustid\/suvisvalgustid-niiskete-ruumide-valgustid\/niiskuskindel-suvisvalgusti-cyklop\/#wooCommerceOffer","price":"58","priceCurrency":"EUR","category":"Kylpyhuoneen valaistus","availability":"https:\/\/schema.org\/InStock","priceSpecification":{"@type":"PriceSpecification","price":58,"priceCurrency":"EUR","valueAddedTaxIncluded":"true"}}},{"@type":"Product","@id":"https:\/\/light24.ee\/fi\/toode\/vannitoa_valgustid\/suvisvalgustid-niiskete-ruumide-valgustid\/niiskuskindel-suvisvalgusti-cyklop\/#wooCommerceProduct","name":"CYKLOP 12W LED 3000K IP65 - must","url":"https:\/\/light24.ee\/fi\/toode\/vannitoa_valgustid\/suvisvalgustid-niiskete-ruumide-valgustid\/niiskuskindel-suvisvalgusti-cyklop\/","sku":"MXL112682","image":{"@type":"ImageObject","url":"https:\/\/light24.ee\/wp-content\/uploads\/2020\/11\/1-31.jpg","@id":"https:\/\/light24.ee\/fi\/toode\/vannitoa_valgustid\/suvisvalgustid-niiskete-ruumide-valgustid\/niiskuskindel-suvisvalgusti-cyklop\/#productImage","width":654,"height":654},"offers":{"@type":"Offer","url":"https:\/\/light24.ee\/fi\/toode\/vannitoa_valgustid\/suvisvalgustid-niiskete-ruumide-valgustid\/niiskuskindel-suvisvalgusti-cyklop\/#wooCommerceOffer","price":"58","priceCurrency":"EUR","category":"Kylpyhuoneen valaistus","availability":"https:\/\/schema.org\/InStock","priceSpecification":{"@type":"PriceSpecification","price":58,"priceCurrency":"EUR","valueAddedTaxIncluded":"true"}}}]},{"@type":"WebPage","@id":"https:\/\/light24.ee\/fi\/toode\/vannitoa_valgustid\/suvisvalgustid-niiskete-ruumide-valgustid\/niiskuskindel-suvisvalgusti-cyklop\/#webpage","url":"https:\/\/light24.ee\/fi\/toode\/vannitoa_valgustid\/suvisvalgustid-niiskete-ruumide-valgustid\/niiskuskindel-suvisvalgusti-cyklop\/","name":"CYKLOP 12W LED 3000K IP65 \u2022 Light24","description":"Anteeksi, mutta t\u00e4m\u00e4 kirjoitus on saatavana ainoastaan n\u00e4ill\u00e4 kielill\u00e4: Eesti.","inLanguage":"fi","isPartOf":{"@id":"https:\/\/light24.ee\/fi\/#website"},"breadcrumb":{"@id":"https:\/\/light24.ee\/fi\/toode\/vannitoa_valgustid\/suvisvalgustid-niiskete-ruumide-valgustid\/niiskuskindel-suvisvalgusti-cyklop\/#breadcrumblist"},"image":{"@type":"ImageObject","url":"https:\/\/light24.ee\/wp-content\/uploads\/2020\/11\/1-31.jpg","@id":"https:\/\/light24.ee\/fi\/toode\/vannitoa_valgustid\/suvisvalgustid-niiskete-ruumide-valgustid\/niiskuskindel-suvisvalgusti-cyklop\/#mainImage","width":654,"height":654},"primaryImageOfPage":{"@id":"https:\/\/light24.ee\/fi\/toode\/vannitoa_valgustid\/suvisvalgustid-niiskete-ruumide-valgustid\/niiskuskindel-suvisvalgusti-cyklop\/#mainImage"},"datePublished":"2022-11-16T18:53:22+02:00","dateModified":"2025-02-04T08:23:23+02:00"},{"@type":"WebSite","@id":"https:\/\/light24.ee\/fi\/#website","url":"https:\/\/light24.ee\/fi\/","name":"Light24","description":"Valon tavaratalo | Ammatillinen valaistusratkaisut","inLanguage":"fi","publisher":{"@id":"https:\/\/light24.ee\/fi\/#organization"}}]},"og:locale":"fi_FI","og:site_name":"Light24 \u2022 Valon tavaratalo | Ammatillinen valaistusratkaisut","og:type":"article","og:title":"CYKLOP 12W LED 3000K IP65 \u2022 Light24","og:description":"Anteeksi, mutta t\u00e4m\u00e4 kirjoitus on saatavana ainoastaan n\u00e4ill\u00e4 kielill\u00e4: Eesti.","og:url":"https:\/\/light24.ee\/fi\/toode\/vannitoa_valgustid\/suvisvalgustid-niiskete-ruumide-valgustid\/niiskuskindel-suvisvalgusti-cyklop\/","og:image":"https:\/\/light24.ee\/wp-content\/uploads\/2020\/11\/1-31.jpg","og:image:secure_url":"https:\/\/light24.ee\/wp-content\/uploads\/2020\/11\/1-31.jpg","og:image:width":654,"og:image:height":654,"article:published_time":"2022-11-16T16:53:22+00:00","article:modified_time":"2025-02-04T06:23:23+00:00","article:publisher":"https:\/\/www.facebook.com\/light24.ee","twitter:card":"summary","twitter:title":"CYKLOP 12W LED 3000K IP65 \u2022 Light24","twitter:description":"Anteeksi, mutta t\u00e4m\u00e4 kirjoitus on saatavana ainoastaan n\u00e4ill\u00e4 kielill\u00e4: Eesti.","twitter:image":"https:\/\/light24.ee\/wp-content\/uploads\/2020\/11\/1-31.jpg"},"aioseo_meta_data":{"post_id":"73476","title":null,"description":null,"keywords":null,"keyphrases":{"focus":{"keyphrase":"","score":0,"analysis":{"keyphraseInTitle":{"score":0,"maxScore":9,"error":1}}},"additional":[]},"primary_term":null,"canonical_url":null,"og_title":null,"og_description":null,"og_object_type":"default","og_image_type":"default","og_image_url":null,"og_image_width":null,"og_image_height":null,"og_image_custom_url":null,"og_image_custom_fields":null,"og_video":"","og_custom_url":null,"og_article_section":null,"og_article_tags":null,"twitter_use_og":false,"twitter_card":"default","twitter_image_type":"default","twitter_image_url":null,"twitter_image_custom_url":null,"twitter_image_custom_fields":null,"twitter_title":null,"twitter_description":null,"schema":{"blockGraphs":[],"customGraphs":[],"default":{"data":{"Article":[],"Course":[],"Dataset":[],"FAQPage":[],"Movie":[],"Person":[],"Product":[],"ProductReview":[],"Car":[],"Recipe":[],"Service":[],"SoftwareApplication":[],"WebPage":[]},"graphName":"Product","isEnabled":true},"graphs":[],"defaultGraph":"WebPage","defaultPostTypeGraph":""},"schema_type":"default","schema_type_options":"{\"article\":{\"articleType\":\"BlogPosting\"},\"course\":{\"name\":\"\",\"description\":\"\",\"provider\":\"\"},\"faq\":{\"pages\":[]},\"product\":{\"reviews\":[]},\"recipe\":{\"ingredients\":[],\"instructions\":[],\"keywords\":[]},\"software\":{\"reviews\":[],\"operatingSystems\":[]},\"webPage\":{\"webPageType\":\"WebPage\"}}","pillar_content":false,"robots_default":true,"robots_noindex":false,"robots_noarchive":false,"robots_nosnippet":false,"robots_nofollow":false,"robots_noimageindex":false,"robots_noodp":false,"robots_notranslate":false,"robots_max_snippet":"-1","robots_max_videopreview":"-1","robots_max_imagepreview":"large","priority":null,"frequency":"default","local_seo":null,"seo_analyzer_scan_date":"2025-10-27 05:04:24","breadcrumb_settings":null,"limit_modified_date":false,"reviewed_by":null,"open_ai":"{\"title\":{\"suggestions\":[],\"usage\":0},\"description\":{\"suggestions\":[],\"usage\":0}}","ai":null,"created":"2022-02-17 16:10:48","updated":"2025-10-27 05:04:24"},"aioseo_breadcrumb":"<div class=\"aioseo-breadcrumbs\"><span class=\"aioseo-breadcrumb\">\n\t<a href=\"https:\/\/light24.ee\/fi\" title=\"Home\">Home<\/a>\n<\/span><span class=\"aioseo-breadcrumb-separator\">&raquo;<\/span><span class=\"aioseo-breadcrumb\">\n\t<a href=\"https:\/\/light24.ee\/fi\/shop\/\" title=\"Verkkokauppa\">Verkkokauppa<\/a>\n<\/span><span class=\"aioseo-breadcrumb-separator\">&raquo;<\/span><span class=\"aioseo-breadcrumb\">\n\t<a href=\"https:\/\/light24.ee\/fi\/product-category\/vannitoa_valgustid\/\" title=\"Kylpyhuoneen valaistus\">Kylpyhuoneen valaistus<\/a>\n<\/span><span class=\"aioseo-breadcrumb-separator\">&raquo;<\/span><span class=\"aioseo-breadcrumb\">\n\t<a href=\"https:\/\/light24.ee\/fi\/product-category\/vannitoa_valgustid\/suvisvalgustid-niiskete-ruumide-valgustid\/\" title=\"Kylpyhuoneen upotetut valaisimet\">Kylpyhuoneen upotetut valaisimet<\/a>\n<\/span><span class=\"aioseo-breadcrumb-separator\">&raquo;<\/span><span class=\"aioseo-breadcrumb\">\n\tCYKLOP 12W LED 3000K IP65\n<\/span><\/div>","aioseo_breadcrumb_json":[{"label":"Home","link":"https:\/\/light24.ee\/fi"},{"label":"Verkkokauppa","link":"https:\/\/light24.ee\/fi\/shop\/"},{"label":"Kylpyhuoneen valaistus","link":"https:\/\/light24.ee\/fi\/product-category\/vannitoa_valgustid\/"},{"label":"Kylpyhuoneen upotetut valaisimet","link":"https:\/\/light24.ee\/fi\/product-category\/vannitoa_valgustid\/suvisvalgustid-niiskete-ruumide-valgustid\/"},{"label":"CYKLOP 12W LED 3000K IP65","link":"https:\/\/light24.ee\/fi\/toode\/vannitoa_valgustid\/suvisvalgustid-niiskete-ruumide-valgustid\/niiskuskindel-suvisvalgusti-cyklop\/"}],"_links":{"self":[{"href":"https:\/\/light24.ee\/fi\/wp-json\/wp\/v2\/product\/73476","targetHints":{"allow":["GET"]}}],"collection":[{"href":"https:\/\/light24.ee\/fi\/wp-json\/wp\/v2\/product"}],"about":[{"href":"https:\/\/light24.ee\/fi\/wp-json\/wp\/v2\/types\/product"}],"replies":[{"embeddable":true,"href":"https:\/\/light24.ee\/fi\/wp-json\/wp\/v2\/comments?post=73476"}],"wp:featuredmedia":[{"embeddable":true,"href":"https:\/\/light24.ee\/fi\/wp-json\/wp\/v2\/media\/73477"}],"wp:attachment":[{"href":"https:\/\/light24.ee\/fi\/wp-json\/wp\/v2\/media?parent=73476"}],"wp:term":[{"taxonomy":"product_cat","embeddable":true,"href":"https:\/\/light24.ee\/fi\/wp-json\/wp\/v2\/product_cat?post=73476"},{"taxonomy":"product_tag","embeddable":true,"href":"https:\/\/light24.ee\/fi\/wp-json\/wp\/v2\/product_tag?post=73476"}],"curies":[{"name":"wp","href":"https:\/\/api.w.org\/{rel}","templated":true}]}}