{"id":108826,"date":"2022-10-26T13:55:28","date_gmt":"2022-10-26T10:55:28","guid":{"rendered":"https:\/\/www.light24.ee\/?post_type=product&#038;p=108826"},"modified":"2024-10-17T21:58:35","modified_gmt":"2024-10-17T18:58:35","slug":"mirror-square-track-spots-led-2","status":"publish","type":"product","link":"https:\/\/light24.ee\/lt\/toode\/siseruumide_valgustid\/3f-siinivalgustid\/mirror-square-track-spots-led-2\/","title":{"rendered":"Onelight Mirror Square Track Spot 15W 3000K"},"content":{"rendered":"<p class=\"qtranxs-available-languages-message qtranxs-available-languages-message-lt\">Atsipra\u0161ome, \u0161is puslapis galimas tik <a href=\"https:\/\/light24.ee\/et\/wp-json\/wp\/v2\/product\/108826\" class=\"qtranxs-available-language-link qtranxs-available-language-link-et\" title=\"Eesti\">Eesti<\/a>, <a href=\"https:\/\/light24.ee\/en\/wp-json\/wp\/v2\/product\/108826\" class=\"qtranxs-available-language-link qtranxs-available-language-link-en\" title=\"English\">English<\/a>, <a href=\"https:\/\/light24.ee\/ru\/wp-json\/wp\/v2\/product\/108826\" class=\"qtranxs-available-language-link qtranxs-available-language-link-ru\" title=\"\u0420\u0443\u0441\u0441\u043a\u0438\u0439\">\u0420\u0443\u0441\u0441\u043a\u0438\u0439<\/a>, <a href=\"https:\/\/light24.ee\/fi\/wp-json\/wp\/v2\/product\/108826\" class=\"qtranxs-available-language-link qtranxs-available-language-link-fi\" title=\"Suomi\">Suomi<\/a> ir <a href=\"https:\/\/light24.ee\/lv\/wp-json\/wp\/v2\/product\/108826\" class=\"qtranxs-available-language-link qtranxs-available-language-link-lv\" title=\"Latvie\u0161u\">Latvie\u0161u<\/a>.<\/p>","protected":false},"excerpt":{"rendered":"<p>Atsipra\u0161ome, \u0161is puslapis galimas tik Eesti, English, \u0420\u0443\u0441\u0441\u043a\u0438\u0439, Suomi ir Latvie\u0161u.<\/p>\n","protected":false},"featured_media":108829,"comment_status":"closed","ping_status":"closed","template":"","meta":{"_acf_changed":false},"product_cat":[7280,3388,2904,256],"product_tag":[7389],"class_list":{"0":"post-108826","1":"product","2":"type-product","3":"status-publish","4":"has-post-thumbnail","6":"product_cat-siseruumide_valgustid","7":"product_cat-3f-siinivalgustid","8":"product_cat-arhitektuursed-valgustid","9":"product_cat-siinivalgustid","10":"product_tag-onelight","11":"product_shipping_class-small","12":"pa_ip-kaitseklass-1123","13":"pa_materjal-alumiinium","14":"pa_ruumid-kaubanduspinnad","15":"pa_ruumid-buroo","16":"pa_ruumid-galerii","17":"pa_ruumid-laoruumid","18":"pa_ruumid-tootmisruumid","19":"pa_ruumid-hotellid-ja-restoranid","20":"pa_tarneaeg-10-paeva","21":"pa_varv-must","22":"pa_varv-valge","24":"first","25":"instock","26":"taxable","27":"shipping-taxable","28":"purchasable","29":"product-type-variable"},"acf":[],"aioseo_notices":[],"aioseo_head":"\n\t\t<!-- All in One SEO Pro 4.9.5.2 - aioseo.com -->\n\t<meta name=\"description\" content=\"Atsipra\u0161ome, \u0161is puslapis galimas tik Eesti, English, \u0420\u0443\u0441\u0441\u043a\u0438\u0439, Suomi ir Latvie\u0161u.\" \/>\n\t<meta name=\"robots\" content=\"max-image-preview:large\" \/>\n\t<meta name=\"google-site-verification\" content=\"nxgDPK3Ouk6bwvuxlwlzeMOKszmf-8m57RDu5zAgN-Y\" \/>\n\t<link rel=\"canonical\" href=\"https:\/\/light24.ee\/lt\/toode\/siseruumide_valgustid\/3f-siinivalgustid\/mirror-square-track-spots-led-2\/\" \/>\n\t<meta name=\"generator\" content=\"All in One SEO Pro (AIOSEO) 4.9.5.2\" \/>\n\t\t<meta property=\"og:locale\" content=\"lt_LT\" \/>\n\t\t<meta property=\"og:site_name\" content=\"Light24 \u2022 \u0160viestuvai elektronin\u0117 parduotuv\u0117 | Profesional\u016bs ap\u0161vietimo sprendimai\" \/>\n\t\t<meta property=\"og:type\" content=\"article\" \/>\n\t\t<meta property=\"og:title\" content=\"Onelight Mirror Square Track Spot 15W 3000K \u2022 Light24\" \/>\n\t\t<meta property=\"og:description\" content=\"Atsipra\u0161ome, \u0161is puslapis galimas tik Eesti, English, \u0420\u0443\u0441\u0441\u043a\u0438\u0439, Suomi ir Latvie\u0161u.\" \/>\n\t\t<meta property=\"og:url\" content=\"https:\/\/light24.ee\/lt\/toode\/siseruumide_valgustid\/3f-siinivalgustid\/mirror-square-track-spots-led-2\/\" \/>\n\t\t<meta property=\"og:image\" content=\"https:\/\/light24.ee\/wp-content\/uploads\/2022\/10\/65406BT-W.jpg\" \/>\n\t\t<meta property=\"og:image:secure_url\" content=\"https:\/\/light24.ee\/wp-content\/uploads\/2022\/10\/65406BT-W.jpg\" \/>\n\t\t<meta property=\"og:image:width\" content=\"1000\" \/>\n\t\t<meta property=\"og:image:height\" content=\"1000\" \/>\n\t\t<meta property=\"article:published_time\" content=\"2022-10-26T10:55:28+00:00\" \/>\n\t\t<meta property=\"article:modified_time\" content=\"2024-10-17T18:58:35+00:00\" \/>\n\t\t<meta property=\"article:publisher\" content=\"https:\/\/www.facebook.com\/light24.ee\" \/>\n\t\t<meta name=\"twitter:card\" content=\"summary\" \/>\n\t\t<meta name=\"twitter:title\" content=\"Onelight Mirror Square Track Spot 15W 3000K \u2022 Light24\" \/>\n\t\t<meta name=\"twitter:description\" content=\"Atsipra\u0161ome, \u0161is puslapis galimas tik Eesti, English, \u0420\u0443\u0441\u0441\u043a\u0438\u0439, Suomi ir Latvie\u0161u.\" \/>\n\t\t<meta name=\"twitter:image\" content=\"https:\/\/light24.ee\/wp-content\/uploads\/2022\/10\/65406BT-W.jpg\" \/>\n\t\t<script type=\"application\/ld+json\" class=\"aioseo-schema\">\n\t\t\t{\"@context\":\"https:\\\/\\\/schema.org\",\"@graph\":[{\"@type\":\"BreadcrumbList\",\"@id\":\"https:\\\/\\\/light24.ee\\\/lt\\\/toode\\\/siseruumide_valgustid\\\/3f-siinivalgustid\\\/mirror-square-track-spots-led-2\\\/#breadcrumblist\",\"itemListElement\":[{\"@type\":\"ListItem\",\"@id\":\"https:\\\/\\\/light24.ee\\\/lt#listItem\",\"position\":1,\"name\":\"Home\",\"item\":\"https:\\\/\\\/light24.ee\\\/lt\",\"nextItem\":{\"@type\":\"ListItem\",\"@id\":\"https:\\\/\\\/light24.ee\\\/lt\\\/shop\\\/#listItem\",\"name\":\"Parduotuv\\u0117\"}},{\"@type\":\"ListItem\",\"@id\":\"https:\\\/\\\/light24.ee\\\/lt\\\/shop\\\/#listItem\",\"position\":2,\"name\":\"Parduotuv\\u0117\",\"item\":\"https:\\\/\\\/light24.ee\\\/lt\\\/shop\\\/\",\"nextItem\":{\"@type\":\"ListItem\",\"@id\":\"https:\\\/\\\/light24.ee\\\/lt\\\/product-category\\\/arhitektuursed-valgustid\\\/#listItem\",\"name\":\"Arhitektuursed valgustid\"},\"previousItem\":{\"@type\":\"ListItem\",\"@id\":\"https:\\\/\\\/light24.ee\\\/lt#listItem\",\"name\":\"Home\"}},{\"@type\":\"ListItem\",\"@id\":\"https:\\\/\\\/light24.ee\\\/lt\\\/product-category\\\/arhitektuursed-valgustid\\\/#listItem\",\"position\":3,\"name\":\"Arhitektuursed valgustid\",\"item\":\"https:\\\/\\\/light24.ee\\\/lt\\\/product-category\\\/arhitektuursed-valgustid\\\/\",\"nextItem\":{\"@type\":\"ListItem\",\"@id\":\"https:\\\/\\\/light24.ee\\\/lt\\\/product-category\\\/arhitektuursed-valgustid\\\/siinivalgustid\\\/#listItem\",\"name\":\"B\\u0117gi\\u0173 \\u017eibintai\"},\"previousItem\":{\"@type\":\"ListItem\",\"@id\":\"https:\\\/\\\/light24.ee\\\/lt\\\/shop\\\/#listItem\",\"name\":\"Parduotuv\\u0117\"}},{\"@type\":\"ListItem\",\"@id\":\"https:\\\/\\\/light24.ee\\\/lt\\\/product-category\\\/arhitektuursed-valgustid\\\/siinivalgustid\\\/#listItem\",\"position\":4,\"name\":\"B\\u0117gi\\u0173 \\u017eibintai\",\"item\":\"https:\\\/\\\/light24.ee\\\/lt\\\/product-category\\\/arhitektuursed-valgustid\\\/siinivalgustid\\\/\",\"nextItem\":{\"@type\":\"ListItem\",\"@id\":\"https:\\\/\\\/light24.ee\\\/lt\\\/toode\\\/siseruumide_valgustid\\\/3f-siinivalgustid\\\/mirror-square-track-spots-led-2\\\/#listItem\",\"name\":\"Onelight Mirror Square Track Spot 15W 3000K\"},\"previousItem\":{\"@type\":\"ListItem\",\"@id\":\"https:\\\/\\\/light24.ee\\\/lt\\\/product-category\\\/arhitektuursed-valgustid\\\/#listItem\",\"name\":\"Arhitektuursed valgustid\"}},{\"@type\":\"ListItem\",\"@id\":\"https:\\\/\\\/light24.ee\\\/lt\\\/toode\\\/siseruumide_valgustid\\\/3f-siinivalgustid\\\/mirror-square-track-spots-led-2\\\/#listItem\",\"position\":5,\"name\":\"Onelight Mirror Square Track Spot 15W 3000K\",\"previousItem\":{\"@type\":\"ListItem\",\"@id\":\"https:\\\/\\\/light24.ee\\\/lt\\\/product-category\\\/arhitektuursed-valgustid\\\/siinivalgustid\\\/#listItem\",\"name\":\"B\\u0117gi\\u0173 \\u017eibintai\"}}]},{\"@type\":\"Organization\",\"@id\":\"https:\\\/\\\/light24.ee\\\/lt\\\/#organization\",\"name\":\"Light24\",\"description\":\"\\u0160viestuvai elektronin\\u0117 parduotuv\\u0117 | Profesional\\u016bs ap\\u0161vietimo sprendimai\",\"url\":\"https:\\\/\\\/light24.ee\\\/lt\\\/\",\"telephone\":\"+3725184133\",\"logo\":{\"@type\":\"ImageObject\",\"url\":\"https:\\\/\\\/www.light24.ee\\\/wp-content\\\/uploads\\\/2022\\\/03\\\/Shape-2-3.svg\",\"@id\":\"https:\\\/\\\/light24.ee\\\/lt\\\/toode\\\/siseruumide_valgustid\\\/3f-siinivalgustid\\\/mirror-square-track-spots-led-2\\\/#organizationLogo\"},\"image\":{\"@id\":\"https:\\\/\\\/light24.ee\\\/lt\\\/toode\\\/siseruumide_valgustid\\\/3f-siinivalgustid\\\/mirror-square-track-spots-led-2\\\/#organizationLogo\"},\"sameAs\":[\"https:\\\/\\\/www.facebook.com\\\/light24.ee\",\"https:\\\/\\\/www.instagram.com\\\/light24official\\\/\"]},{\"@type\":\"ProductGroup\",\"@id\":\"https:\\\/\\\/light24.ee\\\/lt\\\/toode\\\/siseruumide_valgustid\\\/3f-siinivalgustid\\\/mirror-square-track-spots-led-2\\\/#wooCommerceProduct\",\"name\":\"Onelight Mirror Square Track Spot 15W 3000K\",\"url\":\"https:\\\/\\\/light24.ee\\\/lt\\\/toode\\\/siseruumide_valgustid\\\/3f-siinivalgustid\\\/mirror-square-track-spots-led-2\\\/\",\"sku\":\"1L100251\",\"image\":{\"@type\":\"ImageObject\",\"url\":\"https:\\\/\\\/light24.ee\\\/wp-content\\\/uploads\\\/2022\\\/10\\\/65406BT-W.jpg\",\"@id\":\"https:\\\/\\\/light24.ee\\\/lt\\\/toode\\\/siseruumide_valgustid\\\/3f-siinivalgustid\\\/mirror-square-track-spots-led-2\\\/#productImage\",\"width\":1000,\"height\":1000},\"productGroupID\":108826,\"hasVariant\":[{\"@type\":\"Product\",\"@id\":\"https:\\\/\\\/light24.ee\\\/lt\\\/toode\\\/siseruumide_valgustid\\\/3f-siinivalgustid\\\/mirror-square-track-spots-led-2\\\/#wooCommerceProduct\",\"name\":\"Onelight Mirror Square Track Spot 15W 3000K - must\",\"url\":\"https:\\\/\\\/light24.ee\\\/lt\\\/toode\\\/siseruumide_valgustid\\\/3f-siinivalgustid\\\/mirror-square-track-spots-led-2\\\/\",\"sku\":\"1L100251\",\"image\":{\"@type\":\"ImageObject\",\"url\":\"https:\\\/\\\/light24.ee\\\/wp-content\\\/uploads\\\/2022\\\/10\\\/65406BT-B.jpg\",\"@id\":\"https:\\\/\\\/light24.ee\\\/lt\\\/toode\\\/siseruumide_valgustid\\\/3f-siinivalgustid\\\/mirror-square-track-spots-led-2\\\/#productImage\",\"width\":1000,\"height\":1000},\"offers\":{\"@type\":\"Offer\",\"url\":\"https:\\\/\\\/light24.ee\\\/lt\\\/toode\\\/siseruumide_valgustid\\\/3f-siinivalgustid\\\/mirror-square-track-spots-led-2\\\/#wooCommerceOffer\",\"price\":\"40\",\"priceCurrency\":\"EUR\",\"category\":\"Vidaus patalp\\u0173 \\u0161viestuvai\",\"availability\":\"https:\\\/\\\/schema.org\\\/InStock\",\"priceSpecification\":{\"@type\":\"PriceSpecification\",\"price\":40,\"priceCurrency\":\"EUR\",\"valueAddedTaxIncluded\":\"true\"}}},{\"@type\":\"Product\",\"@id\":\"https:\\\/\\\/light24.ee\\\/lt\\\/toode\\\/siseruumide_valgustid\\\/3f-siinivalgustid\\\/mirror-square-track-spots-led-2\\\/#wooCommerceProduct\",\"name\":\"Onelight Mirror Square Track Spot 15W 3000K - valge\",\"url\":\"https:\\\/\\\/light24.ee\\\/lt\\\/toode\\\/siseruumide_valgustid\\\/3f-siinivalgustid\\\/mirror-square-track-spots-led-2\\\/\",\"sku\":\"1L100251\",\"image\":{\"@type\":\"ImageObject\",\"url\":\"https:\\\/\\\/light24.ee\\\/wp-content\\\/uploads\\\/2022\\\/10\\\/65406BT-W.jpg\",\"@id\":\"https:\\\/\\\/light24.ee\\\/lt\\\/toode\\\/siseruumide_valgustid\\\/3f-siinivalgustid\\\/mirror-square-track-spots-led-2\\\/#productImage\",\"width\":1000,\"height\":1000},\"offers\":{\"@type\":\"Offer\",\"url\":\"https:\\\/\\\/light24.ee\\\/lt\\\/toode\\\/siseruumide_valgustid\\\/3f-siinivalgustid\\\/mirror-square-track-spots-led-2\\\/#wooCommerceOffer\",\"price\":\"40\",\"priceCurrency\":\"EUR\",\"category\":\"Vidaus patalp\\u0173 \\u0161viestuvai\",\"availability\":\"https:\\\/\\\/schema.org\\\/InStock\",\"priceSpecification\":{\"@type\":\"PriceSpecification\",\"price\":40,\"priceCurrency\":\"EUR\",\"valueAddedTaxIncluded\":\"true\"}}}]},{\"@type\":\"WebPage\",\"@id\":\"https:\\\/\\\/light24.ee\\\/lt\\\/toode\\\/siseruumide_valgustid\\\/3f-siinivalgustid\\\/mirror-square-track-spots-led-2\\\/#webpage\",\"url\":\"https:\\\/\\\/light24.ee\\\/lt\\\/toode\\\/siseruumide_valgustid\\\/3f-siinivalgustid\\\/mirror-square-track-spots-led-2\\\/\",\"name\":\"Onelight Mirror Square Track Spot 15W 3000K \\u2022 Light24\",\"description\":\"Atsipra\\u0161ome, \\u0161is puslapis galimas tik Eesti, English, \\u0420\\u0443\\u0441\\u0441\\u043a\\u0438\\u0439, Suomi ir Latvie\\u0161u.\",\"inLanguage\":\"lt-LT\",\"isPartOf\":{\"@id\":\"https:\\\/\\\/light24.ee\\\/lt\\\/#website\"},\"breadcrumb\":{\"@id\":\"https:\\\/\\\/light24.ee\\\/lt\\\/toode\\\/siseruumide_valgustid\\\/3f-siinivalgustid\\\/mirror-square-track-spots-led-2\\\/#breadcrumblist\"},\"image\":{\"@type\":\"ImageObject\",\"url\":\"https:\\\/\\\/light24.ee\\\/wp-content\\\/uploads\\\/2022\\\/10\\\/65406BT-W.jpg\",\"@id\":\"https:\\\/\\\/light24.ee\\\/lt\\\/toode\\\/siseruumide_valgustid\\\/3f-siinivalgustid\\\/mirror-square-track-spots-led-2\\\/#mainImage\",\"width\":1000,\"height\":1000},\"primaryImageOfPage\":{\"@id\":\"https:\\\/\\\/light24.ee\\\/lt\\\/toode\\\/siseruumide_valgustid\\\/3f-siinivalgustid\\\/mirror-square-track-spots-led-2\\\/#mainImage\"},\"datePublished\":\"2022-10-26T13:55:28+03:00\",\"dateModified\":\"2024-10-17T21:58:35+03:00\"},{\"@type\":\"WebSite\",\"@id\":\"https:\\\/\\\/light24.ee\\\/lt\\\/#website\",\"url\":\"https:\\\/\\\/light24.ee\\\/lt\\\/\",\"name\":\"Light24\",\"description\":\"\\u0160viestuvai elektronin\\u0117 parduotuv\\u0117 | Profesional\\u016bs ap\\u0161vietimo sprendimai\",\"inLanguage\":\"lt-LT\",\"publisher\":{\"@id\":\"https:\\\/\\\/light24.ee\\\/lt\\\/#organization\"}}]}\n\t\t<\/script>\n\t\t<!-- All in One SEO Pro -->\r\n\t\t<title>Onelight Mirror Square Track Spot 15W 3000K \u2022 Light24<\/title>\n\n","aioseo_head_json":{"title":"Onelight Mirror Square Track Spot 15W 3000K \u2022 Light24","description":"Atsipra\u0161ome, \u0161is puslapis galimas tik Eesti, English, \u0420\u0443\u0441\u0441\u043a\u0438\u0439, Suomi ir Latvie\u0161u.","canonical_url":"https:\/\/light24.ee\/lt\/toode\/siseruumide_valgustid\/3f-siinivalgustid\/mirror-square-track-spots-led-2\/","robots":"max-image-preview:large","keywords":"","webmasterTools":{"google-site-verification":"nxgDPK3Ouk6bwvuxlwlzeMOKszmf-8m57RDu5zAgN-Y","miscellaneous":""},"schema":{"@context":"https:\/\/schema.org","@graph":[{"@type":"BreadcrumbList","@id":"https:\/\/light24.ee\/lt\/toode\/siseruumide_valgustid\/3f-siinivalgustid\/mirror-square-track-spots-led-2\/#breadcrumblist","itemListElement":[{"@type":"ListItem","@id":"https:\/\/light24.ee\/lt#listItem","position":1,"name":"Home","item":"https:\/\/light24.ee\/lt","nextItem":{"@type":"ListItem","@id":"https:\/\/light24.ee\/lt\/shop\/#listItem","name":"Parduotuv\u0117"}},{"@type":"ListItem","@id":"https:\/\/light24.ee\/lt\/shop\/#listItem","position":2,"name":"Parduotuv\u0117","item":"https:\/\/light24.ee\/lt\/shop\/","nextItem":{"@type":"ListItem","@id":"https:\/\/light24.ee\/lt\/product-category\/arhitektuursed-valgustid\/#listItem","name":"Arhitektuursed valgustid"},"previousItem":{"@type":"ListItem","@id":"https:\/\/light24.ee\/lt#listItem","name":"Home"}},{"@type":"ListItem","@id":"https:\/\/light24.ee\/lt\/product-category\/arhitektuursed-valgustid\/#listItem","position":3,"name":"Arhitektuursed valgustid","item":"https:\/\/light24.ee\/lt\/product-category\/arhitektuursed-valgustid\/","nextItem":{"@type":"ListItem","@id":"https:\/\/light24.ee\/lt\/product-category\/arhitektuursed-valgustid\/siinivalgustid\/#listItem","name":"B\u0117gi\u0173 \u017eibintai"},"previousItem":{"@type":"ListItem","@id":"https:\/\/light24.ee\/lt\/shop\/#listItem","name":"Parduotuv\u0117"}},{"@type":"ListItem","@id":"https:\/\/light24.ee\/lt\/product-category\/arhitektuursed-valgustid\/siinivalgustid\/#listItem","position":4,"name":"B\u0117gi\u0173 \u017eibintai","item":"https:\/\/light24.ee\/lt\/product-category\/arhitektuursed-valgustid\/siinivalgustid\/","nextItem":{"@type":"ListItem","@id":"https:\/\/light24.ee\/lt\/toode\/siseruumide_valgustid\/3f-siinivalgustid\/mirror-square-track-spots-led-2\/#listItem","name":"Onelight Mirror Square Track Spot 15W 3000K"},"previousItem":{"@type":"ListItem","@id":"https:\/\/light24.ee\/lt\/product-category\/arhitektuursed-valgustid\/#listItem","name":"Arhitektuursed valgustid"}},{"@type":"ListItem","@id":"https:\/\/light24.ee\/lt\/toode\/siseruumide_valgustid\/3f-siinivalgustid\/mirror-square-track-spots-led-2\/#listItem","position":5,"name":"Onelight Mirror Square Track Spot 15W 3000K","previousItem":{"@type":"ListItem","@id":"https:\/\/light24.ee\/lt\/product-category\/arhitektuursed-valgustid\/siinivalgustid\/#listItem","name":"B\u0117gi\u0173 \u017eibintai"}}]},{"@type":"Organization","@id":"https:\/\/light24.ee\/lt\/#organization","name":"Light24","description":"\u0160viestuvai elektronin\u0117 parduotuv\u0117 | Profesional\u016bs ap\u0161vietimo sprendimai","url":"https:\/\/light24.ee\/lt\/","telephone":"+3725184133","logo":{"@type":"ImageObject","url":"https:\/\/www.light24.ee\/wp-content\/uploads\/2022\/03\/Shape-2-3.svg","@id":"https:\/\/light24.ee\/lt\/toode\/siseruumide_valgustid\/3f-siinivalgustid\/mirror-square-track-spots-led-2\/#organizationLogo"},"image":{"@id":"https:\/\/light24.ee\/lt\/toode\/siseruumide_valgustid\/3f-siinivalgustid\/mirror-square-track-spots-led-2\/#organizationLogo"},"sameAs":["https:\/\/www.facebook.com\/light24.ee","https:\/\/www.instagram.com\/light24official\/"]},{"@type":"ProductGroup","@id":"https:\/\/light24.ee\/lt\/toode\/siseruumide_valgustid\/3f-siinivalgustid\/mirror-square-track-spots-led-2\/#wooCommerceProduct","name":"Onelight Mirror Square Track Spot 15W 3000K","url":"https:\/\/light24.ee\/lt\/toode\/siseruumide_valgustid\/3f-siinivalgustid\/mirror-square-track-spots-led-2\/","sku":"1L100251","image":{"@type":"ImageObject","url":"https:\/\/light24.ee\/wp-content\/uploads\/2022\/10\/65406BT-W.jpg","@id":"https:\/\/light24.ee\/lt\/toode\/siseruumide_valgustid\/3f-siinivalgustid\/mirror-square-track-spots-led-2\/#productImage","width":1000,"height":1000},"productGroupID":108826,"hasVariant":[{"@type":"Product","@id":"https:\/\/light24.ee\/lt\/toode\/siseruumide_valgustid\/3f-siinivalgustid\/mirror-square-track-spots-led-2\/#wooCommerceProduct","name":"Onelight Mirror Square Track Spot 15W 3000K - must","url":"https:\/\/light24.ee\/lt\/toode\/siseruumide_valgustid\/3f-siinivalgustid\/mirror-square-track-spots-led-2\/","sku":"1L100251","image":{"@type":"ImageObject","url":"https:\/\/light24.ee\/wp-content\/uploads\/2022\/10\/65406BT-B.jpg","@id":"https:\/\/light24.ee\/lt\/toode\/siseruumide_valgustid\/3f-siinivalgustid\/mirror-square-track-spots-led-2\/#productImage","width":1000,"height":1000},"offers":{"@type":"Offer","url":"https:\/\/light24.ee\/lt\/toode\/siseruumide_valgustid\/3f-siinivalgustid\/mirror-square-track-spots-led-2\/#wooCommerceOffer","price":"40","priceCurrency":"EUR","category":"Vidaus patalp\u0173 \u0161viestuvai","availability":"https:\/\/schema.org\/InStock","priceSpecification":{"@type":"PriceSpecification","price":40,"priceCurrency":"EUR","valueAddedTaxIncluded":"true"}}},{"@type":"Product","@id":"https:\/\/light24.ee\/lt\/toode\/siseruumide_valgustid\/3f-siinivalgustid\/mirror-square-track-spots-led-2\/#wooCommerceProduct","name":"Onelight Mirror Square Track Spot 15W 3000K - valge","url":"https:\/\/light24.ee\/lt\/toode\/siseruumide_valgustid\/3f-siinivalgustid\/mirror-square-track-spots-led-2\/","sku":"1L100251","image":{"@type":"ImageObject","url":"https:\/\/light24.ee\/wp-content\/uploads\/2022\/10\/65406BT-W.jpg","@id":"https:\/\/light24.ee\/lt\/toode\/siseruumide_valgustid\/3f-siinivalgustid\/mirror-square-track-spots-led-2\/#productImage","width":1000,"height":1000},"offers":{"@type":"Offer","url":"https:\/\/light24.ee\/lt\/toode\/siseruumide_valgustid\/3f-siinivalgustid\/mirror-square-track-spots-led-2\/#wooCommerceOffer","price":"40","priceCurrency":"EUR","category":"Vidaus patalp\u0173 \u0161viestuvai","availability":"https:\/\/schema.org\/InStock","priceSpecification":{"@type":"PriceSpecification","price":40,"priceCurrency":"EUR","valueAddedTaxIncluded":"true"}}}]},{"@type":"WebPage","@id":"https:\/\/light24.ee\/lt\/toode\/siseruumide_valgustid\/3f-siinivalgustid\/mirror-square-track-spots-led-2\/#webpage","url":"https:\/\/light24.ee\/lt\/toode\/siseruumide_valgustid\/3f-siinivalgustid\/mirror-square-track-spots-led-2\/","name":"Onelight Mirror Square Track Spot 15W 3000K \u2022 Light24","description":"Atsipra\u0161ome, \u0161is puslapis galimas tik Eesti, English, \u0420\u0443\u0441\u0441\u043a\u0438\u0439, Suomi ir Latvie\u0161u.","inLanguage":"lt-LT","isPartOf":{"@id":"https:\/\/light24.ee\/lt\/#website"},"breadcrumb":{"@id":"https:\/\/light24.ee\/lt\/toode\/siseruumide_valgustid\/3f-siinivalgustid\/mirror-square-track-spots-led-2\/#breadcrumblist"},"image":{"@type":"ImageObject","url":"https:\/\/light24.ee\/wp-content\/uploads\/2022\/10\/65406BT-W.jpg","@id":"https:\/\/light24.ee\/lt\/toode\/siseruumide_valgustid\/3f-siinivalgustid\/mirror-square-track-spots-led-2\/#mainImage","width":1000,"height":1000},"primaryImageOfPage":{"@id":"https:\/\/light24.ee\/lt\/toode\/siseruumide_valgustid\/3f-siinivalgustid\/mirror-square-track-spots-led-2\/#mainImage"},"datePublished":"2022-10-26T13:55:28+03:00","dateModified":"2024-10-17T21:58:35+03:00"},{"@type":"WebSite","@id":"https:\/\/light24.ee\/lt\/#website","url":"https:\/\/light24.ee\/lt\/","name":"Light24","description":"\u0160viestuvai elektronin\u0117 parduotuv\u0117 | Profesional\u016bs ap\u0161vietimo sprendimai","inLanguage":"lt-LT","publisher":{"@id":"https:\/\/light24.ee\/lt\/#organization"}}]},"og:locale":"lt_LT","og:site_name":"Light24 \u2022 \u0160viestuvai elektronin\u0117 parduotuv\u0117 | Profesional\u016bs ap\u0161vietimo sprendimai","og:type":"article","og:title":"Onelight Mirror Square Track Spot 15W 3000K \u2022 Light24","og:description":"Atsipra\u0161ome, \u0161is puslapis galimas tik Eesti, English, \u0420\u0443\u0441\u0441\u043a\u0438\u0439, Suomi ir Latvie\u0161u.","og:url":"https:\/\/light24.ee\/lt\/toode\/siseruumide_valgustid\/3f-siinivalgustid\/mirror-square-track-spots-led-2\/","og:image":"https:\/\/light24.ee\/wp-content\/uploads\/2022\/10\/65406BT-W.jpg","og:image:secure_url":"https:\/\/light24.ee\/wp-content\/uploads\/2022\/10\/65406BT-W.jpg","og:image:width":1000,"og:image:height":1000,"article:published_time":"2022-10-26T10:55:28+00:00","article:modified_time":"2024-10-17T18:58:35+00:00","article:publisher":"https:\/\/www.facebook.com\/light24.ee","twitter:card":"summary","twitter:title":"Onelight Mirror Square Track Spot 15W 3000K \u2022 Light24","twitter:description":"Atsipra\u0161ome, \u0161is puslapis galimas tik Eesti, English, \u0420\u0443\u0441\u0441\u043a\u0438\u0439, Suomi ir Latvie\u0161u.","twitter:image":"https:\/\/light24.ee\/wp-content\/uploads\/2022\/10\/65406BT-W.jpg"},"aioseo_meta_data":{"post_id":"108826","title":null,"description":null,"keywords":null,"keyphrases":{"focus":{"keyphrase":"","score":0,"analysis":{"keyphraseInTitle":{"score":0,"maxScore":9,"error":1}}},"additional":[]},"primary_term":null,"canonical_url":null,"og_title":null,"og_description":null,"og_object_type":"default","og_image_type":"default","og_image_url":null,"og_image_width":null,"og_image_height":null,"og_image_custom_url":null,"og_image_custom_fields":null,"og_video":"","og_custom_url":null,"og_article_section":null,"og_article_tags":null,"twitter_use_og":false,"twitter_card":"default","twitter_image_type":"default","twitter_image_url":null,"twitter_image_custom_url":null,"twitter_image_custom_fields":null,"twitter_title":null,"twitter_description":null,"schema":{"blockGraphs":[],"customGraphs":[],"default":{"data":{"Article":[],"Course":[],"Dataset":[],"FAQPage":[],"Movie":[],"Person":[],"Product":[],"ProductReview":[],"Car":[],"Recipe":[],"Service":[],"SoftwareApplication":[],"WebPage":[]},"graphName":"Product","isEnabled":true},"graphs":[]},"schema_type":"default","schema_type_options":"{\"article\":{\"articleType\":\"BlogPosting\"},\"course\":{\"name\":\"\",\"description\":\"\",\"provider\":\"\"},\"faq\":{\"pages\":[]},\"product\":{\"reviews\":[]},\"recipe\":{\"ingredients\":[],\"instructions\":[],\"keywords\":[]},\"software\":{\"reviews\":[],\"operatingSystems\":[]},\"webPage\":{\"webPageType\":\"WebPage\"},\"blockGraphs\":[]}","pillar_content":false,"robots_default":true,"robots_noindex":false,"robots_noarchive":false,"robots_nosnippet":false,"robots_nofollow":false,"robots_noimageindex":false,"robots_noodp":false,"robots_notranslate":false,"robots_max_snippet":"-1","robots_max_videopreview":"-1","robots_max_imagepreview":"large","priority":null,"frequency":"default","local_seo":null,"seo_analyzer_scan_date":"2025-10-27 04:17:39","breadcrumb_settings":null,"limit_modified_date":false,"reviewed_by":null,"open_ai":"{\"title\":{\"suggestions\":[],\"usage\":0},\"description\":{\"suggestions\":[],\"usage\":0}}","ai":null,"created":"2022-10-26 10:55:29","updated":"2025-10-27 04:17:39"},"aioseo_breadcrumb":"<div class=\"aioseo-breadcrumbs\"><span class=\"aioseo-breadcrumb\">\n\t<a href=\"https:\/\/light24.ee\/lt\" title=\"Home\">Home<\/a>\n<\/span><span class=\"aioseo-breadcrumb-separator\">&raquo;<\/span><span class=\"aioseo-breadcrumb\">\n\t<a href=\"https:\/\/light24.ee\/lt\/shop\/\" title=\"Parduotuv\u0117\">Parduotuv\u0117<\/a>\n<\/span><span class=\"aioseo-breadcrumb-separator\">&raquo;<\/span><span class=\"aioseo-breadcrumb\">\n\t<a href=\"https:\/\/light24.ee\/lt\/product-category\/arhitektuursed-valgustid\/\" title=\"Arhitektuursed valgustid\">Arhitektuursed valgustid<\/a>\n<\/span><span class=\"aioseo-breadcrumb-separator\">&raquo;<\/span><span class=\"aioseo-breadcrumb\">\n\t<a href=\"https:\/\/light24.ee\/lt\/product-category\/arhitektuursed-valgustid\/siinivalgustid\/\" title=\"B\u0117gi\u0173 \u017eibintai\">B\u0117gi\u0173 \u017eibintai<\/a>\n<\/span><span class=\"aioseo-breadcrumb-separator\">&raquo;<\/span><span class=\"aioseo-breadcrumb\">\n\tOnelight Mirror Square Track Spot 15W 3000K\n<\/span><\/div>","aioseo_breadcrumb_json":[{"label":"Home","link":"https:\/\/light24.ee\/lt"},{"label":"Parduotuv\u0117","link":"https:\/\/light24.ee\/lt\/shop\/"},{"label":"Arhitektuursed valgustid","link":"https:\/\/light24.ee\/lt\/product-category\/arhitektuursed-valgustid\/"},{"label":"B\u0117gi\u0173 \u017eibintai","link":"https:\/\/light24.ee\/lt\/product-category\/arhitektuursed-valgustid\/siinivalgustid\/"},{"label":"Onelight Mirror Square Track Spot 15W 3000K","link":"https:\/\/light24.ee\/lt\/toode\/siseruumide_valgustid\/3f-siinivalgustid\/mirror-square-track-spots-led-2\/"}],"_links":{"self":[{"href":"https:\/\/light24.ee\/lt\/wp-json\/wp\/v2\/product\/108826","targetHints":{"allow":["GET"]}}],"collection":[{"href":"https:\/\/light24.ee\/lt\/wp-json\/wp\/v2\/product"}],"about":[{"href":"https:\/\/light24.ee\/lt\/wp-json\/wp\/v2\/types\/product"}],"replies":[{"embeddable":true,"href":"https:\/\/light24.ee\/lt\/wp-json\/wp\/v2\/comments?post=108826"}],"wp:featuredmedia":[{"embeddable":true,"href":"https:\/\/light24.ee\/lt\/wp-json\/wp\/v2\/media\/108829"}],"wp:attachment":[{"href":"https:\/\/light24.ee\/lt\/wp-json\/wp\/v2\/media?parent=108826"}],"wp:term":[{"taxonomy":"product_cat","embeddable":true,"href":"https:\/\/light24.ee\/lt\/wp-json\/wp\/v2\/product_cat?post=108826"},{"taxonomy":"product_tag","embeddable":true,"href":"https:\/\/light24.ee\/lt\/wp-json\/wp\/v2\/product_tag?post=108826"}],"curies":[{"name":"wp","href":"https:\/\/api.w.org\/{rel}","templated":true}]}}