{"id":150655,"date":"2025-09-04T10:26:44","date_gmt":"2025-09-04T07:26:44","guid":{"rendered":"https:\/\/light24.ee\/?post_type=product&#038;p=150655"},"modified":"2025-09-04T10:38:36","modified_gmt":"2025-09-04T07:38:36","slug":"redo-ander-3w-3000k-ip65","status":"publish","type":"product","link":"https:\/\/light24.ee\/lt\/toode\/valisvalgustid\/valis-seinavalgustid\/redo-ander-3w-3000k-ip65\/","title":{"rendered":"Redo Ander 3W 3000K IP65"},"content":{"rendered":"<p class=\"qtranxs-available-languages-message qtranxs-available-languages-message-lt\">Atsipra\u0161ome, \u0161is puslapis galimas tik <a href=\"https:\/\/light24.ee\/et\/wp-json\/wp\/v2\/product\/150655\" class=\"qtranxs-available-language-link qtranxs-available-language-link-et\" title=\"Eesti\">Eesti<\/a>.<\/p>","protected":false},"excerpt":{"rendered":"<p>Atsipra\u0161ome, \u0161is puslapis galimas tik Eesti.<\/p>\n","protected":false},"featured_media":150659,"comment_status":"closed","ping_status":"closed","template":"","meta":{"_acf_changed":false},"product_cat":[2903,2919],"product_tag":[8035],"class_list":{"0":"post-150655","1":"product","2":"type-product","3":"status-publish","4":"has-post-thumbnail","6":"product_cat-valisvalgustid","7":"product_cat-valis-seinavalgustid","8":"product_tag-redo","9":"product_shipping_class-standard","10":"pa_ip-kaitseklass-1819","11":"pa_materjal-polukarbonaat","12":"pa_materjal-plastik","13":"pa_materjal-abs","14":"pa_ruumid-oueala","15":"pa_ruumid-fassaad","16":"pa_tarneaeg-2-3-nadalat","17":"pa_varv-tumehall","19":"first","20":"instock","21":"taxable","22":"shipping-taxable","23":"purchasable","24":"product-type-simple"},"acf":[],"aioseo_notices":[],"aioseo_head":"\n\t\t<!-- All in One SEO Pro 4.9.5.2 - aioseo.com -->\n\t<meta name=\"description\" content=\"Atsipra\u0161ome, \u0161is puslapis galimas tik Eesti.\" \/>\n\t<meta name=\"robots\" content=\"max-image-preview:large\" \/>\n\t<meta name=\"google-site-verification\" content=\"nxgDPK3Ouk6bwvuxlwlzeMOKszmf-8m57RDu5zAgN-Y\" \/>\n\t<link rel=\"canonical\" href=\"https:\/\/light24.ee\/lt\/toode\/valisvalgustid\/valis-seinavalgustid\/redo-ander-3w-3000k-ip65\/\" \/>\n\t<meta name=\"generator\" content=\"All in One SEO Pro (AIOSEO) 4.9.5.2\" \/>\n\t\t<meta property=\"og:locale\" content=\"lt_LT\" \/>\n\t\t<meta property=\"og:site_name\" content=\"Light24 \u2022 \u0160viestuvai elektronin\u0117 parduotuv\u0117 | Profesional\u016bs ap\u0161vietimo sprendimai\" \/>\n\t\t<meta property=\"og:type\" content=\"article\" \/>\n\t\t<meta property=\"og:title\" content=\"Redo Ander 3W 3000K IP65 \u2022 Light24\" \/>\n\t\t<meta property=\"og:description\" content=\"Atsipra\u0161ome, \u0161is puslapis galimas tik Eesti.\" \/>\n\t\t<meta property=\"og:url\" content=\"https:\/\/light24.ee\/lt\/toode\/valisvalgustid\/valis-seinavalgustid\/redo-ander-3w-3000k-ip65\/\" \/>\n\t\t<meta property=\"og:image\" content=\"https:\/\/light24.ee\/wp-content\/uploads\/2025\/09\/90679.jpg\" \/>\n\t\t<meta property=\"og:image:secure_url\" content=\"https:\/\/light24.ee\/wp-content\/uploads\/2025\/09\/90679.jpg\" \/>\n\t\t<meta property=\"og:image:width\" content=\"1000\" \/>\n\t\t<meta property=\"og:image:height\" content=\"1000\" \/>\n\t\t<meta property=\"article:published_time\" content=\"2025-09-04T07:26:44+00:00\" \/>\n\t\t<meta property=\"article:modified_time\" content=\"2025-09-04T07:38:36+00:00\" \/>\n\t\t<meta property=\"article:publisher\" content=\"https:\/\/www.facebook.com\/light24.ee\" \/>\n\t\t<meta name=\"twitter:card\" content=\"summary\" \/>\n\t\t<meta name=\"twitter:title\" content=\"Redo Ander 3W 3000K IP65 \u2022 Light24\" \/>\n\t\t<meta name=\"twitter:description\" content=\"Atsipra\u0161ome, \u0161is puslapis galimas tik Eesti.\" \/>\n\t\t<meta name=\"twitter:image\" content=\"https:\/\/light24.ee\/wp-content\/uploads\/2025\/09\/90679.jpg\" \/>\n\t\t<script type=\"application\/ld+json\" class=\"aioseo-schema\">\n\t\t\t{\"@context\":\"https:\\\/\\\/schema.org\",\"@graph\":[{\"@type\":\"BreadcrumbList\",\"@id\":\"https:\\\/\\\/light24.ee\\\/lt\\\/toode\\\/valisvalgustid\\\/valis-seinavalgustid\\\/redo-ander-3w-3000k-ip65\\\/#breadcrumblist\",\"itemListElement\":[{\"@type\":\"ListItem\",\"@id\":\"https:\\\/\\\/light24.ee\\\/lt#listItem\",\"position\":1,\"name\":\"Home\",\"item\":\"https:\\\/\\\/light24.ee\\\/lt\",\"nextItem\":{\"@type\":\"ListItem\",\"@id\":\"https:\\\/\\\/light24.ee\\\/lt\\\/shop\\\/#listItem\",\"name\":\"Parduotuv\\u0117\"}},{\"@type\":\"ListItem\",\"@id\":\"https:\\\/\\\/light24.ee\\\/lt\\\/shop\\\/#listItem\",\"position\":2,\"name\":\"Parduotuv\\u0117\",\"item\":\"https:\\\/\\\/light24.ee\\\/lt\\\/shop\\\/\",\"nextItem\":{\"@type\":\"ListItem\",\"@id\":\"https:\\\/\\\/light24.ee\\\/lt\\\/product-category\\\/valisvalgustid\\\/#listItem\",\"name\":\"Lauko \\u0161viestuvai\"},\"previousItem\":{\"@type\":\"ListItem\",\"@id\":\"https:\\\/\\\/light24.ee\\\/lt#listItem\",\"name\":\"Home\"}},{\"@type\":\"ListItem\",\"@id\":\"https:\\\/\\\/light24.ee\\\/lt\\\/product-category\\\/valisvalgustid\\\/#listItem\",\"position\":3,\"name\":\"Lauko \\u0161viestuvai\",\"item\":\"https:\\\/\\\/light24.ee\\\/lt\\\/product-category\\\/valisvalgustid\\\/\",\"nextItem\":{\"@type\":\"ListItem\",\"@id\":\"https:\\\/\\\/light24.ee\\\/lt\\\/product-category\\\/valisvalgustid\\\/valis-seinavalgustid\\\/#listItem\",\"name\":\"Lauko sieniniai \\u0161viestuvai\"},\"previousItem\":{\"@type\":\"ListItem\",\"@id\":\"https:\\\/\\\/light24.ee\\\/lt\\\/shop\\\/#listItem\",\"name\":\"Parduotuv\\u0117\"}},{\"@type\":\"ListItem\",\"@id\":\"https:\\\/\\\/light24.ee\\\/lt\\\/product-category\\\/valisvalgustid\\\/valis-seinavalgustid\\\/#listItem\",\"position\":4,\"name\":\"Lauko sieniniai \\u0161viestuvai\",\"item\":\"https:\\\/\\\/light24.ee\\\/lt\\\/product-category\\\/valisvalgustid\\\/valis-seinavalgustid\\\/\",\"nextItem\":{\"@type\":\"ListItem\",\"@id\":\"https:\\\/\\\/light24.ee\\\/lt\\\/toode\\\/valisvalgustid\\\/valis-seinavalgustid\\\/redo-ander-3w-3000k-ip65\\\/#listItem\",\"name\":\"Redo Ander 3W 3000K IP65\"},\"previousItem\":{\"@type\":\"ListItem\",\"@id\":\"https:\\\/\\\/light24.ee\\\/lt\\\/product-category\\\/valisvalgustid\\\/#listItem\",\"name\":\"Lauko \\u0161viestuvai\"}},{\"@type\":\"ListItem\",\"@id\":\"https:\\\/\\\/light24.ee\\\/lt\\\/toode\\\/valisvalgustid\\\/valis-seinavalgustid\\\/redo-ander-3w-3000k-ip65\\\/#listItem\",\"position\":5,\"name\":\"Redo Ander 3W 3000K IP65\",\"previousItem\":{\"@type\":\"ListItem\",\"@id\":\"https:\\\/\\\/light24.ee\\\/lt\\\/product-category\\\/valisvalgustid\\\/valis-seinavalgustid\\\/#listItem\",\"name\":\"Lauko sieniniai \\u0161viestuvai\"}}]},{\"@type\":\"Organization\",\"@id\":\"https:\\\/\\\/light24.ee\\\/lt\\\/#organization\",\"name\":\"Light24\",\"description\":\"\\u0160viestuvai elektronin\\u0117 parduotuv\\u0117 | Profesional\\u016bs ap\\u0161vietimo sprendimai\",\"url\":\"https:\\\/\\\/light24.ee\\\/lt\\\/\",\"telephone\":\"+3725184133\",\"logo\":{\"@type\":\"ImageObject\",\"url\":\"https:\\\/\\\/www.light24.ee\\\/wp-content\\\/uploads\\\/2022\\\/03\\\/Shape-2-3.svg\",\"@id\":\"https:\\\/\\\/light24.ee\\\/lt\\\/toode\\\/valisvalgustid\\\/valis-seinavalgustid\\\/redo-ander-3w-3000k-ip65\\\/#organizationLogo\"},\"image\":{\"@id\":\"https:\\\/\\\/light24.ee\\\/lt\\\/toode\\\/valisvalgustid\\\/valis-seinavalgustid\\\/redo-ander-3w-3000k-ip65\\\/#organizationLogo\"},\"sameAs\":[\"https:\\\/\\\/www.facebook.com\\\/light24.ee\",\"https:\\\/\\\/www.instagram.com\\\/light24official\\\/\"]},{\"@type\":\"Product\",\"@id\":\"https:\\\/\\\/light24.ee\\\/lt\\\/toode\\\/valisvalgustid\\\/valis-seinavalgustid\\\/redo-ander-3w-3000k-ip65\\\/#wooCommerceProduct\",\"name\":\"Redo Ander 3W 3000K IP65\",\"url\":\"https:\\\/\\\/light24.ee\\\/lt\\\/toode\\\/valisvalgustid\\\/valis-seinavalgustid\\\/redo-ander-3w-3000k-ip65\\\/\",\"sku\":\"RED100427\",\"image\":{\"@type\":\"ImageObject\",\"url\":\"https:\\\/\\\/light24.ee\\\/wp-content\\\/uploads\\\/2025\\\/09\\\/90679.jpg\",\"@id\":\"https:\\\/\\\/light24.ee\\\/lt\\\/toode\\\/valisvalgustid\\\/valis-seinavalgustid\\\/redo-ander-3w-3000k-ip65\\\/#productImage\",\"width\":1000,\"height\":1000},\"offers\":{\"@type\":\"Offer\",\"url\":\"https:\\\/\\\/light24.ee\\\/lt\\\/toode\\\/valisvalgustid\\\/valis-seinavalgustid\\\/redo-ander-3w-3000k-ip65\\\/#wooCommerceOffer\",\"price\":22,\"priceCurrency\":\"EUR\",\"category\":\"Lauko \\u0161viestuvai\",\"availability\":\"https:\\\/\\\/schema.org\\\/InStock\",\"priceSpecification\":{\"@type\":\"PriceSpecification\",\"price\":22,\"priceCurrency\":\"EUR\",\"valueAddedTaxIncluded\":\"true\"},\"seller\":{\"@type\":\"Organization\",\"@id\":\"https:\\\/\\\/light24.ee\\\/lt\\\/#organization\"}}},{\"@type\":\"WebPage\",\"@id\":\"https:\\\/\\\/light24.ee\\\/lt\\\/toode\\\/valisvalgustid\\\/valis-seinavalgustid\\\/redo-ander-3w-3000k-ip65\\\/#webpage\",\"url\":\"https:\\\/\\\/light24.ee\\\/lt\\\/toode\\\/valisvalgustid\\\/valis-seinavalgustid\\\/redo-ander-3w-3000k-ip65\\\/\",\"name\":\"Redo Ander 3W 3000K IP65 \\u2022 Light24\",\"description\":\"Atsipra\\u0161ome, \\u0161is puslapis galimas tik Eesti.\",\"inLanguage\":\"lt-LT\",\"isPartOf\":{\"@id\":\"https:\\\/\\\/light24.ee\\\/lt\\\/#website\"},\"breadcrumb\":{\"@id\":\"https:\\\/\\\/light24.ee\\\/lt\\\/toode\\\/valisvalgustid\\\/valis-seinavalgustid\\\/redo-ander-3w-3000k-ip65\\\/#breadcrumblist\"},\"image\":{\"@type\":\"ImageObject\",\"url\":\"https:\\\/\\\/light24.ee\\\/wp-content\\\/uploads\\\/2025\\\/09\\\/90679.jpg\",\"@id\":\"https:\\\/\\\/light24.ee\\\/lt\\\/toode\\\/valisvalgustid\\\/valis-seinavalgustid\\\/redo-ander-3w-3000k-ip65\\\/#mainImage\",\"width\":1000,\"height\":1000},\"primaryImageOfPage\":{\"@id\":\"https:\\\/\\\/light24.ee\\\/lt\\\/toode\\\/valisvalgustid\\\/valis-seinavalgustid\\\/redo-ander-3w-3000k-ip65\\\/#mainImage\"},\"datePublished\":\"2025-09-04T10:26:44+03:00\",\"dateModified\":\"2025-09-04T10:38:36+03:00\"},{\"@type\":\"WebSite\",\"@id\":\"https:\\\/\\\/light24.ee\\\/lt\\\/#website\",\"url\":\"https:\\\/\\\/light24.ee\\\/lt\\\/\",\"name\":\"Light24\",\"description\":\"\\u0160viestuvai elektronin\\u0117 parduotuv\\u0117 | Profesional\\u016bs ap\\u0161vietimo sprendimai\",\"inLanguage\":\"lt-LT\",\"publisher\":{\"@id\":\"https:\\\/\\\/light24.ee\\\/lt\\\/#organization\"}}]}\n\t\t<\/script>\n\t\t<!-- All in One SEO Pro -->\r\n\t\t<title>Redo Ander 3W 3000K IP65 \u2022 Light24<\/title>\n\n","aioseo_head_json":{"title":"Redo Ander 3W 3000K IP65 \u2022 Light24","description":"Atsipra\u0161ome, \u0161is puslapis galimas tik Eesti.","canonical_url":"https:\/\/light24.ee\/lt\/toode\/valisvalgustid\/valis-seinavalgustid\/redo-ander-3w-3000k-ip65\/","robots":"max-image-preview:large","keywords":"","webmasterTools":{"google-site-verification":"nxgDPK3Ouk6bwvuxlwlzeMOKszmf-8m57RDu5zAgN-Y","miscellaneous":""},"schema":{"@context":"https:\/\/schema.org","@graph":[{"@type":"BreadcrumbList","@id":"https:\/\/light24.ee\/lt\/toode\/valisvalgustid\/valis-seinavalgustid\/redo-ander-3w-3000k-ip65\/#breadcrumblist","itemListElement":[{"@type":"ListItem","@id":"https:\/\/light24.ee\/lt#listItem","position":1,"name":"Home","item":"https:\/\/light24.ee\/lt","nextItem":{"@type":"ListItem","@id":"https:\/\/light24.ee\/lt\/shop\/#listItem","name":"Parduotuv\u0117"}},{"@type":"ListItem","@id":"https:\/\/light24.ee\/lt\/shop\/#listItem","position":2,"name":"Parduotuv\u0117","item":"https:\/\/light24.ee\/lt\/shop\/","nextItem":{"@type":"ListItem","@id":"https:\/\/light24.ee\/lt\/product-category\/valisvalgustid\/#listItem","name":"Lauko \u0161viestuvai"},"previousItem":{"@type":"ListItem","@id":"https:\/\/light24.ee\/lt#listItem","name":"Home"}},{"@type":"ListItem","@id":"https:\/\/light24.ee\/lt\/product-category\/valisvalgustid\/#listItem","position":3,"name":"Lauko \u0161viestuvai","item":"https:\/\/light24.ee\/lt\/product-category\/valisvalgustid\/","nextItem":{"@type":"ListItem","@id":"https:\/\/light24.ee\/lt\/product-category\/valisvalgustid\/valis-seinavalgustid\/#listItem","name":"Lauko sieniniai \u0161viestuvai"},"previousItem":{"@type":"ListItem","@id":"https:\/\/light24.ee\/lt\/shop\/#listItem","name":"Parduotuv\u0117"}},{"@type":"ListItem","@id":"https:\/\/light24.ee\/lt\/product-category\/valisvalgustid\/valis-seinavalgustid\/#listItem","position":4,"name":"Lauko sieniniai \u0161viestuvai","item":"https:\/\/light24.ee\/lt\/product-category\/valisvalgustid\/valis-seinavalgustid\/","nextItem":{"@type":"ListItem","@id":"https:\/\/light24.ee\/lt\/toode\/valisvalgustid\/valis-seinavalgustid\/redo-ander-3w-3000k-ip65\/#listItem","name":"Redo Ander 3W 3000K IP65"},"previousItem":{"@type":"ListItem","@id":"https:\/\/light24.ee\/lt\/product-category\/valisvalgustid\/#listItem","name":"Lauko \u0161viestuvai"}},{"@type":"ListItem","@id":"https:\/\/light24.ee\/lt\/toode\/valisvalgustid\/valis-seinavalgustid\/redo-ander-3w-3000k-ip65\/#listItem","position":5,"name":"Redo Ander 3W 3000K IP65","previousItem":{"@type":"ListItem","@id":"https:\/\/light24.ee\/lt\/product-category\/valisvalgustid\/valis-seinavalgustid\/#listItem","name":"Lauko sieniniai \u0161viestuvai"}}]},{"@type":"Organization","@id":"https:\/\/light24.ee\/lt\/#organization","name":"Light24","description":"\u0160viestuvai elektronin\u0117 parduotuv\u0117 | Profesional\u016bs ap\u0161vietimo sprendimai","url":"https:\/\/light24.ee\/lt\/","telephone":"+3725184133","logo":{"@type":"ImageObject","url":"https:\/\/www.light24.ee\/wp-content\/uploads\/2022\/03\/Shape-2-3.svg","@id":"https:\/\/light24.ee\/lt\/toode\/valisvalgustid\/valis-seinavalgustid\/redo-ander-3w-3000k-ip65\/#organizationLogo"},"image":{"@id":"https:\/\/light24.ee\/lt\/toode\/valisvalgustid\/valis-seinavalgustid\/redo-ander-3w-3000k-ip65\/#organizationLogo"},"sameAs":["https:\/\/www.facebook.com\/light24.ee","https:\/\/www.instagram.com\/light24official\/"]},{"@type":"Product","@id":"https:\/\/light24.ee\/lt\/toode\/valisvalgustid\/valis-seinavalgustid\/redo-ander-3w-3000k-ip65\/#wooCommerceProduct","name":"Redo Ander 3W 3000K IP65","url":"https:\/\/light24.ee\/lt\/toode\/valisvalgustid\/valis-seinavalgustid\/redo-ander-3w-3000k-ip65\/","sku":"RED100427","image":{"@type":"ImageObject","url":"https:\/\/light24.ee\/wp-content\/uploads\/2025\/09\/90679.jpg","@id":"https:\/\/light24.ee\/lt\/toode\/valisvalgustid\/valis-seinavalgustid\/redo-ander-3w-3000k-ip65\/#productImage","width":1000,"height":1000},"offers":{"@type":"Offer","url":"https:\/\/light24.ee\/lt\/toode\/valisvalgustid\/valis-seinavalgustid\/redo-ander-3w-3000k-ip65\/#wooCommerceOffer","price":22,"priceCurrency":"EUR","category":"Lauko \u0161viestuvai","availability":"https:\/\/schema.org\/InStock","priceSpecification":{"@type":"PriceSpecification","price":22,"priceCurrency":"EUR","valueAddedTaxIncluded":"true"},"seller":{"@type":"Organization","@id":"https:\/\/light24.ee\/lt\/#organization"}}},{"@type":"WebPage","@id":"https:\/\/light24.ee\/lt\/toode\/valisvalgustid\/valis-seinavalgustid\/redo-ander-3w-3000k-ip65\/#webpage","url":"https:\/\/light24.ee\/lt\/toode\/valisvalgustid\/valis-seinavalgustid\/redo-ander-3w-3000k-ip65\/","name":"Redo Ander 3W 3000K IP65 \u2022 Light24","description":"Atsipra\u0161ome, \u0161is puslapis galimas tik Eesti.","inLanguage":"lt-LT","isPartOf":{"@id":"https:\/\/light24.ee\/lt\/#website"},"breadcrumb":{"@id":"https:\/\/light24.ee\/lt\/toode\/valisvalgustid\/valis-seinavalgustid\/redo-ander-3w-3000k-ip65\/#breadcrumblist"},"image":{"@type":"ImageObject","url":"https:\/\/light24.ee\/wp-content\/uploads\/2025\/09\/90679.jpg","@id":"https:\/\/light24.ee\/lt\/toode\/valisvalgustid\/valis-seinavalgustid\/redo-ander-3w-3000k-ip65\/#mainImage","width":1000,"height":1000},"primaryImageOfPage":{"@id":"https:\/\/light24.ee\/lt\/toode\/valisvalgustid\/valis-seinavalgustid\/redo-ander-3w-3000k-ip65\/#mainImage"},"datePublished":"2025-09-04T10:26:44+03:00","dateModified":"2025-09-04T10:38:36+03:00"},{"@type":"WebSite","@id":"https:\/\/light24.ee\/lt\/#website","url":"https:\/\/light24.ee\/lt\/","name":"Light24","description":"\u0160viestuvai elektronin\u0117 parduotuv\u0117 | Profesional\u016bs ap\u0161vietimo sprendimai","inLanguage":"lt-LT","publisher":{"@id":"https:\/\/light24.ee\/lt\/#organization"}}]},"og:locale":"lt_LT","og:site_name":"Light24 \u2022 \u0160viestuvai elektronin\u0117 parduotuv\u0117 | Profesional\u016bs ap\u0161vietimo sprendimai","og:type":"article","og:title":"Redo Ander 3W 3000K IP65 \u2022 Light24","og:description":"Atsipra\u0161ome, \u0161is puslapis galimas tik Eesti.","og:url":"https:\/\/light24.ee\/lt\/toode\/valisvalgustid\/valis-seinavalgustid\/redo-ander-3w-3000k-ip65\/","og:image":"https:\/\/light24.ee\/wp-content\/uploads\/2025\/09\/90679.jpg","og:image:secure_url":"https:\/\/light24.ee\/wp-content\/uploads\/2025\/09\/90679.jpg","og:image:width":1000,"og:image:height":1000,"article:published_time":"2025-09-04T07:26:44+00:00","article:modified_time":"2025-09-04T07:38:36+00:00","article:publisher":"https:\/\/www.facebook.com\/light24.ee","twitter:card":"summary","twitter:title":"Redo Ander 3W 3000K IP65 \u2022 Light24","twitter:description":"Atsipra\u0161ome, \u0161is puslapis galimas tik Eesti.","twitter:image":"https:\/\/light24.ee\/wp-content\/uploads\/2025\/09\/90679.jpg"},"aioseo_meta_data":{"post_id":"150655","title":null,"description":null,"keywords":null,"keyphrases":{"focus":{"keyphrase":"","score":0,"analysis":{"keyphraseInTitle":{"score":0,"maxScore":9,"error":1}}},"additional":[]},"primary_term":null,"canonical_url":null,"og_title":null,"og_description":null,"og_object_type":"default","og_image_type":"default","og_image_url":null,"og_image_width":null,"og_image_height":null,"og_image_custom_url":null,"og_image_custom_fields":null,"og_video":"","og_custom_url":null,"og_article_section":null,"og_article_tags":null,"twitter_use_og":false,"twitter_card":"default","twitter_image_type":"default","twitter_image_url":null,"twitter_image_custom_url":null,"twitter_image_custom_fields":null,"twitter_title":null,"twitter_description":null,"schema":{"blockGraphs":[],"customGraphs":[],"default":{"data":{"Article":[],"Course":[],"Dataset":[],"FAQPage":[],"Movie":[],"Person":[],"Product":[],"ProductReview":[],"Car":[],"Recipe":[],"Service":[],"SoftwareApplication":[],"WebPage":[]},"graphName":"Product","isEnabled":true},"graphs":[]},"schema_type":"default","schema_type_options":null,"pillar_content":false,"robots_default":true,"robots_noindex":false,"robots_noarchive":false,"robots_nosnippet":false,"robots_nofollow":false,"robots_noimageindex":false,"robots_noodp":false,"robots_notranslate":false,"robots_max_snippet":"-1","robots_max_videopreview":"-1","robots_max_imagepreview":"large","priority":null,"frequency":"default","local_seo":null,"seo_analyzer_scan_date":"2025-10-27 17:00:02","breadcrumb_settings":null,"limit_modified_date":false,"reviewed_by":null,"open_ai":"{\"title\":{\"suggestions\":[],\"usage\":0},\"description\":{\"suggestions\":[],\"usage\":0}}","ai":{"faqs":[],"keyPoints":[],"titles":[],"descriptions":[],"socialPosts":{"email":[],"linkedin":[],"twitter":[],"facebook":[],"instagram":[]}},"created":"2025-09-04 07:26:44","updated":"2025-10-27 17:00:02"},"aioseo_breadcrumb":"<div class=\"aioseo-breadcrumbs\"><span class=\"aioseo-breadcrumb\">\n\t<a href=\"https:\/\/light24.ee\/lt\" title=\"Home\">Home<\/a>\n<\/span><span class=\"aioseo-breadcrumb-separator\">&raquo;<\/span><span class=\"aioseo-breadcrumb\">\n\t<a href=\"https:\/\/light24.ee\/lt\/shop\/\" title=\"Parduotuv\u0117\">Parduotuv\u0117<\/a>\n<\/span><span class=\"aioseo-breadcrumb-separator\">&raquo;<\/span><span class=\"aioseo-breadcrumb\">\n\t<a href=\"https:\/\/light24.ee\/lt\/product-category\/valisvalgustid\/\" title=\"Lauko \u0161viestuvai\">Lauko \u0161viestuvai<\/a>\n<\/span><span class=\"aioseo-breadcrumb-separator\">&raquo;<\/span><span class=\"aioseo-breadcrumb\">\n\t<a href=\"https:\/\/light24.ee\/lt\/product-category\/valisvalgustid\/valis-seinavalgustid\/\" title=\"Lauko sieniniai \u0161viestuvai\">Lauko sieniniai \u0161viestuvai<\/a>\n<\/span><span class=\"aioseo-breadcrumb-separator\">&raquo;<\/span><span class=\"aioseo-breadcrumb\">\n\tRedo Ander 3W 3000K IP65\n<\/span><\/div>","aioseo_breadcrumb_json":[{"label":"Home","link":"https:\/\/light24.ee\/lt"},{"label":"Parduotuv\u0117","link":"https:\/\/light24.ee\/lt\/shop\/"},{"label":"Lauko \u0161viestuvai","link":"https:\/\/light24.ee\/lt\/product-category\/valisvalgustid\/"},{"label":"Lauko sieniniai \u0161viestuvai","link":"https:\/\/light24.ee\/lt\/product-category\/valisvalgustid\/valis-seinavalgustid\/"},{"label":"Redo Ander 3W 3000K IP65","link":"https:\/\/light24.ee\/lt\/toode\/valisvalgustid\/valis-seinavalgustid\/redo-ander-3w-3000k-ip65\/"}],"_links":{"self":[{"href":"https:\/\/light24.ee\/lt\/wp-json\/wp\/v2\/product\/150655","targetHints":{"allow":["GET"]}}],"collection":[{"href":"https:\/\/light24.ee\/lt\/wp-json\/wp\/v2\/product"}],"about":[{"href":"https:\/\/light24.ee\/lt\/wp-json\/wp\/v2\/types\/product"}],"replies":[{"embeddable":true,"href":"https:\/\/light24.ee\/lt\/wp-json\/wp\/v2\/comments?post=150655"}],"wp:featuredmedia":[{"embeddable":true,"href":"https:\/\/light24.ee\/lt\/wp-json\/wp\/v2\/media\/150659"}],"wp:attachment":[{"href":"https:\/\/light24.ee\/lt\/wp-json\/wp\/v2\/media?parent=150655"}],"wp:term":[{"taxonomy":"product_cat","embeddable":true,"href":"https:\/\/light24.ee\/lt\/wp-json\/wp\/v2\/product_cat?post=150655"},{"taxonomy":"product_tag","embeddable":true,"href":"https:\/\/light24.ee\/lt\/wp-json\/wp\/v2\/product_tag?post=150655"}],"curies":[{"name":"wp","href":"https:\/\/api.w.org\/{rel}","templated":true}]}}