{"id":154184,"date":"2026-01-06T12:47:52","date_gmt":"2026-01-06T10:47:52","guid":{"rendered":"https:\/\/light24.ee\/?post_type=product&#038;p=154184"},"modified":"2026-01-06T12:53:46","modified_gmt":"2026-01-06T10:53:46","slug":"arelux-xproof-50w-4000k-6500k-l-1262cm","status":"publish","type":"product","link":"https:\/\/light24.ee\/lt\/toode\/arhitektuursed-valgustid\/toostusvalgustid\/arelux-xproof-50w-4000k-6500k-l-1262cm\/","title":{"rendered":"Arelux XPROOF 50W 4000K\/6500K L: 126,2cm"},"content":{"rendered":"","protected":false},"excerpt":{"rendered":"","protected":false},"featured_media":154187,"comment_status":"closed","ping_status":"closed","template":"","meta":{"_acf_changed":false},"product_cat":[2904,257],"product_tag":[8302],"class_list":{"0":"post-154184","1":"product","2":"type-product","3":"status-publish","4":"has-post-thumbnail","6":"product_cat-arhitektuursed-valgustid","7":"product_cat-toostusvalgustid","8":"product_tag-arelux","9":"pa_ip-kaitseklass-ik08","10":"pa_ip-kaitseklass-ip65","11":"pa_materjal-polukarbonaat","12":"pa_tarneaeg-2-3-nadalat","13":"pa_varv-hall","15":"first","16":"instock","17":"taxable","18":"shipping-taxable","19":"purchasable","20":"product-type-variable"},"acf":[],"aioseo_notices":[],"aioseo_head":"\n\t\t<!-- All in One SEO Pro 4.9.5.2 - aioseo.com -->\n\t<meta name=\"robots\" content=\"max-image-preview:large\" \/>\n\t<meta name=\"google-site-verification\" content=\"nxgDPK3Ouk6bwvuxlwlzeMOKszmf-8m57RDu5zAgN-Y\" \/>\n\t<link rel=\"canonical\" href=\"https:\/\/light24.ee\/lt\/toode\/arhitektuursed-valgustid\/toostusvalgustid\/arelux-xproof-50w-4000k-6500k-l-1262cm\/\" \/>\n\t<meta name=\"generator\" content=\"All in One SEO Pro (AIOSEO) 4.9.5.2\" \/>\n\t\t<meta property=\"og:locale\" content=\"lt_LT\" \/>\n\t\t<meta property=\"og:site_name\" content=\"Light24 \u2022 \u0160viestuvai elektronin\u0117 parduotuv\u0117 | Profesional\u016bs ap\u0161vietimo sprendimai\" \/>\n\t\t<meta property=\"og:type\" content=\"article\" \/>\n\t\t<meta property=\"og:title\" content=\"Arelux XPROOF 50W 4000K\/6500K L: 126,2cm \u2022 Light24\" \/>\n\t\t<meta property=\"og:url\" content=\"https:\/\/light24.ee\/lt\/toode\/arhitektuursed-valgustid\/toostusvalgustid\/arelux-xproof-50w-4000k-6500k-l-1262cm\/\" \/>\n\t\t<meta property=\"og:image\" content=\"https:\/\/light24.ee\/wp-content\/uploads\/2026\/01\/xproof4.jpg\" \/>\n\t\t<meta property=\"og:image:secure_url\" content=\"https:\/\/light24.ee\/wp-content\/uploads\/2026\/01\/xproof4.jpg\" \/>\n\t\t<meta property=\"og:image:width\" content=\"750\" \/>\n\t\t<meta property=\"og:image:height\" content=\"750\" \/>\n\t\t<meta property=\"article:published_time\" content=\"2026-01-06T10:47:52+00:00\" \/>\n\t\t<meta property=\"article:modified_time\" content=\"2026-01-06T10:53:46+00:00\" \/>\n\t\t<meta property=\"article:publisher\" content=\"https:\/\/www.facebook.com\/light24.ee\" \/>\n\t\t<meta name=\"twitter:card\" content=\"summary\" \/>\n\t\t<meta name=\"twitter:title\" content=\"Arelux XPROOF 50W 4000K\/6500K L: 126,2cm \u2022 Light24\" \/>\n\t\t<meta name=\"twitter:image\" content=\"https:\/\/light24.ee\/wp-content\/uploads\/2026\/01\/xproof4.jpg\" \/>\n\t\t<script type=\"application\/ld+json\" class=\"aioseo-schema\">\n\t\t\t{\"@context\":\"https:\\\/\\\/schema.org\",\"@graph\":[{\"@type\":\"BreadcrumbList\",\"@id\":\"https:\\\/\\\/light24.ee\\\/lt\\\/toode\\\/arhitektuursed-valgustid\\\/toostusvalgustid\\\/arelux-xproof-50w-4000k-6500k-l-1262cm\\\/#breadcrumblist\",\"itemListElement\":[{\"@type\":\"ListItem\",\"@id\":\"https:\\\/\\\/light24.ee\\\/lt#listItem\",\"position\":1,\"name\":\"Home\",\"item\":\"https:\\\/\\\/light24.ee\\\/lt\",\"nextItem\":{\"@type\":\"ListItem\",\"@id\":\"https:\\\/\\\/light24.ee\\\/lt\\\/shop\\\/#listItem\",\"name\":\"Parduotuv\\u0117\"}},{\"@type\":\"ListItem\",\"@id\":\"https:\\\/\\\/light24.ee\\\/lt\\\/shop\\\/#listItem\",\"position\":2,\"name\":\"Parduotuv\\u0117\",\"item\":\"https:\\\/\\\/light24.ee\\\/lt\\\/shop\\\/\",\"nextItem\":{\"@type\":\"ListItem\",\"@id\":\"https:\\\/\\\/light24.ee\\\/lt\\\/product-category\\\/arhitektuursed-valgustid\\\/#listItem\",\"name\":\"Arhitektuursed valgustid\"},\"previousItem\":{\"@type\":\"ListItem\",\"@id\":\"https:\\\/\\\/light24.ee\\\/lt#listItem\",\"name\":\"Home\"}},{\"@type\":\"ListItem\",\"@id\":\"https:\\\/\\\/light24.ee\\\/lt\\\/product-category\\\/arhitektuursed-valgustid\\\/#listItem\",\"position\":3,\"name\":\"Arhitektuursed valgustid\",\"item\":\"https:\\\/\\\/light24.ee\\\/lt\\\/product-category\\\/arhitektuursed-valgustid\\\/\",\"nextItem\":{\"@type\":\"ListItem\",\"@id\":\"https:\\\/\\\/light24.ee\\\/lt\\\/product-category\\\/arhitektuursed-valgustid\\\/toostusvalgustid\\\/#listItem\",\"name\":\"Pramoninis ap\\u0161vietimas\"},\"previousItem\":{\"@type\":\"ListItem\",\"@id\":\"https:\\\/\\\/light24.ee\\\/lt\\\/shop\\\/#listItem\",\"name\":\"Parduotuv\\u0117\"}},{\"@type\":\"ListItem\",\"@id\":\"https:\\\/\\\/light24.ee\\\/lt\\\/product-category\\\/arhitektuursed-valgustid\\\/toostusvalgustid\\\/#listItem\",\"position\":4,\"name\":\"Pramoninis ap\\u0161vietimas\",\"item\":\"https:\\\/\\\/light24.ee\\\/lt\\\/product-category\\\/arhitektuursed-valgustid\\\/toostusvalgustid\\\/\",\"nextItem\":{\"@type\":\"ListItem\",\"@id\":\"https:\\\/\\\/light24.ee\\\/lt\\\/toode\\\/arhitektuursed-valgustid\\\/toostusvalgustid\\\/arelux-xproof-50w-4000k-6500k-l-1262cm\\\/#listItem\",\"name\":\"Arelux XPROOF 50W 4000K\\\/6500K L: 126,2cm\"},\"previousItem\":{\"@type\":\"ListItem\",\"@id\":\"https:\\\/\\\/light24.ee\\\/lt\\\/product-category\\\/arhitektuursed-valgustid\\\/#listItem\",\"name\":\"Arhitektuursed valgustid\"}},{\"@type\":\"ListItem\",\"@id\":\"https:\\\/\\\/light24.ee\\\/lt\\\/toode\\\/arhitektuursed-valgustid\\\/toostusvalgustid\\\/arelux-xproof-50w-4000k-6500k-l-1262cm\\\/#listItem\",\"position\":5,\"name\":\"Arelux XPROOF 50W 4000K\\\/6500K L: 126,2cm\",\"previousItem\":{\"@type\":\"ListItem\",\"@id\":\"https:\\\/\\\/light24.ee\\\/lt\\\/product-category\\\/arhitektuursed-valgustid\\\/toostusvalgustid\\\/#listItem\",\"name\":\"Pramoninis ap\\u0161vietimas\"}}]},{\"@type\":\"Organization\",\"@id\":\"https:\\\/\\\/light24.ee\\\/lt\\\/#organization\",\"name\":\"Light24\",\"description\":\"\\u0160viestuvai elektronin\\u0117 parduotuv\\u0117 | Profesional\\u016bs ap\\u0161vietimo sprendimai\",\"url\":\"https:\\\/\\\/light24.ee\\\/lt\\\/\",\"telephone\":\"+3725184133\",\"logo\":{\"@type\":\"ImageObject\",\"url\":\"https:\\\/\\\/www.light24.ee\\\/wp-content\\\/uploads\\\/2022\\\/03\\\/Shape-2-3.svg\",\"@id\":\"https:\\\/\\\/light24.ee\\\/lt\\\/toode\\\/arhitektuursed-valgustid\\\/toostusvalgustid\\\/arelux-xproof-50w-4000k-6500k-l-1262cm\\\/#organizationLogo\"},\"image\":{\"@id\":\"https:\\\/\\\/light24.ee\\\/lt\\\/toode\\\/arhitektuursed-valgustid\\\/toostusvalgustid\\\/arelux-xproof-50w-4000k-6500k-l-1262cm\\\/#organizationLogo\"},\"sameAs\":[\"https:\\\/\\\/www.facebook.com\\\/light24.ee\",\"https:\\\/\\\/www.instagram.com\\\/light24official\\\/\"]},{\"@type\":\"ProductGroup\",\"@id\":\"https:\\\/\\\/light24.ee\\\/lt\\\/toode\\\/arhitektuursed-valgustid\\\/toostusvalgustid\\\/arelux-xproof-50w-4000k-6500k-l-1262cm\\\/#wooCommerceProduct\",\"name\":\"Arelux XPROOF 50W 4000K\\\/6500K L: 126,2cm\",\"url\":\"https:\\\/\\\/light24.ee\\\/lt\\\/toode\\\/arhitektuursed-valgustid\\\/toostusvalgustid\\\/arelux-xproof-50w-4000k-6500k-l-1262cm\\\/\",\"sku\":\"ARE110100-1\",\"image\":{\"@type\":\"ImageObject\",\"url\":\"https:\\\/\\\/light24.ee\\\/wp-content\\\/uploads\\\/2026\\\/01\\\/xproof4.jpg\",\"@id\":\"https:\\\/\\\/light24.ee\\\/lt\\\/toode\\\/arhitektuursed-valgustid\\\/toostusvalgustid\\\/arelux-xproof-50w-4000k-6500k-l-1262cm\\\/#productImage\",\"width\":750,\"height\":750},\"productGroupID\":154184,\"hasVariant\":[{\"@type\":\"Product\",\"@id\":\"https:\\\/\\\/light24.ee\\\/lt\\\/toode\\\/arhitektuursed-valgustid\\\/toostusvalgustid\\\/arelux-xproof-50w-4000k-6500k-l-1262cm\\\/#wooCommerceProduct\",\"name\":\"Arelux XPROOF 50W 4000K\\\/6500K L: 126,2cm - 4000k\",\"url\":\"https:\\\/\\\/light24.ee\\\/lt\\\/toode\\\/arhitektuursed-valgustid\\\/toostusvalgustid\\\/arelux-xproof-50w-4000k-6500k-l-1262cm\\\/\",\"sku\":\"ARE110100-1\",\"image\":{\"@type\":\"ImageObject\",\"url\":\"https:\\\/\\\/light24.ee\\\/wp-content\\\/uploads\\\/2026\\\/01\\\/xproof4.jpg\",\"@id\":\"https:\\\/\\\/light24.ee\\\/lt\\\/toode\\\/arhitektuursed-valgustid\\\/toostusvalgustid\\\/arelux-xproof-50w-4000k-6500k-l-1262cm\\\/#productImage\",\"width\":750,\"height\":750},\"offers\":{\"@type\":\"Offer\",\"url\":\"https:\\\/\\\/light24.ee\\\/lt\\\/toode\\\/arhitektuursed-valgustid\\\/toostusvalgustid\\\/arelux-xproof-50w-4000k-6500k-l-1262cm\\\/#wooCommerceOffer\",\"price\":\"55\",\"priceCurrency\":\"EUR\",\"category\":\"Arhitektuursed valgustid\",\"availability\":\"https:\\\/\\\/schema.org\\\/InStock\",\"priceSpecification\":{\"@type\":\"PriceSpecification\",\"price\":55,\"priceCurrency\":\"EUR\",\"valueAddedTaxIncluded\":\"true\"}}},{\"@type\":\"Product\",\"@id\":\"https:\\\/\\\/light24.ee\\\/lt\\\/toode\\\/arhitektuursed-valgustid\\\/toostusvalgustid\\\/arelux-xproof-50w-4000k-6500k-l-1262cm\\\/#wooCommerceProduct\",\"name\":\"Arelux XPROOF 50W 4000K\\\/6500K L: 126,2cm - 6500k\",\"url\":\"https:\\\/\\\/light24.ee\\\/lt\\\/toode\\\/arhitektuursed-valgustid\\\/toostusvalgustid\\\/arelux-xproof-50w-4000k-6500k-l-1262cm\\\/\",\"sku\":\"ARE110100-1\",\"image\":{\"@type\":\"ImageObject\",\"url\":\"https:\\\/\\\/light24.ee\\\/wp-content\\\/uploads\\\/2026\\\/01\\\/xproof4.jpg\",\"@id\":\"https:\\\/\\\/light24.ee\\\/lt\\\/toode\\\/arhitektuursed-valgustid\\\/toostusvalgustid\\\/arelux-xproof-50w-4000k-6500k-l-1262cm\\\/#productImage\",\"width\":750,\"height\":750},\"offers\":{\"@type\":\"Offer\",\"url\":\"https:\\\/\\\/light24.ee\\\/lt\\\/toode\\\/arhitektuursed-valgustid\\\/toostusvalgustid\\\/arelux-xproof-50w-4000k-6500k-l-1262cm\\\/#wooCommerceOffer\",\"price\":\"55\",\"priceCurrency\":\"EUR\",\"category\":\"Arhitektuursed valgustid\",\"availability\":\"https:\\\/\\\/schema.org\\\/InStock\",\"priceSpecification\":{\"@type\":\"PriceSpecification\",\"price\":55,\"priceCurrency\":\"EUR\",\"valueAddedTaxIncluded\":\"true\"}}}]},{\"@type\":\"WebPage\",\"@id\":\"https:\\\/\\\/light24.ee\\\/lt\\\/toode\\\/arhitektuursed-valgustid\\\/toostusvalgustid\\\/arelux-xproof-50w-4000k-6500k-l-1262cm\\\/#webpage\",\"url\":\"https:\\\/\\\/light24.ee\\\/lt\\\/toode\\\/arhitektuursed-valgustid\\\/toostusvalgustid\\\/arelux-xproof-50w-4000k-6500k-l-1262cm\\\/\",\"name\":\"Arelux XPROOF 50W 4000K\\\/6500K L: 126,2cm \\u2022 Light24\",\"inLanguage\":\"lt-LT\",\"isPartOf\":{\"@id\":\"https:\\\/\\\/light24.ee\\\/lt\\\/#website\"},\"breadcrumb\":{\"@id\":\"https:\\\/\\\/light24.ee\\\/lt\\\/toode\\\/arhitektuursed-valgustid\\\/toostusvalgustid\\\/arelux-xproof-50w-4000k-6500k-l-1262cm\\\/#breadcrumblist\"},\"image\":{\"@type\":\"ImageObject\",\"url\":\"https:\\\/\\\/light24.ee\\\/wp-content\\\/uploads\\\/2026\\\/01\\\/xproof4.jpg\",\"@id\":\"https:\\\/\\\/light24.ee\\\/lt\\\/toode\\\/arhitektuursed-valgustid\\\/toostusvalgustid\\\/arelux-xproof-50w-4000k-6500k-l-1262cm\\\/#mainImage\",\"width\":750,\"height\":750},\"primaryImageOfPage\":{\"@id\":\"https:\\\/\\\/light24.ee\\\/lt\\\/toode\\\/arhitektuursed-valgustid\\\/toostusvalgustid\\\/arelux-xproof-50w-4000k-6500k-l-1262cm\\\/#mainImage\"},\"datePublished\":\"2026-01-06T12:47:52+02:00\",\"dateModified\":\"2026-01-06T12:53:46+02:00\"},{\"@type\":\"WebSite\",\"@id\":\"https:\\\/\\\/light24.ee\\\/lt\\\/#website\",\"url\":\"https:\\\/\\\/light24.ee\\\/lt\\\/\",\"name\":\"Light24\",\"description\":\"\\u0160viestuvai elektronin\\u0117 parduotuv\\u0117 | Profesional\\u016bs ap\\u0161vietimo sprendimai\",\"inLanguage\":\"lt-LT\",\"publisher\":{\"@id\":\"https:\\\/\\\/light24.ee\\\/lt\\\/#organization\"}}]}\n\t\t<\/script>\n\t\t<!-- All in One SEO Pro -->\r\n\t\t<title>Arelux XPROOF 50W 4000K\/6500K L: 126,2cm \u2022 Light24<\/title>\n\n","aioseo_head_json":{"title":"Arelux XPROOF 50W 4000K\/6500K L: 126,2cm \u2022 Light24","description":"","canonical_url":"https:\/\/light24.ee\/lt\/toode\/arhitektuursed-valgustid\/toostusvalgustid\/arelux-xproof-50w-4000k-6500k-l-1262cm\/","robots":"max-image-preview:large","keywords":"","webmasterTools":{"google-site-verification":"nxgDPK3Ouk6bwvuxlwlzeMOKszmf-8m57RDu5zAgN-Y","miscellaneous":""},"schema":{"@context":"https:\/\/schema.org","@graph":[{"@type":"BreadcrumbList","@id":"https:\/\/light24.ee\/lt\/toode\/arhitektuursed-valgustid\/toostusvalgustid\/arelux-xproof-50w-4000k-6500k-l-1262cm\/#breadcrumblist","itemListElement":[{"@type":"ListItem","@id":"https:\/\/light24.ee\/lt#listItem","position":1,"name":"Home","item":"https:\/\/light24.ee\/lt","nextItem":{"@type":"ListItem","@id":"https:\/\/light24.ee\/lt\/shop\/#listItem","name":"Parduotuv\u0117"}},{"@type":"ListItem","@id":"https:\/\/light24.ee\/lt\/shop\/#listItem","position":2,"name":"Parduotuv\u0117","item":"https:\/\/light24.ee\/lt\/shop\/","nextItem":{"@type":"ListItem","@id":"https:\/\/light24.ee\/lt\/product-category\/arhitektuursed-valgustid\/#listItem","name":"Arhitektuursed valgustid"},"previousItem":{"@type":"ListItem","@id":"https:\/\/light24.ee\/lt#listItem","name":"Home"}},{"@type":"ListItem","@id":"https:\/\/light24.ee\/lt\/product-category\/arhitektuursed-valgustid\/#listItem","position":3,"name":"Arhitektuursed valgustid","item":"https:\/\/light24.ee\/lt\/product-category\/arhitektuursed-valgustid\/","nextItem":{"@type":"ListItem","@id":"https:\/\/light24.ee\/lt\/product-category\/arhitektuursed-valgustid\/toostusvalgustid\/#listItem","name":"Pramoninis ap\u0161vietimas"},"previousItem":{"@type":"ListItem","@id":"https:\/\/light24.ee\/lt\/shop\/#listItem","name":"Parduotuv\u0117"}},{"@type":"ListItem","@id":"https:\/\/light24.ee\/lt\/product-category\/arhitektuursed-valgustid\/toostusvalgustid\/#listItem","position":4,"name":"Pramoninis ap\u0161vietimas","item":"https:\/\/light24.ee\/lt\/product-category\/arhitektuursed-valgustid\/toostusvalgustid\/","nextItem":{"@type":"ListItem","@id":"https:\/\/light24.ee\/lt\/toode\/arhitektuursed-valgustid\/toostusvalgustid\/arelux-xproof-50w-4000k-6500k-l-1262cm\/#listItem","name":"Arelux XPROOF 50W 4000K\/6500K L: 126,2cm"},"previousItem":{"@type":"ListItem","@id":"https:\/\/light24.ee\/lt\/product-category\/arhitektuursed-valgustid\/#listItem","name":"Arhitektuursed valgustid"}},{"@type":"ListItem","@id":"https:\/\/light24.ee\/lt\/toode\/arhitektuursed-valgustid\/toostusvalgustid\/arelux-xproof-50w-4000k-6500k-l-1262cm\/#listItem","position":5,"name":"Arelux XPROOF 50W 4000K\/6500K L: 126,2cm","previousItem":{"@type":"ListItem","@id":"https:\/\/light24.ee\/lt\/product-category\/arhitektuursed-valgustid\/toostusvalgustid\/#listItem","name":"Pramoninis ap\u0161vietimas"}}]},{"@type":"Organization","@id":"https:\/\/light24.ee\/lt\/#organization","name":"Light24","description":"\u0160viestuvai elektronin\u0117 parduotuv\u0117 | Profesional\u016bs ap\u0161vietimo sprendimai","url":"https:\/\/light24.ee\/lt\/","telephone":"+3725184133","logo":{"@type":"ImageObject","url":"https:\/\/www.light24.ee\/wp-content\/uploads\/2022\/03\/Shape-2-3.svg","@id":"https:\/\/light24.ee\/lt\/toode\/arhitektuursed-valgustid\/toostusvalgustid\/arelux-xproof-50w-4000k-6500k-l-1262cm\/#organizationLogo"},"image":{"@id":"https:\/\/light24.ee\/lt\/toode\/arhitektuursed-valgustid\/toostusvalgustid\/arelux-xproof-50w-4000k-6500k-l-1262cm\/#organizationLogo"},"sameAs":["https:\/\/www.facebook.com\/light24.ee","https:\/\/www.instagram.com\/light24official\/"]},{"@type":"ProductGroup","@id":"https:\/\/light24.ee\/lt\/toode\/arhitektuursed-valgustid\/toostusvalgustid\/arelux-xproof-50w-4000k-6500k-l-1262cm\/#wooCommerceProduct","name":"Arelux XPROOF 50W 4000K\/6500K L: 126,2cm","url":"https:\/\/light24.ee\/lt\/toode\/arhitektuursed-valgustid\/toostusvalgustid\/arelux-xproof-50w-4000k-6500k-l-1262cm\/","sku":"ARE110100-1","image":{"@type":"ImageObject","url":"https:\/\/light24.ee\/wp-content\/uploads\/2026\/01\/xproof4.jpg","@id":"https:\/\/light24.ee\/lt\/toode\/arhitektuursed-valgustid\/toostusvalgustid\/arelux-xproof-50w-4000k-6500k-l-1262cm\/#productImage","width":750,"height":750},"productGroupID":154184,"hasVariant":[{"@type":"Product","@id":"https:\/\/light24.ee\/lt\/toode\/arhitektuursed-valgustid\/toostusvalgustid\/arelux-xproof-50w-4000k-6500k-l-1262cm\/#wooCommerceProduct","name":"Arelux XPROOF 50W 4000K\/6500K L: 126,2cm - 4000k","url":"https:\/\/light24.ee\/lt\/toode\/arhitektuursed-valgustid\/toostusvalgustid\/arelux-xproof-50w-4000k-6500k-l-1262cm\/","sku":"ARE110100-1","image":{"@type":"ImageObject","url":"https:\/\/light24.ee\/wp-content\/uploads\/2026\/01\/xproof4.jpg","@id":"https:\/\/light24.ee\/lt\/toode\/arhitektuursed-valgustid\/toostusvalgustid\/arelux-xproof-50w-4000k-6500k-l-1262cm\/#productImage","width":750,"height":750},"offers":{"@type":"Offer","url":"https:\/\/light24.ee\/lt\/toode\/arhitektuursed-valgustid\/toostusvalgustid\/arelux-xproof-50w-4000k-6500k-l-1262cm\/#wooCommerceOffer","price":"55","priceCurrency":"EUR","category":"Arhitektuursed valgustid","availability":"https:\/\/schema.org\/InStock","priceSpecification":{"@type":"PriceSpecification","price":55,"priceCurrency":"EUR","valueAddedTaxIncluded":"true"}}},{"@type":"Product","@id":"https:\/\/light24.ee\/lt\/toode\/arhitektuursed-valgustid\/toostusvalgustid\/arelux-xproof-50w-4000k-6500k-l-1262cm\/#wooCommerceProduct","name":"Arelux XPROOF 50W 4000K\/6500K L: 126,2cm - 6500k","url":"https:\/\/light24.ee\/lt\/toode\/arhitektuursed-valgustid\/toostusvalgustid\/arelux-xproof-50w-4000k-6500k-l-1262cm\/","sku":"ARE110100-1","image":{"@type":"ImageObject","url":"https:\/\/light24.ee\/wp-content\/uploads\/2026\/01\/xproof4.jpg","@id":"https:\/\/light24.ee\/lt\/toode\/arhitektuursed-valgustid\/toostusvalgustid\/arelux-xproof-50w-4000k-6500k-l-1262cm\/#productImage","width":750,"height":750},"offers":{"@type":"Offer","url":"https:\/\/light24.ee\/lt\/toode\/arhitektuursed-valgustid\/toostusvalgustid\/arelux-xproof-50w-4000k-6500k-l-1262cm\/#wooCommerceOffer","price":"55","priceCurrency":"EUR","category":"Arhitektuursed valgustid","availability":"https:\/\/schema.org\/InStock","priceSpecification":{"@type":"PriceSpecification","price":55,"priceCurrency":"EUR","valueAddedTaxIncluded":"true"}}}]},{"@type":"WebPage","@id":"https:\/\/light24.ee\/lt\/toode\/arhitektuursed-valgustid\/toostusvalgustid\/arelux-xproof-50w-4000k-6500k-l-1262cm\/#webpage","url":"https:\/\/light24.ee\/lt\/toode\/arhitektuursed-valgustid\/toostusvalgustid\/arelux-xproof-50w-4000k-6500k-l-1262cm\/","name":"Arelux XPROOF 50W 4000K\/6500K L: 126,2cm \u2022 Light24","inLanguage":"lt-LT","isPartOf":{"@id":"https:\/\/light24.ee\/lt\/#website"},"breadcrumb":{"@id":"https:\/\/light24.ee\/lt\/toode\/arhitektuursed-valgustid\/toostusvalgustid\/arelux-xproof-50w-4000k-6500k-l-1262cm\/#breadcrumblist"},"image":{"@type":"ImageObject","url":"https:\/\/light24.ee\/wp-content\/uploads\/2026\/01\/xproof4.jpg","@id":"https:\/\/light24.ee\/lt\/toode\/arhitektuursed-valgustid\/toostusvalgustid\/arelux-xproof-50w-4000k-6500k-l-1262cm\/#mainImage","width":750,"height":750},"primaryImageOfPage":{"@id":"https:\/\/light24.ee\/lt\/toode\/arhitektuursed-valgustid\/toostusvalgustid\/arelux-xproof-50w-4000k-6500k-l-1262cm\/#mainImage"},"datePublished":"2026-01-06T12:47:52+02:00","dateModified":"2026-01-06T12:53:46+02:00"},{"@type":"WebSite","@id":"https:\/\/light24.ee\/lt\/#website","url":"https:\/\/light24.ee\/lt\/","name":"Light24","description":"\u0160viestuvai elektronin\u0117 parduotuv\u0117 | Profesional\u016bs ap\u0161vietimo sprendimai","inLanguage":"lt-LT","publisher":{"@id":"https:\/\/light24.ee\/lt\/#organization"}}]},"og:locale":"lt_LT","og:site_name":"Light24 \u2022 \u0160viestuvai elektronin\u0117 parduotuv\u0117 | Profesional\u016bs ap\u0161vietimo sprendimai","og:type":"article","og:title":"Arelux XPROOF 50W 4000K\/6500K L: 126,2cm \u2022 Light24","og:url":"https:\/\/light24.ee\/lt\/toode\/arhitektuursed-valgustid\/toostusvalgustid\/arelux-xproof-50w-4000k-6500k-l-1262cm\/","og:image":"https:\/\/light24.ee\/wp-content\/uploads\/2026\/01\/xproof4.jpg","og:image:secure_url":"https:\/\/light24.ee\/wp-content\/uploads\/2026\/01\/xproof4.jpg","og:image:width":750,"og:image:height":750,"article:published_time":"2026-01-06T10:47:52+00:00","article:modified_time":"2026-01-06T10:53:46+00:00","article:publisher":"https:\/\/www.facebook.com\/light24.ee","twitter:card":"summary","twitter:title":"Arelux XPROOF 50W 4000K\/6500K L: 126,2cm \u2022 Light24","twitter:image":"https:\/\/light24.ee\/wp-content\/uploads\/2026\/01\/xproof4.jpg"},"aioseo_meta_data":{"post_id":"154184","title":null,"description":null,"keywords":null,"keyphrases":{"focus":{"keyphrase":"","score":0,"analysis":{"keyphraseInTitle":{"score":0,"maxScore":9,"error":1}}},"additional":[]},"primary_term":null,"canonical_url":null,"og_title":null,"og_description":null,"og_object_type":"default","og_image_type":"default","og_image_url":null,"og_image_width":null,"og_image_height":null,"og_image_custom_url":null,"og_image_custom_fields":null,"og_video":"","og_custom_url":null,"og_article_section":null,"og_article_tags":null,"twitter_use_og":false,"twitter_card":"default","twitter_image_type":"default","twitter_image_url":null,"twitter_image_custom_url":null,"twitter_image_custom_fields":null,"twitter_title":null,"twitter_description":null,"schema":{"blockGraphs":[],"customGraphs":[],"default":{"data":{"Article":[],"Course":[],"Dataset":[],"FAQPage":[],"Movie":[],"Person":[],"Product":[],"ProductReview":[],"Car":[],"Recipe":[],"Service":[],"SoftwareApplication":[],"WebPage":[]},"graphName":"Product","isEnabled":true},"graphs":[]},"schema_type":"default","schema_type_options":null,"pillar_content":false,"robots_default":true,"robots_noindex":false,"robots_noarchive":false,"robots_nosnippet":false,"robots_nofollow":false,"robots_noimageindex":false,"robots_noodp":false,"robots_notranslate":false,"robots_max_snippet":"-1","robots_max_videopreview":"-1","robots_max_imagepreview":"large","priority":null,"frequency":"default","local_seo":null,"seo_analyzer_scan_date":"2026-01-06 10:54:34","breadcrumb_settings":null,"limit_modified_date":false,"reviewed_by":null,"open_ai":"{\"title\":{\"suggestions\":[],\"usage\":0},\"description\":{\"suggestions\":[],\"usage\":0}}","ai":{"faqs":[],"keyPoints":[],"titles":[],"descriptions":[],"socialPosts":{"email":[],"linkedin":[],"twitter":[],"facebook":[],"instagram":[]}},"created":"2026-01-06 10:47:52","updated":"2026-01-06 10:54:34"},"aioseo_breadcrumb":"<div class=\"aioseo-breadcrumbs\"><span class=\"aioseo-breadcrumb\">\n\t<a href=\"https:\/\/light24.ee\/lt\" title=\"Home\">Home<\/a>\n<\/span><span class=\"aioseo-breadcrumb-separator\">&raquo;<\/span><span class=\"aioseo-breadcrumb\">\n\t<a href=\"https:\/\/light24.ee\/lt\/shop\/\" title=\"Parduotuv\u0117\">Parduotuv\u0117<\/a>\n<\/span><span class=\"aioseo-breadcrumb-separator\">&raquo;<\/span><span class=\"aioseo-breadcrumb\">\n\t<a href=\"https:\/\/light24.ee\/lt\/product-category\/arhitektuursed-valgustid\/\" title=\"Arhitektuursed valgustid\">Arhitektuursed valgustid<\/a>\n<\/span><span class=\"aioseo-breadcrumb-separator\">&raquo;<\/span><span class=\"aioseo-breadcrumb\">\n\t<a href=\"https:\/\/light24.ee\/lt\/product-category\/arhitektuursed-valgustid\/toostusvalgustid\/\" title=\"Pramoninis ap\u0161vietimas\">Pramoninis ap\u0161vietimas<\/a>\n<\/span><span class=\"aioseo-breadcrumb-separator\">&raquo;<\/span><span class=\"aioseo-breadcrumb\">\n\tArelux XPROOF 50W 4000K\/6500K L: 126,2cm\n<\/span><\/div>","aioseo_breadcrumb_json":[{"label":"Home","link":"https:\/\/light24.ee\/lt"},{"label":"Parduotuv\u0117","link":"https:\/\/light24.ee\/lt\/shop\/"},{"label":"Arhitektuursed valgustid","link":"https:\/\/light24.ee\/lt\/product-category\/arhitektuursed-valgustid\/"},{"label":"Pramoninis ap\u0161vietimas","link":"https:\/\/light24.ee\/lt\/product-category\/arhitektuursed-valgustid\/toostusvalgustid\/"},{"label":"Arelux XPROOF 50W 4000K\/6500K L: 126,2cm","link":"https:\/\/light24.ee\/lt\/toode\/arhitektuursed-valgustid\/toostusvalgustid\/arelux-xproof-50w-4000k-6500k-l-1262cm\/"}],"_links":{"self":[{"href":"https:\/\/light24.ee\/lt\/wp-json\/wp\/v2\/product\/154184","targetHints":{"allow":["GET"]}}],"collection":[{"href":"https:\/\/light24.ee\/lt\/wp-json\/wp\/v2\/product"}],"about":[{"href":"https:\/\/light24.ee\/lt\/wp-json\/wp\/v2\/types\/product"}],"replies":[{"embeddable":true,"href":"https:\/\/light24.ee\/lt\/wp-json\/wp\/v2\/comments?post=154184"}],"wp:featuredmedia":[{"embeddable":true,"href":"https:\/\/light24.ee\/lt\/wp-json\/wp\/v2\/media\/154187"}],"wp:attachment":[{"href":"https:\/\/light24.ee\/lt\/wp-json\/wp\/v2\/media?parent=154184"}],"wp:term":[{"taxonomy":"product_cat","embeddable":true,"href":"https:\/\/light24.ee\/lt\/wp-json\/wp\/v2\/product_cat?post=154184"},{"taxonomy":"product_tag","embeddable":true,"href":"https:\/\/light24.ee\/lt\/wp-json\/wp\/v2\/product_tag?post=154184"}],"curies":[{"name":"wp","href":"https:\/\/api.w.org\/{rel}","templated":true}]}}