{"id":155403,"date":"2025-10-05T13:16:26","date_gmt":"2025-10-05T10:16:26","guid":{"rendered":"https:\/\/light24.ee\/?post_type=product&#038;p=155403"},"modified":"2026-02-05T13:51:56","modified_gmt":"2026-02-05T11:51:56","slug":"dar-vignette-6-6g9-diam-80cm","status":"publish","type":"product","link":"https:\/\/light24.ee\/lt\/toode\/siseruumide_valgustid\/rippvalgustid\/dar-vignette-6-6g9-diam-80cm\/","title":{"rendered":"D\u00c4R Vignette 6 6*G9 diam 80cm"},"content":{"rendered":"","protected":false},"excerpt":{"rendered":"","protected":false},"featured_media":155407,"comment_status":"closed","ping_status":"closed","template":"","meta":{"_acf_changed":false},"product_cat":[7280,248],"product_tag":[9891],"class_list":{"0":"post-155403","1":"product","2":"type-product","3":"status-publish","4":"has-post-thumbnail","6":"product_cat-siseruumide_valgustid","7":"product_cat-rippvalgustid","8":"product_tag-dar-lighting","9":"product_shipping_class-standard","10":"pa_materjal-metall","11":"pa_materjal-klaas","12":"pa_ruumid-elutuba","13":"pa_ruumid-soogituba","14":"pa_ruumid-kook","15":"pa_ruumid-hotellid-ja-restoranid","16":"pa_tarneaeg-2-3-nadalat","17":"pa_tehnilised-andmed-68w-led-g9","18":"pa_varv-matt-kuld","19":"pa_varv-must","20":"pa_varv-kroom","22":"first","23":"instock","24":"taxable","25":"shipping-taxable","26":"purchasable","27":"product-type-variable"},"acf":[],"aioseo_notices":[],"aioseo_head":"\n\t\t<!-- All in One SEO Pro 4.9.5.2 - aioseo.com -->\n\t<meta name=\"robots\" content=\"max-image-preview:large\" \/>\n\t<meta name=\"google-site-verification\" content=\"nxgDPK3Ouk6bwvuxlwlzeMOKszmf-8m57RDu5zAgN-Y\" \/>\n\t<link rel=\"canonical\" href=\"https:\/\/light24.ee\/lt\/toode\/siseruumide_valgustid\/rippvalgustid\/dar-vignette-6-6g9-diam-80cm\/\" \/>\n\t<meta name=\"generator\" content=\"All in One SEO Pro (AIOSEO) 4.9.5.2\" \/>\n\t\t<meta property=\"og:locale\" content=\"lt_LT\" \/>\n\t\t<meta property=\"og:site_name\" content=\"Light24 \u2022 \u0160viestuvai elektronin\u0117 parduotuv\u0117 | Profesional\u016bs ap\u0161vietimo sprendimai\" \/>\n\t\t<meta property=\"og:type\" content=\"article\" \/>\n\t\t<meta property=\"og:title\" content=\"D\u00c4R Vignette 6 6*G9 diam 80cm \u2022 Light24\" \/>\n\t\t<meta property=\"og:url\" content=\"https:\/\/light24.ee\/lt\/toode\/siseruumide_valgustid\/rippvalgustid\/dar-vignette-6-6g9-diam-80cm\/\" \/>\n\t\t<meta property=\"og:image\" content=\"https:\/\/light24.ee\/wp-content\/uploads\/2026\/02\/rippvalgusti-vinette-1.jpg\" \/>\n\t\t<meta property=\"og:image:secure_url\" content=\"https:\/\/light24.ee\/wp-content\/uploads\/2026\/02\/rippvalgusti-vinette-1.jpg\" \/>\n\t\t<meta property=\"og:image:width\" content=\"900\" \/>\n\t\t<meta property=\"og:image:height\" content=\"900\" \/>\n\t\t<meta property=\"article:published_time\" content=\"2025-10-05T10:16:26+00:00\" \/>\n\t\t<meta property=\"article:modified_time\" content=\"2026-02-05T11:51:56+00:00\" \/>\n\t\t<meta property=\"article:publisher\" content=\"https:\/\/www.facebook.com\/light24.ee\" \/>\n\t\t<meta name=\"twitter:card\" content=\"summary\" \/>\n\t\t<meta name=\"twitter:title\" content=\"D\u00c4R Vignette 6 6*G9 diam 80cm \u2022 Light24\" \/>\n\t\t<meta name=\"twitter:image\" content=\"https:\/\/light24.ee\/wp-content\/uploads\/2026\/02\/rippvalgusti-vinette-1.jpg\" \/>\n\t\t<script type=\"application\/ld+json\" class=\"aioseo-schema\">\n\t\t\t{\"@context\":\"https:\\\/\\\/schema.org\",\"@graph\":[{\"@type\":\"BreadcrumbList\",\"@id\":\"https:\\\/\\\/light24.ee\\\/lt\\\/toode\\\/siseruumide_valgustid\\\/rippvalgustid\\\/dar-vignette-6-6g9-diam-80cm\\\/#breadcrumblist\",\"itemListElement\":[{\"@type\":\"ListItem\",\"@id\":\"https:\\\/\\\/light24.ee\\\/lt#listItem\",\"position\":1,\"name\":\"Home\",\"item\":\"https:\\\/\\\/light24.ee\\\/lt\",\"nextItem\":{\"@type\":\"ListItem\",\"@id\":\"https:\\\/\\\/light24.ee\\\/lt\\\/shop\\\/#listItem\",\"name\":\"Parduotuv\\u0117\"}},{\"@type\":\"ListItem\",\"@id\":\"https:\\\/\\\/light24.ee\\\/lt\\\/shop\\\/#listItem\",\"position\":2,\"name\":\"Parduotuv\\u0117\",\"item\":\"https:\\\/\\\/light24.ee\\\/lt\\\/shop\\\/\",\"nextItem\":{\"@type\":\"ListItem\",\"@id\":\"https:\\\/\\\/light24.ee\\\/lt\\\/product-category\\\/siseruumide_valgustid\\\/#listItem\",\"name\":\"Vidaus patalp\\u0173 \\u0161viestuvai\"},\"previousItem\":{\"@type\":\"ListItem\",\"@id\":\"https:\\\/\\\/light24.ee\\\/lt#listItem\",\"name\":\"Home\"}},{\"@type\":\"ListItem\",\"@id\":\"https:\\\/\\\/light24.ee\\\/lt\\\/product-category\\\/siseruumide_valgustid\\\/#listItem\",\"position\":3,\"name\":\"Vidaus patalp\\u0173 \\u0161viestuvai\",\"item\":\"https:\\\/\\\/light24.ee\\\/lt\\\/product-category\\\/siseruumide_valgustid\\\/\",\"nextItem\":{\"@type\":\"ListItem\",\"@id\":\"https:\\\/\\\/light24.ee\\\/lt\\\/product-category\\\/siseruumide_valgustid\\\/rippvalgustid\\\/#listItem\",\"name\":\"Pakabinami \\u0161viestuvai\"},\"previousItem\":{\"@type\":\"ListItem\",\"@id\":\"https:\\\/\\\/light24.ee\\\/lt\\\/shop\\\/#listItem\",\"name\":\"Parduotuv\\u0117\"}},{\"@type\":\"ListItem\",\"@id\":\"https:\\\/\\\/light24.ee\\\/lt\\\/product-category\\\/siseruumide_valgustid\\\/rippvalgustid\\\/#listItem\",\"position\":4,\"name\":\"Pakabinami \\u0161viestuvai\",\"item\":\"https:\\\/\\\/light24.ee\\\/lt\\\/product-category\\\/siseruumide_valgustid\\\/rippvalgustid\\\/\",\"nextItem\":{\"@type\":\"ListItem\",\"@id\":\"https:\\\/\\\/light24.ee\\\/lt\\\/toode\\\/siseruumide_valgustid\\\/rippvalgustid\\\/dar-vignette-6-6g9-diam-80cm\\\/#listItem\",\"name\":\"D\\u00c4R Vignette 6 6*G9 diam 80cm\"},\"previousItem\":{\"@type\":\"ListItem\",\"@id\":\"https:\\\/\\\/light24.ee\\\/lt\\\/product-category\\\/siseruumide_valgustid\\\/#listItem\",\"name\":\"Vidaus patalp\\u0173 \\u0161viestuvai\"}},{\"@type\":\"ListItem\",\"@id\":\"https:\\\/\\\/light24.ee\\\/lt\\\/toode\\\/siseruumide_valgustid\\\/rippvalgustid\\\/dar-vignette-6-6g9-diam-80cm\\\/#listItem\",\"position\":5,\"name\":\"D\\u00c4R Vignette 6 6*G9 diam 80cm\",\"previousItem\":{\"@type\":\"ListItem\",\"@id\":\"https:\\\/\\\/light24.ee\\\/lt\\\/product-category\\\/siseruumide_valgustid\\\/rippvalgustid\\\/#listItem\",\"name\":\"Pakabinami \\u0161viestuvai\"}}]},{\"@type\":\"Organization\",\"@id\":\"https:\\\/\\\/light24.ee\\\/lt\\\/#organization\",\"name\":\"Light24\",\"description\":\"\\u0160viestuvai elektronin\\u0117 parduotuv\\u0117 | Profesional\\u016bs ap\\u0161vietimo sprendimai\",\"url\":\"https:\\\/\\\/light24.ee\\\/lt\\\/\",\"telephone\":\"+3725184133\",\"logo\":{\"@type\":\"ImageObject\",\"url\":\"https:\\\/\\\/www.light24.ee\\\/wp-content\\\/uploads\\\/2022\\\/03\\\/Shape-2-3.svg\",\"@id\":\"https:\\\/\\\/light24.ee\\\/lt\\\/toode\\\/siseruumide_valgustid\\\/rippvalgustid\\\/dar-vignette-6-6g9-diam-80cm\\\/#organizationLogo\"},\"image\":{\"@id\":\"https:\\\/\\\/light24.ee\\\/lt\\\/toode\\\/siseruumide_valgustid\\\/rippvalgustid\\\/dar-vignette-6-6g9-diam-80cm\\\/#organizationLogo\"},\"sameAs\":[\"https:\\\/\\\/www.facebook.com\\\/light24.ee\",\"https:\\\/\\\/www.instagram.com\\\/light24official\\\/\"]},{\"@type\":\"ProductGroup\",\"@id\":\"https:\\\/\\\/light24.ee\\\/lt\\\/toode\\\/siseruumide_valgustid\\\/rippvalgustid\\\/dar-vignette-6-6g9-diam-80cm\\\/#wooCommerceProduct\",\"name\":\"D\\u00c4R Vignette 6 6*G9 diam 80cm\",\"url\":\"https:\\\/\\\/light24.ee\\\/lt\\\/toode\\\/siseruumide_valgustid\\\/rippvalgustid\\\/dar-vignette-6-6g9-diam-80cm\\\/\",\"sku\":\"DAR26002\",\"image\":{\"@type\":\"ImageObject\",\"url\":\"https:\\\/\\\/light24.ee\\\/wp-content\\\/uploads\\\/2026\\\/02\\\/rippvalgusti-vinette-1.jpg\",\"@id\":\"https:\\\/\\\/light24.ee\\\/lt\\\/toode\\\/siseruumide_valgustid\\\/rippvalgustid\\\/dar-vignette-6-6g9-diam-80cm\\\/#productImage\",\"width\":900,\"height\":900},\"productGroupID\":155403,\"hasVariant\":[{\"@type\":\"Product\",\"@id\":\"https:\\\/\\\/light24.ee\\\/lt\\\/toode\\\/siseruumide_valgustid\\\/rippvalgustid\\\/dar-vignette-6-6g9-diam-80cm\\\/#wooCommerceProduct\",\"name\":\"D\\u00c4R Vignette 6 6*G9 diam 80cm - matt-kuld\",\"url\":\"https:\\\/\\\/light24.ee\\\/lt\\\/toode\\\/siseruumide_valgustid\\\/rippvalgustid\\\/dar-vignette-6-6g9-diam-80cm\\\/\",\"sku\":\"DAR26002\",\"image\":{\"@type\":\"ImageObject\",\"url\":\"https:\\\/\\\/light24.ee\\\/wp-content\\\/uploads\\\/2026\\\/02\\\/rippvalgusti-vinette-1.jpg\",\"@id\":\"https:\\\/\\\/light24.ee\\\/lt\\\/toode\\\/siseruumide_valgustid\\\/rippvalgustid\\\/dar-vignette-6-6g9-diam-80cm\\\/#productImage\",\"width\":900,\"height\":900},\"offers\":{\"@type\":\"Offer\",\"url\":\"https:\\\/\\\/light24.ee\\\/lt\\\/toode\\\/siseruumide_valgustid\\\/rippvalgustid\\\/dar-vignette-6-6g9-diam-80cm\\\/#wooCommerceOffer\",\"price\":\"140\",\"priceCurrency\":\"EUR\",\"category\":\"Vidaus patalp\\u0173 \\u0161viestuvai\",\"availability\":\"https:\\\/\\\/schema.org\\\/InStock\",\"priceSpecification\":{\"@type\":\"PriceSpecification\",\"price\":140,\"priceCurrency\":\"EUR\",\"valueAddedTaxIncluded\":\"true\"}}},{\"@type\":\"Product\",\"@id\":\"https:\\\/\\\/light24.ee\\\/lt\\\/toode\\\/siseruumide_valgustid\\\/rippvalgustid\\\/dar-vignette-6-6g9-diam-80cm\\\/#wooCommerceProduct\",\"name\":\"D\\u00c4R Vignette 6 6*G9 diam 80cm - must\",\"url\":\"https:\\\/\\\/light24.ee\\\/lt\\\/toode\\\/siseruumide_valgustid\\\/rippvalgustid\\\/dar-vignette-6-6g9-diam-80cm\\\/\",\"sku\":\"DAR26002\",\"image\":{\"@type\":\"ImageObject\",\"url\":\"https:\\\/\\\/light24.ee\\\/wp-content\\\/uploads\\\/2026\\\/02\\\/rippvalgusti-vinette-2.jpg\",\"@id\":\"https:\\\/\\\/light24.ee\\\/lt\\\/toode\\\/siseruumide_valgustid\\\/rippvalgustid\\\/dar-vignette-6-6g9-diam-80cm\\\/#productImage\",\"width\":900,\"height\":900},\"offers\":{\"@type\":\"Offer\",\"url\":\"https:\\\/\\\/light24.ee\\\/lt\\\/toode\\\/siseruumide_valgustid\\\/rippvalgustid\\\/dar-vignette-6-6g9-diam-80cm\\\/#wooCommerceOffer\",\"price\":\"131\",\"priceCurrency\":\"EUR\",\"category\":\"Vidaus patalp\\u0173 \\u0161viestuvai\",\"availability\":\"https:\\\/\\\/schema.org\\\/InStock\",\"priceSpecification\":{\"@type\":\"PriceSpecification\",\"price\":131,\"priceCurrency\":\"EUR\",\"valueAddedTaxIncluded\":\"true\"}}},{\"@type\":\"Product\",\"@id\":\"https:\\\/\\\/light24.ee\\\/lt\\\/toode\\\/siseruumide_valgustid\\\/rippvalgustid\\\/dar-vignette-6-6g9-diam-80cm\\\/#wooCommerceProduct\",\"name\":\"D\\u00c4R Vignette 6 6*G9 diam 80cm - kroom\",\"url\":\"https:\\\/\\\/light24.ee\\\/lt\\\/toode\\\/siseruumide_valgustid\\\/rippvalgustid\\\/dar-vignette-6-6g9-diam-80cm\\\/\",\"sku\":\"DAR26002\",\"image\":{\"@type\":\"ImageObject\",\"url\":\"https:\\\/\\\/light24.ee\\\/wp-content\\\/uploads\\\/2026\\\/02\\\/rippvalgusti-vinette.jpg\",\"@id\":\"https:\\\/\\\/light24.ee\\\/lt\\\/toode\\\/siseruumide_valgustid\\\/rippvalgustid\\\/dar-vignette-6-6g9-diam-80cm\\\/#productImage\",\"width\":900,\"height\":900},\"offers\":{\"@type\":\"Offer\",\"url\":\"https:\\\/\\\/light24.ee\\\/lt\\\/toode\\\/siseruumide_valgustid\\\/rippvalgustid\\\/dar-vignette-6-6g9-diam-80cm\\\/#wooCommerceOffer\",\"price\":\"135\",\"priceCurrency\":\"EUR\",\"category\":\"Vidaus patalp\\u0173 \\u0161viestuvai\",\"availability\":\"https:\\\/\\\/schema.org\\\/InStock\",\"priceSpecification\":{\"@type\":\"PriceSpecification\",\"price\":135,\"priceCurrency\":\"EUR\",\"valueAddedTaxIncluded\":\"true\"}}}]},{\"@type\":\"WebPage\",\"@id\":\"https:\\\/\\\/light24.ee\\\/lt\\\/toode\\\/siseruumide_valgustid\\\/rippvalgustid\\\/dar-vignette-6-6g9-diam-80cm\\\/#webpage\",\"url\":\"https:\\\/\\\/light24.ee\\\/lt\\\/toode\\\/siseruumide_valgustid\\\/rippvalgustid\\\/dar-vignette-6-6g9-diam-80cm\\\/\",\"name\":\"D\\u00c4R Vignette 6 6*G9 diam 80cm \\u2022 Light24\",\"inLanguage\":\"lt-LT\",\"isPartOf\":{\"@id\":\"https:\\\/\\\/light24.ee\\\/lt\\\/#website\"},\"breadcrumb\":{\"@id\":\"https:\\\/\\\/light24.ee\\\/lt\\\/toode\\\/siseruumide_valgustid\\\/rippvalgustid\\\/dar-vignette-6-6g9-diam-80cm\\\/#breadcrumblist\"},\"image\":{\"@type\":\"ImageObject\",\"url\":\"https:\\\/\\\/light24.ee\\\/wp-content\\\/uploads\\\/2026\\\/02\\\/rippvalgusti-vinette-1.jpg\",\"@id\":\"https:\\\/\\\/light24.ee\\\/lt\\\/toode\\\/siseruumide_valgustid\\\/rippvalgustid\\\/dar-vignette-6-6g9-diam-80cm\\\/#mainImage\",\"width\":900,\"height\":900},\"primaryImageOfPage\":{\"@id\":\"https:\\\/\\\/light24.ee\\\/lt\\\/toode\\\/siseruumide_valgustid\\\/rippvalgustid\\\/dar-vignette-6-6g9-diam-80cm\\\/#mainImage\"},\"datePublished\":\"2025-10-05T13:16:26+03:00\",\"dateModified\":\"2026-02-05T13:51:56+02:00\"},{\"@type\":\"WebSite\",\"@id\":\"https:\\\/\\\/light24.ee\\\/lt\\\/#website\",\"url\":\"https:\\\/\\\/light24.ee\\\/lt\\\/\",\"name\":\"Light24\",\"description\":\"\\u0160viestuvai elektronin\\u0117 parduotuv\\u0117 | Profesional\\u016bs ap\\u0161vietimo sprendimai\",\"inLanguage\":\"lt-LT\",\"publisher\":{\"@id\":\"https:\\\/\\\/light24.ee\\\/lt\\\/#organization\"}}]}\n\t\t<\/script>\n\t\t<!-- All in One SEO Pro -->\r\n\t\t<title>D\u00c4R Vignette 6 6*G9 diam 80cm \u2022 Light24<\/title>\n\n","aioseo_head_json":{"title":"D\u00c4R Vignette 6 6*G9 diam 80cm \u2022 Light24","description":"","canonical_url":"https:\/\/light24.ee\/lt\/toode\/siseruumide_valgustid\/rippvalgustid\/dar-vignette-6-6g9-diam-80cm\/","robots":"max-image-preview:large","keywords":"","webmasterTools":{"google-site-verification":"nxgDPK3Ouk6bwvuxlwlzeMOKszmf-8m57RDu5zAgN-Y","miscellaneous":""},"schema":{"@context":"https:\/\/schema.org","@graph":[{"@type":"BreadcrumbList","@id":"https:\/\/light24.ee\/lt\/toode\/siseruumide_valgustid\/rippvalgustid\/dar-vignette-6-6g9-diam-80cm\/#breadcrumblist","itemListElement":[{"@type":"ListItem","@id":"https:\/\/light24.ee\/lt#listItem","position":1,"name":"Home","item":"https:\/\/light24.ee\/lt","nextItem":{"@type":"ListItem","@id":"https:\/\/light24.ee\/lt\/shop\/#listItem","name":"Parduotuv\u0117"}},{"@type":"ListItem","@id":"https:\/\/light24.ee\/lt\/shop\/#listItem","position":2,"name":"Parduotuv\u0117","item":"https:\/\/light24.ee\/lt\/shop\/","nextItem":{"@type":"ListItem","@id":"https:\/\/light24.ee\/lt\/product-category\/siseruumide_valgustid\/#listItem","name":"Vidaus patalp\u0173 \u0161viestuvai"},"previousItem":{"@type":"ListItem","@id":"https:\/\/light24.ee\/lt#listItem","name":"Home"}},{"@type":"ListItem","@id":"https:\/\/light24.ee\/lt\/product-category\/siseruumide_valgustid\/#listItem","position":3,"name":"Vidaus patalp\u0173 \u0161viestuvai","item":"https:\/\/light24.ee\/lt\/product-category\/siseruumide_valgustid\/","nextItem":{"@type":"ListItem","@id":"https:\/\/light24.ee\/lt\/product-category\/siseruumide_valgustid\/rippvalgustid\/#listItem","name":"Pakabinami \u0161viestuvai"},"previousItem":{"@type":"ListItem","@id":"https:\/\/light24.ee\/lt\/shop\/#listItem","name":"Parduotuv\u0117"}},{"@type":"ListItem","@id":"https:\/\/light24.ee\/lt\/product-category\/siseruumide_valgustid\/rippvalgustid\/#listItem","position":4,"name":"Pakabinami \u0161viestuvai","item":"https:\/\/light24.ee\/lt\/product-category\/siseruumide_valgustid\/rippvalgustid\/","nextItem":{"@type":"ListItem","@id":"https:\/\/light24.ee\/lt\/toode\/siseruumide_valgustid\/rippvalgustid\/dar-vignette-6-6g9-diam-80cm\/#listItem","name":"D\u00c4R Vignette 6 6*G9 diam 80cm"},"previousItem":{"@type":"ListItem","@id":"https:\/\/light24.ee\/lt\/product-category\/siseruumide_valgustid\/#listItem","name":"Vidaus patalp\u0173 \u0161viestuvai"}},{"@type":"ListItem","@id":"https:\/\/light24.ee\/lt\/toode\/siseruumide_valgustid\/rippvalgustid\/dar-vignette-6-6g9-diam-80cm\/#listItem","position":5,"name":"D\u00c4R Vignette 6 6*G9 diam 80cm","previousItem":{"@type":"ListItem","@id":"https:\/\/light24.ee\/lt\/product-category\/siseruumide_valgustid\/rippvalgustid\/#listItem","name":"Pakabinami \u0161viestuvai"}}]},{"@type":"Organization","@id":"https:\/\/light24.ee\/lt\/#organization","name":"Light24","description":"\u0160viestuvai elektronin\u0117 parduotuv\u0117 | Profesional\u016bs ap\u0161vietimo sprendimai","url":"https:\/\/light24.ee\/lt\/","telephone":"+3725184133","logo":{"@type":"ImageObject","url":"https:\/\/www.light24.ee\/wp-content\/uploads\/2022\/03\/Shape-2-3.svg","@id":"https:\/\/light24.ee\/lt\/toode\/siseruumide_valgustid\/rippvalgustid\/dar-vignette-6-6g9-diam-80cm\/#organizationLogo"},"image":{"@id":"https:\/\/light24.ee\/lt\/toode\/siseruumide_valgustid\/rippvalgustid\/dar-vignette-6-6g9-diam-80cm\/#organizationLogo"},"sameAs":["https:\/\/www.facebook.com\/light24.ee","https:\/\/www.instagram.com\/light24official\/"]},{"@type":"ProductGroup","@id":"https:\/\/light24.ee\/lt\/toode\/siseruumide_valgustid\/rippvalgustid\/dar-vignette-6-6g9-diam-80cm\/#wooCommerceProduct","name":"D\u00c4R Vignette 6 6*G9 diam 80cm","url":"https:\/\/light24.ee\/lt\/toode\/siseruumide_valgustid\/rippvalgustid\/dar-vignette-6-6g9-diam-80cm\/","sku":"DAR26002","image":{"@type":"ImageObject","url":"https:\/\/light24.ee\/wp-content\/uploads\/2026\/02\/rippvalgusti-vinette-1.jpg","@id":"https:\/\/light24.ee\/lt\/toode\/siseruumide_valgustid\/rippvalgustid\/dar-vignette-6-6g9-diam-80cm\/#productImage","width":900,"height":900},"productGroupID":155403,"hasVariant":[{"@type":"Product","@id":"https:\/\/light24.ee\/lt\/toode\/siseruumide_valgustid\/rippvalgustid\/dar-vignette-6-6g9-diam-80cm\/#wooCommerceProduct","name":"D\u00c4R Vignette 6 6*G9 diam 80cm - matt-kuld","url":"https:\/\/light24.ee\/lt\/toode\/siseruumide_valgustid\/rippvalgustid\/dar-vignette-6-6g9-diam-80cm\/","sku":"DAR26002","image":{"@type":"ImageObject","url":"https:\/\/light24.ee\/wp-content\/uploads\/2026\/02\/rippvalgusti-vinette-1.jpg","@id":"https:\/\/light24.ee\/lt\/toode\/siseruumide_valgustid\/rippvalgustid\/dar-vignette-6-6g9-diam-80cm\/#productImage","width":900,"height":900},"offers":{"@type":"Offer","url":"https:\/\/light24.ee\/lt\/toode\/siseruumide_valgustid\/rippvalgustid\/dar-vignette-6-6g9-diam-80cm\/#wooCommerceOffer","price":"140","priceCurrency":"EUR","category":"Vidaus patalp\u0173 \u0161viestuvai","availability":"https:\/\/schema.org\/InStock","priceSpecification":{"@type":"PriceSpecification","price":140,"priceCurrency":"EUR","valueAddedTaxIncluded":"true"}}},{"@type":"Product","@id":"https:\/\/light24.ee\/lt\/toode\/siseruumide_valgustid\/rippvalgustid\/dar-vignette-6-6g9-diam-80cm\/#wooCommerceProduct","name":"D\u00c4R Vignette 6 6*G9 diam 80cm - must","url":"https:\/\/light24.ee\/lt\/toode\/siseruumide_valgustid\/rippvalgustid\/dar-vignette-6-6g9-diam-80cm\/","sku":"DAR26002","image":{"@type":"ImageObject","url":"https:\/\/light24.ee\/wp-content\/uploads\/2026\/02\/rippvalgusti-vinette-2.jpg","@id":"https:\/\/light24.ee\/lt\/toode\/siseruumide_valgustid\/rippvalgustid\/dar-vignette-6-6g9-diam-80cm\/#productImage","width":900,"height":900},"offers":{"@type":"Offer","url":"https:\/\/light24.ee\/lt\/toode\/siseruumide_valgustid\/rippvalgustid\/dar-vignette-6-6g9-diam-80cm\/#wooCommerceOffer","price":"131","priceCurrency":"EUR","category":"Vidaus patalp\u0173 \u0161viestuvai","availability":"https:\/\/schema.org\/InStock","priceSpecification":{"@type":"PriceSpecification","price":131,"priceCurrency":"EUR","valueAddedTaxIncluded":"true"}}},{"@type":"Product","@id":"https:\/\/light24.ee\/lt\/toode\/siseruumide_valgustid\/rippvalgustid\/dar-vignette-6-6g9-diam-80cm\/#wooCommerceProduct","name":"D\u00c4R Vignette 6 6*G9 diam 80cm - kroom","url":"https:\/\/light24.ee\/lt\/toode\/siseruumide_valgustid\/rippvalgustid\/dar-vignette-6-6g9-diam-80cm\/","sku":"DAR26002","image":{"@type":"ImageObject","url":"https:\/\/light24.ee\/wp-content\/uploads\/2026\/02\/rippvalgusti-vinette.jpg","@id":"https:\/\/light24.ee\/lt\/toode\/siseruumide_valgustid\/rippvalgustid\/dar-vignette-6-6g9-diam-80cm\/#productImage","width":900,"height":900},"offers":{"@type":"Offer","url":"https:\/\/light24.ee\/lt\/toode\/siseruumide_valgustid\/rippvalgustid\/dar-vignette-6-6g9-diam-80cm\/#wooCommerceOffer","price":"135","priceCurrency":"EUR","category":"Vidaus patalp\u0173 \u0161viestuvai","availability":"https:\/\/schema.org\/InStock","priceSpecification":{"@type":"PriceSpecification","price":135,"priceCurrency":"EUR","valueAddedTaxIncluded":"true"}}}]},{"@type":"WebPage","@id":"https:\/\/light24.ee\/lt\/toode\/siseruumide_valgustid\/rippvalgustid\/dar-vignette-6-6g9-diam-80cm\/#webpage","url":"https:\/\/light24.ee\/lt\/toode\/siseruumide_valgustid\/rippvalgustid\/dar-vignette-6-6g9-diam-80cm\/","name":"D\u00c4R Vignette 6 6*G9 diam 80cm \u2022 Light24","inLanguage":"lt-LT","isPartOf":{"@id":"https:\/\/light24.ee\/lt\/#website"},"breadcrumb":{"@id":"https:\/\/light24.ee\/lt\/toode\/siseruumide_valgustid\/rippvalgustid\/dar-vignette-6-6g9-diam-80cm\/#breadcrumblist"},"image":{"@type":"ImageObject","url":"https:\/\/light24.ee\/wp-content\/uploads\/2026\/02\/rippvalgusti-vinette-1.jpg","@id":"https:\/\/light24.ee\/lt\/toode\/siseruumide_valgustid\/rippvalgustid\/dar-vignette-6-6g9-diam-80cm\/#mainImage","width":900,"height":900},"primaryImageOfPage":{"@id":"https:\/\/light24.ee\/lt\/toode\/siseruumide_valgustid\/rippvalgustid\/dar-vignette-6-6g9-diam-80cm\/#mainImage"},"datePublished":"2025-10-05T13:16:26+03:00","dateModified":"2026-02-05T13:51:56+02:00"},{"@type":"WebSite","@id":"https:\/\/light24.ee\/lt\/#website","url":"https:\/\/light24.ee\/lt\/","name":"Light24","description":"\u0160viestuvai elektronin\u0117 parduotuv\u0117 | Profesional\u016bs ap\u0161vietimo sprendimai","inLanguage":"lt-LT","publisher":{"@id":"https:\/\/light24.ee\/lt\/#organization"}}]},"og:locale":"lt_LT","og:site_name":"Light24 \u2022 \u0160viestuvai elektronin\u0117 parduotuv\u0117 | Profesional\u016bs ap\u0161vietimo sprendimai","og:type":"article","og:title":"D\u00c4R Vignette 6 6*G9 diam 80cm \u2022 Light24","og:url":"https:\/\/light24.ee\/lt\/toode\/siseruumide_valgustid\/rippvalgustid\/dar-vignette-6-6g9-diam-80cm\/","og:image":"https:\/\/light24.ee\/wp-content\/uploads\/2026\/02\/rippvalgusti-vinette-1.jpg","og:image:secure_url":"https:\/\/light24.ee\/wp-content\/uploads\/2026\/02\/rippvalgusti-vinette-1.jpg","og:image:width":900,"og:image:height":900,"article:published_time":"2025-10-05T10:16:26+00:00","article:modified_time":"2026-02-05T11:51:56+00:00","article:publisher":"https:\/\/www.facebook.com\/light24.ee","twitter:card":"summary","twitter:title":"D\u00c4R Vignette 6 6*G9 diam 80cm \u2022 Light24","twitter:image":"https:\/\/light24.ee\/wp-content\/uploads\/2026\/02\/rippvalgusti-vinette-1.jpg"},"aioseo_meta_data":{"post_id":"155403","title":"#post_title #separator_sa #site_title","description":"#post_excerpt","keywords":null,"keyphrases":{"focus":{"keyphrase":"","score":0,"analysis":{"keyphraseInTitle":{"score":0,"maxScore":9,"error":1}}},"additional":[]},"primary_term":null,"canonical_url":null,"og_title":null,"og_description":null,"og_object_type":"default","og_image_type":"default","og_image_url":null,"og_image_width":null,"og_image_height":null,"og_image_custom_url":null,"og_image_custom_fields":null,"og_video":"","og_custom_url":null,"og_article_section":null,"og_article_tags":null,"twitter_use_og":false,"twitter_card":"default","twitter_image_type":"default","twitter_image_url":null,"twitter_image_custom_url":null,"twitter_image_custom_fields":null,"twitter_title":null,"twitter_description":null,"schema":{"blockGraphs":[],"customGraphs":[],"default":{"data":{"Article":[],"Course":[],"Dataset":[],"FAQPage":[],"Movie":[],"Person":[],"Product":[],"ProductReview":[],"Car":[],"Recipe":[],"Service":[],"SoftwareApplication":[],"WebPage":[]},"graphName":"WebPage","isEnabled":true},"graphs":[]},"schema_type":"default","schema_type_options":null,"pillar_content":false,"robots_default":true,"robots_noindex":false,"robots_noarchive":false,"robots_nosnippet":false,"robots_nofollow":false,"robots_noimageindex":false,"robots_noodp":false,"robots_notranslate":false,"robots_max_snippet":"-1","robots_max_videopreview":"-1","robots_max_imagepreview":"large","priority":null,"frequency":"default","local_seo":null,"seo_analyzer_scan_date":"2026-02-05 11:52:28","breadcrumb_settings":null,"limit_modified_date":false,"reviewed_by":null,"open_ai":"{\"title\":{\"suggestions\":[],\"usage\":0},\"description\":{\"suggestions\":[],\"usage\":0}}","ai":{"faqs":[],"keyPoints":[],"titles":[],"descriptions":[],"socialPosts":{"email":[],"linkedin":[],"twitter":[],"facebook":[],"instagram":[]}},"created":"2026-02-01 17:39:54","updated":"2026-02-05 11:52:28"},"aioseo_breadcrumb":"<div class=\"aioseo-breadcrumbs\"><span class=\"aioseo-breadcrumb\">\n\t<a href=\"https:\/\/light24.ee\/lt\" title=\"Home\">Home<\/a>\n<\/span><span class=\"aioseo-breadcrumb-separator\">&raquo;<\/span><span class=\"aioseo-breadcrumb\">\n\t<a href=\"https:\/\/light24.ee\/lt\/shop\/\" title=\"Parduotuv\u0117\">Parduotuv\u0117<\/a>\n<\/span><span class=\"aioseo-breadcrumb-separator\">&raquo;<\/span><span class=\"aioseo-breadcrumb\">\n\t<a href=\"https:\/\/light24.ee\/lt\/product-category\/siseruumide_valgustid\/\" title=\"Vidaus patalp\u0173 \u0161viestuvai\">Vidaus patalp\u0173 \u0161viestuvai<\/a>\n<\/span><span class=\"aioseo-breadcrumb-separator\">&raquo;<\/span><span class=\"aioseo-breadcrumb\">\n\t<a href=\"https:\/\/light24.ee\/lt\/product-category\/siseruumide_valgustid\/rippvalgustid\/\" title=\"Pakabinami \u0161viestuvai\">Pakabinami \u0161viestuvai<\/a>\n<\/span><span class=\"aioseo-breadcrumb-separator\">&raquo;<\/span><span class=\"aioseo-breadcrumb\">\n\tD\u00c4R Vignette 6 6*G9 diam 80cm\n<\/span><\/div>","aioseo_breadcrumb_json":[{"label":"Home","link":"https:\/\/light24.ee\/lt"},{"label":"Parduotuv\u0117","link":"https:\/\/light24.ee\/lt\/shop\/"},{"label":"Vidaus patalp\u0173 \u0161viestuvai","link":"https:\/\/light24.ee\/lt\/product-category\/siseruumide_valgustid\/"},{"label":"Pakabinami \u0161viestuvai","link":"https:\/\/light24.ee\/lt\/product-category\/siseruumide_valgustid\/rippvalgustid\/"},{"label":"D\u00c4R Vignette 6 6*G9 diam 80cm","link":"https:\/\/light24.ee\/lt\/toode\/siseruumide_valgustid\/rippvalgustid\/dar-vignette-6-6g9-diam-80cm\/"}],"_links":{"self":[{"href":"https:\/\/light24.ee\/lt\/wp-json\/wp\/v2\/product\/155403","targetHints":{"allow":["GET"]}}],"collection":[{"href":"https:\/\/light24.ee\/lt\/wp-json\/wp\/v2\/product"}],"about":[{"href":"https:\/\/light24.ee\/lt\/wp-json\/wp\/v2\/types\/product"}],"replies":[{"embeddable":true,"href":"https:\/\/light24.ee\/lt\/wp-json\/wp\/v2\/comments?post=155403"}],"wp:featuredmedia":[{"embeddable":true,"href":"https:\/\/light24.ee\/lt\/wp-json\/wp\/v2\/media\/155407"}],"wp:attachment":[{"href":"https:\/\/light24.ee\/lt\/wp-json\/wp\/v2\/media?parent=155403"}],"wp:term":[{"taxonomy":"product_cat","embeddable":true,"href":"https:\/\/light24.ee\/lt\/wp-json\/wp\/v2\/product_cat?post=155403"},{"taxonomy":"product_tag","embeddable":true,"href":"https:\/\/light24.ee\/lt\/wp-json\/wp\/v2\/product_tag?post=155403"}],"curies":[{"name":"wp","href":"https:\/\/api.w.org\/{rel}","templated":true}]}}