{"id":156283,"date":"2026-03-01T19:19:56","date_gmt":"2026-03-01T17:19:56","guid":{"rendered":"https:\/\/light24.ee\/?post_type=product&#038;p=156283"},"modified":"2026-03-01T19:25:07","modified_gmt":"2026-03-01T17:25:07","slug":"1light-65172at-30w-cct-l-59cm","status":"publish","type":"product","link":"https:\/\/light24.ee\/lt\/toode\/siseruumide_valgustid\/3f-siinivalgustid\/1light-65172at-30w-cct-l-59cm\/","title":{"rendered":"1Light  65172AT 30W CCT L 59cm"},"content":{"rendered":"","protected":false},"excerpt":{"rendered":"","protected":false},"featured_media":156282,"comment_status":"closed","ping_status":"closed","template":"","meta":{"_acf_changed":false},"product_cat":[7280,3388],"product_tag":[7389],"class_list":{"0":"post-156283","1":"product","2":"type-product","3":"status-publish","4":"has-post-thumbnail","6":"product_cat-siseruumide_valgustid","7":"product_cat-3f-siinivalgustid","8":"product_tag-onelight","9":"product_shipping_class-small","10":"pa_materjal-alumiinium","11":"pa_ruumid-elutuba","12":"pa_ruumid-soogituba","13":"pa_ruumid-kook","14":"pa_ruumid-esik_ja_trepihall","15":"pa_ruumid-kodukontor","16":"pa_ruumid-oueala","17":"pa_ruumid-fassaad","18":"pa_ruumid-buroo","19":"pa_ruumid-galerii","20":"pa_ruumid-hotellid-ja-restoranid","21":"pa_ruumid-hoone","22":"pa_tarneaeg-10-paeva","23":"pa_varv-must","24":"pa_varv-valge","26":"first","27":"instock","28":"taxable","29":"shipping-taxable","30":"purchasable","31":"product-type-variable"},"acf":[],"aioseo_notices":[],"aioseo_head":"\n\t\t<!-- All in One SEO Pro 4.9.5.2 - aioseo.com -->\n\t<meta name=\"robots\" content=\"max-image-preview:large\" \/>\n\t<meta name=\"google-site-verification\" content=\"nxgDPK3Ouk6bwvuxlwlzeMOKszmf-8m57RDu5zAgN-Y\" \/>\n\t<link rel=\"canonical\" href=\"https:\/\/light24.ee\/lt\/toode\/siseruumide_valgustid\/3f-siinivalgustid\/1light-65172at-30w-cct-l-59cm\/\" \/>\n\t<meta name=\"generator\" content=\"All in One SEO Pro (AIOSEO) 4.9.5.2\" \/>\n\t\t<meta property=\"og:locale\" content=\"lt_LT\" \/>\n\t\t<meta property=\"og:site_name\" content=\"Light24 \u2022 \u0160viestuvai elektronin\u0117 parduotuv\u0117 | Profesional\u016bs ap\u0161vietimo sprendimai\" \/>\n\t\t<meta property=\"og:type\" content=\"article\" \/>\n\t\t<meta property=\"og:title\" content=\"1Light 65172AT 30W CCT L 59cm \u2022 Light24\" \/>\n\t\t<meta property=\"og:url\" content=\"https:\/\/light24.ee\/lt\/toode\/siseruumide_valgustid\/3f-siinivalgustid\/1light-65172at-30w-cct-l-59cm\/\" \/>\n\t\t<meta property=\"og:image\" content=\"https:\/\/light24.ee\/wp-content\/uploads\/2026\/03\/siinivalgusti-65172bt.jpg\" \/>\n\t\t<meta property=\"og:image:secure_url\" content=\"https:\/\/light24.ee\/wp-content\/uploads\/2026\/03\/siinivalgusti-65172bt.jpg\" \/>\n\t\t<meta property=\"og:image:width\" content=\"700\" \/>\n\t\t<meta property=\"og:image:height\" content=\"700\" \/>\n\t\t<meta property=\"article:published_time\" content=\"2026-03-01T17:19:56+00:00\" \/>\n\t\t<meta property=\"article:modified_time\" content=\"2026-03-01T17:25:07+00:00\" \/>\n\t\t<meta property=\"article:publisher\" content=\"https:\/\/www.facebook.com\/light24.ee\" \/>\n\t\t<meta name=\"twitter:card\" content=\"summary\" \/>\n\t\t<meta name=\"twitter:title\" content=\"1Light 65172AT 30W CCT L 59cm \u2022 Light24\" \/>\n\t\t<meta name=\"twitter:image\" content=\"https:\/\/light24.ee\/wp-content\/uploads\/2026\/03\/siinivalgusti-65172bt.jpg\" \/>\n\t\t<script type=\"application\/ld+json\" class=\"aioseo-schema\">\n\t\t\t{\"@context\":\"https:\\\/\\\/schema.org\",\"@graph\":[{\"@type\":\"BreadcrumbList\",\"@id\":\"https:\\\/\\\/light24.ee\\\/lt\\\/toode\\\/siseruumide_valgustid\\\/3f-siinivalgustid\\\/1light-65172at-30w-cct-l-59cm\\\/#breadcrumblist\",\"itemListElement\":[{\"@type\":\"ListItem\",\"@id\":\"https:\\\/\\\/light24.ee\\\/lt#listItem\",\"position\":1,\"name\":\"Home\",\"item\":\"https:\\\/\\\/light24.ee\\\/lt\",\"nextItem\":{\"@type\":\"ListItem\",\"@id\":\"https:\\\/\\\/light24.ee\\\/lt\\\/shop\\\/#listItem\",\"name\":\"Parduotuv\\u0117\"}},{\"@type\":\"ListItem\",\"@id\":\"https:\\\/\\\/light24.ee\\\/lt\\\/shop\\\/#listItem\",\"position\":2,\"name\":\"Parduotuv\\u0117\",\"item\":\"https:\\\/\\\/light24.ee\\\/lt\\\/shop\\\/\",\"nextItem\":{\"@type\":\"ListItem\",\"@id\":\"https:\\\/\\\/light24.ee\\\/lt\\\/product-category\\\/siseruumide_valgustid\\\/#listItem\",\"name\":\"Vidaus patalp\\u0173 \\u0161viestuvai\"},\"previousItem\":{\"@type\":\"ListItem\",\"@id\":\"https:\\\/\\\/light24.ee\\\/lt#listItem\",\"name\":\"Home\"}},{\"@type\":\"ListItem\",\"@id\":\"https:\\\/\\\/light24.ee\\\/lt\\\/product-category\\\/siseruumide_valgustid\\\/#listItem\",\"position\":3,\"name\":\"Vidaus patalp\\u0173 \\u0161viestuvai\",\"item\":\"https:\\\/\\\/light24.ee\\\/lt\\\/product-category\\\/siseruumide_valgustid\\\/\",\"nextItem\":{\"@type\":\"ListItem\",\"@id\":\"https:\\\/\\\/light24.ee\\\/lt\\\/product-category\\\/siseruumide_valgustid\\\/3f-siinivalgustid\\\/#listItem\",\"name\":\"3F B\\u0117giniai \\u0161viestuvai\"},\"previousItem\":{\"@type\":\"ListItem\",\"@id\":\"https:\\\/\\\/light24.ee\\\/lt\\\/shop\\\/#listItem\",\"name\":\"Parduotuv\\u0117\"}},{\"@type\":\"ListItem\",\"@id\":\"https:\\\/\\\/light24.ee\\\/lt\\\/product-category\\\/siseruumide_valgustid\\\/3f-siinivalgustid\\\/#listItem\",\"position\":4,\"name\":\"3F B\\u0117giniai \\u0161viestuvai\",\"item\":\"https:\\\/\\\/light24.ee\\\/lt\\\/product-category\\\/siseruumide_valgustid\\\/3f-siinivalgustid\\\/\",\"nextItem\":{\"@type\":\"ListItem\",\"@id\":\"https:\\\/\\\/light24.ee\\\/lt\\\/toode\\\/siseruumide_valgustid\\\/3f-siinivalgustid\\\/1light-65172at-30w-cct-l-59cm\\\/#listItem\",\"name\":\"1Light  65172AT 30W CCT L 59cm\"},\"previousItem\":{\"@type\":\"ListItem\",\"@id\":\"https:\\\/\\\/light24.ee\\\/lt\\\/product-category\\\/siseruumide_valgustid\\\/#listItem\",\"name\":\"Vidaus patalp\\u0173 \\u0161viestuvai\"}},{\"@type\":\"ListItem\",\"@id\":\"https:\\\/\\\/light24.ee\\\/lt\\\/toode\\\/siseruumide_valgustid\\\/3f-siinivalgustid\\\/1light-65172at-30w-cct-l-59cm\\\/#listItem\",\"position\":5,\"name\":\"1Light  65172AT 30W CCT L 59cm\",\"previousItem\":{\"@type\":\"ListItem\",\"@id\":\"https:\\\/\\\/light24.ee\\\/lt\\\/product-category\\\/siseruumide_valgustid\\\/3f-siinivalgustid\\\/#listItem\",\"name\":\"3F B\\u0117giniai \\u0161viestuvai\"}}]},{\"@type\":\"Organization\",\"@id\":\"https:\\\/\\\/light24.ee\\\/lt\\\/#organization\",\"name\":\"Light24\",\"description\":\"\\u0160viestuvai elektronin\\u0117 parduotuv\\u0117 | Profesional\\u016bs ap\\u0161vietimo sprendimai\",\"url\":\"https:\\\/\\\/light24.ee\\\/lt\\\/\",\"telephone\":\"+3725184133\",\"logo\":{\"@type\":\"ImageObject\",\"url\":\"https:\\\/\\\/www.light24.ee\\\/wp-content\\\/uploads\\\/2022\\\/03\\\/Shape-2-3.svg\",\"@id\":\"https:\\\/\\\/light24.ee\\\/lt\\\/toode\\\/siseruumide_valgustid\\\/3f-siinivalgustid\\\/1light-65172at-30w-cct-l-59cm\\\/#organizationLogo\"},\"image\":{\"@id\":\"https:\\\/\\\/light24.ee\\\/lt\\\/toode\\\/siseruumide_valgustid\\\/3f-siinivalgustid\\\/1light-65172at-30w-cct-l-59cm\\\/#organizationLogo\"},\"sameAs\":[\"https:\\\/\\\/www.facebook.com\\\/light24.ee\",\"https:\\\/\\\/www.instagram.com\\\/light24official\\\/\"]},{\"@type\":\"ProductGroup\",\"@id\":\"https:\\\/\\\/light24.ee\\\/lt\\\/toode\\\/siseruumide_valgustid\\\/3f-siinivalgustid\\\/1light-65172at-30w-cct-l-59cm\\\/#wooCommerceProduct\",\"name\":\"1Light  65172AT 30W CCT L 59cm\",\"url\":\"https:\\\/\\\/light24.ee\\\/lt\\\/toode\\\/siseruumide_valgustid\\\/3f-siinivalgustid\\\/1light-65172at-30w-cct-l-59cm\\\/\",\"sku\":\"1L260005-1\",\"image\":{\"@type\":\"ImageObject\",\"url\":\"https:\\\/\\\/light24.ee\\\/wp-content\\\/uploads\\\/2026\\\/03\\\/siinivalgusti-65172bt.jpg\",\"@id\":\"https:\\\/\\\/light24.ee\\\/lt\\\/toode\\\/siseruumide_valgustid\\\/3f-siinivalgustid\\\/1light-65172at-30w-cct-l-59cm\\\/#productImage\",\"width\":700,\"height\":700},\"productGroupID\":156283,\"hasVariant\":[{\"@type\":\"Product\",\"@id\":\"https:\\\/\\\/light24.ee\\\/lt\\\/toode\\\/siseruumide_valgustid\\\/3f-siinivalgustid\\\/1light-65172at-30w-cct-l-59cm\\\/#wooCommerceProduct\",\"name\":\"1Light  65172AT 30W CCT L 59cm - must\",\"url\":\"https:\\\/\\\/light24.ee\\\/lt\\\/toode\\\/siseruumide_valgustid\\\/3f-siinivalgustid\\\/1light-65172at-30w-cct-l-59cm\\\/\",\"sku\":\"1L260005-1\",\"image\":{\"@type\":\"ImageObject\",\"url\":\"https:\\\/\\\/light24.ee\\\/wp-content\\\/uploads\\\/2026\\\/03\\\/siinivalgusti-65172bt.jpg\",\"@id\":\"https:\\\/\\\/light24.ee\\\/lt\\\/toode\\\/siseruumide_valgustid\\\/3f-siinivalgustid\\\/1light-65172at-30w-cct-l-59cm\\\/#productImage\",\"width\":700,\"height\":700},\"offers\":{\"@type\":\"Offer\",\"url\":\"https:\\\/\\\/light24.ee\\\/lt\\\/toode\\\/siseruumide_valgustid\\\/3f-siinivalgustid\\\/1light-65172at-30w-cct-l-59cm\\\/#wooCommerceOffer\",\"price\":\"69\",\"priceCurrency\":\"EUR\",\"category\":\"Vidaus patalp\\u0173 \\u0161viestuvai\",\"availability\":\"https:\\\/\\\/schema.org\\\/InStock\",\"priceSpecification\":{\"@type\":\"PriceSpecification\",\"price\":69,\"priceCurrency\":\"EUR\",\"valueAddedTaxIncluded\":\"true\"}}},{\"@type\":\"Product\",\"@id\":\"https:\\\/\\\/light24.ee\\\/lt\\\/toode\\\/siseruumide_valgustid\\\/3f-siinivalgustid\\\/1light-65172at-30w-cct-l-59cm\\\/#wooCommerceProduct\",\"name\":\"1Light  65172AT 30W CCT L 59cm - valge\",\"url\":\"https:\\\/\\\/light24.ee\\\/lt\\\/toode\\\/siseruumide_valgustid\\\/3f-siinivalgustid\\\/1light-65172at-30w-cct-l-59cm\\\/\",\"sku\":\"1L260005-1\",\"image\":{\"@type\":\"ImageObject\",\"url\":\"https:\\\/\\\/light24.ee\\\/wp-content\\\/uploads\\\/2026\\\/03\\\/siinivalgusti-65172bt-1.jpg\",\"@id\":\"https:\\\/\\\/light24.ee\\\/lt\\\/toode\\\/siseruumide_valgustid\\\/3f-siinivalgustid\\\/1light-65172at-30w-cct-l-59cm\\\/#productImage\",\"width\":700,\"height\":700},\"offers\":{\"@type\":\"Offer\",\"url\":\"https:\\\/\\\/light24.ee\\\/lt\\\/toode\\\/siseruumide_valgustid\\\/3f-siinivalgustid\\\/1light-65172at-30w-cct-l-59cm\\\/#wooCommerceOffer\",\"price\":\"69\",\"priceCurrency\":\"EUR\",\"category\":\"Vidaus patalp\\u0173 \\u0161viestuvai\",\"availability\":\"https:\\\/\\\/schema.org\\\/InStock\",\"priceSpecification\":{\"@type\":\"PriceSpecification\",\"price\":69,\"priceCurrency\":\"EUR\",\"valueAddedTaxIncluded\":\"true\"}}}]},{\"@type\":\"WebPage\",\"@id\":\"https:\\\/\\\/light24.ee\\\/lt\\\/toode\\\/siseruumide_valgustid\\\/3f-siinivalgustid\\\/1light-65172at-30w-cct-l-59cm\\\/#webpage\",\"url\":\"https:\\\/\\\/light24.ee\\\/lt\\\/toode\\\/siseruumide_valgustid\\\/3f-siinivalgustid\\\/1light-65172at-30w-cct-l-59cm\\\/\",\"name\":\"1Light 65172AT 30W CCT L 59cm \\u2022 Light24\",\"inLanguage\":\"lt-LT\",\"isPartOf\":{\"@id\":\"https:\\\/\\\/light24.ee\\\/lt\\\/#website\"},\"breadcrumb\":{\"@id\":\"https:\\\/\\\/light24.ee\\\/lt\\\/toode\\\/siseruumide_valgustid\\\/3f-siinivalgustid\\\/1light-65172at-30w-cct-l-59cm\\\/#breadcrumblist\"},\"image\":{\"@type\":\"ImageObject\",\"url\":\"https:\\\/\\\/light24.ee\\\/wp-content\\\/uploads\\\/2026\\\/03\\\/siinivalgusti-65172bt.jpg\",\"@id\":\"https:\\\/\\\/light24.ee\\\/lt\\\/toode\\\/siseruumide_valgustid\\\/3f-siinivalgustid\\\/1light-65172at-30w-cct-l-59cm\\\/#mainImage\",\"width\":700,\"height\":700},\"primaryImageOfPage\":{\"@id\":\"https:\\\/\\\/light24.ee\\\/lt\\\/toode\\\/siseruumide_valgustid\\\/3f-siinivalgustid\\\/1light-65172at-30w-cct-l-59cm\\\/#mainImage\"},\"datePublished\":\"2026-03-01T19:19:56+02:00\",\"dateModified\":\"2026-03-01T19:25:07+02:00\"},{\"@type\":\"WebSite\",\"@id\":\"https:\\\/\\\/light24.ee\\\/lt\\\/#website\",\"url\":\"https:\\\/\\\/light24.ee\\\/lt\\\/\",\"name\":\"Light24\",\"description\":\"\\u0160viestuvai elektronin\\u0117 parduotuv\\u0117 | Profesional\\u016bs ap\\u0161vietimo sprendimai\",\"inLanguage\":\"lt-LT\",\"publisher\":{\"@id\":\"https:\\\/\\\/light24.ee\\\/lt\\\/#organization\"}}]}\n\t\t<\/script>\n\t\t<!-- All in One SEO Pro -->\r\n\t\t<title>1Light 65172AT 30W CCT L 59cm \u2022 Light24<\/title>\n\n","aioseo_head_json":{"title":"1Light 65172AT 30W CCT L 59cm \u2022 Light24","description":"","canonical_url":"https:\/\/light24.ee\/lt\/toode\/siseruumide_valgustid\/3f-siinivalgustid\/1light-65172at-30w-cct-l-59cm\/","robots":"max-image-preview:large","keywords":"","webmasterTools":{"google-site-verification":"nxgDPK3Ouk6bwvuxlwlzeMOKszmf-8m57RDu5zAgN-Y","miscellaneous":""},"schema":{"@context":"https:\/\/schema.org","@graph":[{"@type":"BreadcrumbList","@id":"https:\/\/light24.ee\/lt\/toode\/siseruumide_valgustid\/3f-siinivalgustid\/1light-65172at-30w-cct-l-59cm\/#breadcrumblist","itemListElement":[{"@type":"ListItem","@id":"https:\/\/light24.ee\/lt#listItem","position":1,"name":"Home","item":"https:\/\/light24.ee\/lt","nextItem":{"@type":"ListItem","@id":"https:\/\/light24.ee\/lt\/shop\/#listItem","name":"Parduotuv\u0117"}},{"@type":"ListItem","@id":"https:\/\/light24.ee\/lt\/shop\/#listItem","position":2,"name":"Parduotuv\u0117","item":"https:\/\/light24.ee\/lt\/shop\/","nextItem":{"@type":"ListItem","@id":"https:\/\/light24.ee\/lt\/product-category\/siseruumide_valgustid\/#listItem","name":"Vidaus patalp\u0173 \u0161viestuvai"},"previousItem":{"@type":"ListItem","@id":"https:\/\/light24.ee\/lt#listItem","name":"Home"}},{"@type":"ListItem","@id":"https:\/\/light24.ee\/lt\/product-category\/siseruumide_valgustid\/#listItem","position":3,"name":"Vidaus patalp\u0173 \u0161viestuvai","item":"https:\/\/light24.ee\/lt\/product-category\/siseruumide_valgustid\/","nextItem":{"@type":"ListItem","@id":"https:\/\/light24.ee\/lt\/product-category\/siseruumide_valgustid\/3f-siinivalgustid\/#listItem","name":"3F B\u0117giniai \u0161viestuvai"},"previousItem":{"@type":"ListItem","@id":"https:\/\/light24.ee\/lt\/shop\/#listItem","name":"Parduotuv\u0117"}},{"@type":"ListItem","@id":"https:\/\/light24.ee\/lt\/product-category\/siseruumide_valgustid\/3f-siinivalgustid\/#listItem","position":4,"name":"3F B\u0117giniai \u0161viestuvai","item":"https:\/\/light24.ee\/lt\/product-category\/siseruumide_valgustid\/3f-siinivalgustid\/","nextItem":{"@type":"ListItem","@id":"https:\/\/light24.ee\/lt\/toode\/siseruumide_valgustid\/3f-siinivalgustid\/1light-65172at-30w-cct-l-59cm\/#listItem","name":"1Light  65172AT 30W CCT L 59cm"},"previousItem":{"@type":"ListItem","@id":"https:\/\/light24.ee\/lt\/product-category\/siseruumide_valgustid\/#listItem","name":"Vidaus patalp\u0173 \u0161viestuvai"}},{"@type":"ListItem","@id":"https:\/\/light24.ee\/lt\/toode\/siseruumide_valgustid\/3f-siinivalgustid\/1light-65172at-30w-cct-l-59cm\/#listItem","position":5,"name":"1Light  65172AT 30W CCT L 59cm","previousItem":{"@type":"ListItem","@id":"https:\/\/light24.ee\/lt\/product-category\/siseruumide_valgustid\/3f-siinivalgustid\/#listItem","name":"3F B\u0117giniai \u0161viestuvai"}}]},{"@type":"Organization","@id":"https:\/\/light24.ee\/lt\/#organization","name":"Light24","description":"\u0160viestuvai elektronin\u0117 parduotuv\u0117 | Profesional\u016bs ap\u0161vietimo sprendimai","url":"https:\/\/light24.ee\/lt\/","telephone":"+3725184133","logo":{"@type":"ImageObject","url":"https:\/\/www.light24.ee\/wp-content\/uploads\/2022\/03\/Shape-2-3.svg","@id":"https:\/\/light24.ee\/lt\/toode\/siseruumide_valgustid\/3f-siinivalgustid\/1light-65172at-30w-cct-l-59cm\/#organizationLogo"},"image":{"@id":"https:\/\/light24.ee\/lt\/toode\/siseruumide_valgustid\/3f-siinivalgustid\/1light-65172at-30w-cct-l-59cm\/#organizationLogo"},"sameAs":["https:\/\/www.facebook.com\/light24.ee","https:\/\/www.instagram.com\/light24official\/"]},{"@type":"ProductGroup","@id":"https:\/\/light24.ee\/lt\/toode\/siseruumide_valgustid\/3f-siinivalgustid\/1light-65172at-30w-cct-l-59cm\/#wooCommerceProduct","name":"1Light  65172AT 30W CCT L 59cm","url":"https:\/\/light24.ee\/lt\/toode\/siseruumide_valgustid\/3f-siinivalgustid\/1light-65172at-30w-cct-l-59cm\/","sku":"1L260005-1","image":{"@type":"ImageObject","url":"https:\/\/light24.ee\/wp-content\/uploads\/2026\/03\/siinivalgusti-65172bt.jpg","@id":"https:\/\/light24.ee\/lt\/toode\/siseruumide_valgustid\/3f-siinivalgustid\/1light-65172at-30w-cct-l-59cm\/#productImage","width":700,"height":700},"productGroupID":156283,"hasVariant":[{"@type":"Product","@id":"https:\/\/light24.ee\/lt\/toode\/siseruumide_valgustid\/3f-siinivalgustid\/1light-65172at-30w-cct-l-59cm\/#wooCommerceProduct","name":"1Light  65172AT 30W CCT L 59cm - must","url":"https:\/\/light24.ee\/lt\/toode\/siseruumide_valgustid\/3f-siinivalgustid\/1light-65172at-30w-cct-l-59cm\/","sku":"1L260005-1","image":{"@type":"ImageObject","url":"https:\/\/light24.ee\/wp-content\/uploads\/2026\/03\/siinivalgusti-65172bt.jpg","@id":"https:\/\/light24.ee\/lt\/toode\/siseruumide_valgustid\/3f-siinivalgustid\/1light-65172at-30w-cct-l-59cm\/#productImage","width":700,"height":700},"offers":{"@type":"Offer","url":"https:\/\/light24.ee\/lt\/toode\/siseruumide_valgustid\/3f-siinivalgustid\/1light-65172at-30w-cct-l-59cm\/#wooCommerceOffer","price":"69","priceCurrency":"EUR","category":"Vidaus patalp\u0173 \u0161viestuvai","availability":"https:\/\/schema.org\/InStock","priceSpecification":{"@type":"PriceSpecification","price":69,"priceCurrency":"EUR","valueAddedTaxIncluded":"true"}}},{"@type":"Product","@id":"https:\/\/light24.ee\/lt\/toode\/siseruumide_valgustid\/3f-siinivalgustid\/1light-65172at-30w-cct-l-59cm\/#wooCommerceProduct","name":"1Light  65172AT 30W CCT L 59cm - valge","url":"https:\/\/light24.ee\/lt\/toode\/siseruumide_valgustid\/3f-siinivalgustid\/1light-65172at-30w-cct-l-59cm\/","sku":"1L260005-1","image":{"@type":"ImageObject","url":"https:\/\/light24.ee\/wp-content\/uploads\/2026\/03\/siinivalgusti-65172bt-1.jpg","@id":"https:\/\/light24.ee\/lt\/toode\/siseruumide_valgustid\/3f-siinivalgustid\/1light-65172at-30w-cct-l-59cm\/#productImage","width":700,"height":700},"offers":{"@type":"Offer","url":"https:\/\/light24.ee\/lt\/toode\/siseruumide_valgustid\/3f-siinivalgustid\/1light-65172at-30w-cct-l-59cm\/#wooCommerceOffer","price":"69","priceCurrency":"EUR","category":"Vidaus patalp\u0173 \u0161viestuvai","availability":"https:\/\/schema.org\/InStock","priceSpecification":{"@type":"PriceSpecification","price":69,"priceCurrency":"EUR","valueAddedTaxIncluded":"true"}}}]},{"@type":"WebPage","@id":"https:\/\/light24.ee\/lt\/toode\/siseruumide_valgustid\/3f-siinivalgustid\/1light-65172at-30w-cct-l-59cm\/#webpage","url":"https:\/\/light24.ee\/lt\/toode\/siseruumide_valgustid\/3f-siinivalgustid\/1light-65172at-30w-cct-l-59cm\/","name":"1Light 65172AT 30W CCT L 59cm \u2022 Light24","inLanguage":"lt-LT","isPartOf":{"@id":"https:\/\/light24.ee\/lt\/#website"},"breadcrumb":{"@id":"https:\/\/light24.ee\/lt\/toode\/siseruumide_valgustid\/3f-siinivalgustid\/1light-65172at-30w-cct-l-59cm\/#breadcrumblist"},"image":{"@type":"ImageObject","url":"https:\/\/light24.ee\/wp-content\/uploads\/2026\/03\/siinivalgusti-65172bt.jpg","@id":"https:\/\/light24.ee\/lt\/toode\/siseruumide_valgustid\/3f-siinivalgustid\/1light-65172at-30w-cct-l-59cm\/#mainImage","width":700,"height":700},"primaryImageOfPage":{"@id":"https:\/\/light24.ee\/lt\/toode\/siseruumide_valgustid\/3f-siinivalgustid\/1light-65172at-30w-cct-l-59cm\/#mainImage"},"datePublished":"2026-03-01T19:19:56+02:00","dateModified":"2026-03-01T19:25:07+02:00"},{"@type":"WebSite","@id":"https:\/\/light24.ee\/lt\/#website","url":"https:\/\/light24.ee\/lt\/","name":"Light24","description":"\u0160viestuvai elektronin\u0117 parduotuv\u0117 | Profesional\u016bs ap\u0161vietimo sprendimai","inLanguage":"lt-LT","publisher":{"@id":"https:\/\/light24.ee\/lt\/#organization"}}]},"og:locale":"lt_LT","og:site_name":"Light24 \u2022 \u0160viestuvai elektronin\u0117 parduotuv\u0117 | Profesional\u016bs ap\u0161vietimo sprendimai","og:type":"article","og:title":"1Light 65172AT 30W CCT L 59cm \u2022 Light24","og:url":"https:\/\/light24.ee\/lt\/toode\/siseruumide_valgustid\/3f-siinivalgustid\/1light-65172at-30w-cct-l-59cm\/","og:image":"https:\/\/light24.ee\/wp-content\/uploads\/2026\/03\/siinivalgusti-65172bt.jpg","og:image:secure_url":"https:\/\/light24.ee\/wp-content\/uploads\/2026\/03\/siinivalgusti-65172bt.jpg","og:image:width":700,"og:image:height":700,"article:published_time":"2026-03-01T17:19:56+00:00","article:modified_time":"2026-03-01T17:25:07+00:00","article:publisher":"https:\/\/www.facebook.com\/light24.ee","twitter:card":"summary","twitter:title":"1Light 65172AT 30W CCT L 59cm \u2022 Light24","twitter:image":"https:\/\/light24.ee\/wp-content\/uploads\/2026\/03\/siinivalgusti-65172bt.jpg"},"aioseo_meta_data":{"post_id":"156283","title":null,"description":null,"keywords":null,"keyphrases":{"focus":{"keyphrase":"","score":0,"analysis":{"keyphraseInTitle":{"score":0,"maxScore":9,"error":1}}},"additional":[]},"primary_term":null,"canonical_url":null,"og_title":null,"og_description":null,"og_object_type":"default","og_image_type":"default","og_image_url":null,"og_image_width":null,"og_image_height":null,"og_image_custom_url":null,"og_image_custom_fields":null,"og_video":"","og_custom_url":null,"og_article_section":null,"og_article_tags":null,"twitter_use_og":false,"twitter_card":"default","twitter_image_type":"default","twitter_image_url":null,"twitter_image_custom_url":null,"twitter_image_custom_fields":null,"twitter_title":null,"twitter_description":null,"schema":{"blockGraphs":[],"customGraphs":[],"default":{"data":{"Article":[],"Course":[],"Dataset":[],"FAQPage":[],"Movie":[],"Person":[],"Product":[],"ProductReview":[],"Car":[],"Recipe":[],"Service":[],"SoftwareApplication":[],"WebPage":[]},"graphName":"Product","isEnabled":true},"graphs":[]},"schema_type":"default","schema_type_options":"{\"article\":{\"articleType\":\"BlogPosting\"},\"course\":{\"name\":\"\",\"description\":\"\",\"provider\":\"\"},\"faq\":{\"pages\":[]},\"product\":{\"reviews\":[]},\"recipe\":{\"ingredients\":[],\"instructions\":[],\"keywords\":[]},\"software\":{\"reviews\":[],\"operatingSystems\":[]},\"webPage\":{\"webPageType\":\"WebPage\"},\"blockGraphs\":[]}","pillar_content":false,"robots_default":true,"robots_noindex":false,"robots_noarchive":false,"robots_nosnippet":false,"robots_nofollow":false,"robots_noimageindex":false,"robots_noodp":false,"robots_notranslate":false,"robots_max_snippet":"-1","robots_max_videopreview":"-1","robots_max_imagepreview":"large","priority":null,"frequency":"default","local_seo":null,"seo_analyzer_scan_date":"2026-03-01 17:25:16","breadcrumb_settings":null,"limit_modified_date":false,"reviewed_by":null,"open_ai":"{\"title\":{\"suggestions\":[],\"usage\":0},\"description\":{\"suggestions\":[],\"usage\":0}}","ai":{"faqs":[],"keyPoints":[],"titles":[],"descriptions":[],"socialPosts":{"email":[],"linkedin":[],"twitter":[],"facebook":[],"instagram":[]}},"created":"2026-03-01 17:19:56","updated":"2026-03-01 17:25:16"},"aioseo_breadcrumb":"<div class=\"aioseo-breadcrumbs\"><span class=\"aioseo-breadcrumb\">\n\t<a href=\"https:\/\/light24.ee\/lt\" title=\"Home\">Home<\/a>\n<\/span><span class=\"aioseo-breadcrumb-separator\">&raquo;<\/span><span class=\"aioseo-breadcrumb\">\n\t<a href=\"https:\/\/light24.ee\/lt\/shop\/\" title=\"Parduotuv\u0117\">Parduotuv\u0117<\/a>\n<\/span><span class=\"aioseo-breadcrumb-separator\">&raquo;<\/span><span class=\"aioseo-breadcrumb\">\n\t<a href=\"https:\/\/light24.ee\/lt\/product-category\/siseruumide_valgustid\/\" title=\"Vidaus patalp\u0173 \u0161viestuvai\">Vidaus patalp\u0173 \u0161viestuvai<\/a>\n<\/span><span class=\"aioseo-breadcrumb-separator\">&raquo;<\/span><span class=\"aioseo-breadcrumb\">\n\t<a href=\"https:\/\/light24.ee\/lt\/product-category\/siseruumide_valgustid\/3f-siinivalgustid\/\" title=\"3F B\u0117giniai \u0161viestuvai\">3F B\u0117giniai \u0161viestuvai<\/a>\n<\/span><span class=\"aioseo-breadcrumb-separator\">&raquo;<\/span><span class=\"aioseo-breadcrumb\">\n\t1Light  65172AT 30W CCT L 59cm\n<\/span><\/div>","aioseo_breadcrumb_json":[{"label":"Home","link":"https:\/\/light24.ee\/lt"},{"label":"Parduotuv\u0117","link":"https:\/\/light24.ee\/lt\/shop\/"},{"label":"Vidaus patalp\u0173 \u0161viestuvai","link":"https:\/\/light24.ee\/lt\/product-category\/siseruumide_valgustid\/"},{"label":"3F B\u0117giniai \u0161viestuvai","link":"https:\/\/light24.ee\/lt\/product-category\/siseruumide_valgustid\/3f-siinivalgustid\/"},{"label":"1Light  65172AT 30W CCT L 59cm","link":"https:\/\/light24.ee\/lt\/toode\/siseruumide_valgustid\/3f-siinivalgustid\/1light-65172at-30w-cct-l-59cm\/"}],"_links":{"self":[{"href":"https:\/\/light24.ee\/lt\/wp-json\/wp\/v2\/product\/156283","targetHints":{"allow":["GET"]}}],"collection":[{"href":"https:\/\/light24.ee\/lt\/wp-json\/wp\/v2\/product"}],"about":[{"href":"https:\/\/light24.ee\/lt\/wp-json\/wp\/v2\/types\/product"}],"replies":[{"embeddable":true,"href":"https:\/\/light24.ee\/lt\/wp-json\/wp\/v2\/comments?post=156283"}],"wp:featuredmedia":[{"embeddable":true,"href":"https:\/\/light24.ee\/lt\/wp-json\/wp\/v2\/media\/156282"}],"wp:attachment":[{"href":"https:\/\/light24.ee\/lt\/wp-json\/wp\/v2\/media?parent=156283"}],"wp:term":[{"taxonomy":"product_cat","embeddable":true,"href":"https:\/\/light24.ee\/lt\/wp-json\/wp\/v2\/product_cat?post=156283"},{"taxonomy":"product_tag","embeddable":true,"href":"https:\/\/light24.ee\/lt\/wp-json\/wp\/v2\/product_tag?post=156283"}],"curies":[{"name":"wp","href":"https:\/\/api.w.org\/{rel}","templated":true}]}}