{"id":18692,"date":"2023-01-29T17:52:45","date_gmt":"2023-01-29T15:52:45","guid":{"rendered":"http:\/\/shop.light24.ee\/?post_type=product&#038;p=18692"},"modified":"2024-03-29T20:53:41","modified_gmt":"2024-03-29T18:53:41","slug":"ling-lace","status":"publish","type":"product","link":"https:\/\/light24.ee\/lt\/toode\/valisvalgustid\/valis-seinavalgustid\/ling-lace\/","title":{"rendered":"FARO LING"},"content":{"rendered":"<p class=\"qtranxs-available-languages-message qtranxs-available-languages-message-lt\">Atsipra\u0161ome, \u0161is puslapis galimas tik <a href=\"https:\/\/light24.ee\/fi\/wp-json\/wp\/v2\/product\/18692\" class=\"qtranxs-available-language-link qtranxs-available-language-link-fi\" title=\"Suomi\">Suomi<\/a> ir <a href=\"https:\/\/light24.ee\/lv\/wp-json\/wp\/v2\/product\/18692\" class=\"qtranxs-available-language-link qtranxs-available-language-link-lv\" title=\"Latvie\u0161u\">Latvie\u0161u<\/a>.<\/p>","protected":false},"excerpt":{"rendered":"<p>Atsipra\u0161ome, \u0161is puslapis galimas tik Suomi ir Latvie\u0161u.<\/p>\n","protected":false},"featured_media":18696,"comment_status":"closed","ping_status":"closed","template":"","meta":{"_acf_changed":false},"product_cat":[2903,2919],"product_tag":[379],"class_list":{"0":"post-18692","1":"product","2":"type-product","3":"status-publish","4":"has-post-thumbnail","6":"product_cat-valisvalgustid","7":"product_cat-valis-seinavalgustid","8":"product_tag-faro","9":"product_shipping_class-small","10":"pa_ip-kaitseklass-ik06","11":"pa_ip-kaitseklass-1613","12":"pa_materjal-alumiinium","13":"pa_materjal-klaas","14":"pa_otstarve-valis-seinavalgustid","15":"pa_ruumid-oueala","16":"pa_ruumid-terrass","17":"pa_ruumid-fassaad","18":"pa_ruumid-hoone","19":"pa_tarneaeg-10-paeva","20":"pa_varv-valge","21":"pa_varv-tumehall","23":"first","24":"instock","25":"sale","26":"taxable","27":"shipping-taxable","28":"purchasable","29":"product-type-variable"},"acf":[],"aioseo_notices":[],"aioseo_head":"\n\t\t<!-- All in One SEO Pro 4.9.5.2 - aioseo.com -->\n\t<meta name=\"robots\" content=\"max-image-preview:large\" \/>\n\t<meta name=\"google-site-verification\" content=\"nxgDPK3Ouk6bwvuxlwlzeMOKszmf-8m57RDu5zAgN-Y\" \/>\n\t<link rel=\"canonical\" href=\"https:\/\/light24.ee\/lt\/toode\/valisvalgustid\/valis-seinavalgustid\/ling-lace\/\" \/>\n\t<meta name=\"generator\" content=\"All in One SEO Pro (AIOSEO) 4.9.5.2\" \/>\n\t\t<meta property=\"og:locale\" content=\"lt_LT\" \/>\n\t\t<meta property=\"og:site_name\" content=\"Light24 \u2022 \u0160viestuvai elektronin\u0117 parduotuv\u0117 | Profesional\u016bs ap\u0161vietimo sprendimai\" \/>\n\t\t<meta property=\"og:type\" content=\"article\" \/>\n\t\t<meta property=\"og:title\" content=\"FARO LING \u2022 Light24\" \/>\n\t\t<meta property=\"og:url\" content=\"https:\/\/light24.ee\/lt\/toode\/valisvalgustid\/valis-seinavalgustid\/ling-lace\/\" \/>\n\t\t<meta property=\"og:image\" content=\"https:\/\/light24.ee\/wp-content\/uploads\/2014\/07\/far40082-3.jpg\" \/>\n\t\t<meta property=\"og:image:secure_url\" content=\"https:\/\/light24.ee\/wp-content\/uploads\/2014\/07\/far40082-3.jpg\" \/>\n\t\t<meta property=\"og:image:width\" content=\"600\" \/>\n\t\t<meta property=\"og:image:height\" content=\"600\" \/>\n\t\t<meta property=\"article:published_time\" content=\"2023-01-29T15:52:45+00:00\" \/>\n\t\t<meta property=\"article:modified_time\" content=\"2024-03-29T18:53:41+00:00\" \/>\n\t\t<meta property=\"article:publisher\" content=\"https:\/\/www.facebook.com\/light24.ee\" \/>\n\t\t<meta name=\"twitter:card\" content=\"summary\" \/>\n\t\t<meta name=\"twitter:title\" content=\"FARO LING \u2022 Light24\" \/>\n\t\t<meta name=\"twitter:image\" content=\"https:\/\/light24.ee\/wp-content\/uploads\/2014\/07\/far40082-3.jpg\" \/>\n\t\t<script type=\"application\/ld+json\" class=\"aioseo-schema\">\n\t\t\t{\"@context\":\"https:\\\/\\\/schema.org\",\"@graph\":[{\"@type\":\"BreadcrumbList\",\"@id\":\"https:\\\/\\\/light24.ee\\\/lt\\\/toode\\\/valisvalgustid\\\/valis-seinavalgustid\\\/ling-lace\\\/#breadcrumblist\",\"itemListElement\":[{\"@type\":\"ListItem\",\"@id\":\"https:\\\/\\\/light24.ee\\\/lt#listItem\",\"position\":1,\"name\":\"Home\",\"item\":\"https:\\\/\\\/light24.ee\\\/lt\",\"nextItem\":{\"@type\":\"ListItem\",\"@id\":\"https:\\\/\\\/light24.ee\\\/lt\\\/shop\\\/#listItem\",\"name\":\"Parduotuv\\u0117\"}},{\"@type\":\"ListItem\",\"@id\":\"https:\\\/\\\/light24.ee\\\/lt\\\/shop\\\/#listItem\",\"position\":2,\"name\":\"Parduotuv\\u0117\",\"item\":\"https:\\\/\\\/light24.ee\\\/lt\\\/shop\\\/\",\"nextItem\":{\"@type\":\"ListItem\",\"@id\":\"https:\\\/\\\/light24.ee\\\/lt\\\/product-category\\\/valisvalgustid\\\/#listItem\",\"name\":\"Lauko \\u0161viestuvai\"},\"previousItem\":{\"@type\":\"ListItem\",\"@id\":\"https:\\\/\\\/light24.ee\\\/lt#listItem\",\"name\":\"Home\"}},{\"@type\":\"ListItem\",\"@id\":\"https:\\\/\\\/light24.ee\\\/lt\\\/product-category\\\/valisvalgustid\\\/#listItem\",\"position\":3,\"name\":\"Lauko \\u0161viestuvai\",\"item\":\"https:\\\/\\\/light24.ee\\\/lt\\\/product-category\\\/valisvalgustid\\\/\",\"nextItem\":{\"@type\":\"ListItem\",\"@id\":\"https:\\\/\\\/light24.ee\\\/lt\\\/product-category\\\/valisvalgustid\\\/valis-seinavalgustid\\\/#listItem\",\"name\":\"Lauko sieniniai \\u0161viestuvai\"},\"previousItem\":{\"@type\":\"ListItem\",\"@id\":\"https:\\\/\\\/light24.ee\\\/lt\\\/shop\\\/#listItem\",\"name\":\"Parduotuv\\u0117\"}},{\"@type\":\"ListItem\",\"@id\":\"https:\\\/\\\/light24.ee\\\/lt\\\/product-category\\\/valisvalgustid\\\/valis-seinavalgustid\\\/#listItem\",\"position\":4,\"name\":\"Lauko sieniniai \\u0161viestuvai\",\"item\":\"https:\\\/\\\/light24.ee\\\/lt\\\/product-category\\\/valisvalgustid\\\/valis-seinavalgustid\\\/\",\"nextItem\":{\"@type\":\"ListItem\",\"@id\":\"https:\\\/\\\/light24.ee\\\/lt\\\/toode\\\/valisvalgustid\\\/valis-seinavalgustid\\\/ling-lace\\\/#listItem\",\"name\":\"FARO LING\"},\"previousItem\":{\"@type\":\"ListItem\",\"@id\":\"https:\\\/\\\/light24.ee\\\/lt\\\/product-category\\\/valisvalgustid\\\/#listItem\",\"name\":\"Lauko \\u0161viestuvai\"}},{\"@type\":\"ListItem\",\"@id\":\"https:\\\/\\\/light24.ee\\\/lt\\\/toode\\\/valisvalgustid\\\/valis-seinavalgustid\\\/ling-lace\\\/#listItem\",\"position\":5,\"name\":\"FARO LING\",\"previousItem\":{\"@type\":\"ListItem\",\"@id\":\"https:\\\/\\\/light24.ee\\\/lt\\\/product-category\\\/valisvalgustid\\\/valis-seinavalgustid\\\/#listItem\",\"name\":\"Lauko sieniniai \\u0161viestuvai\"}}]},{\"@type\":\"Organization\",\"@id\":\"https:\\\/\\\/light24.ee\\\/lt\\\/#organization\",\"name\":\"Light24\",\"description\":\"\\u0160viestuvai elektronin\\u0117 parduotuv\\u0117 | Profesional\\u016bs ap\\u0161vietimo sprendimai\",\"url\":\"https:\\\/\\\/light24.ee\\\/lt\\\/\",\"telephone\":\"+3725184133\",\"logo\":{\"@type\":\"ImageObject\",\"url\":\"https:\\\/\\\/www.light24.ee\\\/wp-content\\\/uploads\\\/2022\\\/03\\\/Shape-2-3.svg\",\"@id\":\"https:\\\/\\\/light24.ee\\\/lt\\\/toode\\\/valisvalgustid\\\/valis-seinavalgustid\\\/ling-lace\\\/#organizationLogo\"},\"image\":{\"@id\":\"https:\\\/\\\/light24.ee\\\/lt\\\/toode\\\/valisvalgustid\\\/valis-seinavalgustid\\\/ling-lace\\\/#organizationLogo\"},\"sameAs\":[\"https:\\\/\\\/www.facebook.com\\\/light24.ee\",\"https:\\\/\\\/www.instagram.com\\\/light24official\\\/\"]},{\"@type\":\"ProductGroup\",\"@id\":\"https:\\\/\\\/light24.ee\\\/lt\\\/toode\\\/valisvalgustid\\\/valis-seinavalgustid\\\/ling-lace\\\/#wooCommerceProduct\",\"name\":\"FARO LING\",\"url\":\"https:\\\/\\\/light24.ee\\\/lt\\\/toode\\\/valisvalgustid\\\/valis-seinavalgustid\\\/ling-lace\\\/\",\"sku\":\"FAR40082\",\"image\":{\"@type\":\"ImageObject\",\"url\":\"https:\\\/\\\/light24.ee\\\/wp-content\\\/uploads\\\/2014\\\/07\\\/far40082-3.jpg\",\"@id\":\"https:\\\/\\\/light24.ee\\\/lt\\\/toode\\\/valisvalgustid\\\/valis-seinavalgustid\\\/ling-lace\\\/#productImage\",\"width\":600,\"height\":600},\"productGroupID\":18692,\"hasVariant\":[{\"@type\":\"Product\",\"@id\":\"https:\\\/\\\/light24.ee\\\/lt\\\/toode\\\/valisvalgustid\\\/valis-seinavalgustid\\\/ling-lace\\\/#wooCommerceProduct\",\"name\":\"FARO LING - valge\",\"url\":\"https:\\\/\\\/light24.ee\\\/lt\\\/toode\\\/valisvalgustid\\\/valis-seinavalgustid\\\/ling-lace\\\/\",\"sku\":\"FAR40082\",\"image\":{\"@type\":\"ImageObject\",\"url\":\"https:\\\/\\\/light24.ee\\\/wp-content\\\/uploads\\\/2014\\\/07\\\/far40082-2.jpg\",\"@id\":\"https:\\\/\\\/light24.ee\\\/lt\\\/toode\\\/valisvalgustid\\\/valis-seinavalgustid\\\/ling-lace\\\/#productImage\",\"width\":600,\"height\":600},\"offers\":{\"@type\":\"Offer\",\"url\":\"https:\\\/\\\/light24.ee\\\/lt\\\/toode\\\/valisvalgustid\\\/valis-seinavalgustid\\\/ling-lace\\\/#wooCommerceOffer\",\"price\":96.6,\"priceCurrency\":\"EUR\",\"category\":\"Lauko \\u0161viestuvai\",\"availability\":\"https:\\\/\\\/schema.org\\\/InStock\",\"priceSpecification\":{\"@type\":\"PriceSpecification\",\"price\":96.6,\"priceCurrency\":\"EUR\",\"valueAddedTaxIncluded\":\"true\"}}},{\"@type\":\"Product\",\"@id\":\"https:\\\/\\\/light24.ee\\\/lt\\\/toode\\\/valisvalgustid\\\/valis-seinavalgustid\\\/ling-lace\\\/#wooCommerceProduct\",\"name\":\"FARO LING - tumehall\",\"url\":\"https:\\\/\\\/light24.ee\\\/lt\\\/toode\\\/valisvalgustid\\\/valis-seinavalgustid\\\/ling-lace\\\/\",\"sku\":\"FAR40082\",\"image\":{\"@type\":\"ImageObject\",\"url\":\"https:\\\/\\\/light24.ee\\\/wp-content\\\/uploads\\\/2014\\\/07\\\/far40082.jpg\",\"@id\":\"https:\\\/\\\/light24.ee\\\/lt\\\/toode\\\/valisvalgustid\\\/valis-seinavalgustid\\\/ling-lace\\\/#productImage\",\"width\":600,\"height\":600},\"offers\":{\"@type\":\"Offer\",\"url\":\"https:\\\/\\\/light24.ee\\\/lt\\\/toode\\\/valisvalgustid\\\/valis-seinavalgustid\\\/ling-lace\\\/#wooCommerceOffer\",\"price\":96.6,\"priceCurrency\":\"EUR\",\"category\":\"Lauko \\u0161viestuvai\",\"availability\":\"https:\\\/\\\/schema.org\\\/InStock\",\"priceSpecification\":{\"@type\":\"PriceSpecification\",\"price\":96.6,\"priceCurrency\":\"EUR\",\"valueAddedTaxIncluded\":\"true\"}}}]},{\"@type\":\"WebPage\",\"@id\":\"https:\\\/\\\/light24.ee\\\/lt\\\/toode\\\/valisvalgustid\\\/valis-seinavalgustid\\\/ling-lace\\\/#webpage\",\"url\":\"https:\\\/\\\/light24.ee\\\/lt\\\/toode\\\/valisvalgustid\\\/valis-seinavalgustid\\\/ling-lace\\\/\",\"name\":\"FARO LING \\u2022 Light24\",\"inLanguage\":\"lt-LT\",\"isPartOf\":{\"@id\":\"https:\\\/\\\/light24.ee\\\/lt\\\/#website\"},\"breadcrumb\":{\"@id\":\"https:\\\/\\\/light24.ee\\\/lt\\\/toode\\\/valisvalgustid\\\/valis-seinavalgustid\\\/ling-lace\\\/#breadcrumblist\"},\"image\":{\"@type\":\"ImageObject\",\"url\":\"https:\\\/\\\/light24.ee\\\/wp-content\\\/uploads\\\/2014\\\/07\\\/far40082-3.jpg\",\"@id\":\"https:\\\/\\\/light24.ee\\\/lt\\\/toode\\\/valisvalgustid\\\/valis-seinavalgustid\\\/ling-lace\\\/#mainImage\",\"width\":600,\"height\":600},\"primaryImageOfPage\":{\"@id\":\"https:\\\/\\\/light24.ee\\\/lt\\\/toode\\\/valisvalgustid\\\/valis-seinavalgustid\\\/ling-lace\\\/#mainImage\"},\"datePublished\":\"2023-01-29T17:52:45+02:00\",\"dateModified\":\"2024-03-29T20:53:41+02:00\"},{\"@type\":\"WebSite\",\"@id\":\"https:\\\/\\\/light24.ee\\\/lt\\\/#website\",\"url\":\"https:\\\/\\\/light24.ee\\\/lt\\\/\",\"name\":\"Light24\",\"description\":\"\\u0160viestuvai elektronin\\u0117 parduotuv\\u0117 | Profesional\\u016bs ap\\u0161vietimo sprendimai\",\"inLanguage\":\"lt-LT\",\"publisher\":{\"@id\":\"https:\\\/\\\/light24.ee\\\/lt\\\/#organization\"}}]}\n\t\t<\/script>\n\t\t<!-- All in One SEO Pro -->\r\n\t\t<title>FARO LING \u2022 Light24<\/title>\n\n","aioseo_head_json":{"title":"FARO LING \u2022 Light24","description":"","canonical_url":"https:\/\/light24.ee\/lt\/toode\/valisvalgustid\/valis-seinavalgustid\/ling-lace\/","robots":"max-image-preview:large","keywords":"","webmasterTools":{"google-site-verification":"nxgDPK3Ouk6bwvuxlwlzeMOKszmf-8m57RDu5zAgN-Y","miscellaneous":""},"schema":{"@context":"https:\/\/schema.org","@graph":[{"@type":"BreadcrumbList","@id":"https:\/\/light24.ee\/lt\/toode\/valisvalgustid\/valis-seinavalgustid\/ling-lace\/#breadcrumblist","itemListElement":[{"@type":"ListItem","@id":"https:\/\/light24.ee\/lt#listItem","position":1,"name":"Home","item":"https:\/\/light24.ee\/lt","nextItem":{"@type":"ListItem","@id":"https:\/\/light24.ee\/lt\/shop\/#listItem","name":"Parduotuv\u0117"}},{"@type":"ListItem","@id":"https:\/\/light24.ee\/lt\/shop\/#listItem","position":2,"name":"Parduotuv\u0117","item":"https:\/\/light24.ee\/lt\/shop\/","nextItem":{"@type":"ListItem","@id":"https:\/\/light24.ee\/lt\/product-category\/valisvalgustid\/#listItem","name":"Lauko \u0161viestuvai"},"previousItem":{"@type":"ListItem","@id":"https:\/\/light24.ee\/lt#listItem","name":"Home"}},{"@type":"ListItem","@id":"https:\/\/light24.ee\/lt\/product-category\/valisvalgustid\/#listItem","position":3,"name":"Lauko \u0161viestuvai","item":"https:\/\/light24.ee\/lt\/product-category\/valisvalgustid\/","nextItem":{"@type":"ListItem","@id":"https:\/\/light24.ee\/lt\/product-category\/valisvalgustid\/valis-seinavalgustid\/#listItem","name":"Lauko sieniniai \u0161viestuvai"},"previousItem":{"@type":"ListItem","@id":"https:\/\/light24.ee\/lt\/shop\/#listItem","name":"Parduotuv\u0117"}},{"@type":"ListItem","@id":"https:\/\/light24.ee\/lt\/product-category\/valisvalgustid\/valis-seinavalgustid\/#listItem","position":4,"name":"Lauko sieniniai \u0161viestuvai","item":"https:\/\/light24.ee\/lt\/product-category\/valisvalgustid\/valis-seinavalgustid\/","nextItem":{"@type":"ListItem","@id":"https:\/\/light24.ee\/lt\/toode\/valisvalgustid\/valis-seinavalgustid\/ling-lace\/#listItem","name":"FARO LING"},"previousItem":{"@type":"ListItem","@id":"https:\/\/light24.ee\/lt\/product-category\/valisvalgustid\/#listItem","name":"Lauko \u0161viestuvai"}},{"@type":"ListItem","@id":"https:\/\/light24.ee\/lt\/toode\/valisvalgustid\/valis-seinavalgustid\/ling-lace\/#listItem","position":5,"name":"FARO LING","previousItem":{"@type":"ListItem","@id":"https:\/\/light24.ee\/lt\/product-category\/valisvalgustid\/valis-seinavalgustid\/#listItem","name":"Lauko sieniniai \u0161viestuvai"}}]},{"@type":"Organization","@id":"https:\/\/light24.ee\/lt\/#organization","name":"Light24","description":"\u0160viestuvai elektronin\u0117 parduotuv\u0117 | Profesional\u016bs ap\u0161vietimo sprendimai","url":"https:\/\/light24.ee\/lt\/","telephone":"+3725184133","logo":{"@type":"ImageObject","url":"https:\/\/www.light24.ee\/wp-content\/uploads\/2022\/03\/Shape-2-3.svg","@id":"https:\/\/light24.ee\/lt\/toode\/valisvalgustid\/valis-seinavalgustid\/ling-lace\/#organizationLogo"},"image":{"@id":"https:\/\/light24.ee\/lt\/toode\/valisvalgustid\/valis-seinavalgustid\/ling-lace\/#organizationLogo"},"sameAs":["https:\/\/www.facebook.com\/light24.ee","https:\/\/www.instagram.com\/light24official\/"]},{"@type":"ProductGroup","@id":"https:\/\/light24.ee\/lt\/toode\/valisvalgustid\/valis-seinavalgustid\/ling-lace\/#wooCommerceProduct","name":"FARO LING","url":"https:\/\/light24.ee\/lt\/toode\/valisvalgustid\/valis-seinavalgustid\/ling-lace\/","sku":"FAR40082","image":{"@type":"ImageObject","url":"https:\/\/light24.ee\/wp-content\/uploads\/2014\/07\/far40082-3.jpg","@id":"https:\/\/light24.ee\/lt\/toode\/valisvalgustid\/valis-seinavalgustid\/ling-lace\/#productImage","width":600,"height":600},"productGroupID":18692,"hasVariant":[{"@type":"Product","@id":"https:\/\/light24.ee\/lt\/toode\/valisvalgustid\/valis-seinavalgustid\/ling-lace\/#wooCommerceProduct","name":"FARO LING - valge","url":"https:\/\/light24.ee\/lt\/toode\/valisvalgustid\/valis-seinavalgustid\/ling-lace\/","sku":"FAR40082","image":{"@type":"ImageObject","url":"https:\/\/light24.ee\/wp-content\/uploads\/2014\/07\/far40082-2.jpg","@id":"https:\/\/light24.ee\/lt\/toode\/valisvalgustid\/valis-seinavalgustid\/ling-lace\/#productImage","width":600,"height":600},"offers":{"@type":"Offer","url":"https:\/\/light24.ee\/lt\/toode\/valisvalgustid\/valis-seinavalgustid\/ling-lace\/#wooCommerceOffer","price":96.6,"priceCurrency":"EUR","category":"Lauko \u0161viestuvai","availability":"https:\/\/schema.org\/InStock","priceSpecification":{"@type":"PriceSpecification","price":96.6,"priceCurrency":"EUR","valueAddedTaxIncluded":"true"}}},{"@type":"Product","@id":"https:\/\/light24.ee\/lt\/toode\/valisvalgustid\/valis-seinavalgustid\/ling-lace\/#wooCommerceProduct","name":"FARO LING - tumehall","url":"https:\/\/light24.ee\/lt\/toode\/valisvalgustid\/valis-seinavalgustid\/ling-lace\/","sku":"FAR40082","image":{"@type":"ImageObject","url":"https:\/\/light24.ee\/wp-content\/uploads\/2014\/07\/far40082.jpg","@id":"https:\/\/light24.ee\/lt\/toode\/valisvalgustid\/valis-seinavalgustid\/ling-lace\/#productImage","width":600,"height":600},"offers":{"@type":"Offer","url":"https:\/\/light24.ee\/lt\/toode\/valisvalgustid\/valis-seinavalgustid\/ling-lace\/#wooCommerceOffer","price":96.6,"priceCurrency":"EUR","category":"Lauko \u0161viestuvai","availability":"https:\/\/schema.org\/InStock","priceSpecification":{"@type":"PriceSpecification","price":96.6,"priceCurrency":"EUR","valueAddedTaxIncluded":"true"}}}]},{"@type":"WebPage","@id":"https:\/\/light24.ee\/lt\/toode\/valisvalgustid\/valis-seinavalgustid\/ling-lace\/#webpage","url":"https:\/\/light24.ee\/lt\/toode\/valisvalgustid\/valis-seinavalgustid\/ling-lace\/","name":"FARO LING \u2022 Light24","inLanguage":"lt-LT","isPartOf":{"@id":"https:\/\/light24.ee\/lt\/#website"},"breadcrumb":{"@id":"https:\/\/light24.ee\/lt\/toode\/valisvalgustid\/valis-seinavalgustid\/ling-lace\/#breadcrumblist"},"image":{"@type":"ImageObject","url":"https:\/\/light24.ee\/wp-content\/uploads\/2014\/07\/far40082-3.jpg","@id":"https:\/\/light24.ee\/lt\/toode\/valisvalgustid\/valis-seinavalgustid\/ling-lace\/#mainImage","width":600,"height":600},"primaryImageOfPage":{"@id":"https:\/\/light24.ee\/lt\/toode\/valisvalgustid\/valis-seinavalgustid\/ling-lace\/#mainImage"},"datePublished":"2023-01-29T17:52:45+02:00","dateModified":"2024-03-29T20:53:41+02:00"},{"@type":"WebSite","@id":"https:\/\/light24.ee\/lt\/#website","url":"https:\/\/light24.ee\/lt\/","name":"Light24","description":"\u0160viestuvai elektronin\u0117 parduotuv\u0117 | Profesional\u016bs ap\u0161vietimo sprendimai","inLanguage":"lt-LT","publisher":{"@id":"https:\/\/light24.ee\/lt\/#organization"}}]},"og:locale":"lt_LT","og:site_name":"Light24 \u2022 \u0160viestuvai elektronin\u0117 parduotuv\u0117 | Profesional\u016bs ap\u0161vietimo sprendimai","og:type":"article","og:title":"FARO LING \u2022 Light24","og:url":"https:\/\/light24.ee\/lt\/toode\/valisvalgustid\/valis-seinavalgustid\/ling-lace\/","og:image":"https:\/\/light24.ee\/wp-content\/uploads\/2014\/07\/far40082-3.jpg","og:image:secure_url":"https:\/\/light24.ee\/wp-content\/uploads\/2014\/07\/far40082-3.jpg","og:image:width":600,"og:image:height":600,"article:published_time":"2023-01-29T15:52:45+00:00","article:modified_time":"2024-03-29T18:53:41+00:00","article:publisher":"https:\/\/www.facebook.com\/light24.ee","twitter:card":"summary","twitter:title":"FARO LING \u2022 Light24","twitter:image":"https:\/\/light24.ee\/wp-content\/uploads\/2014\/07\/far40082-3.jpg"},"aioseo_meta_data":{"post_id":"18692","title":null,"description":null,"keywords":[],"keyphrases":{"focus":{"keyphrase":"","score":0,"analysis":{"keyphraseInTitle":{"score":0,"maxScore":9,"error":1}}},"additional":[]},"primary_term":null,"canonical_url":null,"og_title":null,"og_description":null,"og_object_type":"default","og_image_type":"default","og_image_url":null,"og_image_width":null,"og_image_height":null,"og_image_custom_url":null,"og_image_custom_fields":null,"og_video":"","og_custom_url":null,"og_article_section":null,"og_article_tags":[],"twitter_use_og":false,"twitter_card":"default","twitter_image_type":"default","twitter_image_url":null,"twitter_image_custom_url":null,"twitter_image_custom_fields":null,"twitter_title":null,"twitter_description":null,"schema":{"blockGraphs":[],"customGraphs":[],"default":{"data":{"Article":[],"Course":[],"Dataset":[],"FAQPage":[],"Movie":[],"Person":[],"Product":[],"ProductReview":[],"Car":[],"Recipe":[],"Service":[],"SoftwareApplication":[],"WebPage":[]},"graphName":"ItemPage","isEnabled":true},"graphs":[]},"schema_type":"default","schema_type_options":null,"pillar_content":false,"robots_default":true,"robots_noindex":false,"robots_noarchive":false,"robots_nosnippet":false,"robots_nofollow":false,"robots_noimageindex":false,"robots_noodp":false,"robots_notranslate":false,"robots_max_snippet":"-1","robots_max_videopreview":"-1","robots_max_imagepreview":"large","priority":null,"frequency":"default","local_seo":null,"seo_analyzer_scan_date":"2025-10-27 07:00:03","breadcrumb_settings":null,"limit_modified_date":false,"reviewed_by":null,"open_ai":"{\"title\":{\"suggestions\":[],\"usage\":0},\"description\":{\"suggestions\":[],\"usage\":0}}","ai":null,"created":"2022-02-17 14:33:25","updated":"2025-10-27 07:00:03"},"aioseo_breadcrumb":"<div class=\"aioseo-breadcrumbs\"><span class=\"aioseo-breadcrumb\">\n\t<a href=\"https:\/\/light24.ee\/lt\" title=\"Home\">Home<\/a>\n<\/span><span class=\"aioseo-breadcrumb-separator\">&raquo;<\/span><span class=\"aioseo-breadcrumb\">\n\t<a href=\"https:\/\/light24.ee\/lt\/shop\/\" title=\"Parduotuv\u0117\">Parduotuv\u0117<\/a>\n<\/span><span class=\"aioseo-breadcrumb-separator\">&raquo;<\/span><span class=\"aioseo-breadcrumb\">\n\t<a href=\"https:\/\/light24.ee\/lt\/product-category\/valisvalgustid\/\" title=\"Lauko \u0161viestuvai\">Lauko \u0161viestuvai<\/a>\n<\/span><span class=\"aioseo-breadcrumb-separator\">&raquo;<\/span><span class=\"aioseo-breadcrumb\">\n\t<a href=\"https:\/\/light24.ee\/lt\/product-category\/valisvalgustid\/valis-seinavalgustid\/\" title=\"Lauko sieniniai \u0161viestuvai\">Lauko sieniniai \u0161viestuvai<\/a>\n<\/span><span class=\"aioseo-breadcrumb-separator\">&raquo;<\/span><span class=\"aioseo-breadcrumb\">\n\tFARO LING\n<\/span><\/div>","aioseo_breadcrumb_json":[{"label":"Home","link":"https:\/\/light24.ee\/lt"},{"label":"Parduotuv\u0117","link":"https:\/\/light24.ee\/lt\/shop\/"},{"label":"Lauko \u0161viestuvai","link":"https:\/\/light24.ee\/lt\/product-category\/valisvalgustid\/"},{"label":"Lauko sieniniai \u0161viestuvai","link":"https:\/\/light24.ee\/lt\/product-category\/valisvalgustid\/valis-seinavalgustid\/"},{"label":"FARO LING","link":"https:\/\/light24.ee\/lt\/toode\/valisvalgustid\/valis-seinavalgustid\/ling-lace\/"}],"_links":{"self":[{"href":"https:\/\/light24.ee\/lt\/wp-json\/wp\/v2\/product\/18692","targetHints":{"allow":["GET"]}}],"collection":[{"href":"https:\/\/light24.ee\/lt\/wp-json\/wp\/v2\/product"}],"about":[{"href":"https:\/\/light24.ee\/lt\/wp-json\/wp\/v2\/types\/product"}],"replies":[{"embeddable":true,"href":"https:\/\/light24.ee\/lt\/wp-json\/wp\/v2\/comments?post=18692"}],"wp:featuredmedia":[{"embeddable":true,"href":"https:\/\/light24.ee\/lt\/wp-json\/wp\/v2\/media\/18696"}],"wp:attachment":[{"href":"https:\/\/light24.ee\/lt\/wp-json\/wp\/v2\/media?parent=18692"}],"wp:term":[{"taxonomy":"product_cat","embeddable":true,"href":"https:\/\/light24.ee\/lt\/wp-json\/wp\/v2\/product_cat?post=18692"},{"taxonomy":"product_tag","embeddable":true,"href":"https:\/\/light24.ee\/lt\/wp-json\/wp\/v2\/product_tag?post=18692"}],"curies":[{"name":"wp","href":"https:\/\/api.w.org\/{rel}","templated":true}]}}