{"id":28539,"date":"2016-01-30T15:42:34","date_gmt":"2016-01-30T13:42:34","guid":{"rendered":"http:\/\/www.light24.ee\/product\/display-adl-50gu10\/"},"modified":"2025-01-08T13:59:14","modified_gmt":"2025-01-08T11:59:14","slug":"display-adl-50gu10","status":"publish","type":"product","link":"https:\/\/light24.ee\/lt\/toode\/siseruumide_valgustid\/maalivalgustid-ariruumide_valgustid\/display-adl-50gu10\/","title":{"rendered":"Slv DISPLAY ADL 50"},"content":{"rendered":"<p class=\"qtranxs-available-languages-message qtranxs-available-languages-message-lt\">Atsipra\u0161ome, \u0161is puslapis galimas tik <a href=\"https:\/\/light24.ee\/en\/wp-json\/wp\/v2\/product\/28539\" class=\"qtranxs-available-language-link qtranxs-available-language-link-en\" title=\"English\">English<\/a>, <a href=\"https:\/\/light24.ee\/ru\/wp-json\/wp\/v2\/product\/28539\" class=\"qtranxs-available-language-link qtranxs-available-language-link-ru\" title=\"\u0420\u0443\u0441\u0441\u043a\u0438\u0439\">\u0420\u0443\u0441\u0441\u043a\u0438\u0439<\/a> ir <a href=\"https:\/\/light24.ee\/fi\/wp-json\/wp\/v2\/product\/28539\" class=\"qtranxs-available-language-link qtranxs-available-language-link-fi\" title=\"Suomi\">Suomi<\/a>.<\/p>","protected":false},"excerpt":{"rendered":"<p>Atsipra\u0161ome, \u0161is puslapis galimas tik English, \u0420\u0443\u0441\u0441\u043a\u0438\u0439 ir Suomi.<\/p>\n","protected":false},"featured_media":71116,"comment_status":"closed","ping_status":"closed","template":"","meta":{"_acf_changed":false},"product_cat":[7280,7335],"product_tag":[521],"class_list":{"0":"post-28539","1":"product","2":"type-product","3":"status-publish","4":"has-post-thumbnail","6":"product_cat-siseruumide_valgustid","7":"product_cat-maalivalgustid-ariruumide_valgustid","8":"product_tag-slv","9":"product_shipping_class-small","10":"pa_ip-kaitseklass-1123","11":"pa_materjal-alumiinium","12":"pa_ruumid-elutuba","13":"pa_ruumid-soogituba","14":"pa_ruumid-magamistuba","15":"pa_ruumid-kook","16":"pa_ruumid-esik_ja_trepihall","17":"pa_ruumid-kodukontor","18":"pa_ruumid-lastetuba","19":"pa_tarneaeg-7-paeva","20":"pa_tehnilised-andmed-15w-led-gu10","21":"pa_valgusallikas-komplektis-ei","22":"pa_varv-valge","23":"pa_varv-kroom","25":"first","26":"instock","27":"taxable","28":"shipping-taxable","29":"purchasable","30":"product-type-variable"},"acf":[],"aioseo_notices":[],"aioseo_head":"\n\t\t<!-- All in One SEO Pro 4.9.5.2 - aioseo.com -->\n\t<meta name=\"description\" content=\"Atsipra\u0161ome, \u0161is puslapis galimas tik English, \u0420\u0443\u0441\u0441\u043a\u0438\u0439 ir Suomi.\" \/>\n\t<meta name=\"robots\" content=\"max-image-preview:large\" \/>\n\t<meta name=\"google-site-verification\" content=\"nxgDPK3Ouk6bwvuxlwlzeMOKszmf-8m57RDu5zAgN-Y\" \/>\n\t<link rel=\"canonical\" href=\"https:\/\/light24.ee\/lt\/toode\/siseruumide_valgustid\/maalivalgustid-ariruumide_valgustid\/display-adl-50gu10\/\" \/>\n\t<meta name=\"generator\" content=\"All in One SEO Pro (AIOSEO) 4.9.5.2\" \/>\n\t\t<meta property=\"og:locale\" content=\"lt_LT\" \/>\n\t\t<meta property=\"og:site_name\" content=\"Light24 \u2022 \u0160viestuvai elektronin\u0117 parduotuv\u0117 | Profesional\u016bs ap\u0161vietimo sprendimai\" \/>\n\t\t<meta property=\"og:type\" content=\"article\" \/>\n\t\t<meta property=\"og:title\" content=\"Slv DISPLAY ADL 50 \u2022 Light24\" \/>\n\t\t<meta property=\"og:description\" content=\"Atsipra\u0161ome, \u0161is puslapis galimas tik English, \u0420\u0443\u0441\u0441\u043a\u0438\u0439 ir Suomi.\" \/>\n\t\t<meta property=\"og:url\" content=\"https:\/\/light24.ee\/lt\/toode\/siseruumide_valgustid\/maalivalgustid-ariruumide_valgustid\/display-adl-50gu10\/\" \/>\n\t\t<meta property=\"og:image\" content=\"https:\/\/light24.ee\/wp-content\/uploads\/2016\/01\/1348225_1200x1200-e1601318954422.jpg\" \/>\n\t\t<meta property=\"og:image:secure_url\" content=\"https:\/\/light24.ee\/wp-content\/uploads\/2016\/01\/1348225_1200x1200-e1601318954422.jpg\" \/>\n\t\t<meta property=\"og:image:width\" content=\"800\" \/>\n\t\t<meta property=\"og:image:height\" content=\"800\" \/>\n\t\t<meta property=\"article:published_time\" content=\"2016-01-30T13:42:34+00:00\" \/>\n\t\t<meta property=\"article:modified_time\" content=\"2025-01-08T11:59:14+00:00\" \/>\n\t\t<meta property=\"article:publisher\" content=\"https:\/\/www.facebook.com\/light24.ee\" \/>\n\t\t<meta name=\"twitter:card\" content=\"summary\" \/>\n\t\t<meta name=\"twitter:title\" content=\"Slv DISPLAY ADL 50 \u2022 Light24\" \/>\n\t\t<meta name=\"twitter:description\" content=\"Atsipra\u0161ome, \u0161is puslapis galimas tik English, \u0420\u0443\u0441\u0441\u043a\u0438\u0439 ir Suomi.\" \/>\n\t\t<meta name=\"twitter:image\" content=\"https:\/\/light24.ee\/wp-content\/uploads\/2016\/01\/1348225_1200x1200-e1601318954422.jpg\" \/>\n\t\t<script type=\"application\/ld+json\" class=\"aioseo-schema\">\n\t\t\t{\"@context\":\"https:\\\/\\\/schema.org\",\"@graph\":[{\"@type\":\"BreadcrumbList\",\"@id\":\"https:\\\/\\\/light24.ee\\\/lt\\\/toode\\\/siseruumide_valgustid\\\/maalivalgustid-ariruumide_valgustid\\\/display-adl-50gu10\\\/#breadcrumblist\",\"itemListElement\":[{\"@type\":\"ListItem\",\"@id\":\"https:\\\/\\\/light24.ee\\\/lt#listItem\",\"position\":1,\"name\":\"Home\",\"item\":\"https:\\\/\\\/light24.ee\\\/lt\",\"nextItem\":{\"@type\":\"ListItem\",\"@id\":\"https:\\\/\\\/light24.ee\\\/lt\\\/shop\\\/#listItem\",\"name\":\"Parduotuv\\u0117\"}},{\"@type\":\"ListItem\",\"@id\":\"https:\\\/\\\/light24.ee\\\/lt\\\/shop\\\/#listItem\",\"position\":2,\"name\":\"Parduotuv\\u0117\",\"item\":\"https:\\\/\\\/light24.ee\\\/lt\\\/shop\\\/\",\"nextItem\":{\"@type\":\"ListItem\",\"@id\":\"https:\\\/\\\/light24.ee\\\/lt\\\/product-category\\\/siseruumide_valgustid\\\/#listItem\",\"name\":\"Vidaus patalp\\u0173 \\u0161viestuvai\"},\"previousItem\":{\"@type\":\"ListItem\",\"@id\":\"https:\\\/\\\/light24.ee\\\/lt#listItem\",\"name\":\"Home\"}},{\"@type\":\"ListItem\",\"@id\":\"https:\\\/\\\/light24.ee\\\/lt\\\/product-category\\\/siseruumide_valgustid\\\/#listItem\",\"position\":3,\"name\":\"Vidaus patalp\\u0173 \\u0161viestuvai\",\"item\":\"https:\\\/\\\/light24.ee\\\/lt\\\/product-category\\\/siseruumide_valgustid\\\/\",\"nextItem\":{\"@type\":\"ListItem\",\"@id\":\"https:\\\/\\\/light24.ee\\\/lt\\\/product-category\\\/siseruumide_valgustid\\\/maalivalgustid-ariruumide_valgustid\\\/#listItem\",\"name\":\"Paveiksl\\u0173 \\u0161viestuvai\"},\"previousItem\":{\"@type\":\"ListItem\",\"@id\":\"https:\\\/\\\/light24.ee\\\/lt\\\/shop\\\/#listItem\",\"name\":\"Parduotuv\\u0117\"}},{\"@type\":\"ListItem\",\"@id\":\"https:\\\/\\\/light24.ee\\\/lt\\\/product-category\\\/siseruumide_valgustid\\\/maalivalgustid-ariruumide_valgustid\\\/#listItem\",\"position\":4,\"name\":\"Paveiksl\\u0173 \\u0161viestuvai\",\"item\":\"https:\\\/\\\/light24.ee\\\/lt\\\/product-category\\\/siseruumide_valgustid\\\/maalivalgustid-ariruumide_valgustid\\\/\",\"nextItem\":{\"@type\":\"ListItem\",\"@id\":\"https:\\\/\\\/light24.ee\\\/lt\\\/toode\\\/siseruumide_valgustid\\\/maalivalgustid-ariruumide_valgustid\\\/display-adl-50gu10\\\/#listItem\",\"name\":\"Slv DISPLAY ADL 50\"},\"previousItem\":{\"@type\":\"ListItem\",\"@id\":\"https:\\\/\\\/light24.ee\\\/lt\\\/product-category\\\/siseruumide_valgustid\\\/#listItem\",\"name\":\"Vidaus patalp\\u0173 \\u0161viestuvai\"}},{\"@type\":\"ListItem\",\"@id\":\"https:\\\/\\\/light24.ee\\\/lt\\\/toode\\\/siseruumide_valgustid\\\/maalivalgustid-ariruumide_valgustid\\\/display-adl-50gu10\\\/#listItem\",\"position\":5,\"name\":\"Slv DISPLAY ADL 50\",\"previousItem\":{\"@type\":\"ListItem\",\"@id\":\"https:\\\/\\\/light24.ee\\\/lt\\\/product-category\\\/siseruumide_valgustid\\\/maalivalgustid-ariruumide_valgustid\\\/#listItem\",\"name\":\"Paveiksl\\u0173 \\u0161viestuvai\"}}]},{\"@type\":\"Organization\",\"@id\":\"https:\\\/\\\/light24.ee\\\/lt\\\/#organization\",\"name\":\"Light24\",\"description\":\"\\u0160viestuvai elektronin\\u0117 parduotuv\\u0117 | Profesional\\u016bs ap\\u0161vietimo sprendimai\",\"url\":\"https:\\\/\\\/light24.ee\\\/lt\\\/\",\"telephone\":\"+3725184133\",\"logo\":{\"@type\":\"ImageObject\",\"url\":\"https:\\\/\\\/www.light24.ee\\\/wp-content\\\/uploads\\\/2022\\\/03\\\/Shape-2-3.svg\",\"@id\":\"https:\\\/\\\/light24.ee\\\/lt\\\/toode\\\/siseruumide_valgustid\\\/maalivalgustid-ariruumide_valgustid\\\/display-adl-50gu10\\\/#organizationLogo\"},\"image\":{\"@id\":\"https:\\\/\\\/light24.ee\\\/lt\\\/toode\\\/siseruumide_valgustid\\\/maalivalgustid-ariruumide_valgustid\\\/display-adl-50gu10\\\/#organizationLogo\"},\"sameAs\":[\"https:\\\/\\\/www.facebook.com\\\/light24.ee\",\"https:\\\/\\\/www.instagram.com\\\/light24official\\\/\"]},{\"@type\":\"ProductGroup\",\"@id\":\"https:\\\/\\\/light24.ee\\\/lt\\\/toode\\\/siseruumide_valgustid\\\/maalivalgustid-ariruumide_valgustid\\\/display-adl-50gu10\\\/#wooCommerceProduct\",\"name\":\"Slv DISPLAY ADL 50\",\"url\":\"https:\\\/\\\/light24.ee\\\/lt\\\/toode\\\/siseruumide_valgustid\\\/maalivalgustid-ariruumide_valgustid\\\/display-adl-50gu10\\\/\",\"sku\":\"SLV21096\",\"image\":{\"@type\":\"ImageObject\",\"url\":\"https:\\\/\\\/light24.ee\\\/wp-content\\\/uploads\\\/2016\\\/01\\\/1348225_1200x1200-e1601318954422.jpg\",\"@id\":\"https:\\\/\\\/light24.ee\\\/lt\\\/toode\\\/siseruumide_valgustid\\\/maalivalgustid-ariruumide_valgustid\\\/display-adl-50gu10\\\/#productImage\",\"width\":800,\"height\":800},\"productGroupID\":28539,\"hasVariant\":[{\"@type\":\"Product\",\"@id\":\"https:\\\/\\\/light24.ee\\\/lt\\\/toode\\\/siseruumide_valgustid\\\/maalivalgustid-ariruumide_valgustid\\\/display-adl-50gu10\\\/#wooCommerceProduct\",\"name\":\"Slv DISPLAY ADL 50 - kroom\",\"url\":\"https:\\\/\\\/light24.ee\\\/lt\\\/toode\\\/siseruumide_valgustid\\\/maalivalgustid-ariruumide_valgustid\\\/display-adl-50gu10\\\/\",\"sku\":\"SLV21096\",\"image\":{\"@type\":\"ImageObject\",\"url\":\"https:\\\/\\\/light24.ee\\\/wp-content\\\/uploads\\\/2016\\\/01\\\/1348225_1200x1200-e1601318954422.jpg\",\"@id\":\"https:\\\/\\\/light24.ee\\\/lt\\\/toode\\\/siseruumide_valgustid\\\/maalivalgustid-ariruumide_valgustid\\\/display-adl-50gu10\\\/#productImage\",\"width\":800,\"height\":800},\"offers\":{\"@type\":\"Offer\",\"url\":\"https:\\\/\\\/light24.ee\\\/lt\\\/toode\\\/siseruumide_valgustid\\\/maalivalgustid-ariruumide_valgustid\\\/display-adl-50gu10\\\/#wooCommerceOffer\",\"price\":\"62\",\"priceCurrency\":\"EUR\",\"category\":\"Vidaus patalp\\u0173 \\u0161viestuvai\",\"availability\":\"https:\\\/\\\/schema.org\\\/InStock\",\"priceSpecification\":{\"@type\":\"PriceSpecification\",\"price\":62,\"priceCurrency\":\"EUR\",\"valueAddedTaxIncluded\":\"true\"}}},{\"@type\":\"Product\",\"@id\":\"https:\\\/\\\/light24.ee\\\/lt\\\/toode\\\/siseruumide_valgustid\\\/maalivalgustid-ariruumide_valgustid\\\/display-adl-50gu10\\\/#wooCommerceProduct\",\"name\":\"Slv DISPLAY ADL 50 - valge\",\"url\":\"https:\\\/\\\/light24.ee\\\/lt\\\/toode\\\/siseruumide_valgustid\\\/maalivalgustid-ariruumide_valgustid\\\/display-adl-50gu10\\\/\",\"sku\":\"SLV21096\",\"image\":{\"@type\":\"ImageObject\",\"url\":\"https:\\\/\\\/light24.ee\\\/wp-content\\\/uploads\\\/2016\\\/01\\\/1354018_1200x1200-e1601318993671.jpg\",\"@id\":\"https:\\\/\\\/light24.ee\\\/lt\\\/toode\\\/siseruumide_valgustid\\\/maalivalgustid-ariruumide_valgustid\\\/display-adl-50gu10\\\/#productImage\",\"width\":800,\"height\":800},\"offers\":{\"@type\":\"Offer\",\"url\":\"https:\\\/\\\/light24.ee\\\/lt\\\/toode\\\/siseruumide_valgustid\\\/maalivalgustid-ariruumide_valgustid\\\/display-adl-50gu10\\\/#wooCommerceOffer\",\"price\":\"49\",\"priceCurrency\":\"EUR\",\"category\":\"Vidaus patalp\\u0173 \\u0161viestuvai\",\"availability\":\"https:\\\/\\\/schema.org\\\/InStock\",\"priceSpecification\":{\"@type\":\"PriceSpecification\",\"price\":49,\"priceCurrency\":\"EUR\",\"valueAddedTaxIncluded\":\"true\"}}}]},{\"@type\":\"WebPage\",\"@id\":\"https:\\\/\\\/light24.ee\\\/lt\\\/toode\\\/siseruumide_valgustid\\\/maalivalgustid-ariruumide_valgustid\\\/display-adl-50gu10\\\/#webpage\",\"url\":\"https:\\\/\\\/light24.ee\\\/lt\\\/toode\\\/siseruumide_valgustid\\\/maalivalgustid-ariruumide_valgustid\\\/display-adl-50gu10\\\/\",\"name\":\"Slv DISPLAY ADL 50 \\u2022 Light24\",\"description\":\"Atsipra\\u0161ome, \\u0161is puslapis galimas tik English, \\u0420\\u0443\\u0441\\u0441\\u043a\\u0438\\u0439 ir Suomi.\",\"inLanguage\":\"lt-LT\",\"isPartOf\":{\"@id\":\"https:\\\/\\\/light24.ee\\\/lt\\\/#website\"},\"breadcrumb\":{\"@id\":\"https:\\\/\\\/light24.ee\\\/lt\\\/toode\\\/siseruumide_valgustid\\\/maalivalgustid-ariruumide_valgustid\\\/display-adl-50gu10\\\/#breadcrumblist\"},\"image\":{\"@type\":\"ImageObject\",\"url\":\"https:\\\/\\\/light24.ee\\\/wp-content\\\/uploads\\\/2016\\\/01\\\/1348225_1200x1200-e1601318954422.jpg\",\"@id\":\"https:\\\/\\\/light24.ee\\\/lt\\\/toode\\\/siseruumide_valgustid\\\/maalivalgustid-ariruumide_valgustid\\\/display-adl-50gu10\\\/#mainImage\",\"width\":800,\"height\":800},\"primaryImageOfPage\":{\"@id\":\"https:\\\/\\\/light24.ee\\\/lt\\\/toode\\\/siseruumide_valgustid\\\/maalivalgustid-ariruumide_valgustid\\\/display-adl-50gu10\\\/#mainImage\"},\"datePublished\":\"2016-01-30T15:42:34+02:00\",\"dateModified\":\"2025-01-08T13:59:14+02:00\"},{\"@type\":\"WebSite\",\"@id\":\"https:\\\/\\\/light24.ee\\\/lt\\\/#website\",\"url\":\"https:\\\/\\\/light24.ee\\\/lt\\\/\",\"name\":\"Light24\",\"description\":\"\\u0160viestuvai elektronin\\u0117 parduotuv\\u0117 | Profesional\\u016bs ap\\u0161vietimo sprendimai\",\"inLanguage\":\"lt-LT\",\"publisher\":{\"@id\":\"https:\\\/\\\/light24.ee\\\/lt\\\/#organization\"}}]}\n\t\t<\/script>\n\t\t<!-- All in One SEO Pro -->\r\n\t\t<title>Slv DISPLAY ADL 50 \u2022 Light24<\/title>\n\n","aioseo_head_json":{"title":"Slv DISPLAY ADL 50 \u2022 Light24","description":"Atsipra\u0161ome, \u0161is puslapis galimas tik English, \u0420\u0443\u0441\u0441\u043a\u0438\u0439 ir Suomi.","canonical_url":"https:\/\/light24.ee\/lt\/toode\/siseruumide_valgustid\/maalivalgustid-ariruumide_valgustid\/display-adl-50gu10\/","robots":"max-image-preview:large","keywords":"","webmasterTools":{"google-site-verification":"nxgDPK3Ouk6bwvuxlwlzeMOKszmf-8m57RDu5zAgN-Y","miscellaneous":""},"schema":{"@context":"https:\/\/schema.org","@graph":[{"@type":"BreadcrumbList","@id":"https:\/\/light24.ee\/lt\/toode\/siseruumide_valgustid\/maalivalgustid-ariruumide_valgustid\/display-adl-50gu10\/#breadcrumblist","itemListElement":[{"@type":"ListItem","@id":"https:\/\/light24.ee\/lt#listItem","position":1,"name":"Home","item":"https:\/\/light24.ee\/lt","nextItem":{"@type":"ListItem","@id":"https:\/\/light24.ee\/lt\/shop\/#listItem","name":"Parduotuv\u0117"}},{"@type":"ListItem","@id":"https:\/\/light24.ee\/lt\/shop\/#listItem","position":2,"name":"Parduotuv\u0117","item":"https:\/\/light24.ee\/lt\/shop\/","nextItem":{"@type":"ListItem","@id":"https:\/\/light24.ee\/lt\/product-category\/siseruumide_valgustid\/#listItem","name":"Vidaus patalp\u0173 \u0161viestuvai"},"previousItem":{"@type":"ListItem","@id":"https:\/\/light24.ee\/lt#listItem","name":"Home"}},{"@type":"ListItem","@id":"https:\/\/light24.ee\/lt\/product-category\/siseruumide_valgustid\/#listItem","position":3,"name":"Vidaus patalp\u0173 \u0161viestuvai","item":"https:\/\/light24.ee\/lt\/product-category\/siseruumide_valgustid\/","nextItem":{"@type":"ListItem","@id":"https:\/\/light24.ee\/lt\/product-category\/siseruumide_valgustid\/maalivalgustid-ariruumide_valgustid\/#listItem","name":"Paveiksl\u0173 \u0161viestuvai"},"previousItem":{"@type":"ListItem","@id":"https:\/\/light24.ee\/lt\/shop\/#listItem","name":"Parduotuv\u0117"}},{"@type":"ListItem","@id":"https:\/\/light24.ee\/lt\/product-category\/siseruumide_valgustid\/maalivalgustid-ariruumide_valgustid\/#listItem","position":4,"name":"Paveiksl\u0173 \u0161viestuvai","item":"https:\/\/light24.ee\/lt\/product-category\/siseruumide_valgustid\/maalivalgustid-ariruumide_valgustid\/","nextItem":{"@type":"ListItem","@id":"https:\/\/light24.ee\/lt\/toode\/siseruumide_valgustid\/maalivalgustid-ariruumide_valgustid\/display-adl-50gu10\/#listItem","name":"Slv DISPLAY ADL 50"},"previousItem":{"@type":"ListItem","@id":"https:\/\/light24.ee\/lt\/product-category\/siseruumide_valgustid\/#listItem","name":"Vidaus patalp\u0173 \u0161viestuvai"}},{"@type":"ListItem","@id":"https:\/\/light24.ee\/lt\/toode\/siseruumide_valgustid\/maalivalgustid-ariruumide_valgustid\/display-adl-50gu10\/#listItem","position":5,"name":"Slv DISPLAY ADL 50","previousItem":{"@type":"ListItem","@id":"https:\/\/light24.ee\/lt\/product-category\/siseruumide_valgustid\/maalivalgustid-ariruumide_valgustid\/#listItem","name":"Paveiksl\u0173 \u0161viestuvai"}}]},{"@type":"Organization","@id":"https:\/\/light24.ee\/lt\/#organization","name":"Light24","description":"\u0160viestuvai elektronin\u0117 parduotuv\u0117 | Profesional\u016bs ap\u0161vietimo sprendimai","url":"https:\/\/light24.ee\/lt\/","telephone":"+3725184133","logo":{"@type":"ImageObject","url":"https:\/\/www.light24.ee\/wp-content\/uploads\/2022\/03\/Shape-2-3.svg","@id":"https:\/\/light24.ee\/lt\/toode\/siseruumide_valgustid\/maalivalgustid-ariruumide_valgustid\/display-adl-50gu10\/#organizationLogo"},"image":{"@id":"https:\/\/light24.ee\/lt\/toode\/siseruumide_valgustid\/maalivalgustid-ariruumide_valgustid\/display-adl-50gu10\/#organizationLogo"},"sameAs":["https:\/\/www.facebook.com\/light24.ee","https:\/\/www.instagram.com\/light24official\/"]},{"@type":"ProductGroup","@id":"https:\/\/light24.ee\/lt\/toode\/siseruumide_valgustid\/maalivalgustid-ariruumide_valgustid\/display-adl-50gu10\/#wooCommerceProduct","name":"Slv DISPLAY ADL 50","url":"https:\/\/light24.ee\/lt\/toode\/siseruumide_valgustid\/maalivalgustid-ariruumide_valgustid\/display-adl-50gu10\/","sku":"SLV21096","image":{"@type":"ImageObject","url":"https:\/\/light24.ee\/wp-content\/uploads\/2016\/01\/1348225_1200x1200-e1601318954422.jpg","@id":"https:\/\/light24.ee\/lt\/toode\/siseruumide_valgustid\/maalivalgustid-ariruumide_valgustid\/display-adl-50gu10\/#productImage","width":800,"height":800},"productGroupID":28539,"hasVariant":[{"@type":"Product","@id":"https:\/\/light24.ee\/lt\/toode\/siseruumide_valgustid\/maalivalgustid-ariruumide_valgustid\/display-adl-50gu10\/#wooCommerceProduct","name":"Slv DISPLAY ADL 50 - kroom","url":"https:\/\/light24.ee\/lt\/toode\/siseruumide_valgustid\/maalivalgustid-ariruumide_valgustid\/display-adl-50gu10\/","sku":"SLV21096","image":{"@type":"ImageObject","url":"https:\/\/light24.ee\/wp-content\/uploads\/2016\/01\/1348225_1200x1200-e1601318954422.jpg","@id":"https:\/\/light24.ee\/lt\/toode\/siseruumide_valgustid\/maalivalgustid-ariruumide_valgustid\/display-adl-50gu10\/#productImage","width":800,"height":800},"offers":{"@type":"Offer","url":"https:\/\/light24.ee\/lt\/toode\/siseruumide_valgustid\/maalivalgustid-ariruumide_valgustid\/display-adl-50gu10\/#wooCommerceOffer","price":"62","priceCurrency":"EUR","category":"Vidaus patalp\u0173 \u0161viestuvai","availability":"https:\/\/schema.org\/InStock","priceSpecification":{"@type":"PriceSpecification","price":62,"priceCurrency":"EUR","valueAddedTaxIncluded":"true"}}},{"@type":"Product","@id":"https:\/\/light24.ee\/lt\/toode\/siseruumide_valgustid\/maalivalgustid-ariruumide_valgustid\/display-adl-50gu10\/#wooCommerceProduct","name":"Slv DISPLAY ADL 50 - valge","url":"https:\/\/light24.ee\/lt\/toode\/siseruumide_valgustid\/maalivalgustid-ariruumide_valgustid\/display-adl-50gu10\/","sku":"SLV21096","image":{"@type":"ImageObject","url":"https:\/\/light24.ee\/wp-content\/uploads\/2016\/01\/1354018_1200x1200-e1601318993671.jpg","@id":"https:\/\/light24.ee\/lt\/toode\/siseruumide_valgustid\/maalivalgustid-ariruumide_valgustid\/display-adl-50gu10\/#productImage","width":800,"height":800},"offers":{"@type":"Offer","url":"https:\/\/light24.ee\/lt\/toode\/siseruumide_valgustid\/maalivalgustid-ariruumide_valgustid\/display-adl-50gu10\/#wooCommerceOffer","price":"49","priceCurrency":"EUR","category":"Vidaus patalp\u0173 \u0161viestuvai","availability":"https:\/\/schema.org\/InStock","priceSpecification":{"@type":"PriceSpecification","price":49,"priceCurrency":"EUR","valueAddedTaxIncluded":"true"}}}]},{"@type":"WebPage","@id":"https:\/\/light24.ee\/lt\/toode\/siseruumide_valgustid\/maalivalgustid-ariruumide_valgustid\/display-adl-50gu10\/#webpage","url":"https:\/\/light24.ee\/lt\/toode\/siseruumide_valgustid\/maalivalgustid-ariruumide_valgustid\/display-adl-50gu10\/","name":"Slv DISPLAY ADL 50 \u2022 Light24","description":"Atsipra\u0161ome, \u0161is puslapis galimas tik English, \u0420\u0443\u0441\u0441\u043a\u0438\u0439 ir Suomi.","inLanguage":"lt-LT","isPartOf":{"@id":"https:\/\/light24.ee\/lt\/#website"},"breadcrumb":{"@id":"https:\/\/light24.ee\/lt\/toode\/siseruumide_valgustid\/maalivalgustid-ariruumide_valgustid\/display-adl-50gu10\/#breadcrumblist"},"image":{"@type":"ImageObject","url":"https:\/\/light24.ee\/wp-content\/uploads\/2016\/01\/1348225_1200x1200-e1601318954422.jpg","@id":"https:\/\/light24.ee\/lt\/toode\/siseruumide_valgustid\/maalivalgustid-ariruumide_valgustid\/display-adl-50gu10\/#mainImage","width":800,"height":800},"primaryImageOfPage":{"@id":"https:\/\/light24.ee\/lt\/toode\/siseruumide_valgustid\/maalivalgustid-ariruumide_valgustid\/display-adl-50gu10\/#mainImage"},"datePublished":"2016-01-30T15:42:34+02:00","dateModified":"2025-01-08T13:59:14+02:00"},{"@type":"WebSite","@id":"https:\/\/light24.ee\/lt\/#website","url":"https:\/\/light24.ee\/lt\/","name":"Light24","description":"\u0160viestuvai elektronin\u0117 parduotuv\u0117 | Profesional\u016bs ap\u0161vietimo sprendimai","inLanguage":"lt-LT","publisher":{"@id":"https:\/\/light24.ee\/lt\/#organization"}}]},"og:locale":"lt_LT","og:site_name":"Light24 \u2022 \u0160viestuvai elektronin\u0117 parduotuv\u0117 | Profesional\u016bs ap\u0161vietimo sprendimai","og:type":"article","og:title":"Slv DISPLAY ADL 50 \u2022 Light24","og:description":"Atsipra\u0161ome, \u0161is puslapis galimas tik English, \u0420\u0443\u0441\u0441\u043a\u0438\u0439 ir Suomi.","og:url":"https:\/\/light24.ee\/lt\/toode\/siseruumide_valgustid\/maalivalgustid-ariruumide_valgustid\/display-adl-50gu10\/","og:image":"https:\/\/light24.ee\/wp-content\/uploads\/2016\/01\/1348225_1200x1200-e1601318954422.jpg","og:image:secure_url":"https:\/\/light24.ee\/wp-content\/uploads\/2016\/01\/1348225_1200x1200-e1601318954422.jpg","og:image:width":800,"og:image:height":800,"article:published_time":"2016-01-30T13:42:34+00:00","article:modified_time":"2025-01-08T11:59:14+00:00","article:publisher":"https:\/\/www.facebook.com\/light24.ee","twitter:card":"summary","twitter:title":"Slv DISPLAY ADL 50 \u2022 Light24","twitter:description":"Atsipra\u0161ome, \u0161is puslapis galimas tik English, \u0420\u0443\u0441\u0441\u043a\u0438\u0439 ir Suomi.","twitter:image":"https:\/\/light24.ee\/wp-content\/uploads\/2016\/01\/1348225_1200x1200-e1601318954422.jpg"},"aioseo_meta_data":{"post_id":"28539","title":null,"description":null,"keywords":null,"keyphrases":{"focus":{"keyphrase":"","score":0,"analysis":{"keyphraseInTitle":{"score":0,"maxScore":9,"error":1}}},"additional":[]},"primary_term":null,"canonical_url":null,"og_title":null,"og_description":null,"og_object_type":"default","og_image_type":"default","og_image_url":null,"og_image_width":null,"og_image_height":null,"og_image_custom_url":null,"og_image_custom_fields":null,"og_video":"","og_custom_url":null,"og_article_section":null,"og_article_tags":null,"twitter_use_og":false,"twitter_card":"default","twitter_image_type":"default","twitter_image_url":null,"twitter_image_custom_url":null,"twitter_image_custom_fields":null,"twitter_title":null,"twitter_description":null,"schema":{"blockGraphs":[],"customGraphs":[],"default":{"data":{"Article":[],"Course":[],"Dataset":[],"FAQPage":[],"Movie":[],"Person":[],"Product":[],"ProductReview":[],"Car":[],"Recipe":[],"Service":[],"SoftwareApplication":[],"WebPage":[]},"graphName":"Product","isEnabled":true},"graphs":[],"defaultGraph":"WebPage","defaultPostTypeGraph":""},"schema_type":"default","schema_type_options":"{\"article\":{\"articleType\":\"BlogPosting\"},\"course\":{\"name\":\"\",\"description\":\"\",\"provider\":\"\"},\"faq\":{\"pages\":[]},\"product\":{\"reviews\":[]},\"recipe\":{\"ingredients\":[],\"instructions\":[],\"keywords\":[]},\"software\":{\"reviews\":[],\"operatingSystems\":[]},\"webPage\":{\"webPageType\":\"WebPage\"}}","pillar_content":false,"robots_default":true,"robots_noindex":false,"robots_noarchive":false,"robots_nosnippet":false,"robots_nofollow":false,"robots_noimageindex":false,"robots_noodp":false,"robots_notranslate":false,"robots_max_snippet":"-1","robots_max_videopreview":"-1","robots_max_imagepreview":"large","priority":null,"frequency":"default","local_seo":null,"seo_analyzer_scan_date":"2025-10-26 20:47:24","breadcrumb_settings":null,"limit_modified_date":false,"reviewed_by":null,"open_ai":"{\"title\":{\"suggestions\":[],\"usage\":0},\"description\":{\"suggestions\":[],\"usage\":0}}","ai":null,"created":"2022-02-17 13:00:49","updated":"2025-10-26 20:47:24"},"aioseo_breadcrumb":"<div class=\"aioseo-breadcrumbs\"><span class=\"aioseo-breadcrumb\">\n\t<a href=\"https:\/\/light24.ee\/lt\" title=\"Home\">Home<\/a>\n<\/span><span class=\"aioseo-breadcrumb-separator\">&raquo;<\/span><span class=\"aioseo-breadcrumb\">\n\t<a href=\"https:\/\/light24.ee\/lt\/shop\/\" title=\"Parduotuv\u0117\">Parduotuv\u0117<\/a>\n<\/span><span class=\"aioseo-breadcrumb-separator\">&raquo;<\/span><span class=\"aioseo-breadcrumb\">\n\t<a href=\"https:\/\/light24.ee\/lt\/product-category\/siseruumide_valgustid\/\" title=\"Vidaus patalp\u0173 \u0161viestuvai\">Vidaus patalp\u0173 \u0161viestuvai<\/a>\n<\/span><span class=\"aioseo-breadcrumb-separator\">&raquo;<\/span><span class=\"aioseo-breadcrumb\">\n\t<a href=\"https:\/\/light24.ee\/lt\/product-category\/siseruumide_valgustid\/maalivalgustid-ariruumide_valgustid\/\" title=\"Paveiksl\u0173 \u0161viestuvai\">Paveiksl\u0173 \u0161viestuvai<\/a>\n<\/span><span class=\"aioseo-breadcrumb-separator\">&raquo;<\/span><span class=\"aioseo-breadcrumb\">\n\tSlv DISPLAY ADL 50\n<\/span><\/div>","aioseo_breadcrumb_json":[{"label":"Home","link":"https:\/\/light24.ee\/lt"},{"label":"Parduotuv\u0117","link":"https:\/\/light24.ee\/lt\/shop\/"},{"label":"Vidaus patalp\u0173 \u0161viestuvai","link":"https:\/\/light24.ee\/lt\/product-category\/siseruumide_valgustid\/"},{"label":"Paveiksl\u0173 \u0161viestuvai","link":"https:\/\/light24.ee\/lt\/product-category\/siseruumide_valgustid\/maalivalgustid-ariruumide_valgustid\/"},{"label":"Slv DISPLAY ADL 50","link":"https:\/\/light24.ee\/lt\/toode\/siseruumide_valgustid\/maalivalgustid-ariruumide_valgustid\/display-adl-50gu10\/"}],"_links":{"self":[{"href":"https:\/\/light24.ee\/lt\/wp-json\/wp\/v2\/product\/28539","targetHints":{"allow":["GET"]}}],"collection":[{"href":"https:\/\/light24.ee\/lt\/wp-json\/wp\/v2\/product"}],"about":[{"href":"https:\/\/light24.ee\/lt\/wp-json\/wp\/v2\/types\/product"}],"replies":[{"embeddable":true,"href":"https:\/\/light24.ee\/lt\/wp-json\/wp\/v2\/comments?post=28539"}],"wp:featuredmedia":[{"embeddable":true,"href":"https:\/\/light24.ee\/lt\/wp-json\/wp\/v2\/media\/71116"}],"wp:attachment":[{"href":"https:\/\/light24.ee\/lt\/wp-json\/wp\/v2\/media?parent=28539"}],"wp:term":[{"taxonomy":"product_cat","embeddable":true,"href":"https:\/\/light24.ee\/lt\/wp-json\/wp\/v2\/product_cat?post=28539"},{"taxonomy":"product_tag","embeddable":true,"href":"https:\/\/light24.ee\/lt\/wp-json\/wp\/v2\/product_tag?post=28539"}],"curies":[{"name":"wp","href":"https:\/\/api.w.org\/{rel}","templated":true}]}}