{"id":84743,"date":"2021-04-07T16:24:42","date_gmt":"2021-04-07T13:24:42","guid":{"rendered":"https:\/\/www.light24.ee\/?post_type=product&#038;p=84743"},"modified":"2024-08-01T21:16:09","modified_gmt":"2024-08-01T18:16:09","slug":"lugemislambiga-seinavalgusti-taina","status":"publish","type":"product","link":"https:\/\/light24.ee\/lt\/toode\/siseruumide_valgustid\/lugemislambiga_seinavalgustid\/lugemislambiga-seinavalgusti-taina\/","title":{"rendered":"TAINA"},"content":{"rendered":"<p class=\"qtranxs-available-languages-message qtranxs-available-languages-message-lt\">Atsipra\u0161ome, \u0161is puslapis galimas tik <a href=\"https:\/\/light24.ee\/et\/wp-json\/wp\/v2\/product\/84743\" class=\"qtranxs-available-language-link qtranxs-available-language-link-et\" title=\"Eesti\">Eesti<\/a>, <a href=\"https:\/\/light24.ee\/en\/wp-json\/wp\/v2\/product\/84743\" class=\"qtranxs-available-language-link qtranxs-available-language-link-en\" title=\"English\">English<\/a>, <a href=\"https:\/\/light24.ee\/ru\/wp-json\/wp\/v2\/product\/84743\" class=\"qtranxs-available-language-link qtranxs-available-language-link-ru\" title=\"\u0420\u0443\u0441\u0441\u043a\u0438\u0439\">\u0420\u0443\u0441\u0441\u043a\u0438\u0439<\/a>, <a href=\"https:\/\/light24.ee\/fi\/wp-json\/wp\/v2\/product\/84743\" class=\"qtranxs-available-language-link qtranxs-available-language-link-fi\" title=\"Suomi\">Suomi<\/a> ir <a href=\"https:\/\/light24.ee\/lv\/wp-json\/wp\/v2\/product\/84743\" class=\"qtranxs-available-language-link qtranxs-available-language-link-lv\" title=\"Latvie\u0161u\">Latvie\u0161u<\/a>.<\/p>","protected":false},"excerpt":{"rendered":"<p>Atsipra\u0161ome, \u0161is puslapis galimas tik Eesti, English, \u0420\u0443\u0441\u0441\u043a\u0438\u0439, Suomi ir Latvie\u0161u.<\/p>\n","protected":false},"featured_media":84752,"comment_status":"closed","ping_status":"closed","template":"","meta":{"_acf_changed":false},"product_cat":[7280,7283],"product_tag":[6661],"class_list":{"0":"post-84743","1":"product","2":"type-product","3":"status-publish","4":"has-post-thumbnail","6":"product_cat-siseruumide_valgustid","7":"product_cat-lugemislambiga_seinavalgustid","8":"product_tag-rendl","9":"product_shipping_class-small","10":"pa_materjal-metall","11":"pa_materjal-tekstiil","12":"pa_ruumid-magamistuba","13":"pa_ruumid-hotellid-ja-restoranid","14":"pa_tarneaeg-10-paeva","15":"pa_tehnilised-andmed-17w-led-e27","16":"pa_tehnilised-andmed-3w-led-3000k-ra-80","17":"pa_valgusallikas-komplektis-ei","18":"pa_varv-valge","19":"pa_varv-nikkel","21":"first","22":"instock","23":"taxable","24":"shipping-taxable","25":"purchasable","26":"product-type-simple"},"acf":[],"aioseo_notices":[],"aioseo_head":"\n\t\t<!-- All in One SEO Pro 4.9.5.2 - aioseo.com -->\n\t<meta name=\"description\" content=\"Atsipra\u0161ome, \u0161is puslapis galimas tik Eesti.\" \/>\n\t<meta name=\"robots\" content=\"max-image-preview:large\" \/>\n\t<meta name=\"google-site-verification\" content=\"nxgDPK3Ouk6bwvuxlwlzeMOKszmf-8m57RDu5zAgN-Y\" \/>\n\t<link rel=\"canonical\" href=\"https:\/\/light24.ee\/lt\/toode\/siseruumide_valgustid\/lugemislambiga_seinavalgustid\/lugemislambiga-seinavalgusti-taina\/\" \/>\n\t<meta name=\"generator\" content=\"All in One SEO Pro (AIOSEO) 4.9.5.2\" \/>\n\t\t<meta property=\"og:locale\" content=\"lt_LT\" \/>\n\t\t<meta property=\"og:site_name\" content=\"Light24 \u2022 \u0160viestuvai elektronin\u0117 parduotuv\u0117 | Profesional\u016bs ap\u0161vietimo sprendimai\" \/>\n\t\t<meta property=\"og:type\" content=\"article\" \/>\n\t\t<meta property=\"og:title\" content=\"TAINA \u2022 Light24\" \/>\n\t\t<meta property=\"og:description\" content=\"Atsipra\u0161ome, \u0161is puslapis galimas tik Eesti.\" \/>\n\t\t<meta property=\"og:url\" content=\"https:\/\/light24.ee\/lt\/toode\/siseruumide_valgustid\/lugemislambiga_seinavalgustid\/lugemislambiga-seinavalgusti-taina\/\" \/>\n\t\t<meta property=\"og:image\" content=\"https:\/\/light24.ee\/wp-content\/uploads\/2021\/04\/R12956_243669.jpg\" \/>\n\t\t<meta property=\"og:image:secure_url\" content=\"https:\/\/light24.ee\/wp-content\/uploads\/2021\/04\/R12956_243669.jpg\" \/>\n\t\t<meta property=\"og:image:width\" content=\"700\" \/>\n\t\t<meta property=\"og:image:height\" content=\"700\" \/>\n\t\t<meta property=\"article:published_time\" content=\"2021-04-07T13:24:42+00:00\" \/>\n\t\t<meta property=\"article:modified_time\" content=\"2024-08-01T18:16:09+00:00\" \/>\n\t\t<meta property=\"article:publisher\" content=\"https:\/\/www.facebook.com\/light24.ee\" \/>\n\t\t<meta name=\"twitter:card\" content=\"summary\" \/>\n\t\t<meta name=\"twitter:title\" content=\"TAINA \u2022 Light24\" \/>\n\t\t<meta name=\"twitter:description\" content=\"Atsipra\u0161ome, \u0161is puslapis galimas tik Eesti.\" \/>\n\t\t<meta name=\"twitter:image\" content=\"https:\/\/light24.ee\/wp-content\/uploads\/2021\/04\/R12956_243669.jpg\" \/>\n\t\t<script type=\"application\/ld+json\" class=\"aioseo-schema\">\n\t\t\t{\"@context\":\"https:\\\/\\\/schema.org\",\"@graph\":[{\"@type\":\"BreadcrumbList\",\"@id\":\"https:\\\/\\\/light24.ee\\\/lt\\\/toode\\\/siseruumide_valgustid\\\/lugemislambiga_seinavalgustid\\\/lugemislambiga-seinavalgusti-taina\\\/#breadcrumblist\",\"itemListElement\":[{\"@type\":\"ListItem\",\"@id\":\"https:\\\/\\\/light24.ee\\\/lt#listItem\",\"position\":1,\"name\":\"Home\",\"item\":\"https:\\\/\\\/light24.ee\\\/lt\",\"nextItem\":{\"@type\":\"ListItem\",\"@id\":\"https:\\\/\\\/light24.ee\\\/lt\\\/shop\\\/#listItem\",\"name\":\"Parduotuv\\u0117\"}},{\"@type\":\"ListItem\",\"@id\":\"https:\\\/\\\/light24.ee\\\/lt\\\/shop\\\/#listItem\",\"position\":2,\"name\":\"Parduotuv\\u0117\",\"item\":\"https:\\\/\\\/light24.ee\\\/lt\\\/shop\\\/\",\"nextItem\":{\"@type\":\"ListItem\",\"@id\":\"https:\\\/\\\/light24.ee\\\/lt\\\/product-category\\\/siseruumide_valgustid\\\/#listItem\",\"name\":\"Vidaus patalp\\u0173 \\u0161viestuvai\"},\"previousItem\":{\"@type\":\"ListItem\",\"@id\":\"https:\\\/\\\/light24.ee\\\/lt#listItem\",\"name\":\"Home\"}},{\"@type\":\"ListItem\",\"@id\":\"https:\\\/\\\/light24.ee\\\/lt\\\/product-category\\\/siseruumide_valgustid\\\/#listItem\",\"position\":3,\"name\":\"Vidaus patalp\\u0173 \\u0161viestuvai\",\"item\":\"https:\\\/\\\/light24.ee\\\/lt\\\/product-category\\\/siseruumide_valgustid\\\/\",\"nextItem\":{\"@type\":\"ListItem\",\"@id\":\"https:\\\/\\\/light24.ee\\\/lt\\\/product-category\\\/siseruumide_valgustid\\\/lugemislambiga_seinavalgustid\\\/#listItem\",\"name\":\"Sieniniai \\u0161viestuvai su skaitymo lempute\"},\"previousItem\":{\"@type\":\"ListItem\",\"@id\":\"https:\\\/\\\/light24.ee\\\/lt\\\/shop\\\/#listItem\",\"name\":\"Parduotuv\\u0117\"}},{\"@type\":\"ListItem\",\"@id\":\"https:\\\/\\\/light24.ee\\\/lt\\\/product-category\\\/siseruumide_valgustid\\\/lugemislambiga_seinavalgustid\\\/#listItem\",\"position\":4,\"name\":\"Sieniniai \\u0161viestuvai su skaitymo lempute\",\"item\":\"https:\\\/\\\/light24.ee\\\/lt\\\/product-category\\\/siseruumide_valgustid\\\/lugemislambiga_seinavalgustid\\\/\",\"nextItem\":{\"@type\":\"ListItem\",\"@id\":\"https:\\\/\\\/light24.ee\\\/lt\\\/toode\\\/siseruumide_valgustid\\\/lugemislambiga_seinavalgustid\\\/lugemislambiga-seinavalgusti-taina\\\/#listItem\",\"name\":\"TAINA\"},\"previousItem\":{\"@type\":\"ListItem\",\"@id\":\"https:\\\/\\\/light24.ee\\\/lt\\\/product-category\\\/siseruumide_valgustid\\\/#listItem\",\"name\":\"Vidaus patalp\\u0173 \\u0161viestuvai\"}},{\"@type\":\"ListItem\",\"@id\":\"https:\\\/\\\/light24.ee\\\/lt\\\/toode\\\/siseruumide_valgustid\\\/lugemislambiga_seinavalgustid\\\/lugemislambiga-seinavalgusti-taina\\\/#listItem\",\"position\":5,\"name\":\"TAINA\",\"previousItem\":{\"@type\":\"ListItem\",\"@id\":\"https:\\\/\\\/light24.ee\\\/lt\\\/product-category\\\/siseruumide_valgustid\\\/lugemislambiga_seinavalgustid\\\/#listItem\",\"name\":\"Sieniniai \\u0161viestuvai su skaitymo lempute\"}}]},{\"@type\":\"Organization\",\"@id\":\"https:\\\/\\\/light24.ee\\\/lt\\\/#organization\",\"name\":\"Light24\",\"description\":\"\\u0160viestuvai elektronin\\u0117 parduotuv\\u0117 | Profesional\\u016bs ap\\u0161vietimo sprendimai\",\"url\":\"https:\\\/\\\/light24.ee\\\/lt\\\/\",\"telephone\":\"+3725184133\",\"logo\":{\"@type\":\"ImageObject\",\"url\":\"https:\\\/\\\/www.light24.ee\\\/wp-content\\\/uploads\\\/2022\\\/03\\\/Shape-2-3.svg\",\"@id\":\"https:\\\/\\\/light24.ee\\\/lt\\\/toode\\\/siseruumide_valgustid\\\/lugemislambiga_seinavalgustid\\\/lugemislambiga-seinavalgusti-taina\\\/#organizationLogo\"},\"image\":{\"@id\":\"https:\\\/\\\/light24.ee\\\/lt\\\/toode\\\/siseruumide_valgustid\\\/lugemislambiga_seinavalgustid\\\/lugemislambiga-seinavalgusti-taina\\\/#organizationLogo\"},\"sameAs\":[\"https:\\\/\\\/www.facebook.com\\\/light24.ee\",\"https:\\\/\\\/www.instagram.com\\\/light24official\\\/\"]},{\"@type\":\"Product\",\"@id\":\"https:\\\/\\\/light24.ee\\\/lt\\\/toode\\\/siseruumide_valgustid\\\/lugemislambiga_seinavalgustid\\\/lugemislambiga-seinavalgusti-taina\\\/#wooCommerceProduct\",\"name\":\"TAINA\",\"url\":\"https:\\\/\\\/light24.ee\\\/lt\\\/toode\\\/siseruumide_valgustid\\\/lugemislambiga_seinavalgustid\\\/lugemislambiga-seinavalgusti-taina\\\/\",\"sku\":\"REN11182\",\"image\":{\"@type\":\"ImageObject\",\"url\":\"https:\\\/\\\/light24.ee\\\/wp-content\\\/uploads\\\/2021\\\/04\\\/R12956_243669.jpg\",\"@id\":\"https:\\\/\\\/light24.ee\\\/lt\\\/toode\\\/siseruumide_valgustid\\\/lugemislambiga_seinavalgustid\\\/lugemislambiga-seinavalgusti-taina\\\/#productImage\",\"width\":700,\"height\":700},\"offers\":{\"@type\":\"Offer\",\"url\":\"https:\\\/\\\/light24.ee\\\/lt\\\/toode\\\/siseruumide_valgustid\\\/lugemislambiga_seinavalgustid\\\/lugemislambiga-seinavalgusti-taina\\\/#wooCommerceOffer\",\"price\":115,\"priceCurrency\":\"EUR\",\"category\":\"Vidaus patalp\\u0173 \\u0161viestuvai\",\"availability\":\"https:\\\/\\\/schema.org\\\/InStock\",\"priceSpecification\":{\"@type\":\"PriceSpecification\",\"price\":115,\"priceCurrency\":\"EUR\",\"valueAddedTaxIncluded\":\"true\"},\"seller\":{\"@type\":\"Organization\",\"@id\":\"https:\\\/\\\/light24.ee\\\/lt\\\/#organization\"}}},{\"@type\":\"WebPage\",\"@id\":\"https:\\\/\\\/light24.ee\\\/lt\\\/toode\\\/siseruumide_valgustid\\\/lugemislambiga_seinavalgustid\\\/lugemislambiga-seinavalgusti-taina\\\/#webpage\",\"url\":\"https:\\\/\\\/light24.ee\\\/lt\\\/toode\\\/siseruumide_valgustid\\\/lugemislambiga_seinavalgustid\\\/lugemislambiga-seinavalgusti-taina\\\/\",\"name\":\"TAINA \\u2022 Light24\",\"description\":\"Atsipra\\u0161ome, \\u0161is puslapis galimas tik Eesti.\",\"inLanguage\":\"lt-LT\",\"isPartOf\":{\"@id\":\"https:\\\/\\\/light24.ee\\\/lt\\\/#website\"},\"breadcrumb\":{\"@id\":\"https:\\\/\\\/light24.ee\\\/lt\\\/toode\\\/siseruumide_valgustid\\\/lugemislambiga_seinavalgustid\\\/lugemislambiga-seinavalgusti-taina\\\/#breadcrumblist\"},\"image\":{\"@type\":\"ImageObject\",\"url\":\"https:\\\/\\\/light24.ee\\\/wp-content\\\/uploads\\\/2021\\\/04\\\/R12956_243669.jpg\",\"@id\":\"https:\\\/\\\/light24.ee\\\/lt\\\/toode\\\/siseruumide_valgustid\\\/lugemislambiga_seinavalgustid\\\/lugemislambiga-seinavalgusti-taina\\\/#mainImage\",\"width\":700,\"height\":700},\"primaryImageOfPage\":{\"@id\":\"https:\\\/\\\/light24.ee\\\/lt\\\/toode\\\/siseruumide_valgustid\\\/lugemislambiga_seinavalgustid\\\/lugemislambiga-seinavalgusti-taina\\\/#mainImage\"},\"datePublished\":\"2021-04-07T16:24:42+03:00\",\"dateModified\":\"2024-08-01T21:16:09+03:00\"},{\"@type\":\"WebSite\",\"@id\":\"https:\\\/\\\/light24.ee\\\/lt\\\/#website\",\"url\":\"https:\\\/\\\/light24.ee\\\/lt\\\/\",\"name\":\"Light24\",\"description\":\"\\u0160viestuvai elektronin\\u0117 parduotuv\\u0117 | Profesional\\u016bs ap\\u0161vietimo sprendimai\",\"inLanguage\":\"lt-LT\",\"publisher\":{\"@id\":\"https:\\\/\\\/light24.ee\\\/lt\\\/#organization\"}}]}\n\t\t<\/script>\n\t\t<!-- All in One SEO Pro -->\r\n\t\t<title>TAINA \u2022 Light24<\/title>\n\n","aioseo_head_json":{"title":"TAINA \u2022 Light24","description":"Atsipra\u0161ome, \u0161is puslapis galimas tik Eesti.","canonical_url":"https:\/\/light24.ee\/lt\/toode\/siseruumide_valgustid\/lugemislambiga_seinavalgustid\/lugemislambiga-seinavalgusti-taina\/","robots":"max-image-preview:large","keywords":"","webmasterTools":{"google-site-verification":"nxgDPK3Ouk6bwvuxlwlzeMOKszmf-8m57RDu5zAgN-Y","miscellaneous":""},"schema":{"@context":"https:\/\/schema.org","@graph":[{"@type":"BreadcrumbList","@id":"https:\/\/light24.ee\/lt\/toode\/siseruumide_valgustid\/lugemislambiga_seinavalgustid\/lugemislambiga-seinavalgusti-taina\/#breadcrumblist","itemListElement":[{"@type":"ListItem","@id":"https:\/\/light24.ee\/lt#listItem","position":1,"name":"Home","item":"https:\/\/light24.ee\/lt","nextItem":{"@type":"ListItem","@id":"https:\/\/light24.ee\/lt\/shop\/#listItem","name":"Parduotuv\u0117"}},{"@type":"ListItem","@id":"https:\/\/light24.ee\/lt\/shop\/#listItem","position":2,"name":"Parduotuv\u0117","item":"https:\/\/light24.ee\/lt\/shop\/","nextItem":{"@type":"ListItem","@id":"https:\/\/light24.ee\/lt\/product-category\/siseruumide_valgustid\/#listItem","name":"Vidaus patalp\u0173 \u0161viestuvai"},"previousItem":{"@type":"ListItem","@id":"https:\/\/light24.ee\/lt#listItem","name":"Home"}},{"@type":"ListItem","@id":"https:\/\/light24.ee\/lt\/product-category\/siseruumide_valgustid\/#listItem","position":3,"name":"Vidaus patalp\u0173 \u0161viestuvai","item":"https:\/\/light24.ee\/lt\/product-category\/siseruumide_valgustid\/","nextItem":{"@type":"ListItem","@id":"https:\/\/light24.ee\/lt\/product-category\/siseruumide_valgustid\/lugemislambiga_seinavalgustid\/#listItem","name":"Sieniniai \u0161viestuvai su skaitymo lempute"},"previousItem":{"@type":"ListItem","@id":"https:\/\/light24.ee\/lt\/shop\/#listItem","name":"Parduotuv\u0117"}},{"@type":"ListItem","@id":"https:\/\/light24.ee\/lt\/product-category\/siseruumide_valgustid\/lugemislambiga_seinavalgustid\/#listItem","position":4,"name":"Sieniniai \u0161viestuvai su skaitymo lempute","item":"https:\/\/light24.ee\/lt\/product-category\/siseruumide_valgustid\/lugemislambiga_seinavalgustid\/","nextItem":{"@type":"ListItem","@id":"https:\/\/light24.ee\/lt\/toode\/siseruumide_valgustid\/lugemislambiga_seinavalgustid\/lugemislambiga-seinavalgusti-taina\/#listItem","name":"TAINA"},"previousItem":{"@type":"ListItem","@id":"https:\/\/light24.ee\/lt\/product-category\/siseruumide_valgustid\/#listItem","name":"Vidaus patalp\u0173 \u0161viestuvai"}},{"@type":"ListItem","@id":"https:\/\/light24.ee\/lt\/toode\/siseruumide_valgustid\/lugemislambiga_seinavalgustid\/lugemislambiga-seinavalgusti-taina\/#listItem","position":5,"name":"TAINA","previousItem":{"@type":"ListItem","@id":"https:\/\/light24.ee\/lt\/product-category\/siseruumide_valgustid\/lugemislambiga_seinavalgustid\/#listItem","name":"Sieniniai \u0161viestuvai su skaitymo lempute"}}]},{"@type":"Organization","@id":"https:\/\/light24.ee\/lt\/#organization","name":"Light24","description":"\u0160viestuvai elektronin\u0117 parduotuv\u0117 | Profesional\u016bs ap\u0161vietimo sprendimai","url":"https:\/\/light24.ee\/lt\/","telephone":"+3725184133","logo":{"@type":"ImageObject","url":"https:\/\/www.light24.ee\/wp-content\/uploads\/2022\/03\/Shape-2-3.svg","@id":"https:\/\/light24.ee\/lt\/toode\/siseruumide_valgustid\/lugemislambiga_seinavalgustid\/lugemislambiga-seinavalgusti-taina\/#organizationLogo"},"image":{"@id":"https:\/\/light24.ee\/lt\/toode\/siseruumide_valgustid\/lugemislambiga_seinavalgustid\/lugemislambiga-seinavalgusti-taina\/#organizationLogo"},"sameAs":["https:\/\/www.facebook.com\/light24.ee","https:\/\/www.instagram.com\/light24official\/"]},{"@type":"Product","@id":"https:\/\/light24.ee\/lt\/toode\/siseruumide_valgustid\/lugemislambiga_seinavalgustid\/lugemislambiga-seinavalgusti-taina\/#wooCommerceProduct","name":"TAINA","url":"https:\/\/light24.ee\/lt\/toode\/siseruumide_valgustid\/lugemislambiga_seinavalgustid\/lugemislambiga-seinavalgusti-taina\/","sku":"REN11182","image":{"@type":"ImageObject","url":"https:\/\/light24.ee\/wp-content\/uploads\/2021\/04\/R12956_243669.jpg","@id":"https:\/\/light24.ee\/lt\/toode\/siseruumide_valgustid\/lugemislambiga_seinavalgustid\/lugemislambiga-seinavalgusti-taina\/#productImage","width":700,"height":700},"offers":{"@type":"Offer","url":"https:\/\/light24.ee\/lt\/toode\/siseruumide_valgustid\/lugemislambiga_seinavalgustid\/lugemislambiga-seinavalgusti-taina\/#wooCommerceOffer","price":115,"priceCurrency":"EUR","category":"Vidaus patalp\u0173 \u0161viestuvai","availability":"https:\/\/schema.org\/InStock","priceSpecification":{"@type":"PriceSpecification","price":115,"priceCurrency":"EUR","valueAddedTaxIncluded":"true"},"seller":{"@type":"Organization","@id":"https:\/\/light24.ee\/lt\/#organization"}}},{"@type":"WebPage","@id":"https:\/\/light24.ee\/lt\/toode\/siseruumide_valgustid\/lugemislambiga_seinavalgustid\/lugemislambiga-seinavalgusti-taina\/#webpage","url":"https:\/\/light24.ee\/lt\/toode\/siseruumide_valgustid\/lugemislambiga_seinavalgustid\/lugemislambiga-seinavalgusti-taina\/","name":"TAINA \u2022 Light24","description":"Atsipra\u0161ome, \u0161is puslapis galimas tik Eesti.","inLanguage":"lt-LT","isPartOf":{"@id":"https:\/\/light24.ee\/lt\/#website"},"breadcrumb":{"@id":"https:\/\/light24.ee\/lt\/toode\/siseruumide_valgustid\/lugemislambiga_seinavalgustid\/lugemislambiga-seinavalgusti-taina\/#breadcrumblist"},"image":{"@type":"ImageObject","url":"https:\/\/light24.ee\/wp-content\/uploads\/2021\/04\/R12956_243669.jpg","@id":"https:\/\/light24.ee\/lt\/toode\/siseruumide_valgustid\/lugemislambiga_seinavalgustid\/lugemislambiga-seinavalgusti-taina\/#mainImage","width":700,"height":700},"primaryImageOfPage":{"@id":"https:\/\/light24.ee\/lt\/toode\/siseruumide_valgustid\/lugemislambiga_seinavalgustid\/lugemislambiga-seinavalgusti-taina\/#mainImage"},"datePublished":"2021-04-07T16:24:42+03:00","dateModified":"2024-08-01T21:16:09+03:00"},{"@type":"WebSite","@id":"https:\/\/light24.ee\/lt\/#website","url":"https:\/\/light24.ee\/lt\/","name":"Light24","description":"\u0160viestuvai elektronin\u0117 parduotuv\u0117 | Profesional\u016bs ap\u0161vietimo sprendimai","inLanguage":"lt-LT","publisher":{"@id":"https:\/\/light24.ee\/lt\/#organization"}}]},"og:locale":"lt_LT","og:site_name":"Light24 \u2022 \u0160viestuvai elektronin\u0117 parduotuv\u0117 | Profesional\u016bs ap\u0161vietimo sprendimai","og:type":"article","og:title":"TAINA \u2022 Light24","og:description":"Atsipra\u0161ome, \u0161is puslapis galimas tik Eesti.","og:url":"https:\/\/light24.ee\/lt\/toode\/siseruumide_valgustid\/lugemislambiga_seinavalgustid\/lugemislambiga-seinavalgusti-taina\/","og:image":"https:\/\/light24.ee\/wp-content\/uploads\/2021\/04\/R12956_243669.jpg","og:image:secure_url":"https:\/\/light24.ee\/wp-content\/uploads\/2021\/04\/R12956_243669.jpg","og:image:width":700,"og:image:height":700,"article:published_time":"2021-04-07T13:24:42+00:00","article:modified_time":"2024-08-01T18:16:09+00:00","article:publisher":"https:\/\/www.facebook.com\/light24.ee","twitter:card":"summary","twitter:title":"TAINA \u2022 Light24","twitter:description":"Atsipra\u0161ome, \u0161is puslapis galimas tik Eesti.","twitter:image":"https:\/\/light24.ee\/wp-content\/uploads\/2021\/04\/R12956_243669.jpg"},"aioseo_meta_data":{"post_id":"84743","title":null,"description":null,"keywords":[],"keyphrases":{"focus":{"keyphrase":"","score":0,"analysis":{"keyphraseInTitle":{"score":0,"maxScore":9,"error":1}}},"additional":[]},"primary_term":null,"canonical_url":null,"og_title":null,"og_description":null,"og_object_type":"default","og_image_type":"default","og_image_url":null,"og_image_width":null,"og_image_height":null,"og_image_custom_url":null,"og_image_custom_fields":null,"og_video":"","og_custom_url":null,"og_article_section":null,"og_article_tags":[],"twitter_use_og":false,"twitter_card":"default","twitter_image_type":"default","twitter_image_url":null,"twitter_image_custom_url":null,"twitter_image_custom_fields":null,"twitter_title":null,"twitter_description":null,"schema":{"blockGraphs":[],"customGraphs":[],"default":{"data":{"Article":[],"Course":[],"Dataset":[],"FAQPage":[],"Movie":[],"Person":[],"Product":[],"ProductReview":[],"Car":[],"Recipe":[],"Service":[],"SoftwareApplication":[],"WebPage":[]},"graphName":"","isEnabled":true},"graphs":[]},"schema_type":"default","schema_type_options":"{\"article\":{\"articleType\":\"BlogPosting\"},\"course\":{\"name\":\"\",\"description\":\"\",\"provider\":\"\"},\"faq\":{\"pages\":[]},\"product\":{\"reviews\":[]},\"recipe\":{\"ingredients\":[],\"instructions\":[],\"keywords\":[]},\"software\":{\"reviews\":[],\"operatingSystems\":[]},\"webPage\":{\"webPageType\":\"WebPage\"}}","pillar_content":false,"robots_default":true,"robots_noindex":false,"robots_noarchive":false,"robots_nosnippet":false,"robots_nofollow":false,"robots_noimageindex":false,"robots_noodp":false,"robots_notranslate":false,"robots_max_snippet":"-1","robots_max_videopreview":"-1","robots_max_imagepreview":"large","priority":null,"frequency":"default","local_seo":null,"seo_analyzer_scan_date":"2025-10-27 00:53:47","breadcrumb_settings":null,"limit_modified_date":false,"reviewed_by":null,"open_ai":null,"ai":null,"created":"2022-02-17 16:36:32","updated":"2025-10-27 00:53:47"},"aioseo_breadcrumb":"<div class=\"aioseo-breadcrumbs\"><span class=\"aioseo-breadcrumb\">\n\t<a href=\"https:\/\/light24.ee\/lt\" title=\"Home\">Home<\/a>\n<\/span><span class=\"aioseo-breadcrumb-separator\">&raquo;<\/span><span class=\"aioseo-breadcrumb\">\n\t<a href=\"https:\/\/light24.ee\/lt\/shop\/\" title=\"Parduotuv\u0117\">Parduotuv\u0117<\/a>\n<\/span><span class=\"aioseo-breadcrumb-separator\">&raquo;<\/span><span class=\"aioseo-breadcrumb\">\n\t<a href=\"https:\/\/light24.ee\/lt\/product-category\/siseruumide_valgustid\/\" title=\"Vidaus patalp\u0173 \u0161viestuvai\">Vidaus patalp\u0173 \u0161viestuvai<\/a>\n<\/span><span class=\"aioseo-breadcrumb-separator\">&raquo;<\/span><span class=\"aioseo-breadcrumb\">\n\t<a href=\"https:\/\/light24.ee\/lt\/product-category\/siseruumide_valgustid\/lugemislambiga_seinavalgustid\/\" title=\"Sieniniai \u0161viestuvai su skaitymo lempute\">Sieniniai \u0161viestuvai su skaitymo lempute<\/a>\n<\/span><span class=\"aioseo-breadcrumb-separator\">&raquo;<\/span><span class=\"aioseo-breadcrumb\">\n\tTAINA\n<\/span><\/div>","aioseo_breadcrumb_json":[{"label":"Home","link":"https:\/\/light24.ee\/lt"},{"label":"Parduotuv\u0117","link":"https:\/\/light24.ee\/lt\/shop\/"},{"label":"Vidaus patalp\u0173 \u0161viestuvai","link":"https:\/\/light24.ee\/lt\/product-category\/siseruumide_valgustid\/"},{"label":"Sieniniai \u0161viestuvai su skaitymo lempute","link":"https:\/\/light24.ee\/lt\/product-category\/siseruumide_valgustid\/lugemislambiga_seinavalgustid\/"},{"label":"TAINA","link":"https:\/\/light24.ee\/lt\/toode\/siseruumide_valgustid\/lugemislambiga_seinavalgustid\/lugemislambiga-seinavalgusti-taina\/"}],"_links":{"self":[{"href":"https:\/\/light24.ee\/lt\/wp-json\/wp\/v2\/product\/84743","targetHints":{"allow":["GET"]}}],"collection":[{"href":"https:\/\/light24.ee\/lt\/wp-json\/wp\/v2\/product"}],"about":[{"href":"https:\/\/light24.ee\/lt\/wp-json\/wp\/v2\/types\/product"}],"replies":[{"embeddable":true,"href":"https:\/\/light24.ee\/lt\/wp-json\/wp\/v2\/comments?post=84743"}],"wp:featuredmedia":[{"embeddable":true,"href":"https:\/\/light24.ee\/lt\/wp-json\/wp\/v2\/media\/84752"}],"wp:attachment":[{"href":"https:\/\/light24.ee\/lt\/wp-json\/wp\/v2\/media?parent=84743"}],"wp:term":[{"taxonomy":"product_cat","embeddable":true,"href":"https:\/\/light24.ee\/lt\/wp-json\/wp\/v2\/product_cat?post=84743"},{"taxonomy":"product_tag","embeddable":true,"href":"https:\/\/light24.ee\/lt\/wp-json\/wp\/v2\/product_tag?post=84743"}],"curies":[{"name":"wp","href":"https:\/\/api.w.org\/{rel}","templated":true}]}}