{"id":103273,"date":"2021-04-26T13:06:42","date_gmt":"2021-04-26T10:06:42","guid":{"rendered":"https:\/\/www.light24.ee\/?post_type=product&#038;p=103273"},"modified":"2022-09-15T15:03:11","modified_gmt":"2022-09-15T12:03:11","slug":"rondo-plisa-2","status":"publish","type":"product","link":"https:\/\/light24.ee\/lv\/toode\/siseruumide_valgustid\/laualambid\/rondo-plisa-2\/","title":{"rendered":"Rondo Plisa"},"content":{"rendered":"<p>&nbsp;<\/p>\n<p><em>\u0160eit izv\u0113lieties v\u0113lamo apdari \u2013 <strong><a href=\"https:\/\/www.ramko.com.pl\/en\/18-lamp-shades-sampler\">kr\u0101sas<\/a> <\/strong>\u2013 un pievienojiet koment\u0101riem, apstiprinot pas\u016bt\u012bjumu.<\/em><\/p>","protected":false},"excerpt":{"rendered":"<p>&nbsp; \u0160eit izv\u0113lieties v\u0113lamo apdari \u2013 kr\u0101sas \u2013 un pievienojiet koment\u0101riem, apstiprinot pas\u016bt\u012bjumu.<\/p>\n","protected":false},"featured_media":103274,"comment_status":"closed","ping_status":"closed","template":"","meta":{"_acf_changed":false},"product_cat":[7280,7281],"product_tag":[534],"class_list":{"0":"post-103273","1":"product","2":"type-product","3":"status-publish","4":"has-post-thumbnail","6":"product_cat-siseruumide_valgustid","7":"product_cat-laualambid","8":"product_tag-ram","9":"product_shipping_class-small","10":"pa_ip-kaitseklass-1123","11":"pa_materjal-metall","12":"pa_ruumid-elutuba","13":"pa_ruumid-soogituba","14":"pa_ruumid-magamistuba","15":"pa_ruumid-kodukontor","16":"pa_ruumid-lastetuba","17":"pa_ruumid-hotellid-ja-restoranid","18":"pa_tarneaeg-2-4-nadalat","19":"pa_tehnilised-andmed-115w-led-e27","20":"pa_valgusallikas-komplektis-ei","21":"pa_varv-teras","23":"first","24":"instock","25":"taxable","26":"shipping-taxable","27":"purchasable","28":"product-type-simple"},"acf":[],"aioseo_notices":[],"aioseo_head":"\n\t\t<!-- All in One SEO Pro 4.9.5.2 - aioseo.com -->\n\t<meta name=\"description\" content=\"\u0160eit izv\u0113lieties v\u0113lamo apdari \u2013 kr\u0101sas \u2013 un pievienojiet koment\u0101riem, apstiprinot pas\u016bt\u012bjumu.\" \/>\n\t<meta name=\"robots\" content=\"max-image-preview:large\" \/>\n\t<meta name=\"google-site-verification\" content=\"nxgDPK3Ouk6bwvuxlwlzeMOKszmf-8m57RDu5zAgN-Y\" \/>\n\t<link rel=\"canonical\" href=\"https:\/\/light24.ee\/lv\/toode\/siseruumide_valgustid\/laualambid\/rondo-plisa-2\/\" \/>\n\t<meta name=\"generator\" content=\"All in One SEO Pro (AIOSEO) 4.9.5.2\" \/>\n\t\t<meta property=\"og:locale\" content=\"lv_LV\" \/>\n\t\t<meta property=\"og:site_name\" content=\"Light24 \u2022 Apgaismojums | E-veikals\" \/>\n\t\t<meta property=\"og:type\" content=\"article\" \/>\n\t\t<meta property=\"og:title\" content=\"Rondo Plisa \u2022 Light24\" \/>\n\t\t<meta property=\"og:description\" content=\"\u0160eit izv\u0113lieties v\u0113lamo apdari \u2013 kr\u0101sas \u2013 un pievienojiet koment\u0101riem, apstiprinot pas\u016bt\u012bjumu.\" \/>\n\t\t<meta property=\"og:url\" content=\"https:\/\/light24.ee\/lv\/toode\/siseruumide_valgustid\/laualambid\/rondo-plisa-2\/\" \/>\n\t\t<meta property=\"og:image\" content=\"https:\/\/light24.ee\/wp-content\/uploads\/2022\/04\/ron33.jpg\" \/>\n\t\t<meta property=\"og:image:secure_url\" content=\"https:\/\/light24.ee\/wp-content\/uploads\/2022\/04\/ron33.jpg\" \/>\n\t\t<meta property=\"og:image:width\" content=\"697\" \/>\n\t\t<meta property=\"og:image:height\" content=\"697\" \/>\n\t\t<meta property=\"article:published_time\" content=\"2021-04-26T10:06:42+00:00\" \/>\n\t\t<meta property=\"article:modified_time\" content=\"2022-09-15T12:03:11+00:00\" \/>\n\t\t<meta property=\"article:publisher\" content=\"https:\/\/www.facebook.com\/light24.ee\" \/>\n\t\t<meta name=\"twitter:card\" content=\"summary\" \/>\n\t\t<meta name=\"twitter:title\" content=\"Rondo Plisa \u2022 Light24\" \/>\n\t\t<meta name=\"twitter:description\" content=\"\u0160eit izv\u0113lieties v\u0113lamo apdari \u2013 kr\u0101sas \u2013 un pievienojiet koment\u0101riem, apstiprinot pas\u016bt\u012bjumu.\" \/>\n\t\t<meta name=\"twitter:image\" content=\"https:\/\/light24.ee\/wp-content\/uploads\/2022\/04\/ron33.jpg\" \/>\n\t\t<script type=\"application\/ld+json\" class=\"aioseo-schema\">\n\t\t\t{\"@context\":\"https:\\\/\\\/schema.org\",\"@graph\":[{\"@type\":\"BreadcrumbList\",\"@id\":\"https:\\\/\\\/light24.ee\\\/lv\\\/toode\\\/siseruumide_valgustid\\\/laualambid\\\/rondo-plisa-2\\\/#breadcrumblist\",\"itemListElement\":[{\"@type\":\"ListItem\",\"@id\":\"https:\\\/\\\/light24.ee\\\/lv#listItem\",\"position\":1,\"name\":\"Home\",\"item\":\"https:\\\/\\\/light24.ee\\\/lv\",\"nextItem\":{\"@type\":\"ListItem\",\"@id\":\"https:\\\/\\\/light24.ee\\\/lv\\\/shop\\\/#listItem\",\"name\":\"E-veikals\"}},{\"@type\":\"ListItem\",\"@id\":\"https:\\\/\\\/light24.ee\\\/lv\\\/shop\\\/#listItem\",\"position\":2,\"name\":\"E-veikals\",\"item\":\"https:\\\/\\\/light24.ee\\\/lv\\\/shop\\\/\",\"nextItem\":{\"@type\":\"ListItem\",\"@id\":\"https:\\\/\\\/light24.ee\\\/lv\\\/product-category\\\/siseruumide_valgustid\\\/#listItem\",\"name\":\"Iek\\u0161telpu gaismek\\u013ci\"},\"previousItem\":{\"@type\":\"ListItem\",\"@id\":\"https:\\\/\\\/light24.ee\\\/lv#listItem\",\"name\":\"Home\"}},{\"@type\":\"ListItem\",\"@id\":\"https:\\\/\\\/light24.ee\\\/lv\\\/product-category\\\/siseruumide_valgustid\\\/#listItem\",\"position\":3,\"name\":\"Iek\\u0161telpu gaismek\\u013ci\",\"item\":\"https:\\\/\\\/light24.ee\\\/lv\\\/product-category\\\/siseruumide_valgustid\\\/\",\"nextItem\":{\"@type\":\"ListItem\",\"@id\":\"https:\\\/\\\/light24.ee\\\/lv\\\/product-category\\\/siseruumide_valgustid\\\/laualambid\\\/#listItem\",\"name\":\"Galda lampas\"},\"previousItem\":{\"@type\":\"ListItem\",\"@id\":\"https:\\\/\\\/light24.ee\\\/lv\\\/shop\\\/#listItem\",\"name\":\"E-veikals\"}},{\"@type\":\"ListItem\",\"@id\":\"https:\\\/\\\/light24.ee\\\/lv\\\/product-category\\\/siseruumide_valgustid\\\/laualambid\\\/#listItem\",\"position\":4,\"name\":\"Galda lampas\",\"item\":\"https:\\\/\\\/light24.ee\\\/lv\\\/product-category\\\/siseruumide_valgustid\\\/laualambid\\\/\",\"nextItem\":{\"@type\":\"ListItem\",\"@id\":\"https:\\\/\\\/light24.ee\\\/lv\\\/toode\\\/siseruumide_valgustid\\\/laualambid\\\/rondo-plisa-2\\\/#listItem\",\"name\":\"Rondo Plisa\"},\"previousItem\":{\"@type\":\"ListItem\",\"@id\":\"https:\\\/\\\/light24.ee\\\/lv\\\/product-category\\\/siseruumide_valgustid\\\/#listItem\",\"name\":\"Iek\\u0161telpu gaismek\\u013ci\"}},{\"@type\":\"ListItem\",\"@id\":\"https:\\\/\\\/light24.ee\\\/lv\\\/toode\\\/siseruumide_valgustid\\\/laualambid\\\/rondo-plisa-2\\\/#listItem\",\"position\":5,\"name\":\"Rondo Plisa\",\"previousItem\":{\"@type\":\"ListItem\",\"@id\":\"https:\\\/\\\/light24.ee\\\/lv\\\/product-category\\\/siseruumide_valgustid\\\/laualambid\\\/#listItem\",\"name\":\"Galda lampas\"}}]},{\"@type\":\"Organization\",\"@id\":\"https:\\\/\\\/light24.ee\\\/lv\\\/#organization\",\"name\":\"Light24\",\"description\":\"Apgaismojums | E-veikals\",\"url\":\"https:\\\/\\\/light24.ee\\\/lv\\\/\",\"telephone\":\"+3725184133\",\"logo\":{\"@type\":\"ImageObject\",\"url\":\"https:\\\/\\\/www.light24.ee\\\/wp-content\\\/uploads\\\/2022\\\/03\\\/Shape-2-3.svg\",\"@id\":\"https:\\\/\\\/light24.ee\\\/lv\\\/toode\\\/siseruumide_valgustid\\\/laualambid\\\/rondo-plisa-2\\\/#organizationLogo\"},\"image\":{\"@id\":\"https:\\\/\\\/light24.ee\\\/lv\\\/toode\\\/siseruumide_valgustid\\\/laualambid\\\/rondo-plisa-2\\\/#organizationLogo\"},\"sameAs\":[\"https:\\\/\\\/www.facebook.com\\\/light24.ee\",\"https:\\\/\\\/www.instagram.com\\\/light24official\\\/\"]},{\"@type\":\"Product\",\"@id\":\"https:\\\/\\\/light24.ee\\\/lv\\\/toode\\\/siseruumide_valgustid\\\/laualambid\\\/rondo-plisa-2\\\/#wooCommerceProduct\",\"name\":\"Rondo Plisa\",\"url\":\"https:\\\/\\\/light24.ee\\\/lv\\\/toode\\\/siseruumide_valgustid\\\/laualambid\\\/rondo-plisa-2\\\/\",\"sku\":\"RAM21094\",\"image\":{\"@type\":\"ImageObject\",\"url\":\"https:\\\/\\\/light24.ee\\\/wp-content\\\/uploads\\\/2022\\\/04\\\/ron33.jpg\",\"@id\":\"https:\\\/\\\/light24.ee\\\/lv\\\/toode\\\/siseruumide_valgustid\\\/laualambid\\\/rondo-plisa-2\\\/#productImage\",\"width\":697,\"height\":697},\"offers\":{\"@type\":\"Offer\",\"url\":\"https:\\\/\\\/light24.ee\\\/lv\\\/toode\\\/siseruumide_valgustid\\\/laualambid\\\/rondo-plisa-2\\\/#wooCommerceOffer\",\"price\":114,\"priceCurrency\":\"EUR\",\"category\":\"Iek\\u0161telpu gaismek\\u013ci\",\"availability\":\"https:\\\/\\\/schema.org\\\/InStock\",\"priceSpecification\":{\"@type\":\"PriceSpecification\",\"price\":114,\"priceCurrency\":\"EUR\",\"valueAddedTaxIncluded\":\"true\"},\"seller\":{\"@type\":\"Organization\",\"@id\":\"https:\\\/\\\/light24.ee\\\/lv\\\/#organization\"}}},{\"@type\":\"WebPage\",\"@id\":\"https:\\\/\\\/light24.ee\\\/lv\\\/toode\\\/siseruumide_valgustid\\\/laualambid\\\/rondo-plisa-2\\\/#webpage\",\"url\":\"https:\\\/\\\/light24.ee\\\/lv\\\/toode\\\/siseruumide_valgustid\\\/laualambid\\\/rondo-plisa-2\\\/\",\"name\":\"Rondo Plisa \\u2022 Light24\",\"description\":\"\\u0160eit izv\\u0113lieties v\\u0113lamo apdari \\u2013 kr\\u0101sas \\u2013 un pievienojiet koment\\u0101riem, apstiprinot pas\\u016bt\\u012bjumu.\",\"inLanguage\":\"lv\",\"isPartOf\":{\"@id\":\"https:\\\/\\\/light24.ee\\\/lv\\\/#website\"},\"breadcrumb\":{\"@id\":\"https:\\\/\\\/light24.ee\\\/lv\\\/toode\\\/siseruumide_valgustid\\\/laualambid\\\/rondo-plisa-2\\\/#breadcrumblist\"},\"image\":{\"@type\":\"ImageObject\",\"url\":\"https:\\\/\\\/light24.ee\\\/wp-content\\\/uploads\\\/2022\\\/04\\\/ron33.jpg\",\"@id\":\"https:\\\/\\\/light24.ee\\\/lv\\\/toode\\\/siseruumide_valgustid\\\/laualambid\\\/rondo-plisa-2\\\/#mainImage\",\"width\":697,\"height\":697},\"primaryImageOfPage\":{\"@id\":\"https:\\\/\\\/light24.ee\\\/lv\\\/toode\\\/siseruumide_valgustid\\\/laualambid\\\/rondo-plisa-2\\\/#mainImage\"},\"datePublished\":\"2021-04-26T13:06:42+03:00\",\"dateModified\":\"2022-09-15T15:03:11+03:00\"},{\"@type\":\"WebSite\",\"@id\":\"https:\\\/\\\/light24.ee\\\/lv\\\/#website\",\"url\":\"https:\\\/\\\/light24.ee\\\/lv\\\/\",\"name\":\"Light24\",\"description\":\"Apgaismojums | E-veikals\",\"inLanguage\":\"lv\",\"publisher\":{\"@id\":\"https:\\\/\\\/light24.ee\\\/lv\\\/#organization\"}}]}\n\t\t<\/script>\n\t\t<!-- All in One SEO Pro -->\r\n\t\t<title>Rondo Plisa \u2022 Light24<\/title>\n\n","aioseo_head_json":{"title":"Rondo Plisa \u2022 Light24","description":"\u0160eit izv\u0113lieties v\u0113lamo apdari \u2013 kr\u0101sas \u2013 un pievienojiet koment\u0101riem, apstiprinot pas\u016bt\u012bjumu.","canonical_url":"https:\/\/light24.ee\/lv\/toode\/siseruumide_valgustid\/laualambid\/rondo-plisa-2\/","robots":"max-image-preview:large","keywords":"","webmasterTools":{"google-site-verification":"nxgDPK3Ouk6bwvuxlwlzeMOKszmf-8m57RDu5zAgN-Y","miscellaneous":""},"schema":{"@context":"https:\/\/schema.org","@graph":[{"@type":"BreadcrumbList","@id":"https:\/\/light24.ee\/lv\/toode\/siseruumide_valgustid\/laualambid\/rondo-plisa-2\/#breadcrumblist","itemListElement":[{"@type":"ListItem","@id":"https:\/\/light24.ee\/lv#listItem","position":1,"name":"Home","item":"https:\/\/light24.ee\/lv","nextItem":{"@type":"ListItem","@id":"https:\/\/light24.ee\/lv\/shop\/#listItem","name":"E-veikals"}},{"@type":"ListItem","@id":"https:\/\/light24.ee\/lv\/shop\/#listItem","position":2,"name":"E-veikals","item":"https:\/\/light24.ee\/lv\/shop\/","nextItem":{"@type":"ListItem","@id":"https:\/\/light24.ee\/lv\/product-category\/siseruumide_valgustid\/#listItem","name":"Iek\u0161telpu gaismek\u013ci"},"previousItem":{"@type":"ListItem","@id":"https:\/\/light24.ee\/lv#listItem","name":"Home"}},{"@type":"ListItem","@id":"https:\/\/light24.ee\/lv\/product-category\/siseruumide_valgustid\/#listItem","position":3,"name":"Iek\u0161telpu gaismek\u013ci","item":"https:\/\/light24.ee\/lv\/product-category\/siseruumide_valgustid\/","nextItem":{"@type":"ListItem","@id":"https:\/\/light24.ee\/lv\/product-category\/siseruumide_valgustid\/laualambid\/#listItem","name":"Galda lampas"},"previousItem":{"@type":"ListItem","@id":"https:\/\/light24.ee\/lv\/shop\/#listItem","name":"E-veikals"}},{"@type":"ListItem","@id":"https:\/\/light24.ee\/lv\/product-category\/siseruumide_valgustid\/laualambid\/#listItem","position":4,"name":"Galda lampas","item":"https:\/\/light24.ee\/lv\/product-category\/siseruumide_valgustid\/laualambid\/","nextItem":{"@type":"ListItem","@id":"https:\/\/light24.ee\/lv\/toode\/siseruumide_valgustid\/laualambid\/rondo-plisa-2\/#listItem","name":"Rondo Plisa"},"previousItem":{"@type":"ListItem","@id":"https:\/\/light24.ee\/lv\/product-category\/siseruumide_valgustid\/#listItem","name":"Iek\u0161telpu gaismek\u013ci"}},{"@type":"ListItem","@id":"https:\/\/light24.ee\/lv\/toode\/siseruumide_valgustid\/laualambid\/rondo-plisa-2\/#listItem","position":5,"name":"Rondo Plisa","previousItem":{"@type":"ListItem","@id":"https:\/\/light24.ee\/lv\/product-category\/siseruumide_valgustid\/laualambid\/#listItem","name":"Galda lampas"}}]},{"@type":"Organization","@id":"https:\/\/light24.ee\/lv\/#organization","name":"Light24","description":"Apgaismojums | E-veikals","url":"https:\/\/light24.ee\/lv\/","telephone":"+3725184133","logo":{"@type":"ImageObject","url":"https:\/\/www.light24.ee\/wp-content\/uploads\/2022\/03\/Shape-2-3.svg","@id":"https:\/\/light24.ee\/lv\/toode\/siseruumide_valgustid\/laualambid\/rondo-plisa-2\/#organizationLogo"},"image":{"@id":"https:\/\/light24.ee\/lv\/toode\/siseruumide_valgustid\/laualambid\/rondo-plisa-2\/#organizationLogo"},"sameAs":["https:\/\/www.facebook.com\/light24.ee","https:\/\/www.instagram.com\/light24official\/"]},{"@type":"Product","@id":"https:\/\/light24.ee\/lv\/toode\/siseruumide_valgustid\/laualambid\/rondo-plisa-2\/#wooCommerceProduct","name":"Rondo Plisa","url":"https:\/\/light24.ee\/lv\/toode\/siseruumide_valgustid\/laualambid\/rondo-plisa-2\/","sku":"RAM21094","image":{"@type":"ImageObject","url":"https:\/\/light24.ee\/wp-content\/uploads\/2022\/04\/ron33.jpg","@id":"https:\/\/light24.ee\/lv\/toode\/siseruumide_valgustid\/laualambid\/rondo-plisa-2\/#productImage","width":697,"height":697},"offers":{"@type":"Offer","url":"https:\/\/light24.ee\/lv\/toode\/siseruumide_valgustid\/laualambid\/rondo-plisa-2\/#wooCommerceOffer","price":114,"priceCurrency":"EUR","category":"Iek\u0161telpu gaismek\u013ci","availability":"https:\/\/schema.org\/InStock","priceSpecification":{"@type":"PriceSpecification","price":114,"priceCurrency":"EUR","valueAddedTaxIncluded":"true"},"seller":{"@type":"Organization","@id":"https:\/\/light24.ee\/lv\/#organization"}}},{"@type":"WebPage","@id":"https:\/\/light24.ee\/lv\/toode\/siseruumide_valgustid\/laualambid\/rondo-plisa-2\/#webpage","url":"https:\/\/light24.ee\/lv\/toode\/siseruumide_valgustid\/laualambid\/rondo-plisa-2\/","name":"Rondo Plisa \u2022 Light24","description":"\u0160eit izv\u0113lieties v\u0113lamo apdari \u2013 kr\u0101sas \u2013 un pievienojiet koment\u0101riem, apstiprinot pas\u016bt\u012bjumu.","inLanguage":"lv","isPartOf":{"@id":"https:\/\/light24.ee\/lv\/#website"},"breadcrumb":{"@id":"https:\/\/light24.ee\/lv\/toode\/siseruumide_valgustid\/laualambid\/rondo-plisa-2\/#breadcrumblist"},"image":{"@type":"ImageObject","url":"https:\/\/light24.ee\/wp-content\/uploads\/2022\/04\/ron33.jpg","@id":"https:\/\/light24.ee\/lv\/toode\/siseruumide_valgustid\/laualambid\/rondo-plisa-2\/#mainImage","width":697,"height":697},"primaryImageOfPage":{"@id":"https:\/\/light24.ee\/lv\/toode\/siseruumide_valgustid\/laualambid\/rondo-plisa-2\/#mainImage"},"datePublished":"2021-04-26T13:06:42+03:00","dateModified":"2022-09-15T15:03:11+03:00"},{"@type":"WebSite","@id":"https:\/\/light24.ee\/lv\/#website","url":"https:\/\/light24.ee\/lv\/","name":"Light24","description":"Apgaismojums | E-veikals","inLanguage":"lv","publisher":{"@id":"https:\/\/light24.ee\/lv\/#organization"}}]},"og:locale":"lv_LV","og:site_name":"Light24 \u2022 Apgaismojums | E-veikals","og:type":"article","og:title":"Rondo Plisa \u2022 Light24","og:description":"\u0160eit izv\u0113lieties v\u0113lamo apdari \u2013 kr\u0101sas \u2013 un pievienojiet koment\u0101riem, apstiprinot pas\u016bt\u012bjumu.","og:url":"https:\/\/light24.ee\/lv\/toode\/siseruumide_valgustid\/laualambid\/rondo-plisa-2\/","og:image":"https:\/\/light24.ee\/wp-content\/uploads\/2022\/04\/ron33.jpg","og:image:secure_url":"https:\/\/light24.ee\/wp-content\/uploads\/2022\/04\/ron33.jpg","og:image:width":697,"og:image:height":697,"article:published_time":"2021-04-26T10:06:42+00:00","article:modified_time":"2022-09-15T12:03:11+00:00","article:publisher":"https:\/\/www.facebook.com\/light24.ee","twitter:card":"summary","twitter:title":"Rondo Plisa \u2022 Light24","twitter:description":"\u0160eit izv\u0113lieties v\u0113lamo apdari \u2013 kr\u0101sas \u2013 un pievienojiet koment\u0101riem, apstiprinot pas\u016bt\u012bjumu.","twitter:image":"https:\/\/light24.ee\/wp-content\/uploads\/2022\/04\/ron33.jpg"},"aioseo_meta_data":{"post_id":"103273","title":null,"description":null,"keywords":[],"keyphrases":{"focus":{"keyphrase":"","score":0,"analysis":{"keyphraseInTitle":{"score":0,"maxScore":9,"error":1}}},"additional":[]},"primary_term":null,"canonical_url":null,"og_title":null,"og_description":null,"og_object_type":"default","og_image_type":"default","og_image_url":null,"og_image_width":null,"og_image_height":null,"og_image_custom_url":null,"og_image_custom_fields":null,"og_video":"","og_custom_url":null,"og_article_section":null,"og_article_tags":[],"twitter_use_og":false,"twitter_card":"default","twitter_image_type":"default","twitter_image_url":null,"twitter_image_custom_url":null,"twitter_image_custom_fields":null,"twitter_title":null,"twitter_description":null,"schema":{"blockGraphs":[],"customGraphs":[],"default":{"data":{"Article":[],"Course":[],"Dataset":[],"FAQPage":[],"Movie":[],"Person":[],"Product":[],"ProductReview":[],"Car":[],"Recipe":[],"Service":[],"SoftwareApplication":[],"WebPage":[]},"graphName":"","isEnabled":true},"graphs":[]},"schema_type":"default","schema_type_options":"{\"article\":{\"articleType\":\"BlogPosting\"},\"course\":{\"name\":\"\",\"description\":\"\",\"provider\":\"\"},\"faq\":{\"pages\":[]},\"product\":{\"reviews\":[]},\"recipe\":{\"ingredients\":[],\"instructions\":[],\"keywords\":[]},\"software\":{\"reviews\":[],\"operatingSystems\":[]},\"webPage\":{\"webPageType\":\"WebPage\"}}","pillar_content":false,"robots_default":true,"robots_noindex":false,"robots_noarchive":false,"robots_nosnippet":false,"robots_nofollow":false,"robots_noimageindex":false,"robots_noodp":false,"robots_notranslate":false,"robots_max_snippet":"-1","robots_max_videopreview":"-1","robots_max_imagepreview":"large","priority":null,"frequency":"default","local_seo":null,"seo_analyzer_scan_date":"2025-10-27 01:13:35","breadcrumb_settings":null,"limit_modified_date":false,"reviewed_by":null,"open_ai":null,"ai":null,"created":"2022-04-26 10:06:42","updated":"2025-10-27 01:13:35"},"aioseo_breadcrumb":"<div class=\"aioseo-breadcrumbs\"><span class=\"aioseo-breadcrumb\">\n\t<a href=\"https:\/\/light24.ee\/lv\" title=\"Home\">Home<\/a>\n<\/span><span class=\"aioseo-breadcrumb-separator\">&raquo;<\/span><span class=\"aioseo-breadcrumb\">\n\t<a href=\"https:\/\/light24.ee\/lv\/shop\/\" title=\"E-veikals\">E-veikals<\/a>\n<\/span><span class=\"aioseo-breadcrumb-separator\">&raquo;<\/span><span class=\"aioseo-breadcrumb\">\n\t<a href=\"https:\/\/light24.ee\/lv\/product-category\/siseruumide_valgustid\/\" title=\"Iek\u0161telpu gaismek\u013ci\">Iek\u0161telpu gaismek\u013ci<\/a>\n<\/span><span class=\"aioseo-breadcrumb-separator\">&raquo;<\/span><span class=\"aioseo-breadcrumb\">\n\t<a href=\"https:\/\/light24.ee\/lv\/product-category\/siseruumide_valgustid\/laualambid\/\" title=\"Galda lampas\">Galda lampas<\/a>\n<\/span><span class=\"aioseo-breadcrumb-separator\">&raquo;<\/span><span class=\"aioseo-breadcrumb\">\n\tRondo Plisa\n<\/span><\/div>","aioseo_breadcrumb_json":[{"label":"Home","link":"https:\/\/light24.ee\/lv"},{"label":"E-veikals","link":"https:\/\/light24.ee\/lv\/shop\/"},{"label":"Iek\u0161telpu gaismek\u013ci","link":"https:\/\/light24.ee\/lv\/product-category\/siseruumide_valgustid\/"},{"label":"Galda lampas","link":"https:\/\/light24.ee\/lv\/product-category\/siseruumide_valgustid\/laualambid\/"},{"label":"Rondo Plisa","link":"https:\/\/light24.ee\/lv\/toode\/siseruumide_valgustid\/laualambid\/rondo-plisa-2\/"}],"_links":{"self":[{"href":"https:\/\/light24.ee\/lv\/wp-json\/wp\/v2\/product\/103273","targetHints":{"allow":["GET"]}}],"collection":[{"href":"https:\/\/light24.ee\/lv\/wp-json\/wp\/v2\/product"}],"about":[{"href":"https:\/\/light24.ee\/lv\/wp-json\/wp\/v2\/types\/product"}],"replies":[{"embeddable":true,"href":"https:\/\/light24.ee\/lv\/wp-json\/wp\/v2\/comments?post=103273"}],"wp:featuredmedia":[{"embeddable":true,"href":"https:\/\/light24.ee\/lv\/wp-json\/wp\/v2\/media\/103274"}],"wp:attachment":[{"href":"https:\/\/light24.ee\/lv\/wp-json\/wp\/v2\/media?parent=103273"}],"wp:term":[{"taxonomy":"product_cat","embeddable":true,"href":"https:\/\/light24.ee\/lv\/wp-json\/wp\/v2\/product_cat?post=103273"},{"taxonomy":"product_tag","embeddable":true,"href":"https:\/\/light24.ee\/lv\/wp-json\/wp\/v2\/product_tag?post=103273"}],"curies":[{"name":"wp","href":"https:\/\/api.w.org\/{rel}","templated":true}]}}