{"id":132505,"date":"2024-06-03T11:07:10","date_gmt":"2024-06-03T08:07:10","guid":{"rendered":"https:\/\/light24.ee\/?post_type=product&#038;p=132505"},"modified":"2025-01-16T18:49:04","modified_gmt":"2025-01-16T16:49:04","slug":"soho-glass-wall-2-black","status":"publish","type":"product","link":"https:\/\/light24.ee\/lv\/toode\/siseruumide_valgustid\/rippvalgustid\/soho-glass-wall-2-black\/","title":{"rendered":"Aldex SOHO GLASS WALL 2"},"content":{"rendered":"","protected":false},"excerpt":{"rendered":"<p>COMO ir moderna piekarin\u0101ma lampa, kas ide\u0101li piem\u0113rota pakarin\u0101\u0161anai atsevi\u0161\u0137i vai rind\u0101<\/p>\n","protected":false},"featured_media":132506,"comment_status":"closed","ping_status":"closed","template":"","meta":{"_acf_changed":false},"product_cat":[7280,249],"product_tag":[347],"class_list":{"0":"post-132505","1":"product","2":"type-product","3":"status-publish","4":"has-post-thumbnail","6":"product_cat-siseruumide_valgustid","7":"product_cat-seinavalgustid","8":"product_tag-aldex","9":"product_shipping_class-small","10":"pa_materjal-metall","11":"pa_materjal-klaas","12":"pa_ruumid-elutuba","13":"pa_ruumid-soogituba","14":"pa_ruumid-magamistuba","15":"pa_ruumid-esik_ja_trepihall","16":"pa_ruumid-hotellid-ja-restoranid","17":"pa_tarneaeg-2-3-nadalat","18":"pa_tehnilised-andmed-28w-led-e14","19":"pa_varv-must","21":"first","22":"instock","23":"taxable","24":"shipping-taxable","25":"purchasable","26":"product-type-simple"},"acf":[],"aioseo_notices":[],"aioseo_head":"\n\t\t<!-- All in One SEO Pro 4.9.5.2 - aioseo.com -->\n\t<meta name=\"description\" content=\"COMO ir moderna piekarin\u0101ma lampa, kas ide\u0101li piem\u0113rota pakarin\u0101\u0161anai atsevi\u0161\u0137i vai rind\u0101\" \/>\n\t<meta name=\"robots\" content=\"max-image-preview:large\" \/>\n\t<meta name=\"google-site-verification\" content=\"nxgDPK3Ouk6bwvuxlwlzeMOKszmf-8m57RDu5zAgN-Y\" \/>\n\t<link rel=\"canonical\" href=\"https:\/\/light24.ee\/lv\/toode\/siseruumide_valgustid\/rippvalgustid\/soho-glass-wall-2-black\/\" \/>\n\t<meta name=\"generator\" content=\"All in One SEO Pro (AIOSEO) 4.9.5.2\" \/>\n\t\t<meta property=\"og:locale\" content=\"lv_LV\" \/>\n\t\t<meta property=\"og:site_name\" content=\"Light24 \u2022 Apgaismojums | E-veikals\" \/>\n\t\t<meta property=\"og:type\" content=\"article\" \/>\n\t\t<meta property=\"og:title\" content=\"Aldex SOHO GLASS WALL 2 \u2022 Light24\" \/>\n\t\t<meta property=\"og:description\" content=\"COMO ir moderna piekarin\u0101ma lampa, kas ide\u0101li piem\u0113rota pakarin\u0101\u0161anai atsevi\u0161\u0137i vai rind\u0101\" \/>\n\t\t<meta property=\"og:url\" content=\"https:\/\/light24.ee\/lv\/toode\/siseruumide_valgustid\/rippvalgustid\/soho-glass-wall-2-black\/\" \/>\n\t\t<meta property=\"og:image\" content=\"https:\/\/light24.ee\/wp-content\/uploads\/2024\/06\/SOHOGLASS2.jpeg\" \/>\n\t\t<meta property=\"og:image:secure_url\" content=\"https:\/\/light24.ee\/wp-content\/uploads\/2024\/06\/SOHOGLASS2.jpeg\" \/>\n\t\t<meta property=\"og:image:width\" content=\"800\" \/>\n\t\t<meta property=\"og:image:height\" content=\"800\" \/>\n\t\t<meta property=\"article:published_time\" content=\"2024-06-03T08:07:10+00:00\" \/>\n\t\t<meta property=\"article:modified_time\" content=\"2025-01-16T16:49:04+00:00\" \/>\n\t\t<meta property=\"article:publisher\" content=\"https:\/\/www.facebook.com\/light24.ee\" \/>\n\t\t<meta name=\"twitter:card\" content=\"summary\" \/>\n\t\t<meta name=\"twitter:title\" content=\"Aldex SOHO GLASS WALL 2 \u2022 Light24\" \/>\n\t\t<meta name=\"twitter:description\" content=\"COMO ir moderna piekarin\u0101ma lampa, kas ide\u0101li piem\u0113rota pakarin\u0101\u0161anai atsevi\u0161\u0137i vai rind\u0101\" \/>\n\t\t<meta name=\"twitter:image\" content=\"https:\/\/light24.ee\/wp-content\/uploads\/2024\/06\/SOHOGLASS2.jpeg\" \/>\n\t\t<script type=\"application\/ld+json\" class=\"aioseo-schema\">\n\t\t\t{\"@context\":\"https:\\\/\\\/schema.org\",\"@graph\":[{\"@type\":\"BreadcrumbList\",\"@id\":\"https:\\\/\\\/light24.ee\\\/lv\\\/toode\\\/siseruumide_valgustid\\\/rippvalgustid\\\/soho-glass-wall-2-black\\\/#breadcrumblist\",\"itemListElement\":[{\"@type\":\"ListItem\",\"@id\":\"https:\\\/\\\/light24.ee\\\/lv#listItem\",\"position\":1,\"name\":\"Home\",\"item\":\"https:\\\/\\\/light24.ee\\\/lv\",\"nextItem\":{\"@type\":\"ListItem\",\"@id\":\"https:\\\/\\\/light24.ee\\\/lv\\\/shop\\\/#listItem\",\"name\":\"E-veikals\"}},{\"@type\":\"ListItem\",\"@id\":\"https:\\\/\\\/light24.ee\\\/lv\\\/shop\\\/#listItem\",\"position\":2,\"name\":\"E-veikals\",\"item\":\"https:\\\/\\\/light24.ee\\\/lv\\\/shop\\\/\",\"nextItem\":{\"@type\":\"ListItem\",\"@id\":\"https:\\\/\\\/light24.ee\\\/lv\\\/product-category\\\/siseruumide_valgustid\\\/#listItem\",\"name\":\"Iek\\u0161telpu gaismek\\u013ci\"},\"previousItem\":{\"@type\":\"ListItem\",\"@id\":\"https:\\\/\\\/light24.ee\\\/lv#listItem\",\"name\":\"Home\"}},{\"@type\":\"ListItem\",\"@id\":\"https:\\\/\\\/light24.ee\\\/lv\\\/product-category\\\/siseruumide_valgustid\\\/#listItem\",\"position\":3,\"name\":\"Iek\\u0161telpu gaismek\\u013ci\",\"item\":\"https:\\\/\\\/light24.ee\\\/lv\\\/product-category\\\/siseruumide_valgustid\\\/\",\"nextItem\":{\"@type\":\"ListItem\",\"@id\":\"https:\\\/\\\/light24.ee\\\/lv\\\/product-category\\\/siseruumide_valgustid\\\/seinavalgustid\\\/#listItem\",\"name\":\"Sienas lampas\"},\"previousItem\":{\"@type\":\"ListItem\",\"@id\":\"https:\\\/\\\/light24.ee\\\/lv\\\/shop\\\/#listItem\",\"name\":\"E-veikals\"}},{\"@type\":\"ListItem\",\"@id\":\"https:\\\/\\\/light24.ee\\\/lv\\\/product-category\\\/siseruumide_valgustid\\\/seinavalgustid\\\/#listItem\",\"position\":4,\"name\":\"Sienas lampas\",\"item\":\"https:\\\/\\\/light24.ee\\\/lv\\\/product-category\\\/siseruumide_valgustid\\\/seinavalgustid\\\/\",\"nextItem\":{\"@type\":\"ListItem\",\"@id\":\"https:\\\/\\\/light24.ee\\\/lv\\\/toode\\\/siseruumide_valgustid\\\/rippvalgustid\\\/soho-glass-wall-2-black\\\/#listItem\",\"name\":\"Aldex SOHO GLASS WALL 2\"},\"previousItem\":{\"@type\":\"ListItem\",\"@id\":\"https:\\\/\\\/light24.ee\\\/lv\\\/product-category\\\/siseruumide_valgustid\\\/#listItem\",\"name\":\"Iek\\u0161telpu gaismek\\u013ci\"}},{\"@type\":\"ListItem\",\"@id\":\"https:\\\/\\\/light24.ee\\\/lv\\\/toode\\\/siseruumide_valgustid\\\/rippvalgustid\\\/soho-glass-wall-2-black\\\/#listItem\",\"position\":5,\"name\":\"Aldex SOHO GLASS WALL 2\",\"previousItem\":{\"@type\":\"ListItem\",\"@id\":\"https:\\\/\\\/light24.ee\\\/lv\\\/product-category\\\/siseruumide_valgustid\\\/seinavalgustid\\\/#listItem\",\"name\":\"Sienas lampas\"}}]},{\"@type\":\"Organization\",\"@id\":\"https:\\\/\\\/light24.ee\\\/lv\\\/#organization\",\"name\":\"Light24\",\"description\":\"Apgaismojums | E-veikals\",\"url\":\"https:\\\/\\\/light24.ee\\\/lv\\\/\",\"telephone\":\"+3725184133\",\"logo\":{\"@type\":\"ImageObject\",\"url\":\"https:\\\/\\\/www.light24.ee\\\/wp-content\\\/uploads\\\/2022\\\/03\\\/Shape-2-3.svg\",\"@id\":\"https:\\\/\\\/light24.ee\\\/lv\\\/toode\\\/siseruumide_valgustid\\\/rippvalgustid\\\/soho-glass-wall-2-black\\\/#organizationLogo\"},\"image\":{\"@id\":\"https:\\\/\\\/light24.ee\\\/lv\\\/toode\\\/siseruumide_valgustid\\\/rippvalgustid\\\/soho-glass-wall-2-black\\\/#organizationLogo\"},\"sameAs\":[\"https:\\\/\\\/www.facebook.com\\\/light24.ee\",\"https:\\\/\\\/www.instagram.com\\\/light24official\\\/\"]},{\"@type\":\"Product\",\"@id\":\"https:\\\/\\\/light24.ee\\\/lv\\\/toode\\\/siseruumide_valgustid\\\/rippvalgustid\\\/soho-glass-wall-2-black\\\/#wooCommerceProduct\",\"name\":\"Aldex SOHO GLASS WALL 2\",\"description\":\"[:et]SOHO on kaasaegne rippvalgusti, mis sobib ideaalselt \\u00fcksikult v\\u00f5i k\\u00f5rvuti reas riputamiseks[:en]COMO is a modern pendant lamp, ideal for hanging individually or in a row[:ru]COMO \\u2014 \\u0441\\u043e\\u0432\\u0440\\u0435\\u043c\\u0435\\u043d\\u043d\\u044b\\u0439 \\u043f\\u043e\\u0434\\u0432\\u0435\\u0441\\u043d\\u043e\\u0439 \\u0441\\u0432\\u0435\\u0442\\u0438\\u043b\\u044c\\u043d\\u0438\\u043a, \\u0438\\u0434\\u0435\\u0430\\u043b\\u044c\\u043d\\u043e \\u043f\\u043e\\u0434\\u0445\\u043e\\u0434\\u044f\\u0449\\u0438\\u0439 \\u0434\\u043b\\u044f \\u043f\\u043e\\u0434\\u0432\\u0435\\u0448\\u0438\\u0432\\u0430\\u043d\\u0438\\u044f \\u043f\\u043e \\u043e\\u0442\\u0434\\u0435\\u043b\\u044c\\u043d\\u043e\\u0441\\u0442\\u0438 \\u0438\\u043b\\u0438 \\u0432 \\u0440\\u044f\\u0434.[:fi]COMO on moderni riippuvalaisin, joka sopii erinomaisesti ripustettavaksi erikseen tai per\\u00e4kk\\u00e4in[:lv]COMO ir moderna piekarin\\u0101ma lampa, kas ide\\u0101li piem\\u0113rota pakarin\\u0101\\u0161anai atsevi\\u0161\\u0137i vai rind\\u0101[:]\",\"url\":\"https:\\\/\\\/light24.ee\\\/lv\\\/toode\\\/siseruumide_valgustid\\\/rippvalgustid\\\/soho-glass-wall-2-black\\\/\",\"sku\":\"ALD221222\",\"image\":{\"@type\":\"ImageObject\",\"url\":\"https:\\\/\\\/light24.ee\\\/wp-content\\\/uploads\\\/2024\\\/06\\\/SOHOGLASS2.jpeg\",\"@id\":\"https:\\\/\\\/light24.ee\\\/lv\\\/toode\\\/siseruumide_valgustid\\\/rippvalgustid\\\/soho-glass-wall-2-black\\\/#productImage\",\"width\":800,\"height\":800},\"offers\":{\"@type\":\"Offer\",\"url\":\"https:\\\/\\\/light24.ee\\\/lv\\\/toode\\\/siseruumide_valgustid\\\/rippvalgustid\\\/soho-glass-wall-2-black\\\/#wooCommerceOffer\",\"price\":190,\"priceCurrency\":\"EUR\",\"category\":\"Iek\\u0161telpu gaismek\\u013ci\",\"availability\":\"https:\\\/\\\/schema.org\\\/InStock\",\"priceSpecification\":{\"@type\":\"PriceSpecification\",\"price\":190,\"priceCurrency\":\"EUR\",\"valueAddedTaxIncluded\":\"true\"},\"seller\":{\"@type\":\"Organization\",\"@id\":\"https:\\\/\\\/light24.ee\\\/lv\\\/#organization\"}}},{\"@type\":\"WebPage\",\"@id\":\"https:\\\/\\\/light24.ee\\\/lv\\\/toode\\\/siseruumide_valgustid\\\/rippvalgustid\\\/soho-glass-wall-2-black\\\/#webpage\",\"url\":\"https:\\\/\\\/light24.ee\\\/lv\\\/toode\\\/siseruumide_valgustid\\\/rippvalgustid\\\/soho-glass-wall-2-black\\\/\",\"name\":\"Aldex SOHO GLASS WALL 2 \\u2022 Light24\",\"description\":\"COMO ir moderna piekarin\\u0101ma lampa, kas ide\\u0101li piem\\u0113rota pakarin\\u0101\\u0161anai atsevi\\u0161\\u0137i vai rind\\u0101\",\"inLanguage\":\"lv\",\"isPartOf\":{\"@id\":\"https:\\\/\\\/light24.ee\\\/lv\\\/#website\"},\"breadcrumb\":{\"@id\":\"https:\\\/\\\/light24.ee\\\/lv\\\/toode\\\/siseruumide_valgustid\\\/rippvalgustid\\\/soho-glass-wall-2-black\\\/#breadcrumblist\"},\"image\":{\"@type\":\"ImageObject\",\"url\":\"https:\\\/\\\/light24.ee\\\/wp-content\\\/uploads\\\/2024\\\/06\\\/SOHOGLASS2.jpeg\",\"@id\":\"https:\\\/\\\/light24.ee\\\/lv\\\/toode\\\/siseruumide_valgustid\\\/rippvalgustid\\\/soho-glass-wall-2-black\\\/#mainImage\",\"width\":800,\"height\":800},\"primaryImageOfPage\":{\"@id\":\"https:\\\/\\\/light24.ee\\\/lv\\\/toode\\\/siseruumide_valgustid\\\/rippvalgustid\\\/soho-glass-wall-2-black\\\/#mainImage\"},\"datePublished\":\"2024-06-03T11:07:10+03:00\",\"dateModified\":\"2025-01-16T18:49:04+02:00\"},{\"@type\":\"WebSite\",\"@id\":\"https:\\\/\\\/light24.ee\\\/lv\\\/#website\",\"url\":\"https:\\\/\\\/light24.ee\\\/lv\\\/\",\"name\":\"Light24\",\"description\":\"Apgaismojums | E-veikals\",\"inLanguage\":\"lv\",\"publisher\":{\"@id\":\"https:\\\/\\\/light24.ee\\\/lv\\\/#organization\"}}]}\n\t\t<\/script>\n\t\t<!-- All in One SEO Pro -->\r\n\t\t<title>Aldex SOHO GLASS WALL 2 \u2022 Light24<\/title>\n\n","aioseo_head_json":{"title":"Aldex SOHO GLASS WALL 2 \u2022 Light24","description":"COMO ir moderna piekarin\u0101ma lampa, kas ide\u0101li piem\u0113rota pakarin\u0101\u0161anai atsevi\u0161\u0137i vai rind\u0101","canonical_url":"https:\/\/light24.ee\/lv\/toode\/siseruumide_valgustid\/rippvalgustid\/soho-glass-wall-2-black\/","robots":"max-image-preview:large","keywords":"","webmasterTools":{"google-site-verification":"nxgDPK3Ouk6bwvuxlwlzeMOKszmf-8m57RDu5zAgN-Y","miscellaneous":""},"schema":{"@context":"https:\/\/schema.org","@graph":[{"@type":"BreadcrumbList","@id":"https:\/\/light24.ee\/lv\/toode\/siseruumide_valgustid\/rippvalgustid\/soho-glass-wall-2-black\/#breadcrumblist","itemListElement":[{"@type":"ListItem","@id":"https:\/\/light24.ee\/lv#listItem","position":1,"name":"Home","item":"https:\/\/light24.ee\/lv","nextItem":{"@type":"ListItem","@id":"https:\/\/light24.ee\/lv\/shop\/#listItem","name":"E-veikals"}},{"@type":"ListItem","@id":"https:\/\/light24.ee\/lv\/shop\/#listItem","position":2,"name":"E-veikals","item":"https:\/\/light24.ee\/lv\/shop\/","nextItem":{"@type":"ListItem","@id":"https:\/\/light24.ee\/lv\/product-category\/siseruumide_valgustid\/#listItem","name":"Iek\u0161telpu gaismek\u013ci"},"previousItem":{"@type":"ListItem","@id":"https:\/\/light24.ee\/lv#listItem","name":"Home"}},{"@type":"ListItem","@id":"https:\/\/light24.ee\/lv\/product-category\/siseruumide_valgustid\/#listItem","position":3,"name":"Iek\u0161telpu gaismek\u013ci","item":"https:\/\/light24.ee\/lv\/product-category\/siseruumide_valgustid\/","nextItem":{"@type":"ListItem","@id":"https:\/\/light24.ee\/lv\/product-category\/siseruumide_valgustid\/seinavalgustid\/#listItem","name":"Sienas lampas"},"previousItem":{"@type":"ListItem","@id":"https:\/\/light24.ee\/lv\/shop\/#listItem","name":"E-veikals"}},{"@type":"ListItem","@id":"https:\/\/light24.ee\/lv\/product-category\/siseruumide_valgustid\/seinavalgustid\/#listItem","position":4,"name":"Sienas lampas","item":"https:\/\/light24.ee\/lv\/product-category\/siseruumide_valgustid\/seinavalgustid\/","nextItem":{"@type":"ListItem","@id":"https:\/\/light24.ee\/lv\/toode\/siseruumide_valgustid\/rippvalgustid\/soho-glass-wall-2-black\/#listItem","name":"Aldex SOHO GLASS WALL 2"},"previousItem":{"@type":"ListItem","@id":"https:\/\/light24.ee\/lv\/product-category\/siseruumide_valgustid\/#listItem","name":"Iek\u0161telpu gaismek\u013ci"}},{"@type":"ListItem","@id":"https:\/\/light24.ee\/lv\/toode\/siseruumide_valgustid\/rippvalgustid\/soho-glass-wall-2-black\/#listItem","position":5,"name":"Aldex SOHO GLASS WALL 2","previousItem":{"@type":"ListItem","@id":"https:\/\/light24.ee\/lv\/product-category\/siseruumide_valgustid\/seinavalgustid\/#listItem","name":"Sienas lampas"}}]},{"@type":"Organization","@id":"https:\/\/light24.ee\/lv\/#organization","name":"Light24","description":"Apgaismojums | E-veikals","url":"https:\/\/light24.ee\/lv\/","telephone":"+3725184133","logo":{"@type":"ImageObject","url":"https:\/\/www.light24.ee\/wp-content\/uploads\/2022\/03\/Shape-2-3.svg","@id":"https:\/\/light24.ee\/lv\/toode\/siseruumide_valgustid\/rippvalgustid\/soho-glass-wall-2-black\/#organizationLogo"},"image":{"@id":"https:\/\/light24.ee\/lv\/toode\/siseruumide_valgustid\/rippvalgustid\/soho-glass-wall-2-black\/#organizationLogo"},"sameAs":["https:\/\/www.facebook.com\/light24.ee","https:\/\/www.instagram.com\/light24official\/"]},{"@type":"Product","@id":"https:\/\/light24.ee\/lv\/toode\/siseruumide_valgustid\/rippvalgustid\/soho-glass-wall-2-black\/#wooCommerceProduct","name":"Aldex SOHO GLASS WALL 2","description":"[:et]SOHO on kaasaegne rippvalgusti, mis sobib ideaalselt \u00fcksikult v\u00f5i k\u00f5rvuti reas riputamiseks[:en]COMO is a modern pendant lamp, ideal for hanging individually or in a row[:ru]COMO \u2014 \u0441\u043e\u0432\u0440\u0435\u043c\u0435\u043d\u043d\u044b\u0439 \u043f\u043e\u0434\u0432\u0435\u0441\u043d\u043e\u0439 \u0441\u0432\u0435\u0442\u0438\u043b\u044c\u043d\u0438\u043a, \u0438\u0434\u0435\u0430\u043b\u044c\u043d\u043e \u043f\u043e\u0434\u0445\u043e\u0434\u044f\u0449\u0438\u0439 \u0434\u043b\u044f \u043f\u043e\u0434\u0432\u0435\u0448\u0438\u0432\u0430\u043d\u0438\u044f \u043f\u043e \u043e\u0442\u0434\u0435\u043b\u044c\u043d\u043e\u0441\u0442\u0438 \u0438\u043b\u0438 \u0432 \u0440\u044f\u0434.[:fi]COMO on moderni riippuvalaisin, joka sopii erinomaisesti ripustettavaksi erikseen tai per\u00e4kk\u00e4in[:lv]COMO ir moderna piekarin\u0101ma lampa, kas ide\u0101li piem\u0113rota pakarin\u0101\u0161anai atsevi\u0161\u0137i vai rind\u0101[:]","url":"https:\/\/light24.ee\/lv\/toode\/siseruumide_valgustid\/rippvalgustid\/soho-glass-wall-2-black\/","sku":"ALD221222","image":{"@type":"ImageObject","url":"https:\/\/light24.ee\/wp-content\/uploads\/2024\/06\/SOHOGLASS2.jpeg","@id":"https:\/\/light24.ee\/lv\/toode\/siseruumide_valgustid\/rippvalgustid\/soho-glass-wall-2-black\/#productImage","width":800,"height":800},"offers":{"@type":"Offer","url":"https:\/\/light24.ee\/lv\/toode\/siseruumide_valgustid\/rippvalgustid\/soho-glass-wall-2-black\/#wooCommerceOffer","price":190,"priceCurrency":"EUR","category":"Iek\u0161telpu gaismek\u013ci","availability":"https:\/\/schema.org\/InStock","priceSpecification":{"@type":"PriceSpecification","price":190,"priceCurrency":"EUR","valueAddedTaxIncluded":"true"},"seller":{"@type":"Organization","@id":"https:\/\/light24.ee\/lv\/#organization"}}},{"@type":"WebPage","@id":"https:\/\/light24.ee\/lv\/toode\/siseruumide_valgustid\/rippvalgustid\/soho-glass-wall-2-black\/#webpage","url":"https:\/\/light24.ee\/lv\/toode\/siseruumide_valgustid\/rippvalgustid\/soho-glass-wall-2-black\/","name":"Aldex SOHO GLASS WALL 2 \u2022 Light24","description":"COMO ir moderna piekarin\u0101ma lampa, kas ide\u0101li piem\u0113rota pakarin\u0101\u0161anai atsevi\u0161\u0137i vai rind\u0101","inLanguage":"lv","isPartOf":{"@id":"https:\/\/light24.ee\/lv\/#website"},"breadcrumb":{"@id":"https:\/\/light24.ee\/lv\/toode\/siseruumide_valgustid\/rippvalgustid\/soho-glass-wall-2-black\/#breadcrumblist"},"image":{"@type":"ImageObject","url":"https:\/\/light24.ee\/wp-content\/uploads\/2024\/06\/SOHOGLASS2.jpeg","@id":"https:\/\/light24.ee\/lv\/toode\/siseruumide_valgustid\/rippvalgustid\/soho-glass-wall-2-black\/#mainImage","width":800,"height":800},"primaryImageOfPage":{"@id":"https:\/\/light24.ee\/lv\/toode\/siseruumide_valgustid\/rippvalgustid\/soho-glass-wall-2-black\/#mainImage"},"datePublished":"2024-06-03T11:07:10+03:00","dateModified":"2025-01-16T18:49:04+02:00"},{"@type":"WebSite","@id":"https:\/\/light24.ee\/lv\/#website","url":"https:\/\/light24.ee\/lv\/","name":"Light24","description":"Apgaismojums | E-veikals","inLanguage":"lv","publisher":{"@id":"https:\/\/light24.ee\/lv\/#organization"}}]},"og:locale":"lv_LV","og:site_name":"Light24 \u2022 Apgaismojums | E-veikals","og:type":"article","og:title":"Aldex SOHO GLASS WALL 2 \u2022 Light24","og:description":"COMO ir moderna piekarin\u0101ma lampa, kas ide\u0101li piem\u0113rota pakarin\u0101\u0161anai atsevi\u0161\u0137i vai rind\u0101","og:url":"https:\/\/light24.ee\/lv\/toode\/siseruumide_valgustid\/rippvalgustid\/soho-glass-wall-2-black\/","og:image":"https:\/\/light24.ee\/wp-content\/uploads\/2024\/06\/SOHOGLASS2.jpeg","og:image:secure_url":"https:\/\/light24.ee\/wp-content\/uploads\/2024\/06\/SOHOGLASS2.jpeg","og:image:width":800,"og:image:height":800,"article:published_time":"2024-06-03T08:07:10+00:00","article:modified_time":"2025-01-16T16:49:04+00:00","article:publisher":"https:\/\/www.facebook.com\/light24.ee","twitter:card":"summary","twitter:title":"Aldex SOHO GLASS WALL 2 \u2022 Light24","twitter:description":"COMO ir moderna piekarin\u0101ma lampa, kas ide\u0101li piem\u0113rota pakarin\u0101\u0161anai atsevi\u0161\u0137i vai rind\u0101","twitter:image":"https:\/\/light24.ee\/wp-content\/uploads\/2024\/06\/SOHOGLASS2.jpeg"},"aioseo_meta_data":{"post_id":"132505","title":null,"description":null,"keywords":null,"keyphrases":{"focus":{"keyphrase":"rippvalgusti","score":81,"analysis":{"keyphraseInTitle":{"score":3,"maxScore":9,"error":1},"keyphraseInDescription":{"score":9,"maxScore":9,"error":0},"keyphraseLength":{"score":9,"maxScore":9,"error":0,"length":1},"keyphraseInURL":{"score":5,"maxScore":5,"error":0}}},"additional":[{"keyphrase":"laevalgusti","score":67,"analysis":{"keyphraseInDescription":{"score":3,"maxScore":9,"error":1},"keyphraseLength":{"score":9,"maxScore":9,"error":0,"length":1}}},{"keyphrase":"laelamp","score":67,"analysis":{"keyphraseInDescription":{"score":3,"maxScore":9,"error":1},"keyphraseLength":{"score":9,"maxScore":9,"error":0,"length":1}}}]},"primary_term":{"product_cat":248},"canonical_url":null,"og_title":null,"og_description":null,"og_object_type":"default","og_image_type":"default","og_image_url":null,"og_image_width":null,"og_image_height":null,"og_image_custom_url":null,"og_image_custom_fields":null,"og_video":"","og_custom_url":null,"og_article_section":null,"og_article_tags":null,"twitter_use_og":false,"twitter_card":"default","twitter_image_type":"default","twitter_image_url":null,"twitter_image_custom_url":null,"twitter_image_custom_fields":null,"twitter_title":null,"twitter_description":null,"schema":{"blockGraphs":[],"customGraphs":[],"default":{"data":{"Article":[],"Course":[],"Dataset":[],"FAQPage":[],"Movie":[],"Person":[],"Product":[],"ProductReview":[],"Car":[],"Recipe":[],"Service":[],"SoftwareApplication":[],"WebPage":[]},"graphName":"Product","isEnabled":true},"graphs":[]},"schema_type":"default","schema_type_options":null,"pillar_content":false,"robots_default":true,"robots_noindex":false,"robots_noarchive":false,"robots_nosnippet":false,"robots_nofollow":false,"robots_noimageindex":false,"robots_noodp":false,"robots_notranslate":false,"robots_max_snippet":"-1","robots_max_videopreview":"-1","robots_max_imagepreview":"large","priority":null,"frequency":"default","local_seo":null,"seo_analyzer_scan_date":"2025-10-27 12:42:06","breadcrumb_settings":null,"limit_modified_date":false,"reviewed_by":null,"open_ai":"{\"title\":{\"suggestions\":[],\"usage\":0},\"description\":{\"suggestions\":[],\"usage\":0}}","ai":null,"created":"2024-06-03 08:07:10","updated":"2025-10-27 12:42:06"},"aioseo_breadcrumb":"<div class=\"aioseo-breadcrumbs\"><span class=\"aioseo-breadcrumb\">\n\t<a href=\"https:\/\/light24.ee\/lv\" title=\"Home\">Home<\/a>\n<\/span><span class=\"aioseo-breadcrumb-separator\">&raquo;<\/span><span class=\"aioseo-breadcrumb\">\n\t<a href=\"https:\/\/light24.ee\/lv\/shop\/\" title=\"E-veikals\">E-veikals<\/a>\n<\/span><span class=\"aioseo-breadcrumb-separator\">&raquo;<\/span><span class=\"aioseo-breadcrumb\">\n\t<a href=\"https:\/\/light24.ee\/lv\/product-category\/siseruumide_valgustid\/\" title=\"Iek\u0161telpu gaismek\u013ci\">Iek\u0161telpu gaismek\u013ci<\/a>\n<\/span><span class=\"aioseo-breadcrumb-separator\">&raquo;<\/span><span class=\"aioseo-breadcrumb\">\n\t<a href=\"https:\/\/light24.ee\/lv\/product-category\/siseruumide_valgustid\/seinavalgustid\/\" title=\"Sienas lampas\">Sienas lampas<\/a>\n<\/span><span class=\"aioseo-breadcrumb-separator\">&raquo;<\/span><span class=\"aioseo-breadcrumb\">\n\tAldex SOHO GLASS WALL 2\n<\/span><\/div>","aioseo_breadcrumb_json":[{"label":"Home","link":"https:\/\/light24.ee\/lv"},{"label":"E-veikals","link":"https:\/\/light24.ee\/lv\/shop\/"},{"label":"Iek\u0161telpu gaismek\u013ci","link":"https:\/\/light24.ee\/lv\/product-category\/siseruumide_valgustid\/"},{"label":"Sienas lampas","link":"https:\/\/light24.ee\/lv\/product-category\/siseruumide_valgustid\/seinavalgustid\/"},{"label":"Aldex SOHO GLASS WALL 2","link":"https:\/\/light24.ee\/lv\/toode\/siseruumide_valgustid\/rippvalgustid\/soho-glass-wall-2-black\/"}],"_links":{"self":[{"href":"https:\/\/light24.ee\/lv\/wp-json\/wp\/v2\/product\/132505","targetHints":{"allow":["GET"]}}],"collection":[{"href":"https:\/\/light24.ee\/lv\/wp-json\/wp\/v2\/product"}],"about":[{"href":"https:\/\/light24.ee\/lv\/wp-json\/wp\/v2\/types\/product"}],"replies":[{"embeddable":true,"href":"https:\/\/light24.ee\/lv\/wp-json\/wp\/v2\/comments?post=132505"}],"wp:featuredmedia":[{"embeddable":true,"href":"https:\/\/light24.ee\/lv\/wp-json\/wp\/v2\/media\/132506"}],"wp:attachment":[{"href":"https:\/\/light24.ee\/lv\/wp-json\/wp\/v2\/media?parent=132505"}],"wp:term":[{"taxonomy":"product_cat","embeddable":true,"href":"https:\/\/light24.ee\/lv\/wp-json\/wp\/v2\/product_cat?post=132505"},{"taxonomy":"product_tag","embeddable":true,"href":"https:\/\/light24.ee\/lv\/wp-json\/wp\/v2\/product_tag?post=132505"}],"curies":[{"name":"wp","href":"https:\/\/api.w.org\/{rel}","templated":true}]}}